{"id":6736,"date":"2022-05-28T20:36:49","date_gmt":"2022-05-28T18:36:49","guid":{"rendered":"https:\/\/fengchashop.com\/fr\/product\/citronnelle-bio-250-g\/"},"modified":"2026-04-25T09:53:59","modified_gmt":"2026-04-25T07:53:59","slug":"citronnelle-bio","status":"publish","type":"product","link":"https:\/\/fengchashop.com\/fr\/product\/citronnelle-bio\/","title":{"rendered":"Citronnelle BIO 250 g"},"content":{"rendered":"<h2 style=\"text-align: justify\"><span style=\"color: #000000\">Citronnelle (tisane)<\/span><\/h2>\n<p style=\"text-align: justify\"><span style=\"color: #000000\">La citronnelle est une gramin\u00e9e tropicale dont les feuilles vert fonc\u00e9 en forme de langue sont caract\u00e9ristiques et qui peut atteindre 180 cm de haut. Elle est tr\u00e8s aromatique, principalement en raison de sa teneur en <strong>citral<\/strong> et en <strong>g\u00e9raniol<\/strong>, qui lui conf\u00e8rent son <strong>parfum et son go\u00fbt d&rsquo;agrumes<\/strong> caract\u00e9ristiques. En tant qu&rsquo;huile essentielle, elle est \u00e9galement tr\u00e8s appr\u00e9ci\u00e9e en aromath\u00e9rapie et dans les pr\u00e9parations cosm\u00e9tiques.<\/span><\/p>\n<p style=\"text-align: justify\"><span style=\"color: #000000\">La citronnelle est un puissant <strong>antioxydant<\/strong> et une excellente <strong>source de vitamine C<\/strong>. Elle peut donc nous aider en cas de rhume, de toux, d&rsquo;asthme et d&rsquo;autres probl\u00e8mes respiratoires. Elle poss\u00e8de \u00e9galement des propri\u00e9t\u00e9s anti-inflammatoires, antibact\u00e9riennes et antifongiques.<\/span><\/p>\n<p style=\"text-align: justify\"><span style=\"color: #000000\">Il peut \u00eatre utilis\u00e9 s\u00e9ch\u00e9 ou frais et est indispensable dans les <strong>recettes asiatiques<\/strong> \u00e0 base de poisson, de poulet et de porc.<\/span><\/p>\n<p style=\"text-align: justify\"><span style=\"color: #000000\">En raison de son go\u00fbt d&rsquo;agrumes, les feuilles s\u00e9ch\u00e9es sont principalement utilis\u00e9es dans les <strong>infusions ou le th\u00e9<\/strong>, mais elles peuvent \u00e9galement \u00eatre utilis\u00e9es dans une vari\u00e9t\u00e9 de <strong>boissons froides et de th\u00e9s glac\u00e9s<\/strong>, qui sont rafra\u00eechissants et ont \u00e9galement un effet b\u00e9n\u00e9fique sur le bien-\u00eatre et la r\u00e9duction de la tension. Il se marie bien avec le gingembre, le clou de girofle, le citron et le citron vert, la menthe et la m\u00e9lisse. Le th\u00e9 r\u00e9gule la digestion et soulage les petits probl\u00e8mes digestifs.<\/span><\/p>\n<h2 style=\"text-align: justify\"><span style=\"color: #000000\">Aspect<\/span><\/h2>\n<p style=\"text-align: justify\"><span style=\"color: #000000\">Feuilles vertes \u00e9minc\u00e9es et s\u00e9ch\u00e9es.<\/span><\/p>\n<h2 style=\"text-align: justify\"><span style=\"color: #000000\">Conservation<\/span><\/h2>\n<p style=\"text-align: justify\"><span style=\"color: #000000\">Conserver dans un endroit sec, sombre et frais.<\/span><\/p>\n<h2 style=\"text-align: justify\"><span style=\"color: #000000\">Conditionnement<\/span><\/h2>\n<p><span style=\"color: #000000\">Sac \u00e0 fermeture \u00e9clair non perm\u00e9able, dans lequel le produit conserve toute sa fra\u00eecheur et son ar\u00f4me. L&#8217;emballage prot\u00e8ge contre la lumi\u00e8re et l&rsquo;air, car il est compos\u00e9 de plusieurs couches de protection qui pr\u00e9servent les propri\u00e9t\u00e9s du contenu.<\/span><\/p>\n<p><span style=\"color: #000000\">L&#8217;emballage est tr\u00e8s pratique et recyclable.<\/span><\/p>\n<h2><span style=\"color: #000000\">Origine des produits<\/span><\/h2>\n<p><span style=\"color: #000000\">Tha\u00eflande ou Inde<\/span><\/p>\n","protected":false},"excerpt":{"rendered":"<p>La citronnelle est un puissant antioxydant et une excellente source de vitamine C. Elle peut donc aider en cas de rhume, de toux, d&rsquo;asthme et d&rsquo;autres probl\u00e8mes respiratoires. Elle poss\u00e8de \u00e9galement des propri\u00e9t\u00e9s anti-inflammatoires, antibact\u00e9riennes et antifongiques. Il peut \u00eatre utilis\u00e9 s\u00e9ch\u00e9 ou frais et est indispensable dans les recettes asiatiques \u00e0 base de poisson, de poulet et de porc. Il est \u00e9galement utilis\u00e9 avec le gingembre, le clou de girofle, le citron et le citron vert, la menthe et la m\u00e9lisse. Les feuilles s\u00e9ch\u00e9es sont principalement utilis\u00e9es pour :<\/p>\n<p>\ud83d\udc9a en infusion ou en th\u00e9 pour r\u00e9guler la digestion et soulager les indigestions,<br \/>\n\ud83d\udc9a en boissons froides rafra\u00eechissantes et en th\u00e9s glac\u00e9s.<\/p>\n","protected":false},"featured_media":6737,"comment_status":"open","ping_status":"closed","template":"","meta":{"_acf_changed":false},"product_brand":[],"product_cat":[15,236],"product_tag":[],"class_list":{"0":"post-6736","1":"product","2":"type-product","3":"status-publish","4":"has-post-thumbnail","6":"product_cat-uncategorized","7":"product_cat-the-nourriture-et-epices","9":"first","10":"instock","11":"taxable","12":"shipping-taxable","13":"purchasable","14":"product-type-simple"},"acf":[],"_links":{"self":[{"href":"https:\/\/fengchashop.com\/fr\/wp-json\/wp\/v2\/product\/6736","targetHints":{"allow":["GET"]}}],"collection":[{"href":"https:\/\/fengchashop.com\/fr\/wp-json\/wp\/v2\/product"}],"about":[{"href":"https:\/\/fengchashop.com\/fr\/wp-json\/wp\/v2\/types\/product"}],"replies":[{"embeddable":true,"href":"https:\/\/fengchashop.com\/fr\/wp-json\/wp\/v2\/comments?post=6736"}],"wp:featuredmedia":[{"embeddable":true,"href":"https:\/\/fengchashop.com\/fr\/wp-json\/wp\/v2\/media\/6737"}],"wp:attachment":[{"href":"https:\/\/fengchashop.com\/fr\/wp-json\/wp\/v2\/media?parent=6736"}],"wp:term":[{"taxonomy":"product_brand","embeddable":true,"href":"https:\/\/fengchashop.com\/fr\/wp-json\/wp\/v2\/product_brand?post=6736"},{"taxonomy":"product_cat","embeddable":true,"href":"https:\/\/fengchashop.com\/fr\/wp-json\/wp\/v2\/product_cat?post=6736"},{"taxonomy":"product_tag","embeddable":true,"href":"https:\/\/fengchashop.com\/fr\/wp-json\/wp\/v2\/product_tag?post=6736"}],"curies":[{"name":"wp","href":"https:\/\/api.w.org\/{rel}","templated":true}]}}