{"id":6733,"date":"2024-07-04T08:50:00","date_gmt":"2024-07-04T06:50:00","guid":{"rendered":"https:\/\/fengchashop.com\/fr\/product\/zatar-125-g\/"},"modified":"2025-09-30T13:41:18","modified_gmt":"2025-09-30T11:41:18","slug":"zatar-125-g","status":"publish","type":"product","link":"https:\/\/fengchashop.com\/fr\/product\/zatar-125-g\/","title":{"rendered":"Zatar 125 g"},"content":{"rendered":"<h2 style=\"text-align: justify;\"><span style=\"color: #000000;\">Zatar &#8211; aussi appel\u00e9 za&rsquo;tar, zahtar, za&rsquo;atar ou satar<\/span><\/h2>\n<p style=\"text-align: justify;\"><span style=\"color: #000000;\">Le zatar est un m\u00e9lange d&rsquo;\u00e9pices arabes de la plus haute qualit\u00e9. C&rsquo;est un m\u00e9lange typique des pays arabes d&rsquo;Afrique du Nord, de Turquie et du Moyen-Orient. En arabe, <i>zatar<\/i> signifie simplement <i>thym<\/i>. Selon certaines sources, cette \u00e9pice est utilis\u00e9e depuis l&rsquo;\u00e9poque des anciens \u00c9gyptiens. Elle est traditionnellement utilis\u00e9e pour la <strong>cuisson du pain ou d&rsquo;une p\u00e2te semblable \u00e0 du pain &#8211; <i>manousheh<\/i><\/strong>. Traditionnellement, le m\u00e9lange d&rsquo;\u00e9pices est m\u00e9lang\u00e9 \u00e0 de l&rsquo;huile d&rsquo;olive et \u00e9tal\u00e9 sur le pain, ou le morceau de pain est d&rsquo;abord \u00e9tal\u00e9 avec de l&rsquo;huile d&rsquo;olive puis saupoudr\u00e9 du m\u00e9lange d&rsquo;\u00e9pices.<\/span><\/p>\n<p style=\"text-align: justify;\"><span style=\"color: #000000;\">Il existe plusieurs variantes du zatar, notre m\u00e9lange est compos\u00e9 de thym, d&rsquo;origan, de s\u00e9same blanc, de sumac et de sel. Le m\u00e9lange \u00e9tant facile \u00e0 pr\u00e9parer, vous pouvez \u00e9galement le faire vous-m\u00eame \u00e0 la maison avec les ingr\u00e9dients que vous trouverez dans notre gamme.<\/span><\/p>\n<h2 style=\"text-align: justify;\"><span style=\"color: #000000;\">Utilisation<\/span><\/h2>\n<p style=\"text-align: justify;\"><span style=\"color: #000000;\">Il est utilis\u00e9 pour <strong>mariner la viande, pour les l\u00e9gumes grill\u00e9s et \u00e9galement pour le fromage grill\u00e9<\/strong>. Elle peut \u00e9galement accompagner le riz et les l\u00e9gumes m\u00e9lang\u00e9s, les salades et les \u0153ufs au plat. Nous recommandons de l&rsquo;essayer sur du pain ou de la saupoudrer sur du houmous ou du fromage \u00e0 tartiner. Il peut \u00e9galement \u00eatre saupoudr\u00e9 sur n&rsquo;importe quel aliment cuit, de pr\u00e9f\u00e9rence en fin de cuisson. Pour un meilleur go\u00fbt, vous pouvez \u00e9galement <strong>faire frire l\u00e9g\u00e8rement<\/strong> le m\u00e9lange au pr\u00e9alable. En effet, le zatar contient \u00e9galement des graines de s\u00e9same blanc, dont le go\u00fbt est bien meilleur lorsqu&rsquo;elles sont grill\u00e9es.<\/span><\/p>\n<p style=\"text-align: justify;\"><span style=\"color: #000000;\">Le m\u00e9lange contient \u00e9galement du <strong>sumac<\/strong>, une \u00e9pice que l&rsquo;on m\u00e9lange avec du sel pour rehausser sa saveur d&rsquo;agrumes, il faut donc veiller \u00e0 ajouter du sel pour que le plat ne devienne pas trop sal\u00e9. Le sumac est en fait le fruit rouge d&rsquo;un arbuste riche en vitamine C et en antioxydants. En tant qu&rsquo;\u00e9pice \u00e0 part enti\u00e8re, le sumac est polyvalent et indispensable dans les recettes du Moyen-Orient.<\/span><\/p>\n<h2 style=\"text-align: justify;\"><span style=\"color: #000000;\">Ingr\u00e9dients<\/span><\/h2>\n<p style=\"text-align: justify;\"><span style=\"color: #000000;\">Thym, origan, <b>s\u00e9same<\/b> blanc, sumac, sel.<\/span><\/p>\n<p style=\"text-align: justify;\"><span style=\"color: #000000;\">Contient du <strong>s\u00e9same<\/strong>. Peut contenir des traces de <strong>c\u00e9leri<\/strong> et de <strong>moutarde<\/strong>.<\/span><\/p>\n<h2 style=\"text-align: justify;\"><span style=\"color: #000000;\">Conservation<\/span><\/h2>\n<p style=\"text-align: justify;\"><span style=\"color: #000000;\">Conserver dans un endroit frais, sec et sombre. Veiller \u00e0 ce que le sac ou la bo\u00eete soit bien ferm\u00e9.<\/span><\/p>\n<h2 style=\"text-align: justify;\"><span style=\"color: #000000;\">Emballage<\/span><\/h2>\n<p style=\"text-align: justify;\"><span style=\"color: #000000;\">Sachet zip-lock non perm\u00e9able, o\u00f9 le produit conserve toute sa fra\u00eecheur et son ar\u00f4me. L&#8217;emballage prot\u00e8ge de la lumi\u00e8re et de l&rsquo;air, car il est compos\u00e9 de plusieurs couches de protection pour pr\u00e9server les propri\u00e9t\u00e9s du contenu.<\/span><\/p>\n<p style=\"text-align: justify;\"><span style=\"color: #000000;\">L&#8217;emballage est tr\u00e8s pratique et recyclable <\/span><\/p>\n<h2 style=\"text-align: justify;\"><span style=\"color: #000000;\">L&rsquo;origine<\/span><\/h2>\n<p style=\"text-align: justify;\"><span style=\"color: #000000;\">UE<\/span><\/p>\n","protected":false},"excerpt":{"rendered":"<p>Le Zatar est un m\u00e9lange d&rsquo;\u00e9pices arabes de la plus haute qualit\u00e9.  Il est utilis\u00e9 :<\/p>\n<p>  pour <strong>mariner la viande, pour les l\u00e9gumes grill\u00e9s et aussi pour le fromage grill\u00e9<\/strong>,<br \/>\n  pour accompagner le riz et les l\u00e9gumes m\u00e9lang\u00e9s, les salades et les \u0153ufs au plat,<br \/>\nsaupoudr\u00e9 sur du houmous ou du fromage \u00e0 tartiner.<\/p>\n","protected":false},"featured_media":6734,"comment_status":"open","ping_status":"open","template":"","meta":{"_acf_changed":false},"product_brand":[],"product_cat":[15,236],"product_tag":[],"class_list":{"0":"post-6733","1":"product","2":"type-product","3":"status-publish","4":"has-post-thumbnail","6":"product_cat-uncategorized","7":"product_cat-the-nourriture-et-epices","9":"first","10":"outofstock","11":"taxable","12":"shipping-taxable","13":"purchasable","14":"product-type-simple"},"acf":[],"_links":{"self":[{"href":"https:\/\/fengchashop.com\/fr\/wp-json\/wp\/v2\/product\/6733","targetHints":{"allow":["GET"]}}],"collection":[{"href":"https:\/\/fengchashop.com\/fr\/wp-json\/wp\/v2\/product"}],"about":[{"href":"https:\/\/fengchashop.com\/fr\/wp-json\/wp\/v2\/types\/product"}],"replies":[{"embeddable":true,"href":"https:\/\/fengchashop.com\/fr\/wp-json\/wp\/v2\/comments?post=6733"}],"wp:featuredmedia":[{"embeddable":true,"href":"https:\/\/fengchashop.com\/fr\/wp-json\/wp\/v2\/media\/6734"}],"wp:attachment":[{"href":"https:\/\/fengchashop.com\/fr\/wp-json\/wp\/v2\/media?parent=6733"}],"wp:term":[{"taxonomy":"product_brand","embeddable":true,"href":"https:\/\/fengchashop.com\/fr\/wp-json\/wp\/v2\/product_brand?post=6733"},{"taxonomy":"product_cat","embeddable":true,"href":"https:\/\/fengchashop.com\/fr\/wp-json\/wp\/v2\/product_cat?post=6733"},{"taxonomy":"product_tag","embeddable":true,"href":"https:\/\/fengchashop.com\/fr\/wp-json\/wp\/v2\/product_tag?post=6733"}],"curies":[{"name":"wp","href":"https:\/\/api.w.org\/{rel}","templated":true}]}}