{"id":6676,"date":"2022-05-27T15:00:16","date_gmt":"2022-05-27T13:00:16","guid":{"rendered":"https:\/\/fengchashop.com\/fr\/product\/cafe-vert-en-poudre-bio-500-g\/"},"modified":"2026-04-28T10:47:33","modified_gmt":"2026-04-28T08:47:33","slug":"cafe-vert-en-poudre-bio-500-g","status":"publish","type":"product","link":"https:\/\/fengchashop.com\/fr\/product\/cafe-vert-en-poudre-bio-500-g\/","title":{"rendered":"Caf\u00e9 vert en poudre bio 500 g"},"content":{"rendered":"<h2 style=\"text-align: justify\"><span style=\"color: #000000\">Qu&rsquo;est-ce que le caf\u00e9 vert ?<\/span><\/h2>\n<p style=\"text-align: justify\"><span style=\"color: #000000\">Les grains de caf\u00e9 vert sont simplement les grains non torr\u00e9fi\u00e9s de la plante de caf\u00e9 ordinaire. Le caf\u00e9 vert est donc un produit enti\u00e8rement naturel. Il se pr\u00e9pare comme une tisane ordinaire. Son go\u00fbt est \u00e9galement tr\u00e8s proche de celui d&rsquo;une tisane.<\/span><\/p>\n<p style=\"text-align: justify\"><span style=\"color: #000000\">Les grains de caf\u00e9 sont sp\u00e9cialement s\u00e9lectionn\u00e9s dans <strong>des plantations biologiques<\/strong> et sont moulus d&rsquo;une mani\u00e8re sp\u00e9ciale pour garantir un effet et, bien s\u00fbr, un go\u00fbt optimaux lors de l&rsquo;infusion.<\/span><\/p>\n<p style=\"text-align: justify\"><span style=\"color: #000000\">Le caf\u00e9 vert fait de plus en plus d&rsquo;adeptes en raison de ses effets positifs sur les <strong>maladies modernes<\/strong>: surpoids, stress, manque d&rsquo;\u00e9nergie et vieillissement. C&rsquo;est pourquoi nous ne sommes pas surpris que, apr\u00e8s quelques ann\u00e9es, il soit toujours un aliment recherch\u00e9 et bien vendu.<\/span><\/p>\n<p style=\"text-align: justify\"><span style=\"color: #000000\">Notre caf\u00e9 vert est un produit certifi\u00e9 biologique, enti\u00e8rement naturel et sans additifs.<\/span><\/p>\n<h2 style=\"text-align: justify\"><span style=\"color: #000000\">Qu&rsquo;est-ce que l&rsquo;acide chlorog\u00e9nique ou comment agit-il ?<\/span><\/h2>\n<p style=\"text-align: justify\"><span style=\"color: #000000\">L&rsquo;acide chlorog\u00e9nique emp\u00eache le foie de lib\u00e9rer du glucose dans le sang. Notre corps r\u00e9agit en utilisant les graisses stock\u00e9es. Le m\u00e9tabolisme s&rsquo;am\u00e9liore et la perte de graisse augmente. En d&rsquo;autres termes, l&rsquo;acide chlorog\u00e9nique aide \u00e0 br\u00fbler les r\u00e9serves de graisse dans le corps, ce qui permet de r\u00e9duire le poids.<\/span><\/p>\n<p style=\"text-align: justify\"><span style=\"color: #000000\">Selon certaines recherches, le caf\u00e9 vert pr\u00e9viendrait et r\u00e9duirait l&rsquo;hypertension art\u00e9rielle, am\u00e9liorerait l&rsquo;action de l&rsquo;hormone de fonte des graisses et abaisserait les taux de cholest\u00e9rol et de triglyc\u00e9rides.<\/span><\/p>\n<p style=\"text-align: justify\"><span style=\"color: #000000\">Et bien que le caf\u00e9 vert soit principalement connu pour son acide chlorog\u00e9nique et son effet sur la perte de poids, il peut \u00e9galement constituer un bon substitut au caf\u00e9 ou au th\u00e9 ordinaire. <\/span><\/p>\n<h2 style=\"text-align: justify\"><span style=\"color: #000000\">Quels sont les ingr\u00e9dients du caf\u00e9 vert et comment agissent-ils ?<\/span><\/h2>\n<p style=\"padding-left: 40px\"><span style=\"color: #000000\"><strong><em>\ud83d\udc9a La caf\u00e9ine<\/em> <\/strong>&#8211; Le caf\u00e9 vert contient une concentration l\u00e9g\u00e8rement inf\u00e9rieure de caf\u00e9ine. De petites quantit\u00e9s de caf\u00e9ine permettent de lutter contre la <strong>fatigue physique et mentale<\/strong>. Pour plus d&rsquo;\u00e9nergie et un meilleur bien-\u00eatre. <\/span><\/p>\n<p style=\"padding-left: 40px\"><span style=\"color: #000000\"><em><strong>\ud83d\udc9a Acide<\/strong> <strong>acide chlorog\u00e9nique<\/strong><\/em> &#8211; Aide \u00e0 faire fondre les graisses, emp\u00eache l&rsquo;absorption du sucre dans le tractus gastro-intestinal et r\u00e9gule le taux de sucre dans le sang. Gr\u00e2ce \u00e0 l&rsquo;acide chlorog\u00e9nique, le caf\u00e9 vert peut contribuer \u00e0 la perte de poids. La torr\u00e9faction en fait toutefois perdre la majeure partie.<\/span><\/p>\n<p style=\"padding-left: 40px\"><span style=\"color: #000000\"><em><strong>\ud83d\udc9a Les antioxydants<\/strong> <\/em>&#8211; d\u00e9truisent les radicaux libres et peuvent donc pr\u00e9venir l&rsquo;apparition de certaines maladies. En outre, les antioxydants ont \u00e9galement des effets anti-\u00e2ge ou inhibent les processus qui affectent le vieillissement.<\/span><\/p>\n<p style=\"padding-left: 40px\"><span style=\"color: #000000\"><em><strong>\ud83d\udc9a Autres ingr\u00e9dients<\/strong> <strong>Ingr\u00e9dients<\/strong> <\/em>&#8211; Vitamines du complexe B, min\u00e9raux, polyph\u00e9nols. Tout ce dont notre corps a besoin au quotidien. Le complexe B contribue \u00e0 un fonctionnement psychologique normal et r\u00e9duit la fatigue et l&rsquo;\u00e9puisement.<\/span><\/p>\n<h2 style=\"text-align: justify\"><span style=\"color: #000000\">Pas seulement pour la perte de poids<\/span><\/h2>\n<p style=\"text-align: justify\"><span style=\"color: #000000\">Le caf\u00e9 vert est une exp\u00e9rience agr\u00e9able pour tous les amateurs de bonnes tisanes. Le go\u00fbt est tr\u00e8s agr\u00e9able, int\u00e9ressant et unique. La plupart du temps, il est associ\u00e9 \u00e0 la perte de poids, mais le caf\u00e9 vert peut \u00e9galement \u00eatre consomm\u00e9 \u00e0 d&rsquo;autres fins, et si vous faites quelque chose pour votre bien-\u00eatre, vous ferez (au moins) d&rsquo;une pierre deux coups. Gr\u00e2ce \u00e0 sa composition complexe, riche en antioxydants, min\u00e9raux, vitamines et polyph\u00e9nols, il peut avoir un effet positif sur la baisse de la tension art\u00e9rielle, l&rsquo;acc\u00e9l\u00e9ration du m\u00e9tabolisme, la r\u00e9duction de l&rsquo;absorption des sucres et le ralentissement du processus de vieillissement. <\/span><\/p>\n<h2 style=\"text-align: justify\"><span style=\"color: #000000\">Quand est-il recommand\u00e9 de boire du caf\u00e9 vert ?<\/span><\/h2>\n<p style=\"text-align: justify\"><span style=\"color: #000000\">En raison de sa teneur en caf\u00e9ine, il est d\u00e9conseill\u00e9 de le consommer avant le coucher, surtout si la caf\u00e9ine a un effet important sur l&rsquo;\u00e9veil. <\/span><\/p>\n<p style=\"text-align: justify\"><span style=\"color: #000000\">Sinon, il peut bien s\u00fbr \u00eatre consomm\u00e9 \u00e0 tout moment, comme un caf\u00e9 ou un th\u00e9 ordinaire. Le caf\u00e9 vert peut \u00eatre utilis\u00e9 pour ajouter de la vari\u00e9t\u00e9 \u00e0 la gamme de boissons que vous consommez quotidiennement. Il est particuli\u00e8rement bienvenu lorsque vous avez besoin de <strong>stimuler votre \u00e9nergie et votre humeur<\/strong>. <\/span><\/p>\n<p style=\"text-align: justify\"><span style=\"color: #000000\">Et si vous souhaitez contr\u00f4ler votre poids et perdre quelques kilos avec le caf\u00e9 vert, nous vous recommandons de le boire au moins 15 minutes avant chaque repas principal. Ce n&rsquo;est qu&rsquo;ainsi qu&rsquo;il agira comme un coupe-faim. Il est important de ne pas le boire pendant ou apr\u00e8s un repas.<\/span><\/p>\n<h2 style=\"text-align: justify\"><span style=\"color: #000000\">Quelle est la quantit\u00e9 de caf\u00e9 vert recommand\u00e9e ?<\/span><\/h2>\n<p style=\"text-align: justify\"><span style=\"color: #000000\">Il est conseill\u00e9 de boire au moins un demi-litre par jour pour obtenir les meilleurs effets de cette boisson naturelle et saine, qui <strong>am\u00e9liore le bien-\u00eatre g\u00e9n\u00e9ral, donne de l&rsquo;\u00e9nergie<\/strong> et peut \u00eatre d&rsquo;une grande aide pour <strong>perdre du poids<\/strong>. Dans la mesure du possible, elle doit toujours \u00eatre fra\u00eechement pr\u00e9par\u00e9e.<\/span><\/p>\n<h2 style=\"text-align: justify\"><span style=\"color: #000000\">Comment le caf\u00e9 vert est-il emball\u00e9 et conserv\u00e9 ?<\/span><\/h2>\n<p style=\"text-align: justify\"><span style=\"color: #000000\">Le caf\u00e9 vert est emball\u00e9 dans un <strong>sachet herm\u00e9tique \u00e0 fermeture \u00e9clair<\/strong> o\u00f9 il conserve toute sa fra\u00eecheur et son ar\u00f4me. L&#8217;emballage le prot\u00e8ge de la lumi\u00e8re et de l&rsquo;air, car il est constitu\u00e9 de plusieurs couches de protection qui pr\u00e9servent les propri\u00e9t\u00e9s du contenu. Le caf\u00e9 vert ainsi conditionn\u00e9 doit \u00eatre conserv\u00e9 dans un endroit sec, sombre et frais. Veillez \u00e0 ce que le sac ou la bo\u00eete soit toujours bien <strong>ferm\u00e9<\/strong>.<\/span><\/p>\n<p style=\"text-align: justify\"><span style=\"color: #000000\">L&#8217;emballage est tr\u00e8s pratique et recyclable.<\/span><\/p>\n<h2 style=\"text-align: justify\"><span style=\"color: #000000\">L&rsquo;origine<\/span><\/h2>\n<p style=\"text-align: justify\">Am\u00e9rique du Sud<\/p>\n","protected":false},"excerpt":{"rendered":"<p>Les grains de caf\u00e9 vert sont simplement les grains non torr\u00e9fi\u00e9s d&rsquo;un plant de caf\u00e9 normal. Le caf\u00e9 vert est donc un produit enti\u00e8rement naturel. Il se pr\u00e9pare comme une tisane ordinaire. Son go\u00fbt est \u00e9galement tr\u00e8s proche de celui d&rsquo;une tisane. Le caf\u00e9 vert contient :<\/p>\n<p style=\"padding-left: 40px\">\ud83d\udc9a Caf\u00e9ine &#8211; contient une concentration l\u00e9g\u00e8rement inf\u00e9rieure de caf\u00e9ine. De petites quantit\u00e9s de caf\u00e9ine permettent de lutter contre la fatigue physique et mentale. Pour plus d&rsquo;\u00e9nergie et un meilleur bien-\u00eatre .<br \/>\n\ud83d\udc9a Acide chlorog\u00e9nique &#8211; aide \u00e0 faire fondre les graisses et emp\u00eache l&rsquo;absorption du sucre dans le tractus gastro-intestinal et r\u00e9gule la glyc\u00e9mie. Gr\u00e2ce \u00e0 l&rsquo;acide chlorog\u00e9nique, le caf\u00e9 vert peut contribuer \u00e0 la perte de poids. La torr\u00e9faction en fait toutefois perdre la majeure partie.<br \/>\n\ud83d\udc9a Antioxydants &#8211; ils d\u00e9truisent les radicaux libres et peuvent pr\u00e9venir certaines maladies. En outre, les antioxydants ont \u00e9galement des effets anti-\u00e2ge ou inhibent les processus qui affectent le vieillissement.<br \/>\n\ud83d\udc9a Autres ingr\u00e9dients &#8211; vitamines du complexe B, min\u00e9raux, polyph\u00e9nols. Tout ce dont notre corps a besoin au quotidien. Le complexe B contribue \u00e0 un fonctionnement psychologique normal et \u00e0 la r\u00e9duction de la fatigue et de l&rsquo;\u00e9puisement.<\/p>\n","protected":false},"featured_media":6677,"comment_status":"open","ping_status":"closed","template":"","meta":{"_acf_changed":false},"product_brand":[],"product_cat":[15,224,242,236,225],"product_tag":[],"class_list":{"0":"post-6676","1":"product","2":"type-product","3":"status-publish","4":"has-post-thumbnail","6":"product_cat-uncategorized","7":"product_cat-offre","8":"product_cat-the","9":"product_cat-the-nourriture-et-epices","10":"product_cat-tous-les-produits","12":"first","13":"instock","14":"taxable","15":"shipping-taxable","16":"purchasable","17":"product-type-simple"},"acf":[],"_links":{"self":[{"href":"https:\/\/fengchashop.com\/fr\/wp-json\/wp\/v2\/product\/6676","targetHints":{"allow":["GET"]}}],"collection":[{"href":"https:\/\/fengchashop.com\/fr\/wp-json\/wp\/v2\/product"}],"about":[{"href":"https:\/\/fengchashop.com\/fr\/wp-json\/wp\/v2\/types\/product"}],"replies":[{"embeddable":true,"href":"https:\/\/fengchashop.com\/fr\/wp-json\/wp\/v2\/comments?post=6676"}],"wp:featuredmedia":[{"embeddable":true,"href":"https:\/\/fengchashop.com\/fr\/wp-json\/wp\/v2\/media\/6677"}],"wp:attachment":[{"href":"https:\/\/fengchashop.com\/fr\/wp-json\/wp\/v2\/media?parent=6676"}],"wp:term":[{"taxonomy":"product_brand","embeddable":true,"href":"https:\/\/fengchashop.com\/fr\/wp-json\/wp\/v2\/product_brand?post=6676"},{"taxonomy":"product_cat","embeddable":true,"href":"https:\/\/fengchashop.com\/fr\/wp-json\/wp\/v2\/product_cat?post=6676"},{"taxonomy":"product_tag","embeddable":true,"href":"https:\/\/fengchashop.com\/fr\/wp-json\/wp\/v2\/product_tag?post=6676"}],"curies":[{"name":"wp","href":"https:\/\/api.w.org\/{rel}","templated":true}]}}