{"id":6632,"date":"2022-05-23T16:14:27","date_gmt":"2022-05-23T14:14:27","guid":{"rendered":"https:\/\/fengchashop.com\/fr\/product\/foin-grec-triplat-bio-500-g\/"},"modified":"2026-04-18T11:09:24","modified_gmt":"2026-04-18T09:09:24","slug":"foin-grec-triplat-bio","status":"publish","type":"product","link":"https:\/\/fengchashop.com\/fr\/product\/foin-grec-triplat-bio\/","title":{"rendered":"Foin grec (Triplat) BIO 500 g"},"content":{"rendered":"<h2 style=\"text-align: justify\"><span style=\"color: #000000\">Foin grec ou fenugrec biologique<\/span><\/h2>\n<p style=\"text-align: justify\"><span style=\"color: #000000\">Le foin grec est une plante annuelle qui pousse \u00e0 environ un demi-m\u00e8tre de hauteur. Les graines, utilis\u00e9es comme \u00e9pices, se trouvent <strong>dans les gousses de la<\/strong> plante. Elle est \u00e9galement appel\u00e9e fenugrec, ou fenugreek en anglais.<\/span><\/p>\n<p style=\"text-align: justify\"><span style=\"color: #000000\">Le fenugrec est riche en prot\u00e9ines, en vitamines (notamment en vitamine D) et en min\u00e9raux, ainsi qu&rsquo;en compos\u00e9s ph\u00e9noliques et flavono\u00efdes. Il a un go\u00fbt piquant et un ar\u00f4me puissant. Il est consid\u00e9r\u00e9 comme l&rsquo;une des plus anciennes plantes utilis\u00e9es en m\u00e9decine et en cuisine. Traditionnellement, le fenugrec est utilis\u00e9 pour traiter le diab\u00e8te, le cholest\u00e9rol, l&rsquo;an\u00e9mie, les troubles gastriques et digestifs et la toux chronique. Il est utilis\u00e9 dans la m\u00e9decine traditionnelle chinoise et dans l&rsquo;Ayurveda. Le fenugrec a \u00e9galement un effet positif sur la production de lait pendant l&rsquo;allaitement.<\/span><\/p>\n<p style=\"text-align: justify\"><span style=\"color: #000000\">On le trouve surtout dans les cuisines sud-asiatique et \u00e9gyptienne. <\/span><\/p>\n<p style=\"text-align: justify\"><span style=\"color: #000000\">Les graines ont un go\u00fbt sucr\u00e9 et de noisette.<\/span><\/p>\n<p style=\"text-align: justify\"><span style=\"color: #000000\">Notre fenugrec est issu de la production biologique.<\/span><\/p>\n<h2 style=\"text-align: justify\"><span style=\"color: #000000\">Conservation<\/span><\/h2>\n<p style=\"text-align: justify\"><span style=\"color: #000000\">Conserver dans un endroit frais, sec et sombre. Veillez \u00e0 ce que le sac ou la bo\u00eete soit bien ferm\u00e9.<\/span><\/p>\n<h2 style=\"text-align: justify\"><span style=\"color: #000000\">Conditionnement<\/span><\/h2>\n<p style=\"text-align: justify\"><span style=\"color: #000000\">Un sac \u00e0 fermeture \u00e9clair non perm\u00e9able o\u00f9 le produit conserve toute sa fra\u00eecheur et son ar\u00f4me. L&#8217;emballage prot\u00e8ge de la lumi\u00e8re et de l&rsquo;air, car il est compos\u00e9 de plusieurs couches de protection pour pr\u00e9server les propri\u00e9t\u00e9s du contenu.<\/span><\/p>\n<p style=\"text-align: justify\"><span style=\"color: #000000\">L&#8217;emballage est tr\u00e8s pratique et recyclable.<\/span><\/p>\n<h2><span style=\"color: #000000\">L&rsquo;origine<\/span><\/h2>\n<p><span style=\"color: #000000\">Sri Lanka ou Inde<\/span><\/p>\n","protected":false},"excerpt":{"rendered":"<p>Le foin grec est riche en prot\u00e9ines, en vitamines (notamment en vitamine D) et en min\u00e9raux, ainsi qu&rsquo;en compos\u00e9s ph\u00e9noliques et flavono\u00efdes. Il a un go\u00fbt piquant et un ar\u00f4me fort. Il est consid\u00e9r\u00e9 comme l&rsquo;une des plus anciennes plantes utilis\u00e9es en <strong>m\u00e9decine et en cuisine<\/strong>. Traditionnellement, le fenugrec est utilis\u00e9 pour traiter le diab\u00e8te, le cholest\u00e9rol, l&rsquo;an\u00e9mie, les troubles gastriques et digestifs et la toux chronique. Il est utilis\u00e9 dans la m\u00e9decine traditionnelle chinoise et dans l&rsquo;Ayurveda.<\/p>\n<p>\ud83d\udc9a R\u00e9gule le cholest\u00e9rol.<br \/>\n\ud83d\udc9a Il a un effet positif sur la production de lait lors de l&rsquo;allaitement.<br \/>\n\ud83d\udc9a R\u00e9duit le taux de sucre dans le sang.<br \/>\n\ud83d\udc9a Am\u00e9liore la digestion.<\/p>\n","protected":false},"featured_media":6633,"comment_status":"open","ping_status":"closed","template":"","meta":{"_acf_changed":false},"product_brand":[],"product_cat":[15,224,236,225],"product_tag":[],"class_list":{"0":"post-6632","1":"product","2":"type-product","3":"status-publish","4":"has-post-thumbnail","6":"product_cat-uncategorized","7":"product_cat-offre","8":"product_cat-the-nourriture-et-epices","9":"product_cat-tous-les-produits","11":"first","12":"instock","13":"sale","14":"taxable","15":"shipping-taxable","16":"purchasable","17":"product-type-simple"},"acf":[],"_links":{"self":[{"href":"https:\/\/fengchashop.com\/fr\/wp-json\/wp\/v2\/product\/6632","targetHints":{"allow":["GET"]}}],"collection":[{"href":"https:\/\/fengchashop.com\/fr\/wp-json\/wp\/v2\/product"}],"about":[{"href":"https:\/\/fengchashop.com\/fr\/wp-json\/wp\/v2\/types\/product"}],"replies":[{"embeddable":true,"href":"https:\/\/fengchashop.com\/fr\/wp-json\/wp\/v2\/comments?post=6632"}],"wp:featuredmedia":[{"embeddable":true,"href":"https:\/\/fengchashop.com\/fr\/wp-json\/wp\/v2\/media\/6633"}],"wp:attachment":[{"href":"https:\/\/fengchashop.com\/fr\/wp-json\/wp\/v2\/media?parent=6632"}],"wp:term":[{"taxonomy":"product_brand","embeddable":true,"href":"https:\/\/fengchashop.com\/fr\/wp-json\/wp\/v2\/product_brand?post=6632"},{"taxonomy":"product_cat","embeddable":true,"href":"https:\/\/fengchashop.com\/fr\/wp-json\/wp\/v2\/product_cat?post=6632"},{"taxonomy":"product_tag","embeddable":true,"href":"https:\/\/fengchashop.com\/fr\/wp-json\/wp\/v2\/product_tag?post=6632"}],"curies":[{"name":"wp","href":"https:\/\/api.w.org\/{rel}","templated":true}]}}