{"id":6617,"date":"2022-05-23T14:56:49","date_gmt":"2022-05-23T12:56:49","guid":{"rendered":"https:\/\/fengchashop.com\/fr\/product\/curcuma-en-poudre-bio-500-g\/"},"modified":"2026-04-17T23:28:24","modified_gmt":"2026-04-17T21:28:24","slug":"curcuma-en-poudre-bio","status":"publish","type":"product","link":"https:\/\/fengchashop.com\/fr\/product\/curcuma-en-poudre-bio\/","title":{"rendered":"Curcuma en poudre BIO 500 g"},"content":{"rendered":"<h2 style=\"text-align: justify\"><span style=\"color: #000000\">Curcuma biologique<\/span><\/h2>\n<p style=\"text-align: justify\"><span style=\"color: #000000\">Le curcuma est une plante connue en Europe depuis l&rsquo;Antiquit\u00e9 et dans son pays d&rsquo;origine depuis au moins 4 000 ans. Utilis\u00e9 \u00e0 l&rsquo;origine comme plante m\u00e9dicinale et comme colorant, il s&rsquo;est impos\u00e9 plus tard comme \u00e9pice. Comme le gingembre, le curcuma est une \u00e9pice extraite de la <strong>tige souterraine \u00e9paissie d&rsquo;<\/strong> une plante vivace asiatique. Dans l&rsquo;Ayurveda, le curcuma est traditionnellement utilis\u00e9 pour traiter le cancer et le psoriasis. Il est \u00e9galement connu comme ingr\u00e9dient dans les pr\u00e9parations cosm\u00e9tiques. Bien que certaines personnes dans le monde occidental le connaissent comme une \u00e9pice, il y a bien plus derri\u00e8re. Outre les min\u00e9raux, les vitamines B6 et B3, l&rsquo;acide folique, le potassium, le fer, le mangan\u00e8se et les acides gras om\u00e9ga-3, le curcuma contient \u00e9galement de la <strong>curcumine<\/strong>, un <strong>polyph\u00e9nol<\/strong>, un <strong>antioxydant<\/strong> tr\u00e8s <strong>puissant<\/strong> et un <strong>compos\u00e9 anti-inflammatoire<\/strong> efficace. Il a \u00e9t\u00e9 d\u00e9montr\u00e9 que la curcumine a un effet positif sur le foie et le syst\u00e8me circulatoire, qu&rsquo;elle r\u00e9duit l&rsquo;inflammation en cas d&rsquo;arthrite et qu&rsquo;elle diminue les facteurs de risque du diab\u00e8te. Elle a \u00e9galement des effets positifs sur la sant\u00e9 du cerveau et r\u00e9duit le risque de cancer. La curcumine r\u00e9ussit \u00e0 pr\u00e9venir toute inflammation chronique dans notre corps &#8211; et toutes les maladies commencent en fait par une inflammation. Elle <strong>emp\u00eache<\/strong> \u00e9galement <strong>la prolif\u00e9ration de mauvaises bact\u00e9ries<\/strong> dans notre tube digestif, telles que <strong><em>l&rsquo;h\u00e9liobacter pylori<\/em><\/strong> dans l&rsquo;estomac et le <em><strong>candida<\/strong><\/em> dans notre bouche et nos intestins. <\/span><\/p>\n<p style=\"text-align: justify\"><span style=\"color: #000000\">La curcumine contenue dans le curcuma a \u00e9galement un effet positif sur la pr\u00e9vention du d\u00e9veloppement des maladies associ\u00e9es au vieillissement (maladie d&rsquo;Alzheimer).<\/span><\/p>\n<p style=\"text-align: justify\"><span style=\"color: #000000\">Le go\u00fbt du curcuma est l\u00e9g\u00e8rement astringent, \u00e9pic\u00e9, mais doux et rappelle le gingembre, l&rsquo;orange et le poivre.<\/span><\/p>\n<p style=\"text-align: justify\"><span style=\"color: #000000\">Typiquement, le curcuma est consid\u00e9r\u00e9 comme :<\/span><\/p>\n<p><span style=\"color: #000000\">\ud83d\udc9a Il est <strong>anti-inflammatoire<\/strong>, antifongique et antimicrobien, r\u00e9duisant ainsi l&rsquo;inflammation ;<\/span><\/p>\n<p><span style=\"color: #000000\">\ud83d\udc9a nettoie le foie, car il a un effet purificateur et <strong>pr\u00e9vient l&rsquo;accumulation d&rsquo;acides gras dans le foie<\/strong>;<\/span><\/p>\n<p><span style=\"color: #000000\">\ud83d\udc9a soulage les probl\u00e8mes<strong> menstruels<\/strong> et digestifs ;<\/span><\/p>\n<p><span style=\"color: #000000\">\ud83d\udc9a une consommation r\u00e9guli\u00e8re pr\u00e9vient le d\u00e9veloppement du diab\u00e8te de type 2 chez les personnes dites pr\u00e9diab\u00e9tiques ;<\/span><\/p>\n<p><span style=\"color: #000000\">\ud83d\udc9a sous forme de p\u00e2te <strong>, apaise les inflammations<\/strong> et les <strong>irritations de la peau<\/strong>;<\/span><\/p>\n<p><span style=\"color: #000000\">\ud83d\udc9a favorise une digestion plus rapide des graisses, ce qui peut contribuer \u00e0 la <strong>perte de poids<\/strong>;<\/span><\/p>\n<p><span style=\"color: #000000\">\ud83d\udc9a contribue \u00e0 augmenter l&rsquo;<strong>efficacit\u00e9 du cerveau<\/strong> et \u00e0 pr\u00e9venir les maladies connexes telles que la maladie d&rsquo;Alzheimer ;<\/span><\/p>\n<p><span style=\"color: #000000\"><strong>\ud83d\udc9a am\u00e9liore l&rsquo;humeur<\/strong>;<\/span><\/p>\n<p><span style=\"color: #000000\">\ud83d\udc9a soulage les douleurs musculaires et articulaires ;<\/span><\/p>\n<p><span style=\"color: #000000\">\ud83d\udc9a il combat la mauvaise haleine et est utile en cas de maladie parodontale ;<\/span><\/p>\n<p><span style=\"color: #000000\">\ud83d\udc9a on pense \u00e9galement qu&rsquo;il s&rsquo;agit d&rsquo;un agent anticanc\u00e9reux.<\/span><\/p>\n<h2 style=\"text-align: justify\"><span style=\"color: #000000\">Emballage<\/span><\/h2>\n<p style=\"text-align: justify\"><span style=\"color: #000000\">Un sac \u00e0 fermeture \u00e9clair non perm\u00e9able dans lequel le produit conserve toute sa fra\u00eecheur et son ar\u00f4me. L&#8217;emballage prot\u00e8ge de la lumi\u00e8re et de l&rsquo;air, car il est compos\u00e9 de plusieurs couches de protection pour pr\u00e9server les propri\u00e9t\u00e9s du contenu.<\/span><\/p>\n<p style=\"text-align: justify\"><span style=\"color: #000000\">L&#8217;emballage est tr\u00e8s pratique et recyclable.<\/span><\/p>\n<h2><span style=\"color: #000000\">L&rsquo;origine<\/span><\/h2>\n<p><span style=\"color: #000000\">Inde<\/span><\/p>\n","protected":false},"excerpt":{"rendered":"<p>Outre les min\u00e9raux, les vitamines B6 et B3, l&rsquo;acide folique, le potassium, le fer et le mangan\u00e8se, et les acides gras om\u00e9ga-3, le curcuma contient \u00e9galement de la curcumine, un polyph\u00e9nol qui est un antioxydant tr\u00e8s puissant et un compos\u00e9 anti-inflammatoire efficace. Il a \u00e9t\u00e9 d\u00e9montr\u00e9 que la curcumine a un effet positif sur le foie et le syst\u00e8me circulatoire, qu&rsquo;elle r\u00e9duit l&rsquo;inflammation en cas d&rsquo;arthrite et qu&rsquo;elle diminue les facteurs de risque du diab\u00e8te. Elle a \u00e9galement des effets positifs sur la sant\u00e9 du cerveau et r\u00e9duit le risque de cancer. La curcumine r\u00e9ussit \u00e0 pr\u00e9venir toute inflammation chronique dans notre corps &#8211; et toutes les maladies commencent en fait par une inflammation. Gr\u00e2ce \u00e0 son action antibact\u00e9rienne, elle emp\u00eache \u00e9galement la prolif\u00e9ration de mauvaises bact\u00e9ries dans notre tube digestif, telles que l&rsquo;<em>heliobacter pylori<\/em> dans l&rsquo;estomac et le <em>candida<\/em> dans la bouche et les intestins. La curcumine contenue dans le curcuma a \u00e9galement un effet positif sur la pr\u00e9vention du d\u00e9veloppement des maladies associ\u00e9es au vieillissement (maladie d&rsquo;Alzheimer).<\/p>\n<p>\ud83d\udc9a Anti-inflammatoire.<br \/>\n\ud83d\udc9a Nettoie le foie.<br \/>\n\ud83d\udc9a Il soulage les probl\u00e8mes menstruels.<br \/>\n\ud83d\udc9a Un puissant antioxydant.<\/p>\n","protected":false},"featured_media":6618,"comment_status":"open","ping_status":"closed","template":"","meta":{"_acf_changed":false},"product_brand":[],"product_cat":[15,194,245,224,236,225],"product_tag":[],"class_list":{"0":"post-6617","1":"product","2":"type-product","3":"status-publish","4":"has-post-thumbnail","6":"product_cat-uncategorized","7":"product_cat-ayurveda","8":"product_cat-bons-plans","9":"product_cat-offre","10":"product_cat-the-nourriture-et-epices","11":"product_cat-tous-les-produits","13":"first","14":"instock","15":"sale","16":"taxable","17":"shipping-taxable","18":"purchasable","19":"product-type-simple"},"acf":[],"_links":{"self":[{"href":"https:\/\/fengchashop.com\/fr\/wp-json\/wp\/v2\/product\/6617","targetHints":{"allow":["GET"]}}],"collection":[{"href":"https:\/\/fengchashop.com\/fr\/wp-json\/wp\/v2\/product"}],"about":[{"href":"https:\/\/fengchashop.com\/fr\/wp-json\/wp\/v2\/types\/product"}],"replies":[{"embeddable":true,"href":"https:\/\/fengchashop.com\/fr\/wp-json\/wp\/v2\/comments?post=6617"}],"wp:featuredmedia":[{"embeddable":true,"href":"https:\/\/fengchashop.com\/fr\/wp-json\/wp\/v2\/media\/6618"}],"wp:attachment":[{"href":"https:\/\/fengchashop.com\/fr\/wp-json\/wp\/v2\/media?parent=6617"}],"wp:term":[{"taxonomy":"product_brand","embeddable":true,"href":"https:\/\/fengchashop.com\/fr\/wp-json\/wp\/v2\/product_brand?post=6617"},{"taxonomy":"product_cat","embeddable":true,"href":"https:\/\/fengchashop.com\/fr\/wp-json\/wp\/v2\/product_cat?post=6617"},{"taxonomy":"product_tag","embeddable":true,"href":"https:\/\/fengchashop.com\/fr\/wp-json\/wp\/v2\/product_tag?post=6617"}],"curies":[{"name":"wp","href":"https:\/\/api.w.org\/{rel}","templated":true}]}}