{"id":6506,"date":"2022-05-21T06:15:13","date_gmt":"2022-05-21T04:15:13","guid":{"rendered":"https:\/\/fengchashop.com\/fr\/product\/rooibos-bio-200-g\/"},"modified":"2026-04-15T07:13:09","modified_gmt":"2026-04-15T05:13:09","slug":"rooibos-bio","status":"publish","type":"product","link":"https:\/\/fengchashop.com\/fr\/product\/rooibos-bio\/","title":{"rendered":"Rooibos BIO 200 g"},"content":{"rendered":"<h2><span style=\"color: #000000\">Rooibos biologique<\/span><\/h2>\n<p><span style=\"color: #000000\">Le rooibos est un arbuste herbac\u00e9 originaire d&rsquo;Afrique du Sud, connu localement sous le nom de buisson rouge. Les feuilles et les brindilles sont r\u00e9colt\u00e9es et s\u00e9ch\u00e9es au soleil. Cela provoque une fermentation, et les feuilles vertes deviennent rouges. Le th\u00e9 ne contient pas de caf\u00e9ine et peut \u00eatre bu le soir.<\/span><\/p>\n<p><span style=\"color: #000000\">C&rsquo;est une boisson extr\u00eamement populaire dans le monde entier, avec son go\u00fbt naturellement sucr\u00e9 et ses nombreux effets b\u00e9n\u00e9fiques. Le th\u00e9 rooibos est riche en antioxydants, en sels min\u00e9raux et en min\u00e9raux. Notre th\u00e9 rooibos est issu de la production biologique.<\/span><\/p>\n<h2><span style=\"color: #000000\">Stockage<\/span><\/h2>\n<p><span style=\"color: #000000\">Le rooibos doit \u00eatre conserv\u00e9 dans un endroit sec, sombre et frais.<\/span><\/p>\n<h2><span style=\"color: #000000\">Conditionnement<\/span><\/h2>\n<p><span style=\"color: #000000\">Dans un sac \u00e0 fermeture \u00e9clair non perm\u00e9able, o\u00f9 le produit conserve toute sa fra\u00eecheur et son ar\u00f4me. L&#8217;emballage le prot\u00e8ge de la lumi\u00e8re et de l&rsquo;air. Il est compos\u00e9 de plusieurs couches de protection afin de pr\u00e9server les propri\u00e9t\u00e9s du produit.<\/span><\/p>\n<p><span style=\"color: #000000\">L&#8217;emballage est tr\u00e8s pratique et recyclable.<\/span><\/p>\n<h2>L&rsquo;origine<\/h2>\n<p>Afrique du Sud<\/p>\n","protected":false},"excerpt":{"rendered":"<p>Le rooibos est une boisson extr\u00eamement populaire dans le monde entier, gr\u00e2ce \u00e0 son go\u00fbt naturellement sucr\u00e9 et \u00e0 ses nombreux effets b\u00e9n\u00e9fiques.<\/p>\n<p>\ud83d\udc9a Il est riche en antioxydants, en min\u00e9raux et en oligo-\u00e9l\u00e9ments.<br \/>\n\ud83d\udc9a Il est issu de l&rsquo;agriculture biologique.<\/p>\n","protected":false},"featured_media":6507,"comment_status":"open","ping_status":"closed","template":"","meta":{"_acf_changed":false},"product_brand":[],"product_cat":[15],"product_tag":[],"class_list":{"0":"post-6506","1":"product","2":"type-product","3":"status-publish","4":"has-post-thumbnail","6":"product_cat-uncategorized","8":"first","9":"instock","10":"sale","11":"taxable","12":"shipping-taxable","13":"purchasable","14":"product-type-simple"},"acf":[],"_links":{"self":[{"href":"https:\/\/fengchashop.com\/fr\/wp-json\/wp\/v2\/product\/6506","targetHints":{"allow":["GET"]}}],"collection":[{"href":"https:\/\/fengchashop.com\/fr\/wp-json\/wp\/v2\/product"}],"about":[{"href":"https:\/\/fengchashop.com\/fr\/wp-json\/wp\/v2\/types\/product"}],"replies":[{"embeddable":true,"href":"https:\/\/fengchashop.com\/fr\/wp-json\/wp\/v2\/comments?post=6506"}],"wp:featuredmedia":[{"embeddable":true,"href":"https:\/\/fengchashop.com\/fr\/wp-json\/wp\/v2\/media\/6507"}],"wp:attachment":[{"href":"https:\/\/fengchashop.com\/fr\/wp-json\/wp\/v2\/media?parent=6506"}],"wp:term":[{"taxonomy":"product_brand","embeddable":true,"href":"https:\/\/fengchashop.com\/fr\/wp-json\/wp\/v2\/product_brand?post=6506"},{"taxonomy":"product_cat","embeddable":true,"href":"https:\/\/fengchashop.com\/fr\/wp-json\/wp\/v2\/product_cat?post=6506"},{"taxonomy":"product_tag","embeddable":true,"href":"https:\/\/fengchashop.com\/fr\/wp-json\/wp\/v2\/product_tag?post=6506"}],"curies":[{"name":"wp","href":"https:\/\/api.w.org\/{rel}","templated":true}]}}