{"id":6425,"date":"2022-05-20T16:26:40","date_gmt":"2022-05-20T14:26:40","guid":{"rendered":"https:\/\/fengchashop.com\/fr\/product\/eclats-de-cacao-bio-250-g\/"},"modified":"2026-04-14T21:31:31","modified_gmt":"2026-04-14T19:31:31","slug":"eclats-de-cacao-bio","status":"publish","type":"product","link":"https:\/\/fengchashop.com\/fr\/product\/eclats-de-cacao-bio\/","title":{"rendered":"\u00c9clats de cacao BIO 250 g"},"content":{"rendered":"<h2 style=\"text-align: justify\"><span style=\"color: #000000\">\u00c9clats de cacao criollo BIO<\/span><\/h2>\n<p style=\"text-align: justify\"><span style=\"color: #000000\">Les f\u00e8ves de cacao, ou graines, dont on extrait le cacao, poussent dans des cabosses sur un arbre appel\u00e9 <strong>cacaoyer<\/strong>. <strong><i>Theobroma cacao<\/i><\/strong>. Les f\u00e8ves de cacao avaient une telle valeur dans le pass\u00e9 que les Mayas et les Azt\u00e8ques d&rsquo;Am\u00e9rique centrale et d&rsquo;Am\u00e9rique du Sud les utilisaient comme <strong>moyen de paiement<\/strong> <strong>au m\u00eame titre que l&rsquo;or <\/strong>.<\/span><\/p>\n<p style=\"text-align: justify\"><span style=\"color: #000000\">Le cacao est de loin l&rsquo;aliment qui contient le plus d&rsquo;<strong>antioxydants<\/strong>, ainsi que de nombreux <strong>min\u00e9raux<\/strong> tels que le potassium, le zinc, le magn\u00e9sium, le fer et le calcium. Il est \u00e9galement une riche source de <strong>prot\u00e9ines<\/strong> et de <strong>fibres<\/strong>. Tous ces \u00e9l\u00e9ments sont importants pour le maintien de notre sant\u00e9. Il contient \u00e9galement un certain nombre de nutriments qui ont un effet positif sur notre syst\u00e8me circulatoire en fluidifiant le sang et en pr\u00e9venant la formation de caillots. Il<strong> am\u00e9liore l&rsquo;humeur<\/strong> en augmentant les niveaux de s\u00e9rotonine dans le cerveau. En fait, il contient pas moins de 300 compos\u00e9s diff\u00e9rents qui peuvent avoir pour effet d&rsquo;am\u00e9liorer notre humeur. Le cacao \u00e9tant cru, il est l\u00e9g\u00e8rement plus amer que ce \u00e0 quoi nous sommes habitu\u00e9s, mais beaucoup plus sain. Il suffit de consommer<strong> 25 \u00e0 30 grammes de cacao par jour<\/strong> pour profiter de tous ses bienfaits.<\/span><\/p>\n<p style=\"text-align: justify\"><span style=\"color: #000000\">Le cacao <em>criollo<\/em> est le<strong> cacao le plus pris\u00e9<\/strong> au monde. Ces f\u00e8ves de cacao sont \u00e9galement <strong>issues de l&rsquo;agriculture biologique<\/strong>.<\/span><\/p>\n<p style=\"text-align: justify\"><span style=\"color: #000000\">Les f\u00e8ves de cacao dures sont bris\u00e9es en petits morceaux pour faciliter leur consommation.<\/span><\/p>\n<p style=\"text-align: justify\"><span style=\"color: #000000\">Elles ont un go\u00fbt de chocolat mais aussi de noisette.<\/span><\/p>\n<h2 style=\"text-align: justify\"><span style=\"color: #000000\">Pourquoi acheter nos f\u00e8ves de cacao cass\u00e9es ?<\/span><\/h2>\n<p style=\"text-align: justify\"><span style=\"color: #000000\">Tout simplement parce que :<\/span><\/p>\n<p style=\"text-align: justify\"><span style=\"color: #000000\">1. elles sont issues d&rsquo;une <b>production biologique<\/b> contr\u00f4l\u00e9e et sont donc les meilleures que nous puissions offrir.<\/span><\/p>\n<p style=\"text-align: justify\"><span style=\"color: #000000\">2. elles proviennent de <b>f\u00e8ves durables<\/b>. <i>Qu&rsquo;est-ce que cela signifie ? <\/i>Cela signifie que les f\u00e8ves ou les graines de cacao sont simplement ferment\u00e9es et s\u00e9ch\u00e9es \u00e0 basse temp\u00e9rature apr\u00e8s la r\u00e9colte. Elles ne sont ni torr\u00e9fi\u00e9es ni trait\u00e9es chimiquement de quelque mani\u00e8re que ce soit. Ainsi, cette <i>nourriture des dieux<\/i>, comme on l&rsquo;appelle souvent, conserve la plupart de ses valeurs nutritionnelles, y compris les antioxydants qui sont si importants pour nous.<\/span><\/p>\n<p style=\"text-align: justify\"><span style=\"color: #000000\">3. Ils sont <b>exempts d&rsquo;additifs<\/b> et d&rsquo;autres ingr\u00e9dients inutiles.<\/span><\/p>\n<p style=\"text-align: justify\"><span style=\"color: #000000\">4. le cacao <em><strong>criollo<\/strong> <\/em>est la vari\u00e9t\u00e9 de cacao la plus fine et la plus appr\u00e9ci\u00e9e au monde.<\/span><\/p>\n<p style=\"text-align: justify\"><span style=\"color: #000000\">Une combinaison gagnante qui satisfait les palais les plus exigeants.<\/span><\/p>\n<h2 style=\"text-align: justify\"><span style=\"color: #000000\">Conservation<\/span><\/h2>\n<p style=\"text-align: justify\"><span style=\"color: #000000\">Conserver dans un endroit sec, sombre et frais. Veillez \u00e0 ce que le sac soit bien ferm\u00e9.<\/span><\/p>\n<h2 style=\"text-align: justify\"><span style=\"color: #000000\">Emballage<\/span><\/h2>\n<p style=\"text-align: justify\"><span style=\"color: #000000\">Sachet zip-lock non perm\u00e9able, dans lequel le produit conserve toute sa fra\u00eecheur et son ar\u00f4me. L&#8217;emballage prot\u00e8ge de la lumi\u00e8re et de l&rsquo;air, car il est compos\u00e9 de plusieurs couches de protection pour pr\u00e9server les propri\u00e9t\u00e9s du contenu.<\/span><\/p>\n<p style=\"text-align: justify\"><span style=\"color: #000000\">L&#8217;emballage est tr\u00e8s pratique et recyclable.<\/span><\/p>\n<h2 style=\"text-align: justify\"><span style=\"color: #000000\">Origine du produit<\/span><\/h2>\n<p style=\"text-align: justify\"><span style=\"color: #000000\">P\u00e9rou<\/span><\/p>\n","protected":false},"excerpt":{"rendered":"<p>Le cacao est de loin l&rsquo;aliment qui contient le plus d&rsquo;antioxydants, ainsi que de nombreux min\u00e9raux tels que le potassium, le zinc, le magn\u00e9sium, le fer et le calcium. Il est \u00e9galement une riche source de prot\u00e9ines et de fibres. Tous ces \u00e9l\u00e9ments sont importants pour le maintien de notre sant\u00e9. Il contient \u00e9galement un certain nombre de nutriments qui ont un effet positif sur notre syst\u00e8me circulatoire en fluidifiant le sang et en pr\u00e9venant la formation de caillots. Il am\u00e9liore l&rsquo;humeur en augmentant les niveaux de s\u00e9rotonine dans le cerveau. En fait, il contient pas moins de 300 compos\u00e9s diff\u00e9rents qui peuvent avoir pour effet d&rsquo;am\u00e9liorer notre humeur. Le cacao \u00e9tant cru, il est l\u00e9g\u00e8rement plus amer que ce \u00e0 quoi nous sommes habitu\u00e9s, mais beaucoup plus sain. Il suffit de consommer 25 \u00e0 30 grammes de cacao par jour pour profiter de tous ses bienfaits.<\/p>\n<p>\ud83d\udc9a Il est issu d&rsquo;une production biologique contr\u00f4l\u00e9e.<br \/>\n\ud83d\udc9a Ils sont exempts d&rsquo;additifs.<br \/>\n\ud83d\udc9a Le cacao <em>Criollo<\/em> est le cacao le plus pris\u00e9 au monde.<\/p>\n","protected":false},"featured_media":6426,"comment_status":"open","ping_status":"closed","template":"","meta":{"_acf_changed":false},"product_brand":[],"product_cat":[15,224,225],"product_tag":[],"class_list":{"0":"post-6425","1":"product","2":"type-product","3":"status-publish","4":"has-post-thumbnail","6":"product_cat-uncategorized","7":"product_cat-offre","8":"product_cat-tous-les-produits","10":"first","11":"instock","12":"sale","13":"taxable","14":"shipping-taxable","15":"purchasable","16":"product-type-simple"},"acf":[],"_links":{"self":[{"href":"https:\/\/fengchashop.com\/fr\/wp-json\/wp\/v2\/product\/6425","targetHints":{"allow":["GET"]}}],"collection":[{"href":"https:\/\/fengchashop.com\/fr\/wp-json\/wp\/v2\/product"}],"about":[{"href":"https:\/\/fengchashop.com\/fr\/wp-json\/wp\/v2\/types\/product"}],"replies":[{"embeddable":true,"href":"https:\/\/fengchashop.com\/fr\/wp-json\/wp\/v2\/comments?post=6425"}],"wp:featuredmedia":[{"embeddable":true,"href":"https:\/\/fengchashop.com\/fr\/wp-json\/wp\/v2\/media\/6426"}],"wp:attachment":[{"href":"https:\/\/fengchashop.com\/fr\/wp-json\/wp\/v2\/media?parent=6425"}],"wp:term":[{"taxonomy":"product_brand","embeddable":true,"href":"https:\/\/fengchashop.com\/fr\/wp-json\/wp\/v2\/product_brand?post=6425"},{"taxonomy":"product_cat","embeddable":true,"href":"https:\/\/fengchashop.com\/fr\/wp-json\/wp\/v2\/product_cat?post=6425"},{"taxonomy":"product_tag","embeddable":true,"href":"https:\/\/fengchashop.com\/fr\/wp-json\/wp\/v2\/product_tag?post=6425"}],"curies":[{"name":"wp","href":"https:\/\/api.w.org\/{rel}","templated":true}]}}