{"id":6413,"date":"2022-05-20T15:37:07","date_gmt":"2022-05-20T13:37:07","guid":{"rendered":"https:\/\/fengchashop.com\/fr\/product\/cacao-en-poudre-bio-250-g\/"},"modified":"2026-04-17T20:45:51","modified_gmt":"2026-04-17T18:45:51","slug":"cacao-en-poudre-bio","status":"publish","type":"product","link":"https:\/\/fengchashop.com\/fr\/product\/cacao-en-poudre-bio\/","title":{"rendered":"Cacao en poudre BIO 250 g"},"content":{"rendered":"<h2 style=\"text-align: justify\"><span style=\"color: #000000\">Poudre de cacao BIO<\/span><\/h2>\n<p style=\"text-align: justify\"><span style=\"color: #000000\">Les f\u00e8ves de cacao, ou graines, dont on extrait le cacao, poussent dans des cabosses sur un arbre appel\u00e9 <b>cacaoyer<\/b>. <b><i>Theobroma cacao<\/i><\/b>. Le cacao est un aliment populaire depuis des mill\u00e9naires. Il est originaire d&rsquo;Am\u00e9rique du Sud et d&rsquo;Am\u00e9rique centrale. C&rsquo;est la mati\u00e8re premi\u00e8re de base pour la pr\u00e9paration de tous les types de chocolats.<\/span><\/p>\n<p style=\"text-align: justify\"><span style=\"color: #000000\">Le cacao contient de loin <b>plus d&rsquo;antioxydants<\/b> que tout autre aliment. Il en contient trois fois plus que le th\u00e9 vert. En outre, il contient de nombreux <b>min\u00e9raux<\/b> tels que le potassium, le zinc, le magn\u00e9sium, le fer et le calcium. C&rsquo;est aussi une source de <b>prot\u00e9ines<\/b> et de <b>fibres<\/b>. Tous ces \u00e9l\u00e9ments sont importants pour le maintien de notre sant\u00e9. Il contient \u00e9galement des nutriments qui ont un effet positif sur notre syst\u00e8me circulatoire en fluidifiant le sang et en pr\u00e9venant la formation de caillots. Il am\u00e9liore l&rsquo;humeur en augmentant les niveaux de s\u00e9rotonine dans le cerveau. En fait, il contient pas moins de <b>300 compos\u00e9s diff\u00e9rents<\/b> qui peuvent avoir pour effet d&rsquo;am\u00e9liorer notre humeur.<\/span><\/p>\n<p style=\"text-align: justify\"><span style=\"color: #000000\">Les f\u00e8ves de cacao de ce cacao sont cueillies \u00e0 la main. Les f\u00e8ves s\u00e9lectionn\u00e9es sont d&rsquo;abord ferment\u00e9es pour r\u00e9duire l\u00e9g\u00e8rement l&rsquo;amertume caract\u00e9ristique. Cela permet aux f\u00e8ves de cacao de conserver leur valeur nutritionnelle sans ajouter d&rsquo;additifs inutiles. Il suffit de consommer 25 \u00e0 30 grammes de cacao par jour pour b\u00e9n\u00e9ficier de tous ses bienfaits.<\/span><\/p>\n<h2><span style=\"color: #000000\">Pourquoi acheter ce m\u00e9lange de poudre de cacao ?<\/span><\/h2>\n<p style=\"text-align: justify\"><span style=\"color: #000000\">Tout simplement parce que :<\/span><\/p>\n<p style=\"text-align: justify\"><span style=\"color: #000000\">1. il est issu d&rsquo;une <b>production biologique<\/b> contr\u00f4l\u00e9e et est donc le meilleur que nous puissions offrir<\/span><\/p>\n<p style=\"text-align: justify\"><span style=\"color: #000000\">2. un <b>produit prim\u00e9<\/b> gr\u00e2ce \u00e0 son m\u00e9lange sp\u00e9cial de f\u00e8ves de cacao moulues de trois origines diff\u00e9rentes, provenant de trois pays africains<\/span><\/p>\n<p style=\"text-align: justify\"><span style=\"color: #000000\">3. il est <b>exempt d&rsquo;addi<\/b> tifs et d&rsquo;autres ingr\u00e9dients superflus tels que le sucre ou d&rsquo;autres \u00e9dulcorants.<\/span><\/p>\n<p style=\"text-align: justify\"><span style=\"color: #000000\">Une combinaison gagnante qui satisfait les palais les plus exigeants. Une version pas trop sucr\u00e9e et pas trop am\u00e8re du cacao, indispensable pour la pr\u00e9paration des desserts, mais aussi pour la cuisine. La saveur fruit\u00e9e est compl\u00e9t\u00e9e par le <b>go\u00fbt des f\u00e8ves de cacao torr\u00e9fi\u00e9es<\/b>. Parfait pour pr\u00e9parer une boisson au cacao avec du lait ordinaire ou des boissons v\u00e9g\u00e9tales. <\/span><\/p>\n<h2><span style=\"color: #000000\">Conservation<\/span><\/h2>\n<p style=\"text-align: justify\"><span style=\"color: #000000\">Conserver dans un endroit sec, sombre et frais. Veiller \u00e0 ce que le sac soit bien ferm\u00e9.<\/span><\/p>\n<h2><span style=\"color: #000000\">Emballage<\/span><\/h2>\n<p style=\"text-align: justify\"><span style=\"color: #000000\">Sachet zip-lock non perm\u00e9able, o\u00f9 le produit conserve toute sa fra\u00eecheur et son ar\u00f4me. L&#8217;emballage prot\u00e8ge de la lumi\u00e8re et de l&rsquo;air, car il est compos\u00e9 de plusieurs couches de protection pour pr\u00e9server les propri\u00e9t\u00e9s du contenu.<\/span><\/p>\n<p style=\"text-align: justify\"><span style=\"color: #000000\">L&#8217;emballage est tr\u00e8s pratique et recyclable.<\/span><\/p>\n<h2><span style=\"color: #000000\">Origine des produits<\/span><\/h2>\n<p style=\"text-align: justify\"><span style=\"color: #000000\">Sierra Leone, Ghana et C\u00f4te d&rsquo;Ivoire<\/span><\/p>\n","protected":false},"excerpt":{"rendered":"<p>Le cacao contient de loin plus d&rsquo;antioxydants que tout autre aliment. Il en contient trois fois plus que le th\u00e9 vert. En outre, il contient \u00e9galement de nombreux min\u00e9raux tels que le potassium, le zinc, le magn\u00e9sium, le fer et le calcium. C&rsquo;est aussi une source de prot\u00e9ines et de fibres. Tous ces \u00e9l\u00e9ments sont importants pour le maintien de notre sant\u00e9. Il contient \u00e9galement des nutriments qui ont un effet positif sur notre syst\u00e8me circulatoire en fluidifiant le sang et en pr\u00e9venant la formation de caillots. Il am\u00e9liore l&rsquo;humeur en augmentant les niveaux de s\u00e9rotonine dans le cerveau. En fait, il contient pas moins de 300 compos\u00e9s diff\u00e9rents qui peuvent avoir pour effet d&rsquo;am\u00e9liorer notre humeur.<\/p>\n<p>\ud83d\udc9a Il est issu d&rsquo;une production biologique contr\u00f4l\u00e9e.<br \/>\n\ud83d\udc9a Produit prim\u00e9 gr\u00e2ce \u00e0 son m\u00e9lange sp\u00e9cial de f\u00e8ves de cacao moulues d&rsquo;origines diff\u00e9rentes &#8211; provenant de trois pays africains.<br \/>\n\ud83d\udc9a Il est exempt d&rsquo;additifs et d&rsquo;autres ingr\u00e9dients superflus tels que le sucre ou d&rsquo;autres \u00e9dulcorants.<\/p>\n","protected":false},"featured_media":6414,"comment_status":"open","ping_status":"closed","template":"","meta":{"_acf_changed":false},"product_brand":[],"product_cat":[15,245,224,225],"product_tag":[],"class_list":{"0":"post-6413","1":"product","2":"type-product","3":"status-publish","4":"has-post-thumbnail","6":"product_cat-uncategorized","7":"product_cat-bons-plans","8":"product_cat-offre","9":"product_cat-tous-les-produits","11":"first","12":"instock","13":"sale","14":"taxable","15":"shipping-taxable","16":"purchasable","17":"product-type-simple"},"acf":[],"_links":{"self":[{"href":"https:\/\/fengchashop.com\/fr\/wp-json\/wp\/v2\/product\/6413","targetHints":{"allow":["GET"]}}],"collection":[{"href":"https:\/\/fengchashop.com\/fr\/wp-json\/wp\/v2\/product"}],"about":[{"href":"https:\/\/fengchashop.com\/fr\/wp-json\/wp\/v2\/types\/product"}],"replies":[{"embeddable":true,"href":"https:\/\/fengchashop.com\/fr\/wp-json\/wp\/v2\/comments?post=6413"}],"wp:featuredmedia":[{"embeddable":true,"href":"https:\/\/fengchashop.com\/fr\/wp-json\/wp\/v2\/media\/6414"}],"wp:attachment":[{"href":"https:\/\/fengchashop.com\/fr\/wp-json\/wp\/v2\/media?parent=6413"}],"wp:term":[{"taxonomy":"product_brand","embeddable":true,"href":"https:\/\/fengchashop.com\/fr\/wp-json\/wp\/v2\/product_brand?post=6413"},{"taxonomy":"product_cat","embeddable":true,"href":"https:\/\/fengchashop.com\/fr\/wp-json\/wp\/v2\/product_cat?post=6413"},{"taxonomy":"product_tag","embeddable":true,"href":"https:\/\/fengchashop.com\/fr\/wp-json\/wp\/v2\/product_tag?post=6413"}],"curies":[{"name":"wp","href":"https:\/\/api.w.org\/{rel}","templated":true}]}}