{"id":6406,"date":"2022-05-20T14:55:43","date_gmt":"2022-05-20T12:55:43","guid":{"rendered":"https:\/\/fengchashop.com\/fr\/product\/golden-latte-bio-250-g\/"},"modified":"2026-04-18T12:15:08","modified_gmt":"2026-04-18T10:15:08","slug":"golden-latte-bio","status":"publish","type":"product","link":"https:\/\/fengchashop.com\/fr\/product\/golden-latte-bio\/","title":{"rendered":"Latte dor\u00e9 BIO 250 g"},"content":{"rendered":"<h2><span style=\"color: #000000\">Golden latte BIO<\/span><\/h2>\n<p style=\"text-align: justify\"><span style=\"color: #000000\">Le Golden latte est une boisson d\u00e9licieuse et rafra\u00eechissante compos\u00e9e de cinq <strong>ingr\u00e9dients<\/strong> simples, dont le principal est le <strong>curcuma<\/strong>. Vous pouvez \u00e9galement ajouter d&rsquo;autres ingr\u00e9dients que vous aimez et dont vous \u00eates proche. La consommation de lait de curcuma peut avoir de nombreux effets b\u00e9n\u00e9fiques sur notre organisme et son go\u00fbt est agr\u00e9able. Golden Latte BIO est un m\u00e9lange pr\u00eat \u00e0 l&#8217;emploi qui vous permet de gagner du temps lors de la pr\u00e9paration de votre boisson, car vous n&rsquo;avez pas \u00e0 vous soucier de mesurer les quantit\u00e9s de tous les ingr\u00e9dients. Il est facile \u00e0 utiliser et son go\u00fbt est excellent. Le m\u00e9lange se compose de<b> curcuma<\/b> et de l&rsquo;<b>ajout de cannelle de Ceylan (10 %) <\/b>et de<b> gingembre (10 %<\/b>).<\/span><\/p>\n<p style=\"text-align: justify\"><span style=\"color: #000000\"><em>Seuls les meilleurs ingr\u00e9dients biologiques sont s\u00e9lectionn\u00e9s.<\/em><\/span><\/p>\n<p style=\"text-align: justify\"><span style=\"color: #000000\">Une <b>pinc\u00e9e de poivre noir moulu<\/b> est \u00e9galement ajout\u00e9e au m\u00e9lange, car il permet aux principes actifs du curcuma, en particulier la curcumine, d&rsquo;\u00eatre plus facilement et mieux absorb\u00e9s par l&rsquo;organisme.<\/span><\/p>\n<p style=\"text-align: justify\"><span style=\"color: #000000\">La boisson peut \u00eatre pr\u00e9par\u00e9e avec du <b>lait, des boissons v\u00e9g\u00e9tales<\/b> ou d&rsquo;autres liquides. Elle peut \u00eatre consomm\u00e9e le<b> matin <\/b>ou le<b> soir<\/b>, mais il est g\u00e9n\u00e9ralement pr\u00e9f\u00e9rable de la prendre le soir avant de se coucher. Changez votre rituel et profitez des <b>bienfaits du curcuma<\/b>. Les boissons au curcuma sont des <b>boissons \u00e0 la mode<\/b> dans le monde entier, alliant<b> sant\u00e9 et bon go\u00fbt<\/b>.<\/span><\/p>\n<p style=\"text-align: justify\"><span style=\"color: #000000\">Ce qui rend notre m\u00e9lange sp\u00e9cial, c&rsquo;est que nous n&rsquo;y avons pas ajout\u00e9 de sucre ou d&rsquo;autres \u00e9dulcorants. Vous pouvez en ajouter selon vos go\u00fbts ou ne pas sucrer du tout la boisson, car la cannelle et le curcuma lui-m\u00eame lui conf\u00e8rent une douceur agr\u00e9able.<\/span><\/p>\n<h2><span style=\"color: #000000\">Pourquoi le curcuma ?<\/span><\/h2>\n<p style=\"text-align: justify\"><span style=\"color: #000000\">Les effets m\u00e9dicinaux du curcuma dans la m\u00e9decine traditionnelle d&rsquo;Extr\u00eame-Orient sont inestimables. Il est notamment utilis\u00e9 pour nettoyer le sang et le tractus gastro-intestinal, d\u00e9toxifier le foie et la v\u00e9sicule biliaire, car son principal <b>ingr\u00e9dient actif, la<\/b><strong>curcumine<\/strong> <b>,<\/b> acc\u00e9l\u00e8re l&rsquo;\u00e9limination de la bile, de la bilirubine et du cholest\u00e9rol. Il est utilis\u00e9 par de nombreuses personnes <b>pour lutter contre l&rsquo;<\/b> h\u00e9patite virale, le cancer, le psoriasis, la maladie d&rsquo;Alzheimer, la d\u00e9pression et dans des pr\u00e9parations cosm\u00e9tiques.<\/span><\/p>\n<p style=\"text-align: justify\"><span style=\"color: #000000\">Les effets b\u00e9n\u00e9fiques du curcuma ont \u00e9galement \u00e9t\u00e9 d\u00e9montr\u00e9s par des <b>scientifiques<\/b> qui affirment que sa consommation r\u00e9guli\u00e8re peut pr\u00e9venir les effets nocifs des carcinog\u00e8nes alimentaires sur l&rsquo;organisme. De plus, la curcumine emp\u00eacherait l&rsquo;oxydation du cholest\u00e9rol qui, par son action n\u00e9gative, provoque la progression de l&rsquo;ath\u00e9roscl\u00e9rose, une maladie mortelle.<\/span><\/p>\n<p style=\"text-align: justify\"><span style=\"color: #000000\">En tant qu&rsquo;<b>antioxydant puissant<\/b>, le curcuma prot\u00e8ge les intestins contre les radicaux libres et \u00e9limine avec succ\u00e8s l&rsquo;acidit\u00e9 de l&rsquo;organisme. Les m\u00e9decins ayurv\u00e9diques l&rsquo;utilisent comme agent antiseptique et antibact\u00e9rien pour d\u00e9sinfecter les plaies et les br\u00fblures. Certaines femmes pensent qu&rsquo;elle aide \u00e0 acc\u00e9l\u00e9rer la digestion et \u00e0 r\u00e9guler le m\u00e9tabolisme, et qu&rsquo;elle est donc efficace pour faire fondre les kilos superflus.<\/span><\/p>\n<p style=\"text-align: justify\"><span style=\"color: #000000\">La cannelle donne \u00e0 la boisson son go\u00fbt agr\u00e9able. Associ\u00e9e au lait, elle permet de b\u00e9n\u00e9ficier de tous ses bienfaits, notamment de r\u00e9duire les taux de sucre et de cholest\u00e9rol dans le sang et de r\u00e9guler la tension art\u00e9rielle. La cannelle facilite \u00e9galement la digestion des graisses et des probl\u00e8mes digestifs tels que la diarrh\u00e9e. Le gingembre stimule la digestion, r\u00e9chauffe de l&rsquo;int\u00e9rieur, am\u00e9liore l&rsquo;immunit\u00e9 et stimule le m\u00e9tabolisme. Tous deux att\u00e9nuent \u00e9galement les sympt\u00f4mes du syndrome pr\u00e9menstruel et les douleurs menstruelles.<\/span><\/p>\n<h2><span style=\"color: #000000\">Quels sont les autres avantages du lait de curcuma ?<\/span><\/h2>\n<p style=\"text-align: justify\"><span style=\"color: #000000\">Le curcuma est une \u00e9pice tr\u00e8s appr\u00e9ci\u00e9e dans le monde entier. Il est utilis\u00e9 dans l&rsquo;Ayurveda pour <strong>plus de 150 effets th\u00e9rapeutiques potentiels<\/strong>. Dans la science moderne, il a fait l&rsquo;objet de nombreuses \u00e9tudes, dont certaines ont d\u00e9j\u00e0 \u00e9t\u00e9 valid\u00e9es, et est utilis\u00e9 comme agent th\u00e9rapeutique dans les maladies inflammatoires de l&rsquo;intestin et l&rsquo;arthrite. Les effets positifs que peut avoir la consommation r\u00e9guli\u00e8re de lait de curcuma ou de curcuma sont les suivants :<\/span><\/p>\n<p><span style=\"color: #000000\">\ud83d\udc9a il aide \u00e0 traiter les troubles intestinaux,<\/span><\/p>\n<p><span style=\"color: #000000\">\ud83d\udc9a il r\u00e9duit le taux de cholest\u00e9rol,<\/span><\/p>\n<p><span style=\"color: #000000\">\ud83d\udc9a il est excellent comme boisson du soir avant le coucher, car il nous calme,<\/span><\/p>\n<p><span style=\"color: #000000\">\ud83d\udc9a Il aide \u00e9galement \u00e0 soulager les maux de t\u00eate et les douleurs,<\/span><\/p>\n<p><span style=\"color: #000000\">\ud83d\udc9a aide \u00e0 la digestion,<\/span><\/p>\n<p><span style=\"color: #000000\">\ud83d\udc9a nettoie le foie,<\/span><\/p>\n<p><span style=\"color: #000000\">\ud83d\udc9a aide \u00e0 soulager les crampes menstruelles,<\/span><\/p>\n<p><span style=\"color: #000000\">\ud83d\udc9a anti-inflammatoire.<\/span><\/p>\n<h2><span style=\"color: #000000\">Conservation<\/span><\/h2>\n<p style=\"text-align: justify\"><span style=\"color: #000000\">Conserver dans un endroit sec, sombre et frais. Veiller \u00e0 ce que le sac ou la bo\u00eete soit bien ferm\u00e9.<\/span><\/p>\n<h2><span style=\"color: #000000\">Emballage<\/span><\/h2>\n<p style=\"text-align: justify\"><span style=\"color: #000000\">Le produit est emball\u00e9 dans un r\u00e9cipient en verre soign\u00e9, recouvert d&rsquo;une feuille d&rsquo;aluminium noire r\u00e9sistante \u00e0 la lumi\u00e8re. Le bouchon assure une fermeture \u00e9tanche, ce qui signifie que les odeurs ext\u00e9rieures ne peuvent pas affecter le contenu de la bouteille. Par ailleurs, le verre lui-m\u00eame est \u00e9galement imperm\u00e9able, inodore et n&rsquo;affecte en rien le go\u00fbt du contenu. Ce type d&#8217;emballage est \u00e9galement d\u00e9pourvu de plastiques nuisibles \u00e0 l&rsquo;environnement et est plus \u00e9cologique et durable. En fait, il s&rsquo;agit de l&#8217;emballage id\u00e9al, fabriqu\u00e9 \u00e0 partir d&rsquo;ingr\u00e9dients naturels et durables, qui symbolise la qualit\u00e9 sup\u00e9rieure.<\/span><\/p>\n<p style=\"text-align: justify\"><span style=\"color: #000000\">L&#8217;emballage est tr\u00e8s pratique et recyclable.<\/span><\/p>\n<h2><span style=\"color: #000000\">L&rsquo;origine<\/span><\/h2>\n<p style=\"text-align: justify\"><span style=\"color: #000000\">Slov\u00e9nie<\/span><\/p>\n","protected":false},"excerpt":{"rendered":"<p>Le Golden Latte est une boisson d\u00e9licieuse et rafra\u00eechissante compos\u00e9e de cinq <strong>ingr\u00e9dients<\/strong> simples, dont le principal est le <strong>curcuma<\/strong>. Vous pouvez \u00e9galement ajouter d&rsquo;autres ingr\u00e9dients que vous aimez et dont vous \u00eates proche. La consommation de lait de curcuma peut avoir de nombreux effets b\u00e9n\u00e9fiques sur notre organisme et son go\u00fbt est agr\u00e9able. Golden Latte BIO est un m\u00e9lange pr\u00eat \u00e0 l&#8217;emploi qui vous permet de gagner du temps lors de la pr\u00e9paration de votre boisson, car vous n&rsquo;avez pas \u00e0 vous soucier de mesurer les quantit\u00e9s de tous les ingr\u00e9dients. Il est facile \u00e0 utiliser et son go\u00fbt est excellent. Le m\u00e9lange se compose de<b> curcuma<\/b> auquel on ajoute de la <b>cannelle de Ceylan (10 %) <\/b>et du<b> gingembre (10 %<\/b>), ainsi qu&rsquo;une <b>pinc\u00e9e de poivre noir moulu<\/b> qui permet aux principes actifs du curcuma, notamment la curcumine, d&rsquo;\u00eatre plus facilement et mieux absorb\u00e9s par l&rsquo;organisme. Les effets positifs d&rsquo;une consommation r\u00e9guli\u00e8re de lait de curcumine sont les suivants :<\/p>\n<p>\ud83d\udc9a aide \u00e0 traiter les troubles intestinaux,<br \/>\n\ud83d\udc9a r\u00e9duit le taux de cholest\u00e9rol,<br \/>\n\ud83d\udc9a nettoie le foie,<br \/>\n\ud83d\udc9a aide \u00e0 soulager les crampes menstruelles,<br \/>\n\ud83d\udc9a anti-inflammatoire.<\/p>\n","protected":false},"featured_media":6407,"comment_status":"open","ping_status":"closed","template":"","meta":{"_acf_changed":false},"product_brand":[],"product_cat":[15,194,224,231,225],"product_tag":[],"class_list":{"0":"post-6406","1":"product","2":"type-product","3":"status-publish","4":"has-post-thumbnail","6":"product_cat-uncategorized","7":"product_cat-ayurveda","8":"product_cat-offre","9":"product_cat-superaliments","10":"product_cat-tous-les-produits","12":"first","13":"instock","14":"sale","15":"taxable","16":"shipping-taxable","17":"purchasable","18":"product-type-simple"},"acf":[],"_links":{"self":[{"href":"https:\/\/fengchashop.com\/fr\/wp-json\/wp\/v2\/product\/6406","targetHints":{"allow":["GET"]}}],"collection":[{"href":"https:\/\/fengchashop.com\/fr\/wp-json\/wp\/v2\/product"}],"about":[{"href":"https:\/\/fengchashop.com\/fr\/wp-json\/wp\/v2\/types\/product"}],"replies":[{"embeddable":true,"href":"https:\/\/fengchashop.com\/fr\/wp-json\/wp\/v2\/comments?post=6406"}],"wp:featuredmedia":[{"embeddable":true,"href":"https:\/\/fengchashop.com\/fr\/wp-json\/wp\/v2\/media\/6407"}],"wp:attachment":[{"href":"https:\/\/fengchashop.com\/fr\/wp-json\/wp\/v2\/media?parent=6406"}],"wp:term":[{"taxonomy":"product_brand","embeddable":true,"href":"https:\/\/fengchashop.com\/fr\/wp-json\/wp\/v2\/product_brand?post=6406"},{"taxonomy":"product_cat","embeddable":true,"href":"https:\/\/fengchashop.com\/fr\/wp-json\/wp\/v2\/product_cat?post=6406"},{"taxonomy":"product_tag","embeddable":true,"href":"https:\/\/fengchashop.com\/fr\/wp-json\/wp\/v2\/product_tag?post=6406"}],"curies":[{"name":"wp","href":"https:\/\/api.w.org\/{rel}","templated":true}]}}