{"id":6386,"date":"2022-05-20T08:51:51","date_gmt":"2022-05-20T06:51:51","guid":{"rendered":"https:\/\/fengchashop.com\/fr\/product\/atractilis-en-poudre-250-g\/"},"modified":"2026-04-18T03:55:48","modified_gmt":"2026-04-18T01:55:48","slug":"atractilis-en-poudre","status":"publish","type":"product","link":"https:\/\/fengchashop.com\/fr\/product\/atractilis-en-poudre\/","title":{"rendered":"Atractilis en poudre 250 g"},"content":{"rendered":"<h2><span style=\"color: #000000\"><strong>Atractilis en poudre<\/strong><\/span><\/h2>\n<p><span style=\"color: #000000\">L&rsquo;Atractylodes macrocephala (Atractylodes) est une herbe vivace qui atteint environ un demi-m\u00e8tre de hauteur. Elle a des racines charnues et une tige \u00e9troite avec des feuilles ramifi\u00e9es. Elle porte des fruits \u00e0 la fin de l&rsquo;\u00e9t\u00e9 ou en automne. En Chine, elle est \u00e9galement connue sous le nom de bai zhu. Les racines, utilis\u00e9es \u00e0 des fins m\u00e9dicinales, sont d\u00e9terr\u00e9es en hiver et s\u00e9ch\u00e9es pour \u00eatre consomm\u00e9es. Traditionnellement utilis\u00e9 en Chine <strong>pour renforcer l&rsquo;\u00e9nergie du Qi, pour fortifier le corps et pour augmenter l&rsquo;immunit\u00e9 contre les maladies<\/strong>. Dans l&rsquo;herboristerie traditionnelle chinoise, il est consid\u00e9r\u00e9 comme<strong> l&rsquo;un des ingr\u00e9dients les plus importants dans de nombreux m\u00e9langes de plantes.<\/strong> Il est particuli\u00e8rement appr\u00e9ci\u00e9 en association avec le ginseng.<\/span><\/p>\n<h2><span style=\"color: #000000\"><strong>Qui est recommand\u00e9 de prendre<\/strong><\/span><\/h2>\n<p><span style=\"color: #000000\">L&rsquo;atractylus est le plus souvent utilis\u00e9<strong> pour renforcer la rate et l&rsquo;estomac<\/strong>. L&rsquo;atractylus peut rendre la digestion plus efficace et est \u00e9galement consid\u00e9r\u00e9 comme <strong>r\u00e9gulant l&rsquo;app\u00e9tit et aidant \u00e0 perdre du poids ou \u00e0 s&rsquo;amincir<\/strong>. Accompagn\u00e9 d&rsquo;une activit\u00e9 physique, il contribue \u00e0 l&rsquo;augmentation de la masse musculaire et donc \u00e0 l&rsquo;am\u00e9lioration de la condition physique et de l&rsquo;endurance.<\/span><\/p>\n<p><span style=\"color: #000000\">L&rsquo;atractilis est particuli\u00e8rement<strong> b\u00e9n\u00e9fique pour la digestion et aide les personnes qui souffrent fr\u00e9quemment de ballonnements, de maux de ventre, de diarrh\u00e9es et de vomissements, ainsi que d&rsquo;an\u00e9mie et d&rsquo;\u00e9vanouissements<\/strong>. Elle agit \u00e9galement comme diur\u00e9tique et favorise l&rsquo;\u00e9limination de l&rsquo;eau en exc\u00e8s dans l&rsquo;organisme. On lui pr\u00eate \u00e9galement une efficacit\u00e9 dans la pr\u00e9vention des fausses couches.<\/span><\/p>\n<p><span style=\"color: #000000\">L&rsquo;atractilis a un go\u00fbt sucr\u00e9, \u00e0 la fois l\u00e9g\u00e8rement astringent et \u00e9pic\u00e9.<\/span><\/p>\n<h2><span style=\"color: #000000\"><strong>Quels sont les autres avantages de la prise d&rsquo;Atractilis ?<\/strong><\/span><\/h2>\n<p><span style=\"color: #000000\">L&rsquo;atractilis est extr\u00eamement populaire dans la m\u00e9decine chinoise car il redonne de la force et de l&rsquo;\u00e9nergie, restaure l&rsquo;immunit\u00e9 et favorise la sant\u00e9 intestinale. Elle est souvent associ\u00e9e \u00e0 d&rsquo;autres plantes, en particulier le ginseng, l&rsquo;astragale et le rhizome de champignon m\u00e9dicinal. L&rsquo;atractilis est consid\u00e9r\u00e9 comme :<\/span><\/p>\n<p><span style=\"color: #000000\"> \ud83d\udc9a fournit une bonne <strong>protection pour le foie<\/strong>,<\/span><br \/>\n<span style=\"color: #000000\"> <strong> \ud83d\udc9a prot\u00e8ge contre les maladies du col de l&rsquo;ut\u00e9rus, des seins et de l&rsquo;estomac<\/strong>,<\/span><br \/>\n<span style=\"color: #000000\"> \ud83d\udc9a a<strong>m\u00e9liore la condition physique<\/strong>,<\/span><br \/>\n<span style=\"color: #000000\">\ud83d\udc9a soutient le <strong>syst\u00e8me immunitaire<\/strong>,<\/span><br \/>\n<span style=\"color: #000000\"> \ud83d\udc9a est cens\u00e9 abaisser ou contr\u00f4ler le taux de sucre dans le sang,<\/span><br \/>\n<span style=\"color: #000000\">\ud83d\udc9a aide \u00e0 lutter contre les <strong>flatulences, les douleurs d&rsquo;estomac<\/strong> et les vertiges,<\/span><br \/>\n<span style=\"color: #000000\"> \ud83d\udc9a a<strong>ugmente les niveaux d&rsquo;\u00e9nergie<\/strong> et r\u00e9duit la fatigue.<\/span><\/p>\n<h2><span style=\"color: #000000\">Valeurs nutritionnelles<\/span><\/h2>\n<p><span style=\"color: #000000\">Valeurs nutritionnelles moyennes pour 100 g : Energie : 1150 kJ \/ 278 kcal ; Lipides : 6,5 g, dont satur\u00e9s : 1,1 g ; Glucides : 25,1 g, dont sucres : 6,4 g ; Fibres : 45,1 g, Prot\u00e9ines : 7,5 g ; Sel : &lt;0,1 g.<\/span><\/p>\n<h2><span style=\"color: #000000\">Stockage et avertissements<\/span><\/h2>\n<p><span style=\"color: #000000\">Conserver dans un endroit frais et sec \u00e0 une temp\u00e9rature maximale de 25 \u00b0C. Tenir le compl\u00e9ment alimentaire hors de port\u00e9e des enfants !<\/span><\/p>\n<p><span style=\"color: #000000\">N&rsquo;oubliez pas l&rsquo;importance d&rsquo;une alimentation vari\u00e9e et d&rsquo;un mode de vie sain. Un compl\u00e9ment alimentaire ne peut donc pas se substituer \u00e0 une alimentation \u00e9quilibr\u00e9e et vari\u00e9e. La quantit\u00e9 ou la dose journali\u00e8re recommand\u00e9e ne doit pas \u00eatre d\u00e9pass\u00e9e. Il est toujours conseill\u00e9 aux femmes enceintes et \u00e0 celles qui allaitent de consulter un m\u00e9decin avant d&rsquo;utiliser ce produit.<\/span><\/p>\n<h2><span style=\"color: #000000\">Conditionnement<\/span><\/h2>\n<p><span style=\"color: #000000\">Sachet zip-lock non perm\u00e9able o\u00f9 le produit conserve toute sa fra\u00eecheur et son ar\u00f4me. L&#8217;emballage prot\u00e8ge le produit de la lumi\u00e8re et de l&rsquo;air, car il est compos\u00e9 de plusieurs couches de protection pour pr\u00e9server les propri\u00e9t\u00e9s du contenu.<\/span><\/p>\n<p><span style=\"color: #000000\">L&#8217;emballage est tr\u00e8s pratique et recyclable.<\/span><\/p>\n<h2><span style=\"color: #000000\">Origine<\/span><\/h2>\n<p><span style=\"color: #000000\">Chine. Nous avons des fournisseurs tr\u00e8s fiables qui nous envoient une analyse chimique d\u00e9taill\u00e9e de la denr\u00e9e alimentaire pour chaque lot. En plus de dix ans, nous n&rsquo;avons eu aucun rappel ou autre probl\u00e8me avec cet article, ni avec d&rsquo;autres articles du m\u00eame fournisseur.<\/span><\/p>\n","protected":false},"excerpt":{"rendered":"<p>L&rsquo;atractilis est extr\u00eamement populaire dans la m\u00e9decine chinoise car il redonne de la force et de l&rsquo;\u00e9nergie, r\u00e9tablit l&rsquo;immunit\u00e9 et soutient la sant\u00e9 intestinale. Elle est souvent associ\u00e9e \u00e0 d&rsquo;autres plantes, en particulier le ginseng, l&rsquo;astragale et le rhizome de champignon m\u00e9dicinal. L&rsquo;atractilis est consid\u00e9r\u00e9 comme :<\/p>\n<p>\ud83d\udc9a assure une bonne protection du foie,<br \/>\n\ud83d\udc9a prot\u00e8ge contre les maladies du col de l&rsquo;ut\u00e9rus, des seins et de l&rsquo;estomac,<br \/>\n\ud83d\udc9a soutient le syst\u00e8me immunitaire,<br \/>\n\ud83d\udc9a aide \u00e0 lutter contre les flatulences, les douleurs d&rsquo;estomac et les vertiges,<br \/>\n\ud83d\udc9a augmente les niveaux d&rsquo;\u00e9nergie et r\u00e9duit la fatigue.<\/p>\n","protected":false},"featured_media":6387,"comment_status":"open","ping_status":"closed","template":"","meta":{"_acf_changed":false},"product_brand":[],"product_cat":[15],"product_tag":[],"class_list":{"0":"post-6386","1":"product","2":"type-product","3":"status-publish","4":"has-post-thumbnail","6":"product_cat-uncategorized","8":"first","9":"instock","10":"sale","11":"taxable","12":"shipping-taxable","13":"purchasable","14":"product-type-simple"},"acf":[],"_links":{"self":[{"href":"https:\/\/fengchashop.com\/fr\/wp-json\/wp\/v2\/product\/6386","targetHints":{"allow":["GET"]}}],"collection":[{"href":"https:\/\/fengchashop.com\/fr\/wp-json\/wp\/v2\/product"}],"about":[{"href":"https:\/\/fengchashop.com\/fr\/wp-json\/wp\/v2\/types\/product"}],"replies":[{"embeddable":true,"href":"https:\/\/fengchashop.com\/fr\/wp-json\/wp\/v2\/comments?post=6386"}],"wp:featuredmedia":[{"embeddable":true,"href":"https:\/\/fengchashop.com\/fr\/wp-json\/wp\/v2\/media\/6387"}],"wp:attachment":[{"href":"https:\/\/fengchashop.com\/fr\/wp-json\/wp\/v2\/media?parent=6386"}],"wp:term":[{"taxonomy":"product_brand","embeddable":true,"href":"https:\/\/fengchashop.com\/fr\/wp-json\/wp\/v2\/product_brand?post=6386"},{"taxonomy":"product_cat","embeddable":true,"href":"https:\/\/fengchashop.com\/fr\/wp-json\/wp\/v2\/product_cat?post=6386"},{"taxonomy":"product_tag","embeddable":true,"href":"https:\/\/fengchashop.com\/fr\/wp-json\/wp\/v2\/product_tag?post=6386"}],"curies":[{"name":"wp","href":"https:\/\/api.w.org\/{rel}","templated":true}]}}