{"id":6362,"date":"2024-07-04T08:42:00","date_gmt":"2024-07-04T06:42:00","guid":{"rendered":"https:\/\/fengchashop.com\/fr\/product\/complexe-de-collagene-en-poudre-200-g\/"},"modified":"2026-04-17T10:08:32","modified_gmt":"2026-04-17T08:08:32","slug":"complexe-de-collagene-en-poudre","status":"publish","type":"product","link":"https:\/\/fengchashop.com\/fr\/product\/complexe-de-collagene-en-poudre\/","title":{"rendered":"Complexe de collag\u00e8ne en poudre 200 g"},"content":{"rendered":"<h2><span style=\"color: #000000;\"><b>Complexe de collag\u00e8ne en poudre<\/b><\/span><\/h2>\n<p><span style=\"color: #000000;\">Le complexe de collag\u00e8ne est un compl\u00e9ment alimentaire contenant une combinaison de divers ingr\u00e9dients pour <b>soutenir l&rsquo;organisme dans la production et le maintien du collag\u00e8ne<\/b>. Le collag\u00e8ne est une prot\u00e9ine cl\u00e9 qui constitue la majeure partie des tissus conjonctifs du corps, y compris la peau, les os, les articulations, les muscles, les ligaments et le cartilage. Avec l&rsquo;\u00e2ge, sa production naturelle diminue, ce qui peut entra\u00eener divers probl\u00e8mes tels que les rides, la perte d&rsquo;\u00e9lasticit\u00e9 de la peau, les douleurs articulaires ainsi que des ongles et des cheveux plus fragiles. Une consommation r\u00e9guli\u00e8re permet de soutenir efficacement la production naturelle de collag\u00e8ne et d&rsquo;apporter \u00e0 l&rsquo;organisme les nutriments n\u00e9cessaires pour une sant\u00e9 et un bien-\u00eatre optimaux<b>.<\/b><\/span><\/p>\n<h2><span style=\"color: #000000;\"><b>Qui a besoin du complexe de collag\u00e8ne ?<\/b><\/span><\/h2>\n<p><span style=\"color: #000000;\">Le complexe de collag\u00e8ne est recommand\u00e9 pour tous ceux qui souhaitent conserver une apparence jeune et un bien-\u00eatre g\u00e9n\u00e9ral, en particulier :<\/span><\/p>\n<ul>\n<li><span style=\"color: #000000;\">Les personnes de plus de 25 ans, lorsque la production naturelle de collag\u00e8ne commence \u00e0 diminuer.<\/span><\/li>\n<li><span style=\"color: #000000;\">Les sportifs souhaitant renforcer leurs articulations et leurs muscles.<\/span><\/li>\n<li><span style=\"color: #000000;\">Les personnes souffrant de probl\u00e8mes articulaires, de cartilage ou d&rsquo;ost\u00e9oporose.<\/span><\/li>\n<li><span style=\"color: #000000;\">Ceux qui ont des probl\u00e8mes de peau s\u00e8che et terne, de chute de cheveux ou d\u2019ongles cassants.<\/span><\/li>\n<\/ul>\n<h2><span style=\"color: #000000;\"><b>Pourquoi est-il important de consommer du collag\u00e8ne ?<\/b><\/span><\/h2>\n<p><span style=\"color: #000000;\">Apr\u00e8s 25 ans, le corps r\u00e9duit progressivement sa production naturelle de collag\u00e8ne, ce qui peut entra\u00eener l&rsquo;apparition des premi\u00e8res rides, une peau moins ferme, un amincissement des cheveux, des ongles cassants ainsi que des probl\u00e8mes articulaires et musculaires. Une carence en collag\u00e8ne peut \u00eatre compens\u00e9e par une alimentation \u00e9quilibr\u00e9e et des compl\u00e9ments alimentaires de qualit\u00e9.<\/span><\/p>\n<p><span style=\"color: #000000;\">Le complexe de collag\u00e8ne contient uniquement des ingr\u00e9dients naturels soigneusement s\u00e9lectionn\u00e9s, qui offrent un soutien optimal \u00e0 l&rsquo;organisme.<\/span><\/p>\n<h2><span style=\"color: #000000;\"><b>Les bienfaits d&rsquo;une consommation r\u00e9guli\u00e8re de collag\u00e8ne :<\/b><\/span><\/h2>\n<p><span style=\"color: #000000;\"><b>Vitamine C<\/b><\/span><\/p>\n<ul>\n<li><span style=\"color: #000000;\">Joue un r\u00f4le dans la formation du collag\u00e8ne pour le bon fonctionnement des vaisseaux sanguins, des os, du cartilage, des gencives, de la peau et des dents.<\/span><\/li>\n<li><span style=\"color: #000000;\">Contribue \u00e0 la lib\u00e9ration d&rsquo;\u00e9nergie dans le m\u00e9tabolisme, au fonctionnement du syst\u00e8me nerveux et au maintien d&rsquo;une bonne sant\u00e9 psychologique.<\/span><\/li>\n<li><span style=\"color: #000000;\">Joue un r\u00f4le dans le bon fonctionnement du syst\u00e8me immunitaire.<\/span><\/li>\n<li><span style=\"color: #000000;\">Augmente l&rsquo;absorption du fer.<\/span><\/li>\n<li><span style=\"color: #000000;\">Contribue \u00e0 la r\u00e9duction de la fatigue et de l\u2019\u00e9puisement.<\/span><\/li>\n<li><span style=\"color: #000000;\">Joue un r\u00f4le dans la protection des cellules contre le stress oxydatif.<\/span><\/li>\n<li><span style=\"color: #000000;\">Contribue \u00e0 la r\u00e9g\u00e9n\u00e9ration de la forme r\u00e9duite de la vitamine E.<\/span><\/li>\n<\/ul>\n<p><span style=\"color: #000000;\"><b>Biotine<\/b><\/span><\/p>\n<ul>\n<li><span style=\"color: #000000;\">Contribue \u00e0 la lib\u00e9ration d&rsquo;\u00e9nergie dans le m\u00e9tabolisme.<\/span><\/li>\n<li><span style=\"color: #000000;\">Contribue au bon fonctionnement du syst\u00e8me nerveux.<\/span><\/li>\n<li><span style=\"color: #000000;\">Contribue au maintien d&rsquo;une bonne sant\u00e9 psychologique.<\/span><\/li>\n<li><span style=\"color: #000000;\">Contribue au m\u00e9tabolisme des macronutriments.<\/span><\/li>\n<li><span style=\"color: #000000;\">Contribue au maintien de cheveux sains.<\/span><\/li>\n<li><span style=\"color: #000000;\">Contribue au maintien des muqueuses et de la peau en bonne sant\u00e9.<\/span><\/li>\n<\/ul>\n<p><span style=\"color: #000000;\"><b>Vitamine D<\/b><\/span><\/p>\n<ul>\n<li><span style=\"color: #000000;\">Contribue \u00e0 l\u2019absorption et \u00e0 l\u2019utilisation normales du calcium et du phosphore.<\/span><\/li>\n<li><span style=\"color: #000000;\">Contribue \u00e0 un taux normal de calcium dans le sang.<\/span><\/li>\n<li><span style=\"color: #000000;\">Contribue au maintien d\u2019os et de dents en bonne sant\u00e9.<\/span><\/li>\n<li><span style=\"color: #000000;\">Contribue au bon fonctionnement des muscles.<\/span><\/li>\n<li><span style=\"color: #000000;\">Contribue au bon fonctionnement du syst\u00e8me immunitaire.<\/span><\/li>\n<li><span style=\"color: #000000;\">Joue un r\u00f4le dans le processus de division cellulaire.<\/span><\/li>\n<\/ul>\n<h2><span style=\"color: #000000;\"><b>Stockage et avertissements<\/b><\/span><\/h2>\n<p><span style=\"color: #000000;\">Conserver dans un endroit sec \u00e0 une temp\u00e9rature ne d\u00e9passant pas 25 \u00b0C, \u00e0 l&rsquo;abri de l&rsquo;humidit\u00e9 et de la lumi\u00e8re. Veillez \u00e0 bien refermer le sachet ou le pot.<\/span><\/p>\n<p><span style=\"color: #000000;\">Le produit n&rsquo;est pas adapt\u00e9 aux enfants, aux adolescents, aux femmes enceintes et allaitantes. Les diab\u00e9tiques, les personnes souffrant d\u2019intol\u00e9rance au glucose, celles sous anticoagulants de type coumarine, ainsi que celles souffrant de maladies cardiovasculaires connues ou d&rsquo;asthme, doivent consulter un m\u00e9decin avant de l\u2019utiliser. En cas de naus\u00e9es, douleurs abdominales, indigestion, diarrh\u00e9e, constipation, \u00e9tourdissements, somnolence, maux de t\u00eate, \u00e9ruptions cutan\u00e9es, d\u00e9mangeaisons ou rougeurs, arr\u00eatez imm\u00e9diatement la prise du produit.<\/span><\/p>\n<h2><span style=\"color: #000000;\"><b>Emballage<\/b><\/span><\/h2>\n<p><span style=\"color: #000000;\">Sachet herm\u00e9tique refermable ou bo\u00eete, permettant de pr\u00e9server toute la fra\u00eecheur et l\u2019ar\u00f4me du produit. L&#8217;emballage prot\u00e8ge de la lumi\u00e8re et de l&rsquo;air. Il est constitu\u00e9 de plusieurs couches de protection qui pr\u00e9servent les propri\u00e9t\u00e9s du produit.<\/span><\/p>\n<p><span style=\"color: #000000;\">L&#8217;emballage est tr\u00e8s pratique et recyclable.<\/span><\/p>\n<h2><span style=\"color: #000000;\"><b>Origine<\/b><\/span><\/h2>\n<p><span style=\"color: #000000;\">Les ingr\u00e9dients du complexe de collag\u00e8ne proviennent de l&rsquo;UE et de pays hors UE, soigneusement s\u00e9lectionn\u00e9s pour garantir la plus haute qualit\u00e9.<\/span><\/p>\n<p>&nbsp;<\/p>\n","protected":false},"excerpt":{"rendered":"<p>Le complexe de collag\u00e8ne contient uniquement des ingr\u00e9dients naturels soigneusement s\u00e9lectionn\u00e9s qui apportent au corps un soutien optimal :<\/p>\n<p>\ud83d\udc9a am\u00e9liore la sant\u00e9 de la peau, restaure et favorise l&rsquo;\u00e9lasticit\u00e9 et \u00e9limine les rides<br \/>\n\ud83d\udc9a r\u00e9g\u00e9n\u00e9ration des cellules et tissus endommag\u00e9s,<br \/>\n\ud83d\udc9a aide \u00e0 soulager les douleurs articulaires,<br \/>\n\ud83d\udc9a agit pour des os plus forts,<br \/>\n\ud83d\udc9a pour des cheveux beaux et brillants et des ongles forts,<br \/>\n\ud83d\udc9a effet anti-\u00e2ge, augmente l&rsquo;hydratation.<\/p>\n","protected":false},"featured_media":6364,"comment_status":"open","ping_status":"closed","template":"","meta":{"_acf_changed":false},"product_brand":[],"product_cat":[15,226,224,231,225],"product_tag":[],"class_list":{"0":"post-6362","1":"product","2":"type-product","3":"status-publish","4":"has-post-thumbnail","6":"product_cat-uncategorized","7":"product_cat-meilleures-ventes","8":"product_cat-offre","9":"product_cat-superaliments","10":"product_cat-tous-les-produits","12":"first","13":"instock","14":"sale","15":"taxable","16":"shipping-taxable","17":"purchasable","18":"product-type-simple"},"acf":[],"_links":{"self":[{"href":"https:\/\/fengchashop.com\/fr\/wp-json\/wp\/v2\/product\/6362","targetHints":{"allow":["GET"]}}],"collection":[{"href":"https:\/\/fengchashop.com\/fr\/wp-json\/wp\/v2\/product"}],"about":[{"href":"https:\/\/fengchashop.com\/fr\/wp-json\/wp\/v2\/types\/product"}],"replies":[{"embeddable":true,"href":"https:\/\/fengchashop.com\/fr\/wp-json\/wp\/v2\/comments?post=6362"}],"wp:featuredmedia":[{"embeddable":true,"href":"https:\/\/fengchashop.com\/fr\/wp-json\/wp\/v2\/media\/6364"}],"wp:attachment":[{"href":"https:\/\/fengchashop.com\/fr\/wp-json\/wp\/v2\/media?parent=6362"}],"wp:term":[{"taxonomy":"product_brand","embeddable":true,"href":"https:\/\/fengchashop.com\/fr\/wp-json\/wp\/v2\/product_brand?post=6362"},{"taxonomy":"product_cat","embeddable":true,"href":"https:\/\/fengchashop.com\/fr\/wp-json\/wp\/v2\/product_cat?post=6362"},{"taxonomy":"product_tag","embeddable":true,"href":"https:\/\/fengchashop.com\/fr\/wp-json\/wp\/v2\/product_tag?post=6362"}],"curies":[{"name":"wp","href":"https:\/\/api.w.org\/{rel}","templated":true}]}}