{"id":6352,"date":"2022-03-11T19:29:12","date_gmt":"2022-03-11T18:29:12","guid":{"rendered":"https:\/\/fengchashop.com\/fr\/product\/omega-3-en-gelules-180-gelules\/"},"modified":"2026-04-06T14:02:49","modified_gmt":"2026-04-06T12:02:49","slug":"omega-3-en-gelules","status":"publish","type":"product","link":"https:\/\/fengchashop.com\/fr\/product\/omega-3-en-gelules\/","title":{"rendered":"Om\u00e9ga 3 en g\u00e9lules 180 g\u00e9lules"},"content":{"rendered":"<h2><span style=\"color: #000000\">Acides gras om\u00e9ga-3<\/span><\/h2>\n<p><span style=\"color: #000000\">Les acides gras om\u00e9ga-3 sont<strong> indispensables<\/strong> \u00e0 l&rsquo;homme, mais l&rsquo;organisme ne peut les produire lui-m\u00eame. Comme ils sont indispensables<strong> au bon fonctionnement de plusieurs processus de l&rsquo;organisme<\/strong>, ils doivent \u00eatre consomm\u00e9s dans le cadre d&rsquo;une alimentation riche en ces pr\u00e9cieuses graisses. Toutefois, si l&rsquo;alimentation ne fournit pas suffisamment d&rsquo;acides gras om\u00e9ga-3, l&rsquo;un des moyens les plus efficaces et les plus simples consiste \u00e0 prendre un compl\u00e9ment alimentaire. Il faut savoir qu&rsquo;il existe une vaste gamme sur le march\u00e9, mais que tous les compl\u00e9ments \u00e0 base d&rsquo;huile de poisson (ou d&rsquo;origine v\u00e9g\u00e9tale) ne sont pas suffisants. En particulier, nous devons \u00eatre prudents si nous avons l&rsquo;intention de prendre un compl\u00e9ment alimentaire pendant une longue p\u00e9riode. Les impuret\u00e9s et les additifs inutiles, voire nocifs, peuvent faire plus de mal que de bien.<\/span><\/p>\n<p><span style=\"color: #000000\">Nos capsules d&rsquo;acides gras om\u00e9ga-3 <strong>sont fabriqu\u00e9es \u00e0 partir de l&rsquo;huile de poisson la plus pure.<\/strong> Elles proviennent de poissons captur\u00e9s \u00e0 l&rsquo;\u00e9tat sauvage, sont trait\u00e9es de mani\u00e8re appropri\u00e9e et pr\u00e9sent\u00e9es sous forme de capsules molles de taille r\u00e9duite, mais dont la forme facilite la d\u00e9glutition. Il s&rsquo;agit d&rsquo;un compl\u00e9ment alimentaire de qualit\u00e9 sup\u00e9rieure, fabriqu\u00e9 \u00e0 partir des meilleurs ingr\u00e9dients. <strong>Elles ne provoquent pas de flatulences et n&rsquo;ont pas de go\u00fbt d\u00e9rangeant de poisson<\/strong>.<\/span><\/p>\n<h2><span style=\"color: #000000\">Quels sont les avantages de la prise d&rsquo;acides gras om\u00e9ga-3 ?<\/span><\/h2>\n<p><span style=\"color: #000000\">Les acides gras om\u00e9ga-3 jouent au moins deux r\u00f4les importants dans notre organisme. La recherche a montr\u00e9 qu&rsquo;ils influencent le<strong> bon fonctionnement du syst\u00e8me cardiovasculaire<\/strong> et qu&rsquo;ils <strong>r\u00e9duisent l&rsquo;inflammation<\/strong>. Ainsi, pour r\u00e9sumer certains des effets de la consommation d&rsquo;acides gras om\u00e9ga-3, nous pouvons constater que :<\/span><\/p>\n<p><span style=\"color: #000000\"> \ud83d\udc9a Ils contribuent au <em>fonctionnement normal du c\u0153ur et du syst\u00e8me cardiovasculaire<\/em>, notamment en r\u00e9gulant le rythme cardiaque et en aidant \u00e0<strong> contr\u00f4ler la tension art\u00e9rielle et le cholest\u00e9rol<\/strong>.<\/span><br \/>\n<span style=\"color: #000000\"> \ud83d\udc9a Ils contribuent au <strong>maintien d&rsquo;une vision normale<\/strong>.<\/span><br \/>\n<span style=\"color: #000000\"> \ud83d\udc9a Contribuer au maintien d&rsquo;une<strong> fonction c\u00e9r\u00e9brale normale,<\/strong> y compris la fonction de la m\u00e9moire et la r\u00e9gulation de l&rsquo;humeur et de l&rsquo;\u00e9quilibre \u00e9motionnel.<\/span><br \/>\n<span style=\"color: #000000\"> \ud83d\udc9a Contribuer au maintien d&rsquo;un<strong> taux normal de triglyc\u00e9rides dans le sang<\/strong>.<\/span><br \/>\n<span style=\"color: #000000\"> \ud83d\udc9a Favoriser le <strong>bon fonctionnement du syst\u00e8me immunitaire.<\/strong><\/span><br \/>\n<span style=\"color: #000000\"> \ud83d\udc9a R\u00e9guler l&rsquo;humeur et les fonctions cognitives (comportementales).<\/span><br \/>\n<span style=\"color: #000000\">\ud83d\udc9a Ils sont extr\u00eamement<strong> importants pour le bon d\u00e9roulement de la grossesse et le bon d\u00e9veloppement de l&rsquo;enfant \u00e0 na\u00eetre et allait\u00e9<\/strong>. Favoriser le renforcement des capacit\u00e9s intellectuelles, motrices et visuelles de l&rsquo;enfant, am\u00e9liorer la m\u00e9moire et l&rsquo;attention, et pr\u00e9venir les troubles du comportement et le d\u00e9veloppement d&rsquo;allergies alimentaires.<\/span><br \/>\n<span style=\"color: #000000\"> \ud83d\udc9a A <strong>ider \u00e0 am\u00e9liorer les sympt\u00f4mes des maladies auto-immunes<\/strong> et du TDAH chez les enfants.<\/span><br \/>\n<span style=\"color: #000000\"> \ud83d\udc9a Ils hydratent naturellement notre peau et nos cheveux et leur donnent un aspect sain.<\/span><br \/>\n<span style=\"color: #000000\"> \ud83d\udc9a Ils <strong>r\u00e9duisent l&rsquo;inflammation ; ils<\/strong> soulagent \u00e9galement les probl\u00e8mes de peau tels que l&rsquo;ecz\u00e9ma, l&rsquo;acn\u00e9, la rosac\u00e9e et le psoriasis.<\/span><br \/>\n<span style=\"color: #000000\"> <strong> \ud83d\udc9a Ils permettent une r\u00e9cup\u00e9ration musculaire plus rapide<\/strong> apr\u00e8s un entra\u00eenement sportif intense ou d&rsquo;autres activit\u00e9s physiques ; ils pr\u00e9viennent \u00e9galement la fonte musculaire et augmentent en m\u00eame temps la perte des r\u00e9serves de graisse.<\/span><\/p>\n<h2><span style=\"color: #000000\">Pourquoi choisir nos g\u00e9lules d&rsquo;om\u00e9ga 3 ?<\/span><\/h2>\n<p><span style=\"color: #000000\">La consommation d&rsquo;acides gras om\u00e9ga 3 est en soi un bon investissement pour notre sant\u00e9 physique et mentale. Mais en choisissant un compl\u00e9ment pur et aussi naturel que possible, comme le n\u00f4tre, nous pouvons \u00e9galement b\u00e9n\u00e9ficier d&rsquo;autres avantages, tels que :<\/span><\/p>\n<p><span style=\"color: #000000\"> \ud83d\udc9a Un compl\u00e9ment alimentaire <strong>n&rsquo;est pas fabriqu\u00e9 en concentrant de l&rsquo;huile de poisson<\/strong> et en ajoutant des ingr\u00e9dients artificiels. Notre compl\u00e9ment alimentaire est peu transform\u00e9, beaucoup plus naturel, et notre corps b\u00e9n\u00e9ficie plus facilement de ses bienfaits.<\/span><br \/>\n<span style=\"color: #000000\"> <strong> \ud83d\udc9a Ce sont des capsules sans le go\u00fbt et l&rsquo;odeur typiques<\/strong>. Et elles ne nous feront pas ressentir de malaise.<\/span><br \/>\n<span style=\"color: #000000\"> \ud83d\udc9a Les<strong>capsules molles<\/strong>, plus petites, sont plus faciles \u00e0 avaler.<\/span><br \/>\n<span style=\"color: #000000\"> \ud83d\udc9a Elles contiennent un minimum de <strong>90 % de triglyc\u00e9rides naturels<\/strong>, sans les esters \u00e9thyliques utilis\u00e9s dans la production d&rsquo;huile de poisson concentr\u00e9e &#8211; pour garantir des niveaux de DHA et d&rsquo;EPA plus \u00e9lev\u00e9s que ceux trouv\u00e9s dans l&rsquo;huile de poisson conventionnelle. Un tel compl\u00e9ment alimentaire est artificiellement am\u00e9lior\u00e9 et donc plus difficile \u00e0 dig\u00e9rer, moins naturel et, s&rsquo;il est pris sur une longue p\u00e9riode, peut m\u00eame taxer l&rsquo;organisme.<\/span><br \/>\n<span style=\"color: #000000\"> \ud83d\udc9a L&rsquo;huile est<strong> extra-pure,<\/strong> obtenue par un processus sp\u00e9cial de filtration, de distillation et de raffinage.<\/span><br \/>\n<span style=\"color: #000000\"> \ud83d\udc9a Elle contient au minimum<strong> 65 % d&rsquo;acide docosahexa\u00e9no\u00efque (DHA) et d&rsquo;acide eicosapenta\u00e9no\u00efque (EPA<\/strong>).<\/span><br \/>\n<span style=\"color: #000000\"> \ud83d\udc9a Un antioxydant naturel sous forme de tocoph\u00e9rol (vitamine E) est ajout\u00e9 au produit pour une meilleure durabilit\u00e9.<\/span><br \/>\n<span style=\"color: #000000\"> \ud83d\udc9a De plus, le poisson est p\u00each\u00e9 selon les principes de la p\u00eache durable. Les emballages de chaque fournisseur sont \u00e9galement \u00e9tiquet\u00e9s avec un num\u00e9ro de tra\u00e7abilit\u00e9. Un approvisionnement constant en huiles de la plus haute qualit\u00e9 est \u00e9galement garanti. Celles-ci sont toujours propres, s\u00fbres et sans probl\u00e8me. Un engagement en faveur de la puret\u00e9, de la qualit\u00e9 et de l&rsquo;innovation des produits garantit que ceux-ci r\u00e9pondent aux normes industrielles les plus strictes en mati\u00e8re de s\u00e9curit\u00e9, de tra\u00e7abilit\u00e9 et de durabilit\u00e9. Les limites minimales de sp\u00e9cification garantissent que les produits respectent ou d\u00e9passent toutes les normes de puret\u00e9 mondiales connues. Nous garantissons inconditionnellement la coh\u00e9rence, la s\u00e9curit\u00e9 et la puret\u00e9 de chaque produit.<\/span><\/p>\n<h2><span style=\"color: #000000\">Stockage et avertissements<\/span><\/h2>\n<p><span style=\"color: #000000\">Conserver dans un endroit frais et sec \u00e0 une temp\u00e9rature maximale de 25 \u00b0C. Tenir le compl\u00e9ment alimentaire hors de port\u00e9e des enfants !<\/span><\/p>\n<p><span style=\"color: #000000\">N&rsquo;oubliez pas l&rsquo;importance d&rsquo;une alimentation vari\u00e9e et d&rsquo;un mode de vie sain. Un compl\u00e9ment alimentaire ne peut donc pas se substituer \u00e0 une alimentation \u00e9quilibr\u00e9e et vari\u00e9e. La quantit\u00e9 ou la dose journali\u00e8re recommand\u00e9e ne doit pas \u00eatre d\u00e9pass\u00e9e.<\/span><\/p>\n<h2>Emballage<\/h2>\n<p>Sachet zipp\u00e9 non perm\u00e9able, o\u00f9 le produit conserve toute sa fra\u00eecheur et son ar\u00f4me. L&#8217;emballage prot\u00e8ge le produit de la lumi\u00e8re et de l&rsquo;air, car il est compos\u00e9 de plusieurs couches de protection qui pr\u00e9servent les propri\u00e9t\u00e9s du contenu.<\/p>\n<p>L&#8217;emballage est tr\u00e8s pratique et recyclable.<\/p>\n<h2><span style=\"color: #000000\">Origine du produit<\/span><\/h2>\n<p><span style=\"color: #000000\">Norv\u00e8ge<\/span><\/p>\n","protected":false},"excerpt":{"rendered":"<p>Les acides gras om\u00e9ga-3 jouent au moins deux r\u00f4les importants dans notre organisme. Des recherches ont montr\u00e9 qu&rsquo;ils influencent le bon fonctionnement du syst\u00e8me cardiovasculaire et qu&rsquo;ils r\u00e9duisent l&rsquo;inflammation. Les acides gras om\u00e9ga-3 :<\/p>\n<p>\ud83d\udc9a contribuent au fonctionnement normal du c\u0153ur et du syst\u00e8me cardiovasculaire, notamment en r\u00e9gulant le rythme cardiaque et en aidant \u00e0 r\u00e9guler la tension art\u00e9rielle et le cholest\u00e9rol,<br \/>\n\ud83d\udc9a contribuent au maintien d&rsquo;une fonction c\u00e9r\u00e9brale normale, y compris la fonction de la m\u00e9moire et la r\u00e9gulation de l&rsquo;humeur et de l&rsquo;\u00e9quilibre \u00e9motionnel,<br \/>\n\ud83d\udc9a contribuent au maintien de taux normaux de triglyc\u00e9rides dans le sang,<br \/>\n\ud83d\udc9a favorisent le bon fonctionnement du syst\u00e8me immunitaire,<br \/>\n\ud83d\udc9a r\u00e9duire l&rsquo;inflammation.<\/p>\n","protected":false},"featured_media":6353,"comment_status":"open","ping_status":"closed","template":"","meta":{"_acf_changed":false},"product_brand":[],"product_cat":[15,230],"product_tag":[],"class_list":{"0":"post-6352","1":"product","2":"type-product","3":"status-publish","4":"has-post-thumbnail","6":"product_cat-uncategorized","7":"product_cat-mineraux-vitamines","9":"first","10":"instock","11":"taxable","12":"shipping-taxable","13":"purchasable","14":"product-type-simple"},"acf":[],"_links":{"self":[{"href":"https:\/\/fengchashop.com\/fr\/wp-json\/wp\/v2\/product\/6352","targetHints":{"allow":["GET"]}}],"collection":[{"href":"https:\/\/fengchashop.com\/fr\/wp-json\/wp\/v2\/product"}],"about":[{"href":"https:\/\/fengchashop.com\/fr\/wp-json\/wp\/v2\/types\/product"}],"replies":[{"embeddable":true,"href":"https:\/\/fengchashop.com\/fr\/wp-json\/wp\/v2\/comments?post=6352"}],"wp:featuredmedia":[{"embeddable":true,"href":"https:\/\/fengchashop.com\/fr\/wp-json\/wp\/v2\/media\/6353"}],"wp:attachment":[{"href":"https:\/\/fengchashop.com\/fr\/wp-json\/wp\/v2\/media?parent=6352"}],"wp:term":[{"taxonomy":"product_brand","embeddable":true,"href":"https:\/\/fengchashop.com\/fr\/wp-json\/wp\/v2\/product_brand?post=6352"},{"taxonomy":"product_cat","embeddable":true,"href":"https:\/\/fengchashop.com\/fr\/wp-json\/wp\/v2\/product_cat?post=6352"},{"taxonomy":"product_tag","embeddable":true,"href":"https:\/\/fengchashop.com\/fr\/wp-json\/wp\/v2\/product_tag?post=6352"}],"curies":[{"name":"wp","href":"https:\/\/api.w.org\/{rel}","templated":true}]}}