{"id":6350,"date":"2022-03-11T17:52:40","date_gmt":"2022-03-11T16:52:40","guid":{"rendered":"https:\/\/fengchashop.com\/fr\/product\/vitamine-c-en-poudre-500-g\/"},"modified":"2026-04-13T21:38:53","modified_gmt":"2026-04-13T19:38:53","slug":"vitamine-c-en-poudre","status":"publish","type":"product","link":"https:\/\/fengchashop.com\/fr\/product\/vitamine-c-en-poudre\/","title":{"rendered":"Vitamine C en poudre 500 g"},"content":{"rendered":"<h2><span style=\"color: #000000\">Acide L-ascorbique<\/span><\/h2>\n<p><span style=\"color: #000000\">La vitamine C, ou acide ascorbique, est une<strong> vitamine<\/strong> essentielle pour l&rsquo;homme, ce qui signifie qu&rsquo;elle est indispensable au bon fonctionnement de notre organisme, mais que celui-ci ne peut pas la synth\u00e9tiser ou la produire lui-m\u00eame. La vitamine C est pr\u00e9sente dans la plupart des fruits et l\u00e9gumes, de sorte que les personnes qui consomment r\u00e9guli\u00e8rement au moins 5 unit\u00e9s de fruits et\/ou de l\u00e9gumes par jour en absorbent suffisamment. Cependant, il est parfois utile de prendre un suppl\u00e9ment de cette vitamine extr\u00eamement importante, qui est responsable de nombreux processus dans notre corps, car c&rsquo;est aussi un <strong>antioxydant qui prot\u00e8ge nos cellules du stress oxydatif<\/strong>, qui se manifeste le plus souvent au niveau de la peau. En effet, une carence en vitamine C peut entra\u00eener le vieillissement de la peau et la formation de rides, car la vitamine C est en grande partie responsable de la formation du collag\u00e8ne et joue donc un r\u00f4le important dans le fonctionnement normal de la peau, mais aussi des os et des vaisseaux sanguins. Elle est \u00e9galement b\u00e9n\u00e9fique pour<strong> notre syst\u00e8me immunitaire et<\/strong>, en la consommant \u00e0 titre pr\u00e9ventif, nous pouvons \u00e9viter les rhumes saisonniers et les infections respiratoires virales ou en acc\u00e9l\u00e9rer la gu\u00e9rison.<\/span><\/p>\n<p><span style=\"color: #000000\">Les fruits et l\u00e9gumes qui se trouvent dans nos assiettes sont de plus en plus appauvris en vitamines en raison de leur mode de production, de leur transport et du temps \u00e9coul\u00e9 entre la r\u00e9colte et la consommation. Une carence en vitamine C peut se manifester par une fatigue physique et mentale g\u00e9n\u00e9rale, une moins bonne cicatrisation des plaies, des h\u00e9morragies, une r\u00e9cup\u00e9ration plus lente apr\u00e8s une maladie, un affaiblissement du syst\u00e8me immunitaire, etc. Il est donc judicieux de fournir \u00e0 l&rsquo;organisme un apport accru en vitamines, y compris par le biais de compl\u00e9ments alimentaires. Toutefois, les fumeurs, les travailleurs physiques et les athl\u00e8tes, les femmes enceintes et les femmes qui allaitent ont g\u00e9n\u00e9ralement besoin de beaucoup plus de vitamine C, mais doivent toujours consulter un m\u00e9decin avant de prendre des compl\u00e9ments alimentaires.<\/span><\/p>\n<p><span style=\"color: #000000\">Notre organisme ne stocke pas la vitamine C, il est donc essentiel de consommer quotidiennement des fruits et l\u00e9gumes et de prendre des compl\u00e9ments d&rsquo;acide L-ascorbique en cas de besoin.<\/span><\/p>\n<h2><span style=\"color: #000000\">Pourquoi choisir la vitamine C sous forme de poudre d&rsquo;acide L-ascorbique ?<\/span><\/h2>\n<p><span style=\"color: #000000\">Notre acide L-ascorbique pur est en fait une forme naturelle de vitamine C, qui peut \u00eatre d&rsquo;origine naturelle ou synth\u00e9tique, mais les deux formes sont tellement proches &#8211; en structure et en puissance &#8211; que la profession les assimile (ce qui n&rsquo;est pas le cas de l&rsquo;acide D-ascorbique synth\u00e9tique, qui ne peut pas \u00eatre synth\u00e9tis\u00e9 par l&rsquo;organisme et n&rsquo;est donc pas utilis\u00e9 pour les compl\u00e9ments alimentaires).<\/span><\/p>\n<p><span style=\"color: #000000\">La prise d&rsquo;acide L-ascorbique ou de vitamine C sera donc utile (les bienfaits suivants de la vitamine C ont \u00e9galement \u00e9t\u00e9 approuv\u00e9s par l&rsquo;EFSA ou Autorit\u00e9 europ\u00e9enne de s\u00e9curit\u00e9 des aliments) :<\/span><\/p>\n<p><span style=\"color: #000000\"> \ud83d\udc9a une meilleure <strong>absorption du fer<\/strong>, indispensable \u00e0 la bonne sant\u00e9 du sang ;<\/span><br \/>\n<span style=\"color: #000000\"> \ud83d\udc9a a <strong>m\u00e9liorer la production de collag\u00e8ne<\/strong> et donc le fonctionnement normal des os, de la peau, des dents, des vaisseaux sanguins, du cartilage et des gencives ;<\/span><br \/>\n<span style=\"color: #000000\"> \ud83d\udc9a \u00e0 un<strong> fonctionnement psychologique<\/strong> normal ;<\/span><br \/>\n<span style=\"color: #000000\"> \ud83d\udc9a <strong>prot\u00e9ger les cellules contre le stress oxydatif <\/strong>; <\/span><br \/>\n<span style=\"color: #000000\"> \ud83d\udc9a am\u00e9liorer le fonctionnement du<strong> syst\u00e8me immunitaire ;<\/strong><\/span><br \/>\n<span style=\"color: #000000\">\ud83d\udc9a r\u00e9duire la <strong>fatigue et l&rsquo;\u00e9p<\/strong> uisement, etc.<\/span><\/p>\n<p><span style=\"color: #000000\">Le compl\u00e9ment alimentaire en poudre est \u00e9galement pratique \u00e0 utiliser et la boisson pr\u00eate \u00e0 l&#8217;emploi est savoureuse et rafra\u00eechissante.<\/span><\/p>\n<h2><span style=\"color: #000000\">Stockage et avertissements<\/span><\/h2>\n<p><span style=\"color: #000000\">Conserver dans un endroit frais et sec \u00e0 une temp\u00e9rature maximale de 25 \u00b0C. Tenir le compl\u00e9ment alimentaire hors de port\u00e9e des enfants !<\/span><\/p>\n<p><span style=\"color: #000000\">N&rsquo;oubliez pas l&rsquo;importance d&rsquo;une alimentation vari\u00e9e et d&rsquo;un mode de vie sain. Un compl\u00e9ment alimentaire ne peut donc pas se substituer \u00e0 une alimentation \u00e9quilibr\u00e9e et vari\u00e9e. La quantit\u00e9 ou la dose journali\u00e8re recommand\u00e9e ne doit pas \u00eatre d\u00e9pass\u00e9e. Il est toujours conseill\u00e9 aux femmes enceintes et \u00e0 celles qui allaitent de consulter un m\u00e9decin avant d&rsquo;utiliser ce produit. Ne convient pas aux enfants de moins de 14 ans.<\/span><\/p>\n<h2><span style=\"color: #000000\">Conditionnement<\/span><\/h2>\n<p><span style=\"color: #000000\">Sachet zip-lock non perm\u00e9able dans lequel le produit conserve toute sa fra\u00eecheur et son ar\u00f4me. L&#8217;emballage prot\u00e8ge le produit de la lumi\u00e8re et de l&rsquo;air, car il se compose de plusieurs couches de protection pour pr\u00e9server les propri\u00e9t\u00e9s du contenu.<\/span><\/p>\n<p><span style=\"color: #000000\">L&#8217;emballage est tr\u00e8s pratique et recyclable.<\/span><\/p>\n","protected":false},"excerpt":{"rendered":"<p>La prise d&rsquo;acide L-ascorbique ou de vitamine C peut s&rsquo;av\u00e9rer utile (les avantages suivants de la vitamine C ont \u00e9galement \u00e9t\u00e9 approuv\u00e9s par l&rsquo;EFSA) :<\/p>\n<p>\ud83d\udc9a une meilleure absorption du fer, qui est essentiel pour une bonne circulation sanguine,<br \/>\n\ud83d\udc9a am\u00e9liorer la production de collag\u00e8ne et donc le fonctionnement normal des os, de la peau, des dents, des vaisseaux sanguins, du cartilage et des gencives,<br \/>\n\ud83d\udc9a au fonctionnement psychologique normal,<br \/>\n\ud83d\udc9a pour prot\u00e9ger les cellules contre le stress oxydatif,<br \/>\n\ud83d\udc9a un meilleur fonctionnement du syst\u00e8me immunitaire,<br \/>\n\ud83d\udc9a r\u00e9duire la fatigue et l&rsquo;\u00e9puisement.<\/p>\n","protected":false},"featured_media":6351,"comment_status":"open","ping_status":"closed","template":"","meta":{"_acf_changed":false},"product_brand":[],"product_cat":[15,230],"product_tag":[],"class_list":{"0":"post-6350","1":"product","2":"type-product","3":"status-publish","4":"has-post-thumbnail","6":"product_cat-uncategorized","7":"product_cat-mineraux-vitamines","9":"first","10":"instock","11":"taxable","12":"shipping-taxable","13":"purchasable","14":"product-type-simple"},"acf":[],"_links":{"self":[{"href":"https:\/\/fengchashop.com\/fr\/wp-json\/wp\/v2\/product\/6350","targetHints":{"allow":["GET"]}}],"collection":[{"href":"https:\/\/fengchashop.com\/fr\/wp-json\/wp\/v2\/product"}],"about":[{"href":"https:\/\/fengchashop.com\/fr\/wp-json\/wp\/v2\/types\/product"}],"replies":[{"embeddable":true,"href":"https:\/\/fengchashop.com\/fr\/wp-json\/wp\/v2\/comments?post=6350"}],"wp:featuredmedia":[{"embeddable":true,"href":"https:\/\/fengchashop.com\/fr\/wp-json\/wp\/v2\/media\/6351"}],"wp:attachment":[{"href":"https:\/\/fengchashop.com\/fr\/wp-json\/wp\/v2\/media?parent=6350"}],"wp:term":[{"taxonomy":"product_brand","embeddable":true,"href":"https:\/\/fengchashop.com\/fr\/wp-json\/wp\/v2\/product_brand?post=6350"},{"taxonomy":"product_cat","embeddable":true,"href":"https:\/\/fengchashop.com\/fr\/wp-json\/wp\/v2\/product_cat?post=6350"},{"taxonomy":"product_tag","embeddable":true,"href":"https:\/\/fengchashop.com\/fr\/wp-json\/wp\/v2\/product_tag?post=6350"}],"curies":[{"name":"wp","href":"https:\/\/api.w.org\/{rel}","templated":true}]}}