{"id":6335,"date":"2022-03-10T18:57:47","date_gmt":"2022-03-10T17:57:47","guid":{"rendered":"https:\/\/fengchashop.com\/fr\/product\/lait-de-coco-en-poudre-bio-250-g\/"},"modified":"2026-04-18T01:45:24","modified_gmt":"2026-04-17T23:45:24","slug":"lait-de-coco-en-poudre-bio","status":"publish","type":"product","link":"https:\/\/fengchashop.com\/fr\/product\/lait-de-coco-en-poudre-bio\/","title":{"rendered":"Lait de coco en poudre BIO 250 g"},"content":{"rendered":"<h2><span style=\"color: #000000\">Lait de coco en poudre biologique<\/span><\/h2>\n<p><span style=\"color: #000000\">Le lait de coco en poudre est l&rsquo;un des principaux ingr\u00e9dients culinaires du r\u00e9gime asiatique et <strong>un excellent substitut au lait contenant du lactose<\/strong>, auquel de plus en plus de personnes sont allergiques.<\/span><\/p>\n<p><span style=\"color: #000000\"><strong>Le lait de coco en poudre contient environ 60 % de graisse de coco et un certain nombre de substances actives b\u00e9n\u00e9fiques pour le corps humain :<\/strong><\/span><\/p>\n<p><span style=\"color: #000000\"> \ud83d\udc9a <strong>riche en fer<\/strong>, qui est le principal composant des globules rouges,<\/span><br \/>\n<span style=\"color: #000000\"> \ud83d\udc9a des <strong>graisses insatur\u00e9es om\u00e9ga-3 b\u00e9n\u00e9fiques<\/strong>, qui aident \u00e0 r\u00e9guler le cholest\u00e9rol sanguin,<\/span><br \/>\n<span style=\"color: #000000\"> \ud83d\udc9a les <strong>acides gras laurique, caprylique et caprique<\/strong>, connus pour leurs propri\u00e9t\u00e9s antifongiques, antibact\u00e9riennes et antivirales.<\/span><\/p>\n<h2><span style=\"color: #000000\">La poudre de lait de coco est un excellent compl\u00e9ment aux plats ou un ingr\u00e9dient pour les cosm\u00e9tiques naturels<\/span><\/h2>\n<p><span style=\"color: #000000\">Le lait de coco en poudre est obtenu par s\u00e9chage du lait de coco, lui-m\u00eame obtenu \u00e0 partir de la chair de noix de coco r\u00e2p\u00e9e. Comme il contient un pourcentage \u00e9lev\u00e9 de mati\u00e8res grasses, il est g\u00e9n\u00e9ralement m\u00e9lang\u00e9 \u00e0 de l&rsquo;amidon, autour duquel les mati\u00e8res grasses s&rsquo;agglutinent, formant ainsi le lait de coco en poudre. C&rsquo;est un ingr\u00e9dient culinaire indispensable dans la cuisine asiatique pour les sauces, les soupes et les desserts. Il est \u00e9galement utilis\u00e9 en cosm\u00e9tique naturelle, car il contient de merveilleux ingr\u00e9dients qui ont un effet b\u00e9n\u00e9fique sur la peau. La poudre est simplement m\u00e9lang\u00e9e \u00e0 de l&rsquo;eau pour obtenir du lait ou de la cr\u00e8me de coco, ou elle peut \u00eatre ajout\u00e9e directement aux plats pour les rehausser.<\/span><\/p>\n<h2><span style=\"color: #000000\">Emballage<\/span><\/h2>\n<p><span style=\"color: #000000\">Sachet ou bo\u00eete \u00e0 fermeture \u00e9clair non perm\u00e9able, o\u00f9 le produit conserve toute sa fra\u00eecheur et son ar\u00f4me. L&#8217;emballage prot\u00e8ge de la lumi\u00e8re et de l&rsquo;air. Il est compos\u00e9 de plusieurs couches de protection afin de pr\u00e9server les propri\u00e9t\u00e9s du produit.<\/span><\/p>\n<p><span style=\"color: #000000\">L&#8217;emballage est tr\u00e8s pratique et recyclable.<\/span><\/p>\n<h2><span style=\"color: #000000\">L&rsquo;origine<\/span><\/h2>\n<p><span style=\"color: #000000\">Vietnam<\/span><\/p>\n","protected":false},"excerpt":{"rendered":"<p>Le lait de coco en poudre est l&rsquo;un des principaux ingr\u00e9dients culinaires du r\u00e9gime asiatique et un excellent substitut au lait contenant du lactose. Le lait de coco en poudre contient environ 60 % de graisse de coco et un certain nombre de substances actives b\u00e9n\u00e9fiques pour le corps humain:<\/p>\n<p><span style=\"color: #000000\">\ud83d\udc9a <\/span>riche en fer, qui est le principal composant des globules rouges,<br \/>\n<span style=\"color: #000000\">\ud83d\udc9a <\/span>des graisses insatur\u00e9es om\u00e9ga-3 b\u00e9n\u00e9fiques, qui aident \u00e0 r\u00e9guler le cholest\u00e9rol sanguin,<br \/>\n<span style=\"color: #000000\">\ud83d\udc9a <\/span>les acides gras laurique, caprylique et caprique, connus pour leurs propri\u00e9t\u00e9s antifongiques, antibact\u00e9riennes et antivirales.<\/p>\n","protected":false},"featured_media":6336,"comment_status":"open","ping_status":"closed","template":"","meta":{"_acf_changed":false},"product_brand":[],"product_cat":[15,194,236],"product_tag":[],"class_list":{"0":"post-6335","1":"product","2":"type-product","3":"status-publish","4":"has-post-thumbnail","6":"product_cat-uncategorized","7":"product_cat-ayurveda","8":"product_cat-the-nourriture-et-epices","10":"first","11":"instock","12":"taxable","13":"shipping-taxable","14":"purchasable","15":"product-type-simple"},"acf":[],"_links":{"self":[{"href":"https:\/\/fengchashop.com\/fr\/wp-json\/wp\/v2\/product\/6335","targetHints":{"allow":["GET"]}}],"collection":[{"href":"https:\/\/fengchashop.com\/fr\/wp-json\/wp\/v2\/product"}],"about":[{"href":"https:\/\/fengchashop.com\/fr\/wp-json\/wp\/v2\/types\/product"}],"replies":[{"embeddable":true,"href":"https:\/\/fengchashop.com\/fr\/wp-json\/wp\/v2\/comments?post=6335"}],"wp:featuredmedia":[{"embeddable":true,"href":"https:\/\/fengchashop.com\/fr\/wp-json\/wp\/v2\/media\/6336"}],"wp:attachment":[{"href":"https:\/\/fengchashop.com\/fr\/wp-json\/wp\/v2\/media?parent=6335"}],"wp:term":[{"taxonomy":"product_brand","embeddable":true,"href":"https:\/\/fengchashop.com\/fr\/wp-json\/wp\/v2\/product_brand?post=6335"},{"taxonomy":"product_cat","embeddable":true,"href":"https:\/\/fengchashop.com\/fr\/wp-json\/wp\/v2\/product_cat?post=6335"},{"taxonomy":"product_tag","embeddable":true,"href":"https:\/\/fengchashop.com\/fr\/wp-json\/wp\/v2\/product_tag?post=6335"}],"curies":[{"name":"wp","href":"https:\/\/api.w.org\/{rel}","templated":true}]}}