{"id":6324,"date":"2022-03-10T16:50:20","date_gmt":"2022-03-10T15:50:20","guid":{"rendered":"https:\/\/fengchashop.com\/fr\/product\/ginkgo-en-poudre-bio-125-g\/"},"modified":"2026-04-15T11:54:52","modified_gmt":"2026-04-15T09:54:52","slug":"ginkgo-en-poudre-bio","status":"publish","type":"product","link":"https:\/\/fengchashop.com\/fr\/product\/ginkgo-en-poudre-bio\/","title":{"rendered":"Ginkgo en poudre BIO 125 g"},"content":{"rendered":"<h2 style=\"text-align: justify;\"><span style=\"color: #000000;\">Ginkgo en poudre BIO<\/span><\/h2>\n<p style=\"text-align: justify;\"><span style=\"color: #000000;\">Le<strong>ginkgo<\/strong> ou <strong>Ginkgo biloba<\/strong> est un \u00a0\u00bb <strong>fossile vivant\u00a0\u00bb<\/strong> originaire d&rsquo;Asie et utilis\u00e9 dans la m\u00e9decine traditionnelle chinoise depuis 5000 ans. Il s&rsquo;agit de l&rsquo;un des <strong>arbres les plus anciens<\/strong>, pr\u00e9sent sur Terre depuis plus de 300 millions d&rsquo;ann\u00e9es, qui n&rsquo;a aucun lien de parent\u00e9 avec d&rsquo;autres esp\u00e8ces v\u00e9g\u00e9tales. Le ginkgo a \u00e9t\u00e9 la premi\u00e8re plante \u00e0 pousser \u00e0 Hiroshima, ville d\u00e9truite par la bombe atomique pendant la Seconde Guerre mondiale.<\/span><\/p>\n<p style=\"text-align: justify;\"><span style=\"color: #000000;\">Dans la m\u00e9decine traditionnelle chinoise, le ginkgo est \u00e9galement appel\u00e9 <strong>\u00ab\u00a0arbre de la m\u00e9moire\u00a0\u00bb, car<\/strong> les extraits de ses feuilles s\u00e9ch\u00e9es en forme d&rsquo;\u00e9ventail ont un effet positif <strong>sur le cerveau et sa circulation sanguine<\/strong>.<\/span><\/p>\n<h2 style=\"text-align: justify;\"><span style=\"color: #000000;\">Qu&rsquo;est-ce qui rend le ginkgo si sp\u00e9cial et si diff\u00e9rent ?<\/span><\/h2>\n<p style=\"text-align: justify;\"><span style=\"color: #000000;\">Le Ginkgo est sp\u00e9cial &#8211; parce qu&rsquo;il ne ressemble \u00e0 aucune autre esp\u00e8ce v\u00e9g\u00e9tale, les chercheurs lui ont accord\u00e9 encore plus d&rsquo;attention qu&rsquo;ils n&rsquo;en accordent aux plantes m\u00e9dicinales. Ils ont constat\u00e9 qu&rsquo;il est extr\u00eamement <strong>rustique et r\u00e9sistant \u00e0 un large \u00e9ventail de ravageurs, de micro-organismes et de toxines environnementales<\/strong>, et ont cherch\u00e9 \u00e0 en conna\u00eetre les raisons. Les<strong> flavono\u00efdes et les terp\u00e8nes<\/strong> qui ressortent le plus de l&rsquo;extrait de ginkgo sont responsables des <strong>effets b\u00e9n\u00e9fiques sur le cerveau et la m\u00e9moire, ainsi que d&rsquo;une meilleure circulation sangu<\/strong>ine. Le ginkgo est principalement utilis\u00e9 pour <strong>am\u00e9liorer les capacit\u00e9s mentales<\/strong> (concentration, m\u00e9moire, etc.) et pour <strong>am\u00e9liorer la circulation sanguine dans les membres et le cerveau<\/strong>. Des recherches ont montr\u00e9 qu&rsquo;il a \u00e9galement un effet b\u00e9n\u00e9fique sur les <strong>acouph\u00e8nes, les vertiges et les douleurs et engourdissements des membres<\/strong>.<\/span><\/p>\n<h2 style=\"text-align: justify;\"><span style=\"color: #000000;\">Propri\u00e9t\u00e9s cl\u00e9s du ginkgo<\/span><\/h2>\n<p style=\"text-align: justify;\"><span style=\"color: #000000;\"><em><strong>Le ginkgo est un exemple incroyable de survie dans la nature &#8211; sa r\u00e9silience et sa rusticit\u00e9 ont attir\u00e9 l&rsquo;attention sur lui depuis :<\/strong><\/em><\/span><\/p>\n<p><span style=\"color: #000000;\"> \ud83d\udc9a il agit comme un <strong>antioxydant<\/strong> et aide \u00e0 pr\u00e9venir les <strong>dommages aux vaisseaux sanguins,<\/strong><\/span><\/p>\n<p><span style=\"color: #000000;\"> \ud83d\udc9a il att\u00e9nue les probl\u00e8mes de <strong>circulation sangu<\/strong>ine en dilatant les vaisseaux sanguins,<\/span><\/p>\n<p><span style=\"color: #000000;\"> \ud83d\udc9a permet un meilleur <strong>apport de nourriture et d&rsquo;oxyg\u00e8ne aux cellules<\/strong>,<\/span><\/p>\n<p><span style=\"color: #000000;\"> \ud83d\udc9a fournit du <strong>glucose et de l&rsquo;oxyg\u00e8ne au cerveau<\/strong>,<\/span><\/p>\n<p><span style=\"color: #000000;\"> \ud83d\udc9a favorise naturellement <strong>la concentration et la m\u00e9moire<\/strong>, et<\/span><\/p>\n<p><span style=\"color: #000000;\"> \ud83d\udc9a favorise une plus grande<strong> concentration et une am\u00e9lioration des capacit\u00e9s mentales<\/strong> (fonction cognitive).<\/span><\/p>\n<h2 style=\"text-align: justify;\"><span style=\"color: #000000;\">Stockage et avertissements<\/span><\/h2>\n<p style=\"text-align: justify;\"><span style=\"color: #000000;\">Conserver dans un endroit frais et sec \u00e0 une temp\u00e9rature maximale de 25 \u00b0C. Tenir hors de port\u00e9e des enfants !<\/span><\/p>\n<p style=\"text-align: justify;\"><span style=\"color: #000000;\">N&rsquo;oubliez pas l&rsquo;importance d&rsquo;une alimentation vari\u00e9e et d&rsquo;un mode de vie sain. Un compl\u00e9ment alimentaire ne peut donc pas se substituer \u00e0 une alimentation \u00e9quilibr\u00e9e et vari\u00e9e. La quantit\u00e9 ou la dose journali\u00e8re recommand\u00e9e ne doit pas \u00eatre d\u00e9pass\u00e9e. <\/span><\/p>\n<h2 style=\"text-align: justify;\"><span style=\"color: #000000;\">Emballage<\/span><\/h2>\n<p style=\"text-align: justify;\"><span style=\"color: #000000;\">Sachet ou bo\u00eete \u00e0 fermeture \u00e9clair non perm\u00e9able, o\u00f9 le produit conserve toute sa fra\u00eecheur et son ar\u00f4me. L&#8217;emballage prot\u00e8ge de la lumi\u00e8re et de l&rsquo;air. Il se compose de plusieurs couches de protection afin de pr\u00e9server les propri\u00e9t\u00e9s du produit.<\/span><\/p>\n<p><span style=\"color: #000000;\">L&#8217;emballage est tr\u00e8s pratique et recyclable.<\/span><\/p>\n<h2 style=\"text-align: justify;\"><span style=\"color: #000000;\">Origine de l&#8217;emballage<\/span><\/h2>\n<p style=\"text-align: justify;\"><span style=\"color: #000000;\">Chine. <\/span>Nous avons des fournisseurs tr\u00e8s fiables qui nous envoient une analyse chimique d\u00e9taill\u00e9e du produit pour chaque lot. En plus de 10 ans, nous n&rsquo;avons jamais eu de rappel de produit ou autre probl\u00e8me avec ce produit ou tout autre produit du m\u00eame fournisseur.<\/p>\n<p>Ce produit est 100% certifi\u00e9 biologique.<\/p>\n","protected":false},"excerpt":{"rendered":"<p>Le ginkgo, un fossile vivant qui n&rsquo;est apparent\u00e9 \u00e0 aucune autre esp\u00e8ce v\u00e9g\u00e9tale, est originaire d&rsquo;Asie et est utilis\u00e9 dans la m\u00e9decine traditionnelle chinoise depuis 5 000 ans. Le ginkgo est un exemple incroyable de survie dans la nature. Sa r\u00e9sistance et sa robustesse ont attir\u00e9 l&rsquo;attention depuis lors :<\/p>\n<p>\ud83d\udc9a soulage les probl\u00e8mes de circulation sanguine en dilatant les vaisseaux sanguins,<br \/>\n\ud83d\udc9a il permet un meilleur apport de nourriture et d&rsquo;oxyg\u00e8ne aux cellules,<br \/>\n\ud83d\udc9a il favorise une plus grande concentration et une am\u00e9lioration des capacit\u00e9s mentales.<\/p>\n","protected":false},"featured_media":6325,"comment_status":"open","ping_status":"closed","template":"","meta":{"_acf_changed":false},"product_brand":[],"product_cat":[15,224,231,225],"product_tag":[],"class_list":{"0":"post-6324","1":"product","2":"type-product","3":"status-publish","4":"has-post-thumbnail","6":"product_cat-uncategorized","7":"product_cat-offre","8":"product_cat-superaliments","9":"product_cat-tous-les-produits","11":"first","12":"outofstock","13":"sale","14":"taxable","15":"shipping-taxable","16":"purchasable","17":"product-type-simple"},"acf":[],"_links":{"self":[{"href":"https:\/\/fengchashop.com\/fr\/wp-json\/wp\/v2\/product\/6324","targetHints":{"allow":["GET"]}}],"collection":[{"href":"https:\/\/fengchashop.com\/fr\/wp-json\/wp\/v2\/product"}],"about":[{"href":"https:\/\/fengchashop.com\/fr\/wp-json\/wp\/v2\/types\/product"}],"replies":[{"embeddable":true,"href":"https:\/\/fengchashop.com\/fr\/wp-json\/wp\/v2\/comments?post=6324"}],"wp:featuredmedia":[{"embeddable":true,"href":"https:\/\/fengchashop.com\/fr\/wp-json\/wp\/v2\/media\/6325"}],"wp:attachment":[{"href":"https:\/\/fengchashop.com\/fr\/wp-json\/wp\/v2\/media?parent=6324"}],"wp:term":[{"taxonomy":"product_brand","embeddable":true,"href":"https:\/\/fengchashop.com\/fr\/wp-json\/wp\/v2\/product_brand?post=6324"},{"taxonomy":"product_cat","embeddable":true,"href":"https:\/\/fengchashop.com\/fr\/wp-json\/wp\/v2\/product_cat?post=6324"},{"taxonomy":"product_tag","embeddable":true,"href":"https:\/\/fengchashop.com\/fr\/wp-json\/wp\/v2\/product_tag?post=6324"}],"curies":[{"name":"wp","href":"https:\/\/api.w.org\/{rel}","templated":true}]}}