{"id":6276,"date":"2022-03-04T08:26:18","date_gmt":"2022-03-04T07:26:18","guid":{"rendered":"https:\/\/fengchashop.com\/fr\/product\/triphala-en-capsules-bio-120-capsules\/"},"modified":"2026-05-11T22:27:40","modified_gmt":"2026-05-11T20:27:40","slug":"triphala-en-capsules-bio","status":"publish","type":"product","link":"https:\/\/fengchashop.com\/fr\/product\/triphala-en-capsules-bio\/","title":{"rendered":"Triphala en capsules BIO 120 capsules"},"content":{"rendered":"<h2>Triphala en capsules BIO<\/h2>\n<p><span style=\"color: #000000\">Le Triphala est un m\u00e9lange de plantes ayurv\u00e9diques tr\u00e8s ancien et tr\u00e8s appr\u00e9ci\u00e9, compos\u00e9 de trois superfruits de l&rsquo;Inde : l&rsquo;amalaki (Emblica officinalis), \u00e9galement connu sous le nom d&rsquo;amla, le bibhitaki (Terminalia belerica) et l&rsquo;haritaki (Terminalia chebula). Il est utilis\u00e9 depuis plus de 5000 ans, principalement<strong> pour nettoyer et d\u00e9sintoxiquer l&rsquo;ensemble du corps<\/strong>.<\/span><\/p>\n<p><span style=\"color: #000000\">Le triphala a un effet b\u00e9n\u00e9fique sur notre digestion, en l&rsquo;acc\u00e9l\u00e9rant et en stimulant l&rsquo;absorption des vitamines et des min\u00e9raux.<\/span><\/p>\n<p><span style=\"color: #000000\">Il est important d&rsquo;utiliser des produits<strong> fabriqu\u00e9s \u00e0 partir d&rsquo;herbes cultiv\u00e9es de mani\u00e8re biologique<\/strong>, car c&rsquo;est le seul moyen de contr\u00f4ler et d&#8217;emp\u00eacher l&rsquo;apport de pesticides et de m\u00e9taux lourds dans l&rsquo;organisme.<\/span><\/p>\n<p><span style=\"color: #000000\">Notre triphala est de <strong>premi\u00e8re qualit\u00e9 <\/strong>et <strong>issu de l&rsquo;agriculture biologique<\/strong>.<\/span><\/p>\n<p><span style=\"color: #000000\">Le triphala est une pierre angulaire de la m\u00e9decine ayurv\u00e9dique car il poss\u00e8de de nombreuses propri\u00e9t\u00e9s curatives efficaces :<\/span><\/p>\n<p><span style=\"color: #000000\"> \ud83d\udc9a Il a un effet b\u00e9n\u00e9fique<strong> sur le syst\u00e8me digestif<\/strong> et agit comme un laxatif doux qui n&rsquo;endommage pas la muqueuse intestinale,<\/span><br \/>\n<span style=\"color: #000000\">\ud83d\udc9a Il aide \u00e0 <strong>lutter contre les ballonnements et les vents<\/strong>, ainsi que contre les h\u00e9morro\u00efdes,<\/span><br \/>\n<span style=\"color: #000000\">\ud83d\udc9a \u00e9limine l&rsquo;exc\u00e8s de graisse dans l&rsquo;organisme,<\/span><br \/>\n<span style=\"color: #000000\">\ud83d\udc9a a un effet positif sur la fonction h\u00e9patique,<\/span><br \/>\n<span style=\"color: #000000\"> <strong> \ud83d\udc9a renforce<\/strong> efficacement<strong> le syst\u00e8me immunitaire<\/strong> gr\u00e2ce \u00e0 sa teneur \u00e9lev\u00e9e en vitamine C<\/span><\/p>\n<p><span style=\"color: #000000\">\ud83d\udc9a <strong>nourrit et renforce les voies respiratoires<\/strong> et soulage la toux en cas de toux glaireuse,<\/span><br \/>\n<span style=\"color: #000000\"> \ud83d\udc9a a des <strong>propri\u00e9t\u00e9s anti-inflammatoires et antivirales<\/strong> prouv\u00e9es,<\/span><br \/>\n<span style=\"color: #000000\"> \ud83d\udc9a <strong>rajeunit<\/strong> l&rsquo;organisme.<\/span><\/p>\n<p><span style=\"color: #000000\">Pour plus de commodit\u00e9, nous avons \u00e9galement conditionn\u00e9 le triphala en g\u00e9lules \u00e0 base de plantes.<\/span><\/p>\n<h2><span style=\"color: #000000\">Saviez-vous que le triphala prend soin de vos organes internes comme une m\u00e8re prend soin de ses enfants ?<\/span><\/h2>\n<p><span style=\"color: #000000\">Le triphala est un m\u00e9lange doux et hautement nutritif, riche en vitamine C, en bioflavono\u00efdes et en acides gras linol\u00e9iques om\u00e9ga 3. C&rsquo;est une source extraordinaire de prot\u00e9ines, d&rsquo;huiles et d&rsquo;antioxydants qui, associ\u00e9s \u00e0 ses propri\u00e9t\u00e9s antimicrobiennes et antibact\u00e9riennes, contribuent \u00e0 renforcer l&rsquo;immunit\u00e9 de l&rsquo;organisme. Elle a un bon effet laxatif, ce qui la rend appropri\u00e9e pour nettoyer les intestins et les parois intestinales et aider \u00e0 r\u00e9duire l&rsquo;exc\u00e8s de poids. D\u00e9toxifiant efficace.<\/span><\/p>\n<p><span style=\"color: #000000\">Les trois types de fruits contenus dans la formule du triphala nourrissent, renforcent, nettoient, restaurent en profondeur et rajeunissent l&rsquo;ensemble de l&rsquo;organisme. La consommation r\u00e9guli\u00e8re de Triphala<strong> r\u00e9duit la fatigue et l&rsquo;\u00e9puisement<\/strong> et constitue un<strong> excellent soutien pour le syst\u00e8me immunitaire<\/strong>. Selon la tradition ayurv\u00e9dique, le Triphala est l&rsquo;un des rares m\u00e9langes \u00e0 avoir un effet b\u00e9n\u00e9fique sur les trois doshas. Il peut donc \u00eatre consomm\u00e9 sans danger par tous.<\/span><\/p>\n<h2><span style=\"color: #000000\">Stockage et avertissements<\/span><\/h2>\n<p><span style=\"color: #000000\">Conserver dans un endroit frais et sec. Tenir le compl\u00e9ment alimentaire hors de port\u00e9e des enfants !<\/span><\/p>\n<p><span style=\"color: #000000\">N&rsquo;oubliez pas l&rsquo;importance d&rsquo;une alimentation vari\u00e9e et d&rsquo;un mode de vie sain, un compl\u00e9ment alimentaire ne peut donc pas se substituer \u00e0 une alimentation \u00e9quilibr\u00e9e et vari\u00e9e. La quantit\u00e9 ou la dose journali\u00e8re recommand\u00e9e ne doit pas \u00eatre d\u00e9pass\u00e9e. Il est toujours conseill\u00e9 aux femmes enceintes, aux m\u00e8res qui allaitent et aux personnes qui prennent des m\u00e9dicaments de consulter un m\u00e9decin avant d&rsquo;utiliser ce produit. Ne convient pas aux enfants.<\/span><\/p>\n<h2><span style=\"color: #000000\">Conditionnement<\/span><\/h2>\n<p><span style=\"color: #000000\">Le produit est emball\u00e9 dans un sachet <\/span><span style=\"color: #000000\">Le produit est emball\u00e9 dans un sachet herm\u00e9tique \u00e0 fermeture \u00e9clair, o\u00f9 il conserve toute sa fra\u00eecheur et son ar\u00f4me. L&#8217;emballage prot\u00e8ge de la lumi\u00e8re et de l&rsquo;air, car il est compos\u00e9 de plusieurs couches de protection afin de pr\u00e9server les propri\u00e9t\u00e9s du contenu.<\/span><\/p>\n<h2><span style=\"color: #000000\">L&rsquo;origine<\/span><\/h2>\n<p><span style=\"color: #000000\">Inde<\/span><\/p>\n","protected":false},"excerpt":{"rendered":"<p align=\"JUSTIFY\">Triphala est un ancien <strong>m\u00e9lange de plantes ayurv\u00e9diques<\/strong> tr\u00e8s <strong>appr\u00e9ci\u00e9, compos\u00e9 de<\/strong> trois super fruits de la r\u00e9gion de l&rsquo;Inde : l&rsquo;amalaki, le bibhitaki et l&rsquo;haritaki. Il est utilis\u00e9 depuis <strong>plus de 5 000 ans<\/strong>, principalement pour nettoyer et d\u00e9sintoxiquer l&rsquo;ensemble du corps. Le triphala est une pierre angulaire de la m\u00e9decine ayurv\u00e9dique car il poss\u00e8de de nombreuses<strong> propri\u00e9t\u00e9s curatives<\/strong> efficaces :<\/p>\n<p align=\"JUSTIFY\">\ud83d\udc9a Il a un effet b\u00e9n\u00e9fique sur le syst\u00e8me digestif,<br \/>\n\ud83d\udc9a il \u00e9limine l&rsquo;exc\u00e8s de graisse du corps,<br \/>\n\ud83d\udc9a il renforce efficacement le syst\u00e8me immunitaire gr\u00e2ce \u00e0 sa teneur \u00e9lev\u00e9e en vitamine C,<br \/>\n\ud83d\udc9a Il nourrit et renforce les voies respiratoires,<br \/>\n\ud83d\udc9a rajeunit l&rsquo;organisme.<\/p>\n","protected":false},"featured_media":6277,"comment_status":"open","ping_status":"closed","template":"","meta":{"_acf_changed":false},"product_brand":[],"product_cat":[15,194,224,231,225],"product_tag":[],"class_list":{"0":"post-6276","1":"product","2":"type-product","3":"status-publish","4":"has-post-thumbnail","6":"product_cat-uncategorized","7":"product_cat-ayurveda","8":"product_cat-offre","9":"product_cat-superaliments","10":"product_cat-tous-les-produits","12":"first","13":"instock","14":"taxable","15":"shipping-taxable","16":"purchasable","17":"product-type-simple"},"acf":[],"_links":{"self":[{"href":"https:\/\/fengchashop.com\/fr\/wp-json\/wp\/v2\/product\/6276","targetHints":{"allow":["GET"]}}],"collection":[{"href":"https:\/\/fengchashop.com\/fr\/wp-json\/wp\/v2\/product"}],"about":[{"href":"https:\/\/fengchashop.com\/fr\/wp-json\/wp\/v2\/types\/product"}],"replies":[{"embeddable":true,"href":"https:\/\/fengchashop.com\/fr\/wp-json\/wp\/v2\/comments?post=6276"}],"wp:featuredmedia":[{"embeddable":true,"href":"https:\/\/fengchashop.com\/fr\/wp-json\/wp\/v2\/media\/6277"}],"wp:attachment":[{"href":"https:\/\/fengchashop.com\/fr\/wp-json\/wp\/v2\/media?parent=6276"}],"wp:term":[{"taxonomy":"product_brand","embeddable":true,"href":"https:\/\/fengchashop.com\/fr\/wp-json\/wp\/v2\/product_brand?post=6276"},{"taxonomy":"product_cat","embeddable":true,"href":"https:\/\/fengchashop.com\/fr\/wp-json\/wp\/v2\/product_cat?post=6276"},{"taxonomy":"product_tag","embeddable":true,"href":"https:\/\/fengchashop.com\/fr\/wp-json\/wp\/v2\/product_tag?post=6276"}],"curies":[{"name":"wp","href":"https:\/\/api.w.org\/{rel}","templated":true}]}}