{"id":6268,"date":"2022-03-03T22:27:36","date_gmt":"2022-03-03T21:27:36","guid":{"rendered":"https:\/\/fengchashop.com\/fr\/product\/herbe-dorge-bio-en-poudre-250-g\/"},"modified":"2026-04-17T13:23:16","modified_gmt":"2026-04-17T11:23:16","slug":"herbe-dorge-bio-en-poudre","status":"publish","type":"product","link":"https:\/\/fengchashop.com\/fr\/product\/herbe-dorge-bio-en-poudre\/","title":{"rendered":"Herbe d&rsquo;orge BIO en poudre 250 g"},"content":{"rendered":"<h2><span style=\"color: #000000\">Poudre d&rsquo;herbe d&rsquo;orge BIO<\/span><\/h2>\n<p><span style=\"color: #000000\">Les puissantes civilisations des Egyptiens, des Romains et des Vikings connaissaient d\u00e9j\u00e0 les bienfaits de l&rsquo;herbe d&rsquo;orge. Originaire d&rsquo;Europe, le corps humain peut facilement la m\u00e9taboliser et utiliser les micronutriments pour tous ses besoins. La digestion est extr\u00eamement rapide et les nutriments sont absorb\u00e9s tr\u00e8s vite apr\u00e8s l&rsquo;ingestion. Elle est \u00e9galement riche en compos\u00e9s phytochimiques, qui prot\u00e8gent l&rsquo;organisme de la pollution et des radiations.<\/span><\/p>\n<p><span style=\"color: #000000\">Notre herbe d&rsquo;orge est <strong>issue de l&rsquo;agriculture biologique<\/strong>.<\/span><\/p>\n<h2><span style=\"color: #000000\">Quels sont les effets de la prise d&rsquo;herbe d&rsquo;orge ?<\/span><\/h2>\n<p><strong><span style=\"color: #000000\">L&rsquo;herbe d&rsquo;orge contient de nombreuses substances actives et a donc un effet b\u00e9n\u00e9fique sur :<\/span><\/strong><\/p>\n<p><span style=\"color: #000000\"> \ud83d\udc9a la purification et la d\u00e9sintoxication de l&rsquo;organisme humain,<\/span><br \/>\n<span style=\"color: #000000\"> \ud83d\udc9a am\u00e9liorer l&rsquo;\u00e9tat de la peau,<\/span><br \/>\n<span style=\"color: #000000\"> \ud83d\udc9a la perte de poids,<\/span><br \/>\n<span style=\"color: #000000\"> \ud83d\udc9a r\u00e9duction de la fatigue,<\/span><br \/>\n<span style=\"color: #000000\"> \ud83d\udc9a am\u00e9liorer et r\u00e9guler la digestion,<\/span><br \/>\n<span style=\"color: #000000\"> \ud83d\udc9a r\u00e9duire l&rsquo;inflammation<\/span><br \/>\n<span style=\"color: #000000\"> \ud83d\udc9a am\u00e9liorer les probl\u00e8mes d&rsquo;an\u00e9mie,<\/span><br \/>\n<span style=\"color: #000000\"> \ud83d\udc9a r\u00e9guler le calcium dans le sang et dissoudre les d\u00e9p\u00f4ts de calcium sur les os.<\/span><\/p>\n<p><span style=\"color: #000000\">L&rsquo;herbe d&rsquo;orge est un tr\u00e9sor de <strong>vitamines, de min\u00e9raux et d&rsquo;autres nutriments importants<\/strong>. Elle a un fort effet alcalin sur l&rsquo;organisme, ce qui procure une sensation g\u00e9n\u00e9rale de bien-\u00eatre. Une consommation r\u00e9guli\u00e8re peut r\u00e9duire le taux de cholest\u00e9rol et de radicaux libres dans le sang.<\/span><\/p>\n<p><span style=\"color: #000000\">L&rsquo;herbe d&rsquo;orge est<strong> extr\u00eamement riche en chlorophylle<\/strong>, qui est aussi importante pour les plantes que le sang pour les animaux. Sa structure mol\u00e9culaire est similaire \u00e0 celle de l&rsquo;h\u00e9moglobine, ce qui lui permet de restaurer et de purifier le sang et l&rsquo;organisme en g\u00e9n\u00e9ral. Elle contient 11 fois plus de calcium et 30 fois plus de vitamine B1 que le lait de vache, 5 fois plus de fer et 7 fois plus de carot\u00e8nes que les \u00e9pinards et 7 fois plus de vitamine C que les oranges. Il contient \u00e9galement 80 microgrammes de vitamine B12, dont de plus en plus de personnes sont carenc\u00e9es.<\/span><\/p>\n<p><span style=\"color: #000000\">Outre les vitamines et de nombreux min\u00e9raux, l&rsquo;herbe d&rsquo;orge contient \u00e9galement des<strong> acides amin\u00e9s essentiels<\/strong>, qui sont les \u00e9l\u00e9ments de base des prot\u00e9ines. Elle contient \u00e9galement le<strong> polysaccharide \u00df-glucan, qui<\/strong> r\u00e9duit le taux de mauvais cholest\u00e9rol et renforce le m\u00e9canisme de d\u00e9fense du syst\u00e8me immunitaire. Il <strong>agit comme un antioxydant<\/strong> et combat avec succ\u00e8s les radicaux libres dangereux dans l&rsquo;organisme. Les <strong>enzymes<\/strong> contenues dans l&rsquo;herbe d&rsquo;orge contribuent \u00e9galement \u00e0 l&rsquo;utilisation de tous les nutriments. Il est donc tr\u00e8s important que la poudre d&rsquo;herbe d&rsquo;orge ne soit pas s\u00e9ch\u00e9e \u00e0 plus de 40\u00b0C.<\/span><\/p>\n<h2><span style=\"color: #000000\">Stockage et avertissements<\/span><\/h2>\n<p><span style=\"color: #000000\">Conserver dans un endroit frais et sec \u00e0 une temp\u00e9rature maximale de 25 \u00b0C. Tenir le compl\u00e9ment alimentaire hors de port\u00e9e des enfants !<\/span><\/p>\n<p><span style=\"color: #000000\">N&rsquo;oubliez pas l&rsquo;importance d&rsquo;une alimentation vari\u00e9e et d&rsquo;un mode de vie sain. Un compl\u00e9ment alimentaire ne peut donc pas se substituer \u00e0 une alimentation \u00e9quilibr\u00e9e et vari\u00e9e. La quantit\u00e9 ou la dose journali\u00e8re recommand\u00e9e ne doit pas \u00eatre d\u00e9pass\u00e9e. Il est toujours conseill\u00e9 aux femmes enceintes et \u00e0 celles qui allaitent de consulter un m\u00e9decin avant d&rsquo;utiliser ce produit.<\/span><\/p>\n<h2><span style=\"color: #000000\">Conditionnement<\/span><\/h2>\n<p><span style=\"color: #000000\">Sachet zip-lock non perm\u00e9able o\u00f9 le produit conserve toute sa fra\u00eecheur et son ar\u00f4me. L&#8217;emballage prot\u00e8ge le produit de la lumi\u00e8re et de l&rsquo;air, car il est compos\u00e9 de plusieurs couches de protection pour pr\u00e9server les propri\u00e9t\u00e9s du contenu.<\/span><\/p>\n<p><span style=\"color: #000000\">L&#8217;emballage est tr\u00e8s pratique et recyclable.<\/span><\/p>\n<p><span style=\"color: #000000\">Bon \u00e0 savoir<\/span><br \/>\n<span style=\"color: #000000\">Le produit convient \u00e9galement aux animaux. Il constitue une excellente source de vitamines, de min\u00e9raux et d&rsquo;autres nutriments. Veuillez consulter votre v\u00e9t\u00e9rinaire avant utilisation pour conna\u00eetre l&rsquo;opportunit\u00e9 de la prise et la quantit\u00e9 journali\u00e8re recommand\u00e9e.<\/span><\/p>\n<h2><span style=\"color: #000000\">Origine du produit<\/span><\/h2>\n<p><span style=\"color: #000000\">UE (Allemagne ou Pays-Bas)<\/span><\/p>\n","protected":false},"excerpt":{"rendered":"<p align=\"JUSTIFY\">Les puissantes civilisations des \u00c9gyptiens, des Romains et des Vikings connaissaient d\u00e9j\u00e0 les bienfaits de l&rsquo;herbe d&rsquo;orge. Originaire d&rsquo;Europe, elle est facilement m\u00e9tabolis\u00e9e par le corps humain et utilis\u00e9e comme micronutriment pour tous ses besoins. Elle est dig\u00e9r\u00e9e tr\u00e8s rapidement et les nutriments sont absorb\u00e9s tr\u00e8s vite apr\u00e8s l&rsquo;ingestion. Il est \u00e9galement riche en compos\u00e9s phytochimiques, qui prot\u00e8gent l&rsquo;organisme de la pollution et des radiations.<\/p>\n<p align=\"JUSTIFY\"><span style=\"color: #000000\"> \ud83d\udc9a Nettoie et d\u00e9toxifie<strong>.<\/strong><\/span><br \/>\n<span style=\"color: #000000\"> \ud83d\udc9a Am\u00e9liore les probl\u00e8mes d&rsquo;an\u00e9mie.<\/span><br \/>\n<span style=\"color: #000000\">\ud83d\udc9a Aide \u00e0 la perte de poids.<\/span><br \/>\n<span style=\"color: #000000\">\ud83d\udc9a C&rsquo;est une source riche en <strong>chlorophylle<\/strong>.<\/span><\/p>\n<p align=\"JUSTIFY\">\n","protected":false},"featured_media":6269,"comment_status":"open","ping_status":"closed","template":"","meta":{"_acf_changed":false},"product_brand":[],"product_cat":[15,237,224,231,225],"product_tag":[],"class_list":{"0":"post-6268","1":"product","2":"type-product","3":"status-publish","4":"has-post-thumbnail","6":"product_cat-uncategorized","7":"product_cat-algues-et-graminees","8":"product_cat-offre","9":"product_cat-superaliments","10":"product_cat-tous-les-produits","12":"first","13":"instock","14":"sale","15":"taxable","16":"shipping-taxable","17":"purchasable","18":"product-type-simple"},"acf":[],"_links":{"self":[{"href":"https:\/\/fengchashop.com\/fr\/wp-json\/wp\/v2\/product\/6268","targetHints":{"allow":["GET"]}}],"collection":[{"href":"https:\/\/fengchashop.com\/fr\/wp-json\/wp\/v2\/product"}],"about":[{"href":"https:\/\/fengchashop.com\/fr\/wp-json\/wp\/v2\/types\/product"}],"replies":[{"embeddable":true,"href":"https:\/\/fengchashop.com\/fr\/wp-json\/wp\/v2\/comments?post=6268"}],"wp:featuredmedia":[{"embeddable":true,"href":"https:\/\/fengchashop.com\/fr\/wp-json\/wp\/v2\/media\/6269"}],"wp:attachment":[{"href":"https:\/\/fengchashop.com\/fr\/wp-json\/wp\/v2\/media?parent=6268"}],"wp:term":[{"taxonomy":"product_brand","embeddable":true,"href":"https:\/\/fengchashop.com\/fr\/wp-json\/wp\/v2\/product_brand?post=6268"},{"taxonomy":"product_cat","embeddable":true,"href":"https:\/\/fengchashop.com\/fr\/wp-json\/wp\/v2\/product_cat?post=6268"},{"taxonomy":"product_tag","embeddable":true,"href":"https:\/\/fengchashop.com\/fr\/wp-json\/wp\/v2\/product_tag?post=6268"}],"curies":[{"name":"wp","href":"https:\/\/api.w.org\/{rel}","templated":true}]}}