{"id":6238,"date":"2022-03-03T19:48:50","date_gmt":"2022-03-03T18:48:50","guid":{"rendered":"https:\/\/fengchashop.com\/fr\/product\/spiruline-en-comprimes-bio-250-g\/"},"modified":"2026-04-18T01:15:14","modified_gmt":"2026-04-17T23:15:14","slug":"spiruline-en-comprimes-bio","status":"publish","type":"product","link":"https:\/\/fengchashop.com\/fr\/product\/spiruline-en-comprimes-bio\/","title":{"rendered":"Spiruline en comprim\u00e9s BIO 250 g"},"content":{"rendered":"<h2><span style=\"color: #000000\">Spiruline comprim\u00e9s BIO<\/span><\/h2>\n<p><span style=\"color: #000000\">La spiruline, connue comme un super-aliment naturel, se d\u00e9veloppe le mieux dans les eaux riches en min\u00e9raux des mers tropicales chaudes. Nomm\u00e9e d&rsquo;apr\u00e8s sa forme en spirale, elle est consid\u00e9r\u00e9e comme l&rsquo;une des premi\u00e8res formes de vie sur Terre. Il<strong> \u00e9tait d\u00e9j\u00e0<\/strong> extr\u00eamement populaire et<strong> appr\u00e9ci\u00e9 par les Azt\u00e8ques<\/strong>. Traditionnellement, elle \u00e9tait utilis\u00e9e pour pr\u00e9parer des rago\u00fbts et divers g\u00e2teaux, et \u00e9tait consomm\u00e9e pour la force et l&rsquo;endurance. La spiruline a toutefois regagn\u00e9 en popularit\u00e9 au cours des derni\u00e8res ann\u00e9es. Depuis quelques ann\u00e9es, elle est l&rsquo;un des meilleurs super-aliments et l&rsquo;un des plus populaires. Elle a \u00e9galement \u00e9t\u00e9 approuv\u00e9e par la FDA et l&rsquo;OMS et serait consomm\u00e9e par les astronautes lors de leurs missions. La spiruline est pleine de min\u00e9raux et de sels provenant de la mer, des oc\u00e9ans. Ceux-ci contiennent les m\u00eames min\u00e9raux que le sang humain. Les algues contiennent donc des <strong>vitamines et des min\u00e9raux<\/strong> naturels, de sorte qu&rsquo;elles sont <strong>facilement dig\u00e9r\u00e9es<\/strong> par l&rsquo;organisme.<\/span><\/p>\n<p><span style=\"color: #000000\">Notre spiruline est issue de l&rsquo;agriculture <strong>biologique<\/strong>.<\/span><\/p>\n<h2><span style=\"color: #000000\">Quels sont les bienfaits de la spiruline ?<\/span><\/h2>\n<p><span style=\"color: #000000\">Elle contient de la<strong> chlorophylle,<\/strong> un pourcentage \u00e9lev\u00e9 de prot\u00e9ines, tous les <strong>acides amin\u00e9s essentiels<\/strong> et seulement quelques pour cent de graisses principalement insatur\u00e9es. La chlorophylle est parfois appel\u00e9e \u00ab\u00a0sang vert\u00a0\u00bb, car sa composition mol\u00e9culaire est extr\u00eamement similaire \u00e0 celle de l&rsquo;h\u00e9moglobine. La spiruline est \u00e9galement tr\u00e8s digeste gr\u00e2ce \u00e0 sa paroi cellulaire compos\u00e9e de mucopolysaccharides digestibles (et non de cellulose comme dans d&rsquo;autres plantes). Parmi les acides amin\u00e9s, le plus important est l&rsquo;<strong>acide gamma-linol\u00e9nique<\/strong> (AGL), que l&rsquo;on ne trouve que dans le lait maternel, l&rsquo;huile de carthame, les graines de chanvre et certaines autres algues. Il est anti-inflammatoire, contribue \u00e0 abaisser la tension art\u00e9rielle et \u00e0 am\u00e9liorer la fonction nerveuse, et lutte contre les allergies en favorisant une r\u00e9ponse saine aux allerg\u00e8nes. Elle contient \u00e9galement de la<strong> phycocyanine, qui<\/strong> stimule la production de cellules souches.<\/span><\/p>\n<p><span style=\"color: #000000\">Elle a \u00e9galement un effet b\u00e9n\u00e9fique sur la digestion, en stimulant la croissance des bonnes bact\u00e9ries dans les intestins et en am\u00e9liorant la flore intestinale. La spiruline est un excellent support pour une alimentation saine et divers r\u00e9gimes (perte de poids).<\/span><\/p>\n<p><span style=\"color: #000000\">La spiruline est une riche source naturelle de potassium, mais aussi de fer, de calcium, de zinc, de sodium, de mangan\u00e8se, de magn\u00e9sium, de s\u00e9l\u00e9nium, d&rsquo;iode, de chrome et m\u00eame de soufre. Il contient \u00e9galement du b\u00eata-carot\u00e8ne et des \u00e9lectrolytes. Les vitamines les plus importantes sont A1, B1, B2, B3, B6, B9, B12, C, D et E.<\/span><\/p>\n<p><span style=\"color: #000000\">En outre, la spiruline est \u00e9galement b\u00e9n\u00e9fique pour les cheveux et la peau. Elle pr\u00e9vient la chute excessive des cheveux, les renforce et \u00e9limine les pellicules. Elle apaise la peau, lui redonne de l&rsquo;\u00e9lasticit\u00e9 et ralentit le vieillissement. Avec un quart de cuill\u00e8re \u00e0 caf\u00e9 de spiruline et quelques gouttes d&rsquo;eau, vous pouvez pr\u00e9parer un masque facial \u00e0 appliquer sur la peau nettoy\u00e9e du visage et \u00e0 laisser agir pendant 20 minutes. Rincez ensuite abondamment et hydratez avec une cr\u00e8me. Vous pouvez r\u00e9p\u00e9ter l&rsquo;op\u00e9ration 2 \u00e0 3 fois par semaine.<\/span><\/p>\n<h2><span style=\"color: #000000\">Pourquoi la spiruline est-elle consid\u00e9r\u00e9e comme un superaliment et pourquoi est-elle bonne \u00e0 manger ?<\/span><\/h2>\n<p><span style=\"color: #000000\">La spiruline a une composition unique qui comprend une grande quantit\u00e9 de prot\u00e9ines v\u00e9g\u00e9tales (y compris des prot\u00e9ines essentielles et des acides amin\u00e9s), des vitamines, des min\u00e9raux et d&rsquo;autres ingr\u00e9dients actifs importants. Sa composition unique nourrit pleinement les cellules de l&rsquo;organisme humain. En outre, il favorise le renforcement du syst\u00e8me immunitaire, soulage les sympt\u00f4mes d&rsquo;allergie en r\u00e9duisant la s\u00e9cr\u00e9tion d&rsquo;histamine, prot\u00e8ge contre les infections par une grande vari\u00e9t\u00e9 de microbes et poss\u00e8de des <strong>propri\u00e9t\u00e9s probiotiques<\/strong>. Il \u00e9limine les m\u00e9taux lourds de l&rsquo;organisme et a donc un effet d\u00e9toxifiant.<\/span><\/p>\n<p><span style=\"color: #000000\">La spiruline est \u00e9galement consid\u00e9r\u00e9e comme un superaliment en raison de son taux \u00e9lev\u00e9 d&rsquo;efficacit\u00e9 prot\u00e9ique, car les prot\u00e9ines de la spiruline sont faciles \u00e0 dig\u00e9rer et peuvent \u00eatre utilis\u00e9es efficacement par l&rsquo;organisme dans ses propres processus.<\/span><\/p>\n<p><span style=\"color: #000000\">La spiruline est une petite plante microscopique bleu-vert qu&rsquo;il est bon de consommer car :<\/span><\/p>\n<p><span style=\"color: #000000\"> elle contient un spectre complet de micronutriments qui nourrissent le corps et l&rsquo;esprit,<\/span><br \/>\n<span style=\"color: #000000\"> <strong>renforce le syst\u00e8me immunitaire<\/strong> car c&rsquo;est un puissant antioxydant,<\/span><br \/>\n<span style=\"color: #000000\">Il <strong>d\u00e9toxifie l&rsquo;organisme en<\/strong> liant les toxines,<\/span><br \/>\n<span style=\"color: #000000\"><strong>contr\u00f4le l&rsquo;app\u00e9tit<\/strong> et aide \u00e0 contr\u00f4ler le poids,<\/span><br \/>\n<span style=\"color: #000000\">C&rsquo;est une <strong>riche source de prot\u00e9ines v\u00e9g\u00e9tales<\/strong>, repr\u00e9sentant 60 \u00e0 70 % des prot\u00e9ines du r\u00e9gime alimentaire.<\/span><\/p>\n<h2><span style=\"color: #000000\">Stockage et avertissements<\/span><\/h2>\n<p><span style=\"color: #000000\">Conserver dans un endroit frais et sec \u00e0 une temp\u00e9rature maximale de 25 \u00b0C. Tenir le compl\u00e9ment alimentaire hors de port\u00e9e des enfants !<\/span><\/p>\n<p><span style=\"color: #000000\">N&rsquo;oubliez pas l&rsquo;importance d&rsquo;une alimentation vari\u00e9e et d&rsquo;un mode de vie sain. Un compl\u00e9ment alimentaire ne peut donc pas se substituer \u00e0 une alimentation \u00e9quilibr\u00e9e et vari\u00e9e. La quantit\u00e9 ou la dose journali\u00e8re recommand\u00e9e ne doit pas \u00eatre d\u00e9pass\u00e9e. Il est toujours conseill\u00e9 aux femmes enceintes et \u00e0 celles qui allaitent de consulter un m\u00e9decin avant d&rsquo;utiliser ce produit.<\/span><\/p>\n<p><span style=\"color: #000000\">La spiruline peut contenir des sulfites, naturellement pr\u00e9sents dans les algues.<\/span><\/p>\n<h2><span style=\"color: #000000\">Conditionnement<\/span><\/h2>\n<p><span style=\"color: #000000\">Sachet zipp\u00e9 non perm\u00e9able, o\u00f9 le produit conserve toute sa fra\u00eecheur et son ar\u00f4me. L&#8217;emballage prot\u00e8ge de la lumi\u00e8re et de l&rsquo;air, car il est compos\u00e9 de plusieurs couches de protection qui pr\u00e9servent les propri\u00e9t\u00e9s du contenu.<\/span><\/p>\n<p><span style=\"color: #000000\">L&#8217;emballage est tr\u00e8s pratique et recyclable.<\/span><\/p>\n<h2><span style=\"color: #000000\">Origine<\/span><\/h2>\n<p><span style=\"color: #000000\">Chine.<\/span><\/p>\n<p><span style=\"color: #000000\">Nous avons des fournisseurs tr\u00e8s fiables qui nous envoient une analyse chimique d\u00e9taill\u00e9e de la denr\u00e9e alimentaire pour chaque lot. En plus de dix ans, nous n&rsquo;avons eu aucun rappel ni aucun autre probl\u00e8me avec cet article, pas plus qu&rsquo;avec d&rsquo;autres articles du m\u00eame fournisseur.<\/span><\/p>\n<p><span style=\"color: #000000\">L&rsquo;article est certifi\u00e9 biologique \u00e0 100 %.<\/span><\/p>\n","protected":false},"excerpt":{"rendered":"<p align=\"JUSTIFY\">La spiruline, connue comme un superaliment naturel, se d\u00e9veloppe le mieux dans les eaux riches en min\u00e9raux des mers tropicales chaudes. La spiruline est pleine de min\u00e9raux et de sels provenant de la mer, de l&rsquo;oc\u00e9an. Elle contient les m\u00eames min\u00e9raux que le sang humain. Les algues contiennent donc des vitamines et des min\u00e9raux naturels, de sorte qu&rsquo;elles sont facilement assimilables par l&rsquo;organisme.<\/p>\n<p align=\"JUSTIFY\"><span style=\"color: #000000\">\ud83d\udc9a Elles renforcent le syst\u00e8me immunitaire car c&rsquo;est un puissant antioxydant.<\/span><br \/>\n<span style=\"color: #000000\"> \ud83d\udc9a Elle d\u00e9toxifie l&rsquo;organisme en fixant les toxines.<\/span><br \/>\n<span style=\"color: #000000\">\ud83d\udc9a Il contr\u00f4le l&rsquo;app\u00e9tit et aide \u00e0 contr\u00f4ler le poids.<\/span><br \/>\n<span style=\"color: #000000\">\ud83d\udc9a C&rsquo;est une riche source de prot\u00e9ines v\u00e9g\u00e9tales.<\/span><\/p>\n<p align=\"JUSTIFY\">\n","protected":false},"featured_media":6239,"comment_status":"open","ping_status":"closed","template":"","meta":{"_acf_changed":false},"product_brand":[],"product_cat":[15,237,224,231,225],"product_tag":[],"class_list":{"0":"post-6238","1":"product","2":"type-product","3":"status-publish","4":"has-post-thumbnail","6":"product_cat-uncategorized","7":"product_cat-algues-et-graminees","8":"product_cat-offre","9":"product_cat-superaliments","10":"product_cat-tous-les-produits","12":"first","13":"instock","14":"sale","15":"taxable","16":"shipping-taxable","17":"purchasable","18":"product-type-simple"},"acf":[],"_links":{"self":[{"href":"https:\/\/fengchashop.com\/fr\/wp-json\/wp\/v2\/product\/6238","targetHints":{"allow":["GET"]}}],"collection":[{"href":"https:\/\/fengchashop.com\/fr\/wp-json\/wp\/v2\/product"}],"about":[{"href":"https:\/\/fengchashop.com\/fr\/wp-json\/wp\/v2\/types\/product"}],"replies":[{"embeddable":true,"href":"https:\/\/fengchashop.com\/fr\/wp-json\/wp\/v2\/comments?post=6238"}],"wp:featuredmedia":[{"embeddable":true,"href":"https:\/\/fengchashop.com\/fr\/wp-json\/wp\/v2\/media\/6239"}],"wp:attachment":[{"href":"https:\/\/fengchashop.com\/fr\/wp-json\/wp\/v2\/media?parent=6238"}],"wp:term":[{"taxonomy":"product_brand","embeddable":true,"href":"https:\/\/fengchashop.com\/fr\/wp-json\/wp\/v2\/product_brand?post=6238"},{"taxonomy":"product_cat","embeddable":true,"href":"https:\/\/fengchashop.com\/fr\/wp-json\/wp\/v2\/product_cat?post=6238"},{"taxonomy":"product_tag","embeddable":true,"href":"https:\/\/fengchashop.com\/fr\/wp-json\/wp\/v2\/product_tag?post=6238"}],"curies":[{"name":"wp","href":"https:\/\/api.w.org\/{rel}","templated":true}]}}