{"id":6226,"date":"2022-03-03T10:33:34","date_gmt":"2022-03-03T09:33:34","guid":{"rendered":"https:\/\/fengchashop.com\/fr\/product\/mucuna-pruriens-bio-250-g\/"},"modified":"2026-04-17T08:47:23","modified_gmt":"2026-04-17T06:47:23","slug":"mucuna-pruriens-bio","status":"publish","type":"product","link":"https:\/\/fengchashop.com\/fr\/product\/mucuna-pruriens-bio\/","title":{"rendered":"Mucuna pruriens BIO 250 g"},"content":{"rendered":"<h2><span style=\"color: #000000\">Mucuna pruriens BIO poudre<\/span><\/h2>\n<p><span style=\"color: #000000\">Le Mucuna pruriens est une l\u00e9gumineuse tropicale originaire d&rsquo;Afrique et d&rsquo;Asie tropicale. Elle est \u00e9galement connue sous le nom de haricot de velours. La plante est connue pour sa<strong> teneur \u00e9lev\u00e9e en l-dopa, ou l\u00e9vodopa,<\/strong> qui est une forme m\u00e9tabolique de la dopamine. En d&rsquo;autres termes, il s&rsquo;agit d&rsquo;un pr\u00e9curseur d&rsquo;un neurotransmetteur appel\u00e9 dopamine. Une production insuffisante de dopamine est \u00e0 l&rsquo;origine des sympt\u00f4mes de la maladie de Parkinson. Celle-ci est souvent soulag\u00e9e par des m\u00e9dicaments contenant un pr\u00e9curseur de la dopamine, car contrairement \u00e0 cette derni\u00e8re, la dopamine est capable de passer la barri\u00e8re h\u00e9mato-enc\u00e9phalique et donc d&rsquo;<strong> att\u00e9nuer les sympt\u00f4mes de la maladie de Parkinson<\/strong>.<\/span><\/p>\n<p><span style=\"color: #000000\">La l\u00e9gumineuse est populaire dans l&rsquo;Ayurveda depuis plus de 4500 ans, o\u00f9 elle est connue pour sa capacit\u00e9 \u00e0 att\u00e9nuer de mani\u00e8re significative la neurotoxicit\u00e9 caus\u00e9e par la maladie de Parkinson. Elle est \u00e9galement utilis\u00e9e traditionnellement dans certains endroits comme antidote contre les morsures de certains serpents venimeux.<\/span><\/p>\n<p><span style=\"color: #000000\">Le mucuna pruriens a un autre effet int\u00e9ressant, celui d&rsquo;am\u00e9liorer la <strong>qualit\u00e9 du sperme chez les hommes st\u00e9riles<\/strong>. Les donn\u00e9es disponibles \u00e0 ce jour sugg\u00e8rent qu&rsquo;il peut affecter la mobilit\u00e9 et la concentration des spermatozo\u00efdes, am\u00e9liorant ainsi la fertilit\u00e9. Il aide \u00e9galement \u00e0 r\u00e9soudre les probl\u00e8mes sexuels chez les femmes.<\/span><\/p>\n<h2><span style=\"color: #000000\">\u00c0 qui est-il recommand\u00e9 de prendre du mucuna pruriens ?<\/span><\/h2>\n<p><span style=\"color: #000000\">Le mucuna pruriens \u00e9tant une source naturelle de l-dopa, il peut \u00eatre recommand\u00e9 \u00e0 toute personne souffrant de la maladie de<strong> Parkinson<\/strong>. Comme adjuvant ou comme premier soulagement des sympt\u00f4mes de cette maladie difficile. Bien entendu, dans ces cas, toujours sur les conseils et sous la surveillance d&rsquo;un m\u00e9decin.<\/span><\/p>\n<p><span style=\"color: #000000\">Il peut \u00e9galement \u00eatre utilis\u00e9 en cas de <strong>st\u00e9rilit\u00e9 masculine<\/strong>, car il affecte la quantit\u00e9 et la qualit\u00e9 des spermatozo\u00efdes.<\/span><\/p>\n<p><span style=\"color: #000000\">C&rsquo;est \u00e9galement une excellente aide pour le syst\u00e8me endocrinien, car elle contribue \u00e0 <strong>r\u00e9tablir l&rsquo;\u00e9quilibre hormonal.<\/strong><\/span><\/p>\n<p><span style=\"color: #000000\">Il am\u00e9liore le<strong> bien-\u00eatre mental et l&rsquo;humeur.<\/strong><\/span><\/p>\n<p><span style=\"color: #000000\">Elle a une forte<strong> action antioxydante.<\/strong> Avec la l-dopa, il favorise la sant\u00e9 du cerveau et contribue \u00e0 augmenter les niveaux de dopamine dans le cerveau, qui sont \u00e9galement associ\u00e9s \u00e0 la r\u00e9gulation de l&rsquo;humeur et \u00e0 la cognition. En m\u00eame temps, il a pour effet d&rsquo;am\u00e9liorer les fonctions c\u00e9r\u00e9brales, d&rsquo;accro\u00eetre la concentration et les capacit\u00e9s intellectuelles.<\/span><\/p>\n<p><span style=\"color: #000000\">La tradition ayurv\u00e9dique utilise \u00e9galement les f\u00e8ves de velours pour favoriser la <strong>sant\u00e9 mentale et mieux r\u00e9pondre au stress<\/strong>.<\/span><\/p>\n<p><span style=\"color: #000000\">Plusieurs \u00e9tudes ont \u00e9galement examin\u00e9 la capacit\u00e9 du mucuna prurensis \u00e0 <strong>r\u00e9duire la glyc\u00e9mie<\/strong> et donc \u00e0 pr\u00e9venir le diab\u00e8te.<\/span><\/p>\n<p><span style=\"color: #000000\">La pr\u00e9sence de s\u00e9rotonine et de l\u00e9vodopa<strong> am\u00e9liore le cycle veille-sommeil et favorise le sommeil profond et la relaxation<\/strong>.<\/span><\/p>\n<h2><span style=\"color: #000000\">Stockage et avertissements<\/span><\/h2>\n<p><span style=\"color: #000000\">Conserver dans un endroit frais et sec. Tenir le compl\u00e9ment alimentaire hors de port\u00e9e des enfants !<\/span><\/p>\n<p><span style=\"color: #000000\">N&rsquo;oubliez pas l&rsquo;importance d&rsquo;une alimentation vari\u00e9e et d&rsquo;un mode de vie sain, un compl\u00e9ment alimentaire ne peut donc pas se substituer \u00e0 une alimentation \u00e9quilibr\u00e9e et vari\u00e9e. La quantit\u00e9 ou la dose journali\u00e8re recommand\u00e9e ne doit pas \u00eatre d\u00e9pass\u00e9e. L&rsquo;utilisation de ce produit est d\u00e9conseill\u00e9e aux femmes enceintes et \u00e0 celles qui allaitent, car il peut avoir des effets n\u00e9fastes sur l&rsquo;ut\u00e9rus et le f\u0153tus. La prudence est \u00e9galement de mise en cas de prise de m\u00e9dicaments contre la maladie de Parkinson (par exemple les inhibiteurs de la MAO) &#8211; dans ce cas, n&rsquo;utiliser le produit que sous contr\u00f4le m\u00e9dical.<\/span><\/p>\n<p><span style=\"color: #000000\">Dans de rares cas, le produit peut provoquer des naus\u00e9es, des vomissements ou des diarrh\u00e9es chez les personnes sensibles. Dans ce cas, l&rsquo;utilisation est d\u00e9conseill\u00e9e.<\/span><\/p>\n<h2><span style=\"color: #000000\">Emballage<\/span><\/h2>\n<p><span style=\"color: #000000\">Sachet zip-lock non perm\u00e9able o\u00f9 le produit conserve toute sa fra\u00eecheur et son ar\u00f4me. L&#8217;emballage prot\u00e8ge le produit de la lumi\u00e8re et de l&rsquo;air, car il est compos\u00e9 de plusieurs couches de protection pour pr\u00e9server les propri\u00e9t\u00e9s du contenu.<\/span><\/p>\n<p><span style=\"color: #000000\">L&#8217;emballage est tr\u00e8s pratique et recyclable.<\/span><\/p>\n<h2><span style=\"color: #000000\">L&rsquo;origine<\/span><\/h2>\n<p><span style=\"color: #000000\">Inde<\/span><\/p>\n","protected":false},"excerpt":{"rendered":"<p align=\"JUSTIFY\">Mucuna pruriens est une l\u00e9gumineuse tropicale originaire d&rsquo;Afrique et d&rsquo;Asie tropicale. Elle est \u00e9galement connue sous le nom de haricot de velours.<\/p>\n<p align=\"JUSTIFY\"><span style=\"color: #000000\">\ud83d\udc9a C&rsquo;est une source naturelle de l-dopa.<\/span><br \/>\n<span style=\"color: #000000\">\ud83d\udc9a Elle contribue \u00e0 r\u00e9tablir l&rsquo;\u00e9quilibre hormonal.<\/span><br \/>\n<span style=\"color: #000000\">\ud83d\udc9a Elle am\u00e9liore le bien-\u00eatre mental et l&rsquo;humeur.<\/span><br \/>\n<span style=\"color: #000000\">\ud83d\udc9a Elle poss\u00e8de des propri\u00e9t\u00e9s antioxydantes.<\/span><\/p>\n<p align=\"JUSTIFY\">\n","protected":false},"featured_media":6227,"comment_status":"open","ping_status":"closed","template":"","meta":{"_acf_changed":false},"product_brand":[],"product_cat":[15,194,226,224,231,225],"product_tag":[],"class_list":{"0":"post-6226","1":"product","2":"type-product","3":"status-publish","4":"has-post-thumbnail","6":"product_cat-uncategorized","7":"product_cat-ayurveda","8":"product_cat-meilleures-ventes","9":"product_cat-offre","10":"product_cat-superaliments","11":"product_cat-tous-les-produits","13":"first","14":"instock","15":"sale","16":"taxable","17":"shipping-taxable","18":"purchasable","19":"product-type-simple"},"acf":[],"_links":{"self":[{"href":"https:\/\/fengchashop.com\/fr\/wp-json\/wp\/v2\/product\/6226","targetHints":{"allow":["GET"]}}],"collection":[{"href":"https:\/\/fengchashop.com\/fr\/wp-json\/wp\/v2\/product"}],"about":[{"href":"https:\/\/fengchashop.com\/fr\/wp-json\/wp\/v2\/types\/product"}],"replies":[{"embeddable":true,"href":"https:\/\/fengchashop.com\/fr\/wp-json\/wp\/v2\/comments?post=6226"}],"wp:featuredmedia":[{"embeddable":true,"href":"https:\/\/fengchashop.com\/fr\/wp-json\/wp\/v2\/media\/6227"}],"wp:attachment":[{"href":"https:\/\/fengchashop.com\/fr\/wp-json\/wp\/v2\/media?parent=6226"}],"wp:term":[{"taxonomy":"product_brand","embeddable":true,"href":"https:\/\/fengchashop.com\/fr\/wp-json\/wp\/v2\/product_brand?post=6226"},{"taxonomy":"product_cat","embeddable":true,"href":"https:\/\/fengchashop.com\/fr\/wp-json\/wp\/v2\/product_cat?post=6226"},{"taxonomy":"product_tag","embeddable":true,"href":"https:\/\/fengchashop.com\/fr\/wp-json\/wp\/v2\/product_tag?post=6226"}],"curies":[{"name":"wp","href":"https:\/\/api.w.org\/{rel}","templated":true}]}}