{"id":6196,"date":"2022-02-22T18:24:09","date_gmt":"2022-02-22T17:24:09","guid":{"rendered":"https:\/\/fengchashop.com\/fr\/product\/msm-500-g\/"},"modified":"2026-04-16T09:18:55","modified_gmt":"2026-04-16T07:18:55","slug":"msm","status":"publish","type":"product","link":"https:\/\/fengchashop.com\/fr\/product\/msm\/","title":{"rendered":"MSM 500 g"},"content":{"rendered":"<div class=\"wpb-content-wrapper\"><p>[vc_row][vc_column][vc_column_text css=\u00a0\u00bb\u00a0\u00bb]<\/p>\n<h2><span style=\"color: #000000\">MSM en poudre<\/span><\/h2>\n<p><span style=\"color: #000000\">Le MSM est le m\u00e9thylsulfonylm\u00e9thane, ou le<strong> soufre organique<\/strong> sous sa forme alimentaire, qui est un \u00e9l\u00e9ment constitutif des cellules du corps humain. Le MSM est produit par la mort et la d\u00e9composition du phytoplancton dans les oc\u00e9ans et s&rsquo;\u00e9vapore dans l&rsquo;atmosph\u00e8re pour se d\u00e9poser dans les nuages. Il revient ensuite sur terre sous forme de pr\u00e9cipitations et devient la nourriture de tous les organismes terrestres. Le MSM est particuli\u00e8rement concentr\u00e9 dans les plantes expos\u00e9es \u00e0 de fortes pr\u00e9cipitations.<\/span><\/p>\n<p><span style=\"color: #000000\">Un autre fait important est que le MSM est le quatri\u00e8me \u00e9l\u00e9ment le plus n\u00e9cessaire dans l&rsquo;alimentation humaine, avec l&rsquo;oxyg\u00e8ne, l&rsquo;eau et le sel, car le soufre est essentiel \u00e0 la r\u00e9g\u00e9n\u00e9ration et \u00e0 l&rsquo;alimentation des cellules saines.<\/span><\/p>\n<p><span style=\"color: #000000\">Le MSM est \u00e9galement connu comme le min\u00e9ral de la beaut\u00e9 car il a un effet b\u00e9n\u00e9fique sur :<\/span><\/p>\n<p><span style=\"color: #000000\"><strong> \ud83d\udc9a r\u00e9g\u00e9n\u00e9rer et favoriser l&rsquo;\u00e9lasticit\u00e9 des cellules<\/strong>, ce qui facilite leur m\u00e9tabolisme,<\/span><br \/>\n<span style=\"color: #000000\"> \ud83d\udc9a la <strong>r\u00e9g\u00e9n\u00e9ration des cellules et des tissus endommag\u00e9s<\/strong>,<\/span><br \/>\n<span style=\"color: #000000\"> \ud83d\udc9a r\u00e9tablir<strong> le ph<\/strong> correct de la<strong> peau,<\/strong><\/span><br \/>\n<span style=\"color: #000000\">\ud83d\udc9a le soulagement des<strong> gonflements, des crampes et des douleurs<\/strong>.<\/span><\/p>\n<p><span style=\"color: #000000\">Le MSM est un \u00e9l\u00e9ment constitutif essentiel des cellules de l&rsquo;organisme, qui devient d\u00e9ficient avec l&rsquo;\u00e2ge.<\/span><\/p>\n<p><span style=\"color: #000000\">Le soufre organique est pr\u00e9sent dans tous les \u00eatres vivants sur terre. Il est un constituant important de la k\u00e9ratine, du collag\u00e8ne, de l&rsquo;\u00e9lastine et du cartilage et participe \u00e0 la formation des globules rouges, des muscles, de la peau et des cheveux. Parce qu&rsquo;il affecte l&rsquo;apparence de la peau, des cheveux et des ongles, il a \u00e9t\u00e9 appel\u00e9 le min\u00e9ral de beaut\u00e9. Le MSM est l&rsquo;un des principaux composants des acides amin\u00e9s qui constituent les prot\u00e9ines. Il agit donc sur de nombreux processus du corps humain : de la fonction <strong>enzymatique \u00e0 l&rsquo;\u00e9quilibre immunitaire et hormonal, en passant par la sant\u00e9 des ligaments, des tendons et des articulations<\/strong>.<\/span><\/p>\n<p><span style=\"color: #000000\">La<strong>peau est notre plus grand organe<\/strong> et refl\u00e8te largement notre mode de vie. Nous pouvons faire beaucoup pour notre peau, qui nous prot\u00e8ge en fait du monde ext\u00e9rieur, gr\u00e2ce \u00e0 un r\u00e9gime alimentaire appropri\u00e9 et \u00e0 un choix judicieux de compl\u00e9ments alimentaires. Les MSM vous aideront \u00e0 restaurer votre peau, vos cheveux, vos os, vos articulations et vos muscles.<\/span><\/p>\n<p><span style=\"color: #000000\">Si vous voulez<strong> renouveler votre corps<\/strong>, r\u00e9tablir l&rsquo;\u00e9quilibre et rajeunir votre apparence, le MSM est le bon choix. Le MSM rendra vos cellules <strong>brillantes, rajeunies et pleines \u00e0<\/strong> nouveau.<\/span><\/p>\n<p><span style=\"color: #000000\">Et comme nous en manquons de plus en plus avec l&rsquo;\u00e2ge, et que le MSM est un composant important, notamment de la k\u00e9ratine, du collag\u00e8ne, de l&rsquo;\u00e9lastine et du cartilage, et qu&rsquo;il participe \u00e0 la formation des<strong> globules rouges, des muscles, de la peau et des cheveux<\/strong>, il est logique d&rsquo;envisager une suppl\u00e9mentation en MSM sous la forme d&rsquo;un compl\u00e9ment alimentaire.<\/span><\/p>\n<p><span style=\"color: #000000\"><strong>Notre MSM est d\u00e9riv\u00e9 des pins<\/strong>.<\/span><\/p>\n<p><span style=\"color: #000000\">Le processus d&rsquo;extraction consiste en une <strong>double centrifugation<\/strong> et un <strong>s\u00e9chage sous vide<\/strong>. Il n&rsquo;y a pas de processus de distillation.<\/span><\/p>\n<p><span style=\"color: #000000\"><strong>La puret\u00e9 de notre MSM est de 99,00 %.<\/strong><\/span><\/p>\n<h2><span style=\"color: #000000\">Stockage et avertissements<\/span><\/h2>\n<p><span style=\"color: #000000\">Conserver dans un endroit frais et sec \u00e0 une temp\u00e9rature maximale de 25 \u00b0C. Tenir le compl\u00e9ment alimentaire hors de port\u00e9e des enfants !<\/span><\/p>\n<p><span style=\"color: #000000\">N&rsquo;oubliez pas l&rsquo;importance d&rsquo;une alimentation vari\u00e9e et d&rsquo;un mode de vie sain. Un compl\u00e9ment alimentaire ne peut donc pas se substituer \u00e0 une alimentation \u00e9quilibr\u00e9e et vari\u00e9e. La quantit\u00e9 ou la dose journali\u00e8re recommand\u00e9e ne doit pas \u00eatre d\u00e9pass\u00e9e. Il est toujours conseill\u00e9 aux femmes enceintes et \u00e0 celles qui allaitent de consulter un m\u00e9decin avant d&rsquo;utiliser ce produit. La prudence est de mise en cas de prise de m\u00e9dicaments, en particulier d&rsquo;anticoagulants, car le MSM fluidifie le sang.<\/span><\/p>\n<h2><span style=\"color: #000000\">Conditionnement<\/span><\/h2>\n<p><span style=\"color: #000000\">Sachet zip-lock non perm\u00e9able, dans lequel le produit conserve toute sa fra\u00eecheur et son ar\u00f4me. L&#8217;emballage prot\u00e8ge de la lumi\u00e8re et de l&rsquo;air car il est compos\u00e9 de plusieurs couches de protection pour pr\u00e9server les propri\u00e9t\u00e9s du contenu.<\/span><\/p>\n<p><span style=\"color: #000000\">L&#8217;emballage est tr\u00e8s pratique et recyclable.<\/span><\/p>\n<h2><span style=\"color: #000000\">Bon \u00e0 savoir<\/span><\/h2>\n<p><span style=\"color: #000000\">Le produit convient \u00e9galement aux animaux. L&rsquo;effet du MSM est similaire \u00e0 son effet sur les humains. Veuillez consulter votre v\u00e9t\u00e9rinaire avant utilisation sur l&rsquo;opportunit\u00e9 de le prendre et sur la quantit\u00e9 journali\u00e8re recommand\u00e9e.<\/span><\/p>\n<h2><span style=\"color: #000000\">Origine du produit<\/span><\/h2>\n<p>Hors de l&rsquo;UE[\/vc_column_text][\/vc_column][\/vc_row]<\/p>\n<\/div>","protected":false},"excerpt":{"rendered":"<p align=\"JUSTIFY\">Le MSM est le m\u00e9thyl-sulphinyl-m\u00e9thane, ou le soufre organique sous sa forme alimentaire, que l&rsquo;on trouve comme \u00e9l\u00e9ment constitutif des cellules partout dans le corps humain. Notre MSM est <strong>extrait de pins<\/strong>. Le processus d&rsquo;extraction consiste en une <strong>double centrifugation et un s\u00e9chage sous vide<\/strong>. Aucun processus de distillation. La <strong>puret\u00e9<\/strong> garantie de <strong>notre MSM est de 99,00 %<\/strong>.<\/p>\n<p align=\"JUSTIFY\">\ud83d\udc9a Restaure et favorise l&rsquo;\u00e9lasticit\u00e9 des cellules, facilite le m\u00e9tabolisme cellulaire.<br \/>\n\ud83d\udc9a Aide \u00e0 r\u00e9g\u00e9n\u00e9rer les cellules et les tissus endommag\u00e9s.<br \/>\n\ud83d\udc9a Soulage les douleurs articulaires et musculaires.<br \/>\n\ud83d\udc9a Aide \u00e0 la cicatrisation plus rapide des plaies et r\u00e9duit les cicatrices.<\/p>\n","protected":false},"featured_media":6197,"comment_status":"open","ping_status":"closed","template":"","meta":{"_acf_changed":false},"product_brand":[],"product_cat":[15,224,231,225],"product_tag":[],"class_list":{"0":"post-6196","1":"product","2":"type-product","3":"status-publish","4":"has-post-thumbnail","6":"product_cat-uncategorized","7":"product_cat-offre","8":"product_cat-superaliments","9":"product_cat-tous-les-produits","11":"first","12":"instock","13":"sale","14":"taxable","15":"shipping-taxable","16":"purchasable","17":"product-type-simple"},"acf":[],"_links":{"self":[{"href":"https:\/\/fengchashop.com\/fr\/wp-json\/wp\/v2\/product\/6196","targetHints":{"allow":["GET"]}}],"collection":[{"href":"https:\/\/fengchashop.com\/fr\/wp-json\/wp\/v2\/product"}],"about":[{"href":"https:\/\/fengchashop.com\/fr\/wp-json\/wp\/v2\/types\/product"}],"replies":[{"embeddable":true,"href":"https:\/\/fengchashop.com\/fr\/wp-json\/wp\/v2\/comments?post=6196"}],"wp:featuredmedia":[{"embeddable":true,"href":"https:\/\/fengchashop.com\/fr\/wp-json\/wp\/v2\/media\/6197"}],"wp:attachment":[{"href":"https:\/\/fengchashop.com\/fr\/wp-json\/wp\/v2\/media?parent=6196"}],"wp:term":[{"taxonomy":"product_brand","embeddable":true,"href":"https:\/\/fengchashop.com\/fr\/wp-json\/wp\/v2\/product_brand?post=6196"},{"taxonomy":"product_cat","embeddable":true,"href":"https:\/\/fengchashop.com\/fr\/wp-json\/wp\/v2\/product_cat?post=6196"},{"taxonomy":"product_tag","embeddable":true,"href":"https:\/\/fengchashop.com\/fr\/wp-json\/wp\/v2\/product_tag?post=6196"}],"curies":[{"name":"wp","href":"https:\/\/api.w.org\/{rel}","templated":true}]}}