{"id":6193,"date":"2022-02-22T16:28:02","date_gmt":"2022-02-22T15:28:02","guid":{"rendered":"https:\/\/fengchashop.com\/fr\/product\/collagene-msm-vitamine-c-en-poudre-250-g\/"},"modified":"2026-04-28T20:27:10","modified_gmt":"2026-04-28T18:27:10","slug":"collagene-msm-vitamine-c-en-poudre","status":"publish","type":"product","link":"https:\/\/fengchashop.com\/fr\/product\/collagene-msm-vitamine-c-en-poudre\/","title":{"rendered":"Collag\u00e8ne + MSM + vitamine C en poudre 250 g"},"content":{"rendered":"<h2><span style=\"color: #000000\">Collag\u00e8ne + MSM + vitamine C en poudre<\/span><\/h2>\n<p><span style=\"color: #000000\">Dans l&rsquo;int\u00e9r\u00eat de votre sant\u00e9 et de votre beaut\u00e9, nous avons \u00e9labor\u00e9 un m\u00e9lange sp\u00e9cial de suppl\u00e9ments dont nous pensons que presque tout le monde a besoin t\u00f4t ou tard &#8211; votre corps nous remerciera et votre peau sera tout simplement rayonnante. Il s&rsquo;agit d&rsquo;un autre produit de notre vaste gamme, cr\u00e9\u00e9 pour r\u00e9pondre aux besoins de l&rsquo;homme moderne, qui ne prend que le meilleur de la nature.<\/span><\/p>\n<p><span style=\"color: #000000\">Il est bien connu qu&rsquo;apr\u00e8s l&rsquo;\u00e2ge de 25 ans, la production de notre propre collag\u00e8ne commence \u00e0 diminuer d&rsquo;environ 1 % par an. Les effets de ce d\u00e9clin progressif du collag\u00e8ne sont visibles plus tard, puisqu&rsquo;il faut attendre jusqu&rsquo;\u00e0 10 ans pour en voir les premiers signes, alors que les changements dans la structure interne des os, de la peau, des vaisseaux sanguins, des muscles, des cheveux et des ongles commencent \u00e0 se manifester plus t\u00f4t. En d&rsquo;autres termes, les premi\u00e8res rides que nous voyons sur le visage sont le r\u00e9sultat d&rsquo;une diminution de la production de collag\u00e8ne il y a plusieurs ann\u00e9es. Mais comme le<strong> collag\u00e8ne est \u00e9galement responsable du fonctionnement normal des os, de la peau, des dents, des vaisseaux sanguins, du cartilage et des gencives<\/strong>, une carence en collag\u00e8ne affecte naturellement tous ces domaines. Le collag\u00e8ne <strong>contribue \u00e9galement \u00e0 la sant\u00e9 de l&rsquo;intestin<\/strong>, qui est souvent la cl\u00e9 de notre sant\u00e9 et de notre bien-\u00eatre.<\/span><\/p>\n<p><span style=\"color: #000000\">Le collag\u00e8ne hydrolys\u00e9 est recommand\u00e9 apr\u00e8s l&rsquo;\u00e2ge de 30 ans en compl\u00e9ment d&rsquo;une alimentation saine et \u00e9quilibr\u00e9e et d&rsquo;un mode de vie actif. Pour une apparence saine de votre peau, de vos cheveux et de vos ongles, ainsi que pour des os, des dents et des articulations sains et solides, nous avons donc d\u00e9velopp\u00e9 un m\u00e9lange am\u00e9lior\u00e9 qui contient non seulement du collag\u00e8ne, mais aussi l&rsquo;ajout de MSM, ou acide sulfurique organique, \u00e9galement connu sous le nom de<strong> min\u00e9ral de beaut\u00e9<\/strong>, qui a \u00e9galement un effet positif sur notre peau, nos cheveux, nos ongles, nos articulations et nos os. Il s&rsquo;agit d&rsquo;un \u00e9l\u00e9ment constitutif de nos cellules et d&rsquo;un composant humain tout \u00e0 fait naturel et intrins\u00e8que, dont la production diminue \u00e9galement avec l&rsquo;\u00e2ge. Comme la vitamine C est \u00e9galement tr\u00e8s importante pour le fonctionnement des MSM et pour la plupart des processus de notre corps &#8211; notamment en tant qu&rsquo;<strong> antioxydant<\/strong>, qui permet entre autres une meilleure absorption des vitamines et des min\u00e9raux, nous avons ajout\u00e9 cette vitamine indispensable au m\u00e9lange. La vitamine C est \u00e9galement essentielle dans nos m\u00e9langes, car la production de notre propre collag\u00e8ne d\u00e9pend fortement de quantit\u00e9s suffisantes de cette vitamine. Il convient de noter que les fumeurs, les personnes physiquement actives et les athl\u00e8tes en particulier ont les besoins quotidiens les plus \u00e9lev\u00e9s en vitamine C, mais ce besoin accru n&rsquo;est g\u00e9n\u00e9ralement pas couvert par l&rsquo;alimentation seule, c&rsquo;est pourquoi il est recommand\u00e9 sous forme de compl\u00e9ment alimentaire, et l&rsquo;exc\u00e8s de vitamine C est simplement \u00e9limin\u00e9 par l&rsquo;organisme.<\/span><\/p>\n<p><span style=\"color: #000000\">La prise r\u00e9guli\u00e8re de ce suppl\u00e9ment de super m\u00e9lange apporte de nombreux avantages pour notre beaut\u00e9 int\u00e9rieure et ext\u00e9rieure :<\/span><\/p>\n<p><span style=\"color: #000000\"> \ud83d\udc9a am\u00e9liore la <strong>sant\u00e9 de la peau, des cheveux et des ongles ;<\/strong><\/span><br \/>\n<span style=\"color: #000000\"> \ud83d\udc9a am\u00e9liore la <strong>fonction intestinale<\/strong>;<\/span><br \/>\n<span style=\"color: #000000\"> \ud83d\udc9a am\u00e9liore la <strong>masse musculaire ;<\/strong><\/span><br \/>\n<span style=\"color: #000000\"> \ud83d\udc9a l&rsquo;<strong> hydratation du corps<\/strong> est accrue ;<\/span><br \/>\n<span style=\"color: #000000\"> \ud83d\udc9a la peau n&rsquo;est plus s\u00e8che, l&rsquo;<strong>\u00e9tat de la peau s&rsquo;am\u00e9liore<\/strong>, le ph de la peau s&rsquo;\u00e9quilibre, elle devient souple et se r\u00e9g\u00e9n\u00e8re plus rapidement ;<\/span><br \/>\n<span style=\"color: #000000\"> \ud83d\udc9a a des<strong> effets anti-\u00e2ge ;<\/strong><\/span><br \/>\n<span style=\"color: #000000\">\ud83d\udc9a nos<strong> os, nos dents et nos articulations se renforcent ;<\/strong><\/span><br \/>\n<span style=\"color: #000000\"> \ud83d\udc9a la <strong>formation de notre propre collag\u00e8ne<\/strong> est am\u00e9lior\u00e9e ;<\/span><br \/>\n<span style=\"color: #000000\">\ud83d\udc9a les cellules sont<strong> prot\u00e9g\u00e9es contre le stress oxydatif<\/strong>;<\/span><br \/>\n<span style=\"color: #000000\">\ud83d\udc9a La <strong>fatigue physique et l&rsquo;\u00e9puisement<\/strong> sont am\u00e9lior\u00e9s ;<\/span><br \/>\n<span style=\"color: #000000\">\ud83d\udc9a le<strong> syst\u00e8me immunitaire et l&rsquo;\u00e9quilibre hormonal<\/strong> sont sains<strong>;<\/strong><\/span><br \/>\n<span style=\"color: #000000\">\ud83d\udc9a les cellules et les tissus <strong>se r\u00e9g\u00e9n\u00e8rent plus rapidement.<\/strong><\/span><\/p>\n<p><span style=\"color: #000000\">.<\/span><\/p>\n<h2><span style=\"color: #000000\">Conditionnement<\/span><\/h2>\n<p><span style=\"color: #000000\">Sachet zip-lock non perm\u00e9able o\u00f9 le produit conserve toute sa fra\u00eecheur et son ar\u00f4me. L&#8217;emballage prot\u00e8ge de la lumi\u00e8re et de l&rsquo;air et se compose de plusieurs couches de protection afin de pr\u00e9server les propri\u00e9t\u00e9s du contenu.<\/span><\/p>\n<p><span style=\"color: #000000\">L&#8217;emballage est tr\u00e8s pratique et recyclable.<\/span><\/p>\n<h2><span style=\"color: #000000\">Stockage<\/span><\/h2>\n<p><span style=\"color: #000000\">Conserver dans un endroit sec, sombre et frais. Veiller \u00e0 ce que le sac soit herm\u00e9tiquement ferm\u00e9.<\/span><\/p>\n<h2><span style=\"color: #000000\">Origine<\/span><\/h2>\n<p><span style=\"color: #000000\">UE<\/span><\/p>\n","protected":false},"excerpt":{"rendered":"<p align=\"JUSTIFY\">Collag\u00e8ne, MSM et vitamine C pour la beaut\u00e9 et le bien-\u00eatre. Un m\u00e9lange sp\u00e9cial dont notre corps sera reconnaissant et notre peau tout simplement \u00e9clatante. La prise r\u00e9guli\u00e8re d&rsquo;un m\u00e9lange de collag\u00e8ne, de MSM et de vitamine C apporte de nombreux avantages pour notre beaut\u00e9 int\u00e9rieure et ext\u00e9rieure :<\/p>\n<p align=\"JUSTIFY\">\ud83d\udc9a Am\u00e9lioration de la sant\u00e9 de la <strong>peau<\/strong>, des <strong>cheveux<\/strong> et des <strong>ongles<\/strong>,<br \/>\n\ud83d\udc9a l&rsquo;<strong>hydratation du corps<\/strong> est accrue,<br \/>\n\ud83d\udc9a Les os, les dents et les articulations deviennent plus solides,<br \/>\n\ud83d\udc9a votre propre production de collag\u00e8ne s&rsquo;am\u00e9liore.<\/p>\n","protected":false},"featured_media":6194,"comment_status":"open","ping_status":"closed","template":"","meta":{"_acf_changed":false},"product_brand":[],"product_cat":[15,230,224,231,225],"product_tag":[],"class_list":{"0":"post-6193","1":"product","2":"type-product","3":"status-publish","4":"has-post-thumbnail","6":"product_cat-uncategorized","7":"product_cat-mineraux-vitamines","8":"product_cat-offre","9":"product_cat-superaliments","10":"product_cat-tous-les-produits","12":"first","13":"instock","14":"sale","15":"taxable","16":"shipping-taxable","17":"purchasable","18":"product-type-simple"},"acf":[],"_links":{"self":[{"href":"https:\/\/fengchashop.com\/fr\/wp-json\/wp\/v2\/product\/6193","targetHints":{"allow":["GET"]}}],"collection":[{"href":"https:\/\/fengchashop.com\/fr\/wp-json\/wp\/v2\/product"}],"about":[{"href":"https:\/\/fengchashop.com\/fr\/wp-json\/wp\/v2\/types\/product"}],"replies":[{"embeddable":true,"href":"https:\/\/fengchashop.com\/fr\/wp-json\/wp\/v2\/comments?post=6193"}],"wp:featuredmedia":[{"embeddable":true,"href":"https:\/\/fengchashop.com\/fr\/wp-json\/wp\/v2\/media\/6194"}],"wp:attachment":[{"href":"https:\/\/fengchashop.com\/fr\/wp-json\/wp\/v2\/media?parent=6193"}],"wp:term":[{"taxonomy":"product_brand","embeddable":true,"href":"https:\/\/fengchashop.com\/fr\/wp-json\/wp\/v2\/product_brand?post=6193"},{"taxonomy":"product_cat","embeddable":true,"href":"https:\/\/fengchashop.com\/fr\/wp-json\/wp\/v2\/product_cat?post=6193"},{"taxonomy":"product_tag","embeddable":true,"href":"https:\/\/fengchashop.com\/fr\/wp-json\/wp\/v2\/product_tag?post=6193"}],"curies":[{"name":"wp","href":"https:\/\/api.w.org\/{rel}","templated":true}]}}