{"id":6178,"date":"2022-02-22T10:17:16","date_gmt":"2022-02-22T09:17:16","guid":{"rendered":"https:\/\/fengchashop.com\/fr\/product\/polyporus-umbellatus-sauvage-bio-125-g\/"},"modified":"2026-04-15T16:39:15","modified_gmt":"2026-04-15T14:39:15","slug":"polyporus-umbellatus-sauvage-bio","status":"publish","type":"product","link":"https:\/\/fengchashop.com\/fr\/product\/polyporus-umbellatus-sauvage-bio\/","title":{"rendered":"Polyporus umbellatus sauvage BIO 125 g"},"content":{"rendered":"<h2><span style=\"color: #000000\">Polyporus umbellatus sauvage BIO poudre<\/span><\/h2>\n<p><span style=\"color: #000000\">Polyporus umbellatus est un champignon comestible mais prot\u00e9g\u00e9, qui ressemble au chou-fleur. En slov\u00e8ne, il est appel\u00e9<strong> polypier ramifi\u00e9 ou polypier des ch\u00eanes<\/strong>. La partie a\u00e9rienne (trosnjake) est utilis\u00e9e dans des applications culinaires, tandis que la partie souterraine (sclerotium) est m\u00e9dicinale. Il s&rsquo;agit d&rsquo;un champignon m\u00e9dicinal tr\u00e8s \u00e9tudi\u00e9, car il contient de nombreux<strong> compos\u00e9s bioactifs<\/strong> dont l&rsquo;activit\u00e9 antitumorale et anticanc\u00e9reuse a \u00e9t\u00e9 prouv\u00e9e. C&rsquo;est pourquoi on le retrouve souvent comme ingr\u00e9dient dans divers m\u00e9dicaments et compl\u00e9ments alimentaires. Ce champignon ramifi\u00e9 est \u00e9galement une<strong> excellente source d&rsquo;antioxydants<\/strong>, qui pi\u00e8gent les radicaux libres, <strong>am\u00e9liorant<\/strong> ainsi <strong>le syst\u00e8me immunitaire<\/strong> et poss\u00e9dant des<strong> propri\u00e9t\u00e9s antimicrobiennes<\/strong>. Il est utilis\u00e9 \u00e0 des fins m\u00e9dicinales, en particulier dans la m\u00e9decine traditionnelle chinoise, comme diur\u00e9tique pour pr\u00e9venir ou traiter les probl\u00e8mes li\u00e9s \u00e0 l&rsquo;insuffisance r\u00e9nale et h\u00e9patique, \u00e0 la r\u00e9tention d&rsquo;eau, au gonflement, ainsi qu&rsquo;en cas de diarrh\u00e9e, de jaunisse et pour traiter les pertes vaginales et les mictions douloureuses. Elle est \u00e9galement consid\u00e9r\u00e9e comme un antibiotique naturel dans la MTC. Son effet diur\u00e9tique et ses effets b\u00e9n\u00e9fiques sur les reins et le foie ont \u00e9galement \u00e9t\u00e9 confirm\u00e9s par les scientifiques. Il stimule \u00e9galement le syst\u00e8me immunitaire et constitue un excellent soutien \u00e0 la chimioth\u00e9rapie dans le traitement du cancer.<\/span><\/p>\n<p><span style=\"color: #000000\">La production de notre champignon Polyporus umbellatus est strictement contr\u00f4l\u00e9e, sans utilisation de produits chimiques ou de pesticides et <strong>100 % biologique<\/strong>.\u00a0<\/span><\/p>\n<h2><span style=\"color: #000000\">Que contient ce produit et \u00e0 qui s&rsquo;adresse-t-il ?<\/span><\/h2>\n<p><span style=\"color: #000000\">Outre les polysaccharides typiques, les vitamines, les sels min\u00e9raux et autres antioxydants, le champignon ramifi\u00e9 contient \u00e9galement des phytost\u00e9rols, des titerp\u00e9no\u00efdes, du mannitol et d&rsquo;autres substances pharmacologiquement actives similaires, qui conf\u00e8rent au champignon ses effets curatifs extraordinaires sans effets secondaires ind\u00e9sirables.<\/span><\/p>\n<p><span style=\"color: #000000\"><strong>Polyporus umbellatus peut :<\/strong><\/span><\/p>\n<p><span style=\"color: #000000\"> \ud83d\udc9a aider en cas de probl\u00e8mes r\u00e9naux et h\u00e9patiques,<\/span><br \/>\n<span style=\"color: #000000\"> \ud83d\udc9a aider en cas de pertes vaginales,<\/span><br \/>\n<span style=\"color: #000000\"> \ud83d\udc9a \u00eatre anti-tumoral,<\/span><br \/>\n<span style=\"color: #000000\"> \ud83d\udc9a stimule et renforce le syst\u00e8me immunitaire,<\/span><br \/>\n<span style=\"color: #000000\"> \ud83d\udc9a att\u00e9nue les effets de la chimioth\u00e9rapie et am\u00e9liore ainsi la vie des patients atteints de cancer.<\/span><\/p>\n<p><span style=\"color: #000000\">Tous les \u00e9l\u00e9ments du champignon sont pr\u00e9sents en grande quantit\u00e9 et ont un effet tr\u00e8s positif sur notre organisme.<\/span><\/p>\n<p><span style=\"color: #000000\">Ce qui est extr\u00eamement important, c&rsquo;est que le Polyporus umbellatus est un<strong> produit 100 % naturel<\/strong> qui peut nous aider de mani\u00e8re naturelle. Il am\u00e9liore les sympt\u00f4mes de nos probl\u00e8mes et a un effet positif sur notre bien-\u00eatre g\u00e9n\u00e9ral.<\/span><\/p>\n<h2><span style=\"color: #000000\">Pourquoi les champignons ?<\/span><\/h2>\n<p><span style=\"color: #000000\">Les champignons sont tr\u00e8s int\u00e9ressants. Ce ne sont ni des plantes ni des animaux, mais ce qu&rsquo;ils sont, ce sont certainement des organismes \u00e9tonnants qui ont r\u00e9ussi \u00e0 survivre presque depuis le d\u00e9but du monde. Ils ont d\u00e9velopp\u00e9 une strat\u00e9gie de survie particuli\u00e8re qui leur a permis de survivre jusqu&rsquo;\u00e0 aujourd&rsquo;hui. Et nous, les humains, pouvons \u00e9galement b\u00e9n\u00e9ficier de ces avantages en consommant des champignons m\u00e9dicinaux. Ils nous apportent un \u00e9quilibre physique et nous prot\u00e8gent contre de nombreuses maladies. Ils peuvent constituer un<strong> traitement<\/strong><strong> pr\u00e9ventif<\/strong> ou<strong> curatif de soutien<\/strong> pour de nombreuses maladies (modernes), qu&rsquo;elles soient conventionnelles ou non. Traditionnellement, on attribue aux champignons des effets dans les cas de cancer, de maladies auto-immunes et d&rsquo;allergies. Ils sont \u00e9galement bons pour une r\u00e9ponse saine et forte du syst\u00e8me immunitaire. Cependant, la recherche m\u00e9dicale men\u00e9e au cours des derni\u00e8res d\u00e9cennies, lorsque les champignons ont suscit\u00e9 l&rsquo;int\u00e9r\u00eat du monde occidental, a confirm\u00e9 bon nombre de leurs effets th\u00e9rapeutiques.<\/span><\/p>\n<p><span style=\"color: #000000\">\u00c9tant donn\u00e9 que certaines substances actives naturelles sont indigestes ou difficiles \u00e0 dig\u00e9rer, il est tr\u00e8s important de ne consommer que les meilleures poudres de champignons. Les champignons doivent \u00eatre cultiv\u00e9s, s\u00e9ch\u00e9s et pr\u00e9par\u00e9s correctement. Ils doivent \u00eatre r\u00e9duits en poudre fine, sans morceaux. La couleur de la poudre est plus claire, mais elle d\u00e9pend \u00e9galement du type de champignon consomm\u00e9. Comme les champignons sont si efficaces pr\u00e9cis\u00e9ment parce qu&rsquo;ils ont la capacit\u00e9 d&rsquo;absorber tout ce qui est bon ou mauvais dans l&rsquo;environnement, il est important d&rsquo;utiliser des champignons cultiv\u00e9s de mani\u00e8re biologique.<\/span><\/p>\n<h2><span style=\"color: #000000\">Conditionnement<\/span><\/h2>\n<p><span style=\"color: #000000\">Sachet zip-lock non perm\u00e9able, dans lequel le produit conserve toute sa fra\u00eecheur et son ar\u00f4me. L&#8217;emballage prot\u00e8ge le produit de la lumi\u00e8re et de l&rsquo;air, car il est compos\u00e9 de plusieurs couches de protection qui pr\u00e9servent les propri\u00e9t\u00e9s du contenu.<\/span><\/p>\n<p><span style=\"color: #000000\">L&#8217;emballage est tr\u00e8s pratique et recyclable.<\/span><\/p>\n<h2><span style=\"color: #000000\">Stockage et avertissements<\/span><\/h2>\n<p><span style=\"color: #000000\">Conserver dans un endroit frais et sec. Tenir le compl\u00e9ment alimentaire hors de port\u00e9e des enfants !<\/span><\/p>\n<p><span style=\"color: #000000\">N&rsquo;oubliez pas l&rsquo;importance d&rsquo;une alimentation vari\u00e9e et d&rsquo;un mode de vie sain, un compl\u00e9ment alimentaire ne peut donc pas se substituer \u00e0 une alimentation \u00e9quilibr\u00e9e et vari\u00e9e. La quantit\u00e9 ou la dose journali\u00e8re recommand\u00e9e ne doit pas \u00eatre d\u00e9pass\u00e9e. Il est toujours conseill\u00e9 aux femmes enceintes et allaitantes de consulter un m\u00e9decin avant toute utilisation.<\/span><\/p>\n<h2><span style=\"color: #000000\">Bon \u00e0 savoir<\/span><\/h2>\n<p><span style=\"color: #000000\">Le produit convient \u00e9galement aux animaux. Dans la plupart des cas, les champignons m\u00e9dicinaux s&rsquo;av\u00e8rent extr\u00eamement efficaces pour renforcer le syst\u00e8me immunitaire, \u00e9liminer les allergies et les affections cutan\u00e9es, ainsi que les infections virales et bact\u00e9riennes. Veuillez consulter votre v\u00e9t\u00e9rinaire avant l&rsquo;utilisation pour savoir s&rsquo;il est judicieux de prendre ce produit et quelle est la dose journali\u00e8re recommand\u00e9e.<\/span><\/p>\n<h2><span style=\"color: #000000\">Origine du produit<\/span><\/h2>\n<p><span style=\"color: #000000\">Chine. <\/span><span style=\"color: #000000\">Nous avons des fournisseurs tr\u00e8s fiables qui nous envoient une analyse chimique d\u00e9taill\u00e9e de la denr\u00e9e alimentaire pour chaque lot. En plus de dix ans, nous n\u2019avons eu aucun rappel ou autre probl\u00e8me avec cet article, ni avec d\u2019autres articles du m\u00eame fournisseur.<\/span><\/p>\n<p><span style=\"color: #000000\">L\u2019article est certifi\u00e9 biologique \u00e0 100 %.<\/span><\/p>\n","protected":false},"excerpt":{"rendered":"<p align=\"JUSTIFY\">Polyporus umbellatus est un champignon comestible mais prot\u00e9g\u00e9, qui ressemble au chou-fleur. En slov\u00e8ne, on l&rsquo;appelle le polypore <strong>ramifi\u00e9 <\/strong>ou le <strong>polypore du ch\u00eane<\/strong>. La partie a\u00e9rienne (trosnjake) est utilis\u00e9e dans des applications culinaires, tandis que la partie souterraine (sclerotium) est m\u00e9dicinale. Il s&rsquo;agit d&rsquo;un champignon m\u00e9dicinal tr\u00e8s \u00e9tudi\u00e9, car il contient de nombreux <strong>compos\u00e9s bioactifs<\/strong> dont l&rsquo;activit\u00e9 anti-tumorale et anti-canc\u00e9reuse a \u00e9t\u00e9 prouv\u00e9e.<\/p>\n<p><span style=\"color: #000000\"> \ud83d\udc9a Une excellente source d&rsquo;antioxydants.<br \/>\n\ud83d\udc9a Stimule et renforce le syst\u00e8me immunitaire.<br \/>\n\ud83d\udc9a Aide \u00e0 r\u00e9soudre les probl\u00e8mes r\u00e9naux et h\u00e9patiques.<br \/>\n\ud83d\udc9a Il poss\u00e8de des propri\u00e9t\u00e9s antitumorales.<\/span><\/p>\n","protected":false},"featured_media":6179,"comment_status":"open","ping_status":"closed","template":"","meta":{"_acf_changed":false},"product_brand":[],"product_cat":[15,228,224,225],"product_tag":[],"class_list":{"0":"post-6178","1":"product","2":"type-product","3":"status-publish","4":"has-post-thumbnail","6":"product_cat-uncategorized","7":"product_cat-champignons-medicinaux","8":"product_cat-offre","9":"product_cat-tous-les-produits","11":"first","12":"instock","13":"taxable","14":"shipping-taxable","15":"purchasable","16":"product-type-simple"},"acf":[],"_links":{"self":[{"href":"https:\/\/fengchashop.com\/fr\/wp-json\/wp\/v2\/product\/6178","targetHints":{"allow":["GET"]}}],"collection":[{"href":"https:\/\/fengchashop.com\/fr\/wp-json\/wp\/v2\/product"}],"about":[{"href":"https:\/\/fengchashop.com\/fr\/wp-json\/wp\/v2\/types\/product"}],"replies":[{"embeddable":true,"href":"https:\/\/fengchashop.com\/fr\/wp-json\/wp\/v2\/comments?post=6178"}],"wp:featuredmedia":[{"embeddable":true,"href":"https:\/\/fengchashop.com\/fr\/wp-json\/wp\/v2\/media\/6179"}],"wp:attachment":[{"href":"https:\/\/fengchashop.com\/fr\/wp-json\/wp\/v2\/media?parent=6178"}],"wp:term":[{"taxonomy":"product_brand","embeddable":true,"href":"https:\/\/fengchashop.com\/fr\/wp-json\/wp\/v2\/product_brand?post=6178"},{"taxonomy":"product_cat","embeddable":true,"href":"https:\/\/fengchashop.com\/fr\/wp-json\/wp\/v2\/product_cat?post=6178"},{"taxonomy":"product_tag","embeddable":true,"href":"https:\/\/fengchashop.com\/fr\/wp-json\/wp\/v2\/product_tag?post=6178"}],"curies":[{"name":"wp","href":"https:\/\/api.w.org\/{rel}","templated":true}]}}