{"id":6163,"date":"2022-02-22T08:17:03","date_gmt":"2022-02-22T07:17:03","guid":{"rendered":"https:\/\/fengchashop.com\/fr\/product\/pleurotus-ostreatus-bio-125-g\/"},"modified":"2026-05-07T10:18:27","modified_gmt":"2026-05-07T08:18:27","slug":"pleurotus-ostreatus-bio","status":"publish","type":"product","link":"https:\/\/fengchashop.com\/fr\/product\/pleurotus-ostreatus-bio\/","title":{"rendered":"Pleurotus ostreatus (Oyster Mushroom) BIO 125 g"},"content":{"rendered":"<h2><span style=\"color: #000000\">Pleurotus ostreatus (Oyster Mushroom) BIO poudre<\/span><\/h2>\n<p><span style=\"color: #000000\">Pleurotus ostreatus (Oyster Mushroom) est un champignon m\u00e9dicinal bien \u00e9tudi\u00e9. \u00c9galement connu sous le nom de<strong> pleurote du h\u00eatre<\/strong>, c&rsquo;est un champignon culinaire comestible qui pousse dans notre pays. Avec le Ganoderma lucidum et le Cordyceps, il est l&rsquo;un <strong>des six champignons m\u00e9dicinaux les plus connus dans notre pays<\/strong>.<\/span><\/p>\n<p><span style=\"color: #000000\">De nombreux nutriments peuvent \u00eatre extraits des trichomes et du myc\u00e9lium. La recherche a \u00e9galement montr\u00e9 une activit\u00e9 antimicrobienne contre les bact\u00e9ries gram-positives et gram-n\u00e9gatives et une activit\u00e9 antifongique contre plusieurs types de champignons.<\/span><\/p>\n<p><span style=\"color: #000000\">Comme ils sont une riche <strong>source d&rsquo;antioxydants<\/strong> et d&rsquo;autres substances actives, leur potentiel d&rsquo;activit\u00e9 antitumorale, immunomodulatrice, g\u00e9noprotectrice, anti-inflammatoire, antivirale, antiplasique, hypocholest\u00e9rol\u00e9mique, antihypertensive et antihyperglyc\u00e9mique est plus qu&rsquo;assur\u00e9. R\u00e9cemment, des recherches ont montr\u00e9 que les pleurotes du h\u00eatre ont un <strong>effet bifidog\u00e8ne<\/strong>, ce qui signifie qu&rsquo;ils peuvent stimuler la croissance de Bifidobacterium bifidum, B. breve, B. animalis et B. longum. Il s&rsquo;agit donc \u00e9galement d&rsquo;un <strong>pr\u00e9biotique qui<\/strong> am\u00e9liore le microbiote intestinal au profit de la sant\u00e9 de l&rsquo;h\u00f4te humain. Un ratio sain de micro-organismes dans l&rsquo;intestin permet d&rsquo;extraire mieux et plus facilement les nutriments des aliments que nous mangeons et de r\u00e9guler l&rsquo;\u00e9nergie. Ils jouent un r\u00f4le important dans la sant\u00e9 du syst\u00e8me digestif, mais ils affectent \u00e9galement le syst\u00e8me immunitaire &#8211; la partie la plus complexe du syst\u00e8me immunitaire se trouve dans l&rsquo;intestin, c&rsquo;est pourquoi nous entendons souvent dire que c&rsquo;est la sant\u00e9 de l&rsquo;intestin qui est si importante pour garantir une bonne r\u00e9ponse immunitaire et donc une bonne sant\u00e9 g\u00e9n\u00e9rale.<\/span><\/p>\n<p><span style=\"color: #000000\">Le champignon m\u00e9dicinal est largement utilis\u00e9 dans la m\u00e9decine traditionnelle chinoise pour traiter un large \u00e9ventail de maladies.<\/span><\/p>\n<p><span style=\"color: #000000\">La production de notre Pleurotus ostreatus est strictement contr\u00f4l\u00e9e, sans utilisation de produits chimiques ou de pesticides et<strong> 100 % biologique<\/strong>. La qualit\u00e9 des champignons est r\u00e9guli\u00e8rement contr\u00f4l\u00e9e par des laboratoires ind\u00e9pendants en Slov\u00e9nie et aux \u00c9tats-Unis.<\/span><\/p>\n<h2><span style=\"color: #000000\">Que contient ce produit et \u00e0 qui s&rsquo;adresse-t-il ?<\/span><\/h2>\n<p><span style=\"color: #000000\">Pleurotus ostreatus est compos\u00e9 d&rsquo;une vari\u00e9t\u00e9 de nutriments tels que des<strong> polysaccharides, des prot\u00e9ines, des flavono\u00efdes, des compos\u00e9s ph\u00e9noliques, des b\u00eata-glucanes,<\/strong> etc. Les polysaccharides actifs et les compos\u00e9s ph\u00e9noliques sont des organismes biologiquement pr\u00e9cieux. L&rsquo;hu\u00eetre du h\u00eatre, qui pousse g\u00e9n\u00e9ralement sur le bois de h\u00eatre, est \u00e9galement une riche source de vitamines B, C et D, de sels min\u00e9raux, d&rsquo;antioxydants et de s\u00e9l\u00e9nium.<\/span><\/p>\n<p><span style=\"color: #000000\">La<strong> lovastatine<\/strong>, un ingr\u00e9dient actif cl\u00e9 dans l&rsquo;inhibition de la synth\u00e8se du cholest\u00e9rol endog\u00e8ne, a un effet b\u00e9n\u00e9fique sur la r\u00e9gulation du taux de cholest\u00e9rol sanguin total.<\/span><\/p>\n<p><span style=\"color: #000000\">L&rsquo;hu\u00eetre creuse est pauvre en mati\u00e8res grasses (principalement des acides gras insatur\u00e9s) et en vitamine D2, riche en fibres alimentaires et constitue une bonne source de prot\u00e9ines et d&rsquo;acides amin\u00e9s essentiels. En outre, elle contient des substances pharmacologiquement actives qui peuvent aider :<\/span><\/p>\n<p><span style=\"color: #000000\"> <span class=\"jCAhz ChMk0b\"><span class=\"ryNqvb\">\ud83d\udc9a<\/span><\/span> r\u00e9guler le taux de cholest\u00e9rol total (augmentation du bon cholest\u00e9rol HDL et diminution du mauvais cholest\u00e9rol LDL), la tension art\u00e9rielle et la glyc\u00e9mie,<\/span><br \/>\n<span style=\"color: #000000\"> <span class=\"jCAhz ChMk0b\"><span class=\"ryNqvb\">\ud83d\udc9a<\/span><\/span> pr\u00e9venir la formation de caillots sanguins,<\/span><br \/>\n<span style=\"color: #000000\"> <span class=\"jCAhz ChMk0b\"><span class=\"ryNqvb\">\ud83d\udc9a<\/span><\/span> prot\u00e8gent contre les radicaux libres,<\/span><br \/>\n<span style=\"color: #000000\"> <span class=\"jCAhz ChMk0b\"><span class=\"ryNqvb\">\ud83d\udc9a<\/span><\/span> gu\u00e9rir et inhiber l&rsquo;inflammation,<\/span><br \/>\n<span style=\"color: #000000\"> <span class=\"jCAhz ChMk0b\"><span class=\"ryNqvb\">\ud83d\udc9a<\/span><\/span> stimuler l&rsquo;immunit\u00e9 en renfor\u00e7ant le syst\u00e8me immunitaire,<\/span><br \/>\n<span style=\"color: #000000\"> <span class=\"jCAhz ChMk0b\"><span class=\"ryNqvb\">\ud83d\udc9a<\/span><\/span> pr\u00e9venir les maladies li\u00e9es \u00e0 l&rsquo;\u00e2ge,<\/span><br \/>\n<span style=\"color: #000000\"> <span class=\"jCAhz ChMk0b\"><span class=\"ryNqvb\">\ud83d\udc9a<\/span><\/span> prot\u00e9ger contre les infections des voies respiratoires,<\/span><br \/>\n<span style=\"color: #000000\"> <span class=\"jCAhz ChMk0b\"><span class=\"ryNqvb\">\ud83d\udc9a<\/span><\/span> pr\u00e9venir le vieillissement,<\/span><br \/>\n<span style=\"color: #000000\"> <span class=\"jCAhz ChMk0b\"><span class=\"ryNqvb\">\ud83d\udc9a<\/span><\/span> pr\u00e9venir les tumeurs.<\/span><\/p>\n<p><span style=\"color: #000000\">Tous les \u00e9l\u00e9ments contenus dans les champignons sont pr\u00e9sents en grande quantit\u00e9 et ont un effet tr\u00e8s positif sur notre organisme.<\/span><\/p>\n<p><span style=\"color: #000000\">Ce qui est extr\u00eamement important ici, c&rsquo;est que le Pleurotus ostreatus est un produit 100 % naturel qui peut nous aider de mani\u00e8re naturelle. Il am\u00e9liore les sympt\u00f4mes de nos probl\u00e8mes et a un effet positif sur notre bien-\u00eatre g\u00e9n\u00e9ral.<\/span><\/p>\n<h2><span style=\"color: #000000\">Pourquoi les champignons ?<\/span><\/h2>\n<p><span style=\"color: #000000\">Les champignons sont tr\u00e8s int\u00e9ressants. Ce ne sont ni des plantes ni des animaux, mais ce qu&rsquo;ils sont, ce sont certainement des organismes \u00e9tonnants qui ont r\u00e9ussi \u00e0 survivre presque depuis le d\u00e9but du monde. Ils ont d\u00e9velopp\u00e9 une strat\u00e9gie de survie particuli\u00e8re qui leur a permis de survivre jusqu&rsquo;\u00e0 aujourd&rsquo;hui. Et nous, les humains, pouvons \u00e9galement b\u00e9n\u00e9ficier de ces avantages en consommant des champignons m\u00e9dicinaux. Ils nous apportent un \u00e9quilibre physique et nous prot\u00e8gent contre de nombreuses maladies. Ils peuvent constituer un <strong>traitement<\/strong> <strong>pr\u00e9ventif<\/strong> ou <strong>curatif de soutien<\/strong> pour de nombreuses maladies (modernes), qu&rsquo;elles soient conventionnelles ou non. Traditionnellement, on attribue aux champignons des effets dans les cas de cancer, de maladies auto-immunes et d&rsquo;allergies. Ils sont \u00e9galement bons pour une r\u00e9ponse saine et forte du syst\u00e8me immunitaire. Toutefois, la recherche en mati\u00e8re de sant\u00e9 men\u00e9e au cours des derni\u00e8res d\u00e9cennies, lorsque les champignons ont suscit\u00e9 l&rsquo;int\u00e9r\u00eat du monde occidental, a confirm\u00e9 bon nombre de leurs effets th\u00e9rapeutiques.<\/span><\/p>\n<p><span style=\"color: #000000\">\u00c9tant donn\u00e9 que certaines substances actives naturelles sont indigestes ou difficiles \u00e0 dig\u00e9rer, il est tr\u00e8s important de ne consommer que les meilleures poudres de champignons. Les champignons doivent \u00eatre cultiv\u00e9s, s\u00e9ch\u00e9s et pr\u00e9par\u00e9s correctement. Ils doivent \u00eatre r\u00e9duits en poudre fine, sans morceaux. La couleur de la poudre est plus claire, mais elle d\u00e9pend \u00e9galement du type de champignon consomm\u00e9. Comme les champignons sont si efficaces pr\u00e9cis\u00e9ment parce qu&rsquo;ils ont la capacit\u00e9 d&rsquo;absorber tout ce qui est bon ou mauvais dans l&rsquo;environnement, il est important d&rsquo;utiliser des champignons cultiv\u00e9s de mani\u00e8re biologique.<\/span><\/p>\n<h2><span style=\"color: #000000\">Conditionnement<\/span><\/h2>\n<p><span style=\"color: #000000\">Sachet zip-lock non perm\u00e9able, dans lequel le produit conserve toute sa fra\u00eecheur et son ar\u00f4me. L&#8217;emballage prot\u00e8ge le produit de la lumi\u00e8re et de l&rsquo;air, car il est compos\u00e9 de plusieurs couches de protection qui pr\u00e9servent les propri\u00e9t\u00e9s du contenu.<\/span><\/p>\n<p><span style=\"color: #000000\">L&#8217;emballage est tr\u00e8s pratique et recyclable.<\/span><\/p>\n<h2><span style=\"color: #000000\">Stockage et avertissements<\/span><\/h2>\n<p><span style=\"color: #000000\">Conserver dans un endroit frais et sec. Tenir le compl\u00e9ment alimentaire hors de port\u00e9e des enfants !<\/span><\/p>\n<p><span style=\"color: #000000\">N&rsquo;oubliez pas l&rsquo;importance d&rsquo;une alimentation vari\u00e9e et d&rsquo;un mode de vie sain, un compl\u00e9ment alimentaire ne peut donc pas se substituer \u00e0 une alimentation \u00e9quilibr\u00e9e et vari\u00e9e. La quantit\u00e9 ou la dose journali\u00e8re recommand\u00e9e ne doit pas \u00eatre d\u00e9pass\u00e9e. Il est toujours conseill\u00e9 aux femmes enceintes et allaitantes de consulter un m\u00e9decin avant toute utilisation.<\/span><\/p>\n<h2><span style=\"color: #000000\">Bon \u00e0 savoir<\/span><\/h2>\n<p><span style=\"color: #000000\">Le produit convient \u00e9galement aux animaux. Dans la plupart des cas, les champignons m\u00e9dicinaux s&rsquo;av\u00e8rent extr\u00eamement efficaces pour renforcer le syst\u00e8me immunitaire, \u00e9liminer les allergies et les affections cutan\u00e9es, ainsi que les infections virales et bact\u00e9riennes. Veuillez consulter votre v\u00e9t\u00e9rinaire avant l&rsquo;utilisation pour savoir s&rsquo;il est judicieux de prendre ce produit et quelle est la dose journali\u00e8re recommand\u00e9e.<\/span><\/p>\n<h2><span style=\"color: #000000\">Origine du produit<\/span><\/h2>\n<p><span style=\"color: #000000\">Slov\u00e9nie<\/span><\/p>\n","protected":false},"excerpt":{"rendered":"<p align=\"JUSTIFY\"><span style=\"color: #000000\">Pleurotus ostreatus (Oyster Mushroom) est un champignon m\u00e9dicinal bien \u00e9tudi\u00e9. \u00c9galement connu sous le nom de pleurote du h\u00eatre, c&rsquo;est un champignon culinaire comestible qui pousse ici. En fait, avec le Ganoderma lucidum et le Cordyceps, il est l&rsquo;un des 6 champignons m\u00e9dicinaux les plus connus, car il aide :<\/span><\/p>\n<p><span style=\"color: #000000\"> <span class=\"jCAhz ChMk0b\"><span class=\"ryNqvb\">\ud83d\udc9a<\/span><\/span> r\u00e9guler le cholest\u00e9rol total (augmentation du bon cholest\u00e9rol HDL et diminution du mauvais cholest\u00e9rol LDL), la tension art\u00e9rielle et la glyc\u00e9mie,<br \/>\n<span class=\"jCAhz ChMk0b\"><span class=\"ryNqvb\">\ud83d\udc9a<\/span><\/span> prot\u00e9ger contre les radicaux libres,<br \/>\n<span class=\"jCAhz ChMk0b\"><span class=\"ryNqvb\">\ud83d\udc9a<\/span><\/span> gu\u00e9rir et inhiber l&rsquo;inflammation,<br \/>\n<span class=\"jCAhz ChMk0b\"><span class=\"ryNqvb\">\ud83d\udc9a<\/span><\/span> augmenter l&rsquo;immunit\u00e9 en renfor\u00e7ant le syst\u00e8me immunitaire.<\/span><\/p>\n","protected":false},"featured_media":6164,"comment_status":"open","ping_status":"closed","template":"","meta":{"_acf_changed":false},"product_brand":[],"product_cat":[15,228,224,225],"product_tag":[],"class_list":{"0":"post-6163","1":"product","2":"type-product","3":"status-publish","4":"has-post-thumbnail","6":"product_cat-uncategorized","7":"product_cat-champignons-medicinaux","8":"product_cat-offre","9":"product_cat-tous-les-produits","11":"first","12":"instock","13":"taxable","14":"shipping-taxable","15":"purchasable","16":"product-type-simple"},"acf":[],"_links":{"self":[{"href":"https:\/\/fengchashop.com\/fr\/wp-json\/wp\/v2\/product\/6163","targetHints":{"allow":["GET"]}}],"collection":[{"href":"https:\/\/fengchashop.com\/fr\/wp-json\/wp\/v2\/product"}],"about":[{"href":"https:\/\/fengchashop.com\/fr\/wp-json\/wp\/v2\/types\/product"}],"replies":[{"embeddable":true,"href":"https:\/\/fengchashop.com\/fr\/wp-json\/wp\/v2\/comments?post=6163"}],"wp:featuredmedia":[{"embeddable":true,"href":"https:\/\/fengchashop.com\/fr\/wp-json\/wp\/v2\/media\/6164"}],"wp:attachment":[{"href":"https:\/\/fengchashop.com\/fr\/wp-json\/wp\/v2\/media?parent=6163"}],"wp:term":[{"taxonomy":"product_brand","embeddable":true,"href":"https:\/\/fengchashop.com\/fr\/wp-json\/wp\/v2\/product_brand?post=6163"},{"taxonomy":"product_cat","embeddable":true,"href":"https:\/\/fengchashop.com\/fr\/wp-json\/wp\/v2\/product_cat?post=6163"},{"taxonomy":"product_tag","embeddable":true,"href":"https:\/\/fengchashop.com\/fr\/wp-json\/wp\/v2\/product_tag?post=6163"}],"curies":[{"name":"wp","href":"https:\/\/api.w.org\/{rel}","templated":true}]}}