{"id":6157,"date":"2022-02-22T06:44:59","date_gmt":"2022-02-22T05:44:59","guid":{"rendered":"https:\/\/fengchashop.com\/fr\/product\/shiitake-lentinula-edodes-bio-ue-125-g\/"},"modified":"2026-04-14T23:15:44","modified_gmt":"2026-04-14T21:15:44","slug":"shiitake-lentinula-edodes-bio-ue","status":"publish","type":"product","link":"https:\/\/fengchashop.com\/fr\/product\/shiitake-lentinula-edodes-bio-ue\/","title":{"rendered":"Shiitake (Lentinula edodes) BIO UE 125 g"},"content":{"rendered":"<h2><span style=\"color: #000000\">Shiitake (Lentinula edodes) BIO poudre<\/span><\/h2>\n<p><span style=\"color: #000000\">Lentinula edodes ou shiitake est l&rsquo;<strong>un des champignons m\u00e9dicinaux les plus importants de la m\u00e9decine traditionnelle chinoise<\/strong>. Il y est utilis\u00e9 depuis au moins 2000 ans et est souvent appel\u00e9 la<strong>\u00ab\u00a0Reine des champignons<\/strong>\u00ab\u00a0. Il est \u00e9galement largement utilis\u00e9 dans la cuisine asiatique. En slov\u00e8ne, on l&rsquo;appelle<strong> nazob\u010danec comestible<\/strong>.<\/span><\/p>\n<p><span style=\"color: #000000\">Sous forme de poudre, le shiitake contient de nombreux nutriments et ses effets positifs ont \u00e9t\u00e9 scientifiquement prouv\u00e9s. Des \u00e9tudes men\u00e9es dans diff\u00e9rents pays du monde ont mis en \u00e9vidence de nombreux effets b\u00e9n\u00e9fiques associ\u00e9s \u00e0 la consommation r\u00e9guli\u00e8re de champignons shiitake.<strong> Il renforce notamment le syst\u00e8me immunitaire et a un effet pr\u00e9ventif sur un certain nombre de maladies des organes internes<\/strong>.<\/span><\/p>\n<p><span style=\"color: #000000\">Les champignons shiitake font souvent l&rsquo;objet de recherches en raison de leurs <strong>effets antiviraux, de leurs effets positifs sur le foie et de leur capacit\u00e9 \u00e0 r\u00e9duire le taux de sucre dans le sang<\/strong>.<\/span><\/p>\n<p><span style=\"color: #000000\">La production de nos Lentinula edodes est strictement contr\u00f4l\u00e9e, sans utilisation de produits chimiques ou de pesticides et<strong> 100 % biologique<\/strong>. La qualit\u00e9 des champignons est r\u00e9guli\u00e8rement contr\u00f4l\u00e9e par des laboratoires ind\u00e9pendants en Slov\u00e9nie et aux \u00c9tats-Unis.<\/span><\/p>\n<h2><span style=\"color: #000000\">Que contient ce produit et \u00e0 qui s&rsquo;adresse-t-il ?<\/span><\/h2>\n<p><span style=\"color: #000000\">Le champignon shiitake est compos\u00e9 d&rsquo;acides amin\u00e9s (isoleucine, leucine, lysine, m\u00e9thionine, ph\u00e9nylalanine, thr\u00e9onine et valine), de vitamines (B1, B2, B12), de sels min\u00e9raux (potassium, calcium, phosphore, fer et zinc), de polysaccharides (le plus important \u00e9tant le \u03b2-glucane lentinane) et d&rsquo;autres antioxydants. Pour cette raison, le champignon est \u00e9galement recommand\u00e9 aux v\u00e9g\u00e9tariens et aux v\u00e9g\u00e9taliens, car il constitue une riche source de prot\u00e9ines avec des acides amin\u00e9s essentiels, des vitamines, des min\u00e9raux, etc.<\/span><\/p>\n<p><span style=\"color: #000000\">Les champignons shiitake se<strong> caract\u00e9risent par la lentinine, un compos\u00e9<\/strong> dont on pense qu&rsquo;il est antiviral et anticanc\u00e9reux. La lentinine est un polysaccharide complexe qui est<strong> consid\u00e9r\u00e9 comme un stimulant immunitaire<\/strong> et qui entre dans la composition de plusieurs suppl\u00e9ments naturels renfor\u00e7ant l&rsquo;immunit\u00e9 (b\u00eata-1,3-glucane).<\/span><\/p>\n<p><span style=\"color: #000000\">Tous les \u00e9l\u00e9ments du champignon sont pr\u00e9sents en grande quantit\u00e9 et ont un effet tr\u00e8s positif sur notre organisme.<\/span><\/p>\n<p><span style=\"color: #000000\">Avec le champignon plat color\u00e9 (Trametes versicolor), le shiitake est l&rsquo;<strong>un des champignons les plus \u00e9tudi\u00e9s<\/strong> et est <strong>extr\u00eamement populaire<\/strong> en raison de ses nombreuses substances pharmacologiquement actives. Ses effets curatifs ont \u00e9galement \u00e9t\u00e9 scientifiquement prouv\u00e9s. Il est principalement utilis\u00e9 contre divers cancers et pour le contr\u00f4le du cholest\u00e9rol.<\/span><\/p>\n<p><span style=\"color: #000000\">Sa composition lui conf\u00e8re un spectre d&rsquo;effets incroyablement large, notamment :<\/span><\/p>\n<p><span style=\"color: #000000\"> \ud83d\udc9a des propri\u00e9t\u00e9s anticanc\u00e9reuses et antitumorales,<\/span><br \/>\n<span style=\"color: #000000\"> <strong> \ud83d\udc9a renforcement du syst\u00e8me immunitaire<\/strong>,<\/span><br \/>\n<span style=\"color: #000000\"> <strong> \ud83d\udc9a la r\u00e9duction de la tension art\u00e9rielle, du cholest\u00e9rol et du sucre,<\/strong><\/span><br \/>\n<span style=\"color: #000000\"> \ud83d\udc9a a<strong> ntioxydant et anti-inflammatoire,<\/strong><\/span><br \/>\n<span style=\"color: #000000\"> <strong> \ud83d\udc9a pr\u00e9vient la croissance des infections bact\u00e9riennes et virales,<\/strong><\/span><br \/>\n<span style=\"color: #000000\"> \ud83d\udc9a aide \u00e0 combattre la bronchite et les <strong>allergies,<\/strong><\/span><br \/>\n<span style=\"color: #000000\"> \ud83d\udc9a en combinaison avec les traitements conventionnels de chimioth\u00e9rapie, il offre une vie plus longue et meilleure aux patients atteints de cancer.<\/span><\/p>\n<p><span style=\"color: #000000\">Et ce qui est extr\u00eamement important ici, c&rsquo;est que le champignon shiitake est un<strong> produit 100% naturel<\/strong> qui peut nous aider de mani\u00e8re naturelle. Il am\u00e9liore les sympt\u00f4mes de nos probl\u00e8mes et a un effet positif sur notre bien-\u00eatre g\u00e9n\u00e9ral.<\/span><\/p>\n<h2><span style=\"color: #000000\">Pourquoi les champignons ?<\/span><\/h2>\n<p><span style=\"color: #000000\">Les champignons sont tr\u00e8s int\u00e9ressants. Ce ne sont ni des plantes ni des animaux, mais ce qu&rsquo;ils sont, ce sont certainement des organismes incroyables qui ont r\u00e9ussi \u00e0 survivre, en fait, presque depuis le d\u00e9but du monde. Ils ont d\u00e9velopp\u00e9 une strat\u00e9gie de survie particuli\u00e8re qui leur a permis de survivre jusqu&rsquo;\u00e0 aujourd&rsquo;hui. Et nous, les humains, pouvons \u00e9galement b\u00e9n\u00e9ficier de ces avantages en consommant des champignons m\u00e9dicinaux. Ils nous apportent un \u00e9quilibre physique et nous prot\u00e8gent contre de nombreuses maladies. Ils peuvent constituer un<strong> traitement<\/strong><strong> pr\u00e9ventif<\/strong> ou<strong> curatif de soutien<\/strong> pour de nombreuses maladies (modernes), qu&rsquo;elles soient conventionnelles ou non. Traditionnellement, on attribue aux champignons des effets dans les cas de cancer, de maladies auto-immunes et d&rsquo;allergies. Ils sont \u00e9galement bons pour une r\u00e9ponse saine et forte du syst\u00e8me immunitaire. Toutefois, la recherche en mati\u00e8re de sant\u00e9 men\u00e9e au cours des derni\u00e8res d\u00e9cennies, lorsque les champignons ont suscit\u00e9 l&rsquo;int\u00e9r\u00eat du monde occidental, a confirm\u00e9 bon nombre de leurs effets th\u00e9rapeutiques.<\/span><\/p>\n<p><span style=\"color: #000000\">\u00c9tant donn\u00e9 que certaines substances actives naturelles sont indigestes ou difficiles \u00e0 dig\u00e9rer, il est tr\u00e8s important de ne consommer que les meilleures poudres de champignons. Les champignons doivent \u00eatre cultiv\u00e9s, s\u00e9ch\u00e9s et pr\u00e9par\u00e9s correctement. Ils doivent \u00eatre r\u00e9duits en poudre fine, sans morceaux. La couleur de la poudre est plus claire, mais elle d\u00e9pend \u00e9galement du type de champignon consomm\u00e9. Comme les champignons sont si efficaces pr\u00e9cis\u00e9ment parce qu&rsquo;ils ont la capacit\u00e9 d&rsquo;absorber tout ce qui est bon ou mauvais dans l&rsquo;environnement, il est important d&rsquo;utiliser des champignons cultiv\u00e9s de mani\u00e8re biologique.<\/span><\/p>\n<h2><span style=\"color: #000000\">Conditionnement<\/span><\/h2>\n<p><span style=\"color: #000000\">Sachet zip-lock non perm\u00e9able, dans lequel le produit conserve toute sa fra\u00eecheur et son ar\u00f4me. L&#8217;emballage prot\u00e8ge le produit de la lumi\u00e8re et de l&rsquo;air, car il est compos\u00e9 de plusieurs couches de protection qui pr\u00e9servent les propri\u00e9t\u00e9s du contenu.<\/span><\/p>\n<p><span style=\"color: #000000\">L&#8217;emballage est tr\u00e8s pratique et recyclable.<\/span><\/p>\n<h2><span style=\"color: #000000\">Stockage et avertissements<\/span><\/h2>\n<p><span style=\"color: #000000\">Conserver dans un endroit frais et sec. Tenir le compl\u00e9ment alimentaire hors de port\u00e9e des enfants !<\/span><\/p>\n<p><span style=\"color: #000000\">N&rsquo;oubliez pas l&rsquo;importance d&rsquo;une alimentation vari\u00e9e et d&rsquo;un mode de vie sain, un compl\u00e9ment alimentaire ne peut donc pas se substituer \u00e0 une alimentation \u00e9quilibr\u00e9e et vari\u00e9e. La quantit\u00e9 ou la dose journali\u00e8re recommand\u00e9e ne doit pas \u00eatre d\u00e9pass\u00e9e. Il est toujours conseill\u00e9 aux femmes enceintes et allaitantes de consulter un m\u00e9decin avant toute utilisation.<\/span><\/p>\n<h2><span style=\"color: #000000\">Bon \u00e0 savoir<\/span><\/h2>\n<p><span style=\"color: #000000\">Le produit convient \u00e9galement aux animaux. Dans la plupart des cas, les champignons m\u00e9dicinaux s&rsquo;av\u00e8rent extr\u00eamement efficaces pour renforcer le syst\u00e8me immunitaire, \u00e9liminer les allergies et les affections cutan\u00e9es, ainsi que les infections virales et bact\u00e9riennes. Veuillez consulter votre v\u00e9t\u00e9rinaire avant l&rsquo;utilisation pour savoir s&rsquo;il est judicieux de prendre ce produit et quelle est la dose journali\u00e8re recommand\u00e9e.<\/span><\/p>\n<h2><span style=\"color: #000000\">Origine du produit<\/span><\/h2>\n<p><span style=\"color: #000000\">UE<\/span><\/p>\n","protected":false},"excerpt":{"rendered":"<p align=\"JUSTIFY\">Lentinula edodes, ou shiitake, est l&rsquo;un des champignons m\u00e9dicinaux les plus importants de la m\u00e9decine traditionnelle chinoise. Il y est utilis\u00e9 depuis au moins 2000 ans et est souvent consid\u00e9r\u00e9 comme la \u00ab\u00a0reine des champignons\u00a0\u00bb, ce qui lui conf\u00e8re :<\/p>\n<p><span style=\"color: #000000\"> \ud83d\udc9a des propri\u00e9t\u00e9s anticanc\u00e9reuses et antitumorales,<br \/>\n\ud83d\udc9a renforce le syst\u00e8me immunitaire,<br \/>\n\ud83d\udc9a r\u00e9duit la tension art\u00e9rielle, le cholest\u00e9rol et le sucre,<br \/>\n\ud83d\udc9a antioxydant et anti-inflammatoire,<br \/>\n\ud83d\udc9a emp\u00eache la croissance des infections bact\u00e9riennes et virales.<\/span><\/p>\n","protected":false},"featured_media":6158,"comment_status":"open","ping_status":"closed","template":"","meta":{"_acf_changed":false},"product_brand":[],"product_cat":[15,228,224,225],"product_tag":[],"class_list":{"0":"post-6157","1":"product","2":"type-product","3":"status-publish","4":"has-post-thumbnail","6":"product_cat-uncategorized","7":"product_cat-champignons-medicinaux","8":"product_cat-offre","9":"product_cat-tous-les-produits","11":"first","12":"instock","13":"taxable","14":"shipping-taxable","15":"purchasable","16":"product-type-simple"},"acf":[],"_links":{"self":[{"href":"https:\/\/fengchashop.com\/fr\/wp-json\/wp\/v2\/product\/6157","targetHints":{"allow":["GET"]}}],"collection":[{"href":"https:\/\/fengchashop.com\/fr\/wp-json\/wp\/v2\/product"}],"about":[{"href":"https:\/\/fengchashop.com\/fr\/wp-json\/wp\/v2\/types\/product"}],"replies":[{"embeddable":true,"href":"https:\/\/fengchashop.com\/fr\/wp-json\/wp\/v2\/comments?post=6157"}],"wp:featuredmedia":[{"embeddable":true,"href":"https:\/\/fengchashop.com\/fr\/wp-json\/wp\/v2\/media\/6158"}],"wp:attachment":[{"href":"https:\/\/fengchashop.com\/fr\/wp-json\/wp\/v2\/media?parent=6157"}],"wp:term":[{"taxonomy":"product_brand","embeddable":true,"href":"https:\/\/fengchashop.com\/fr\/wp-json\/wp\/v2\/product_brand?post=6157"},{"taxonomy":"product_cat","embeddable":true,"href":"https:\/\/fengchashop.com\/fr\/wp-json\/wp\/v2\/product_cat?post=6157"},{"taxonomy":"product_tag","embeddable":true,"href":"https:\/\/fengchashop.com\/fr\/wp-json\/wp\/v2\/product_tag?post=6157"}],"curies":[{"name":"wp","href":"https:\/\/api.w.org\/{rel}","templated":true}]}}