{"id":6142,"date":"2024-07-04T08:38:00","date_gmt":"2024-07-04T06:38:00","guid":{"rendered":"https:\/\/fengchashop.com\/fr\/product\/psilium-99-pur-bio-250-g\/"},"modified":"2025-09-10T16:55:33","modified_gmt":"2025-09-10T14:55:33","slug":"psilium-99-pur-bio","status":"publish","type":"product","link":"https:\/\/fengchashop.com\/fr\/product\/psilium-99-pur-bio\/","title":{"rendered":"Psilium 99% pur BIO 250 g"},"content":{"rendered":"<h2><span style=\"color: #000000;\">Psilium ou Chardon Indien en poudre BIO 99% pur<\/span><\/h2>\n<p>Le psyllium, ou chardon des Indes, est l&rsquo;enveloppe de la graine d&rsquo;une plante appel\u00e9e plantago. Le psyllium est utilis\u00e9 comme compl\u00e9ment alimentaire pour les probl\u00e8mes gastro-intestinaux, qui se manifestent principalement au niveau des intestins. La teneur extr\u00eamement \u00e9lev\u00e9e en fibres <strong>aide \u00e0 lutter contre la constipation, \u00e9limine les ballonnements et procure une sensation de sati\u00e9t\u00e9<\/strong>. La puret\u00e9 de 99 % signifie que le produit est hautement purifi\u00e9 et donc plus volumineux. En r\u00e9sum\u00e9, il s&rsquo;agit d&rsquo;une<strong> version haut de gamme du chardon mar<\/strong>ie.<\/p>\n<p>Tout le monde peut attester que notre sant\u00e9 et notre bien-\u00eatre d\u00e9pendent dans une large mesure du fonctionnement et de la sant\u00e9 de nos intestins. Cependant, l&rsquo;importance d&rsquo;un intestin sain en tant qu&rsquo;organe cl\u00e9 de notre corps n&rsquo;est per\u00e7ue que lorsque nous sommes confront\u00e9s \u00e0 des probl\u00e8mes de constipation, de diarrh\u00e9e, de ballonnements ou \u00e0 d&rsquo;autres probl\u00e8mes de sant\u00e9 plus graves.<\/p>\n<p><strong> Il est<\/strong> essentiel<strong> de consommer<\/strong> r\u00e9guli\u00e8rement<strong> des<\/strong> fibres, qui facilitent la vidange de l&rsquo;intestin. Le chardon marie joue un r\u00f4le important \u00e0 cet \u00e9gard, car les enveloppes des graines gonflent rapidement et forment un gel au contact de l&rsquo;eau, ce qui stimule la contraction de l&rsquo;intestin et permet ainsi une \u00e9vacuation r\u00e9guli\u00e8re et plus facile des selles. Nos intestins sont ainsi naturellement nettoy\u00e9s et d\u00e9barrass\u00e9s des blocages qui peuvent sinon entra\u00eener diverses inflammations ou la prolif\u00e9ration de mauvaises bact\u00e9ries nuisibles \u00e0 notre bien-\u00eatre et \u00e0 notre sant\u00e9.<\/p>\n<p>Notre version du chardon marie est le bon choix pour vous car elle :<\/p>\n<p><span style=\"color: #000000;\">\ud83d\udc9a<strong>\u00a09%<\/strong> purifi\u00e9e,<\/span><\/p>\n<p><span style=\"color: #000000;\"> \ud83d\udc9a <strong>plus facile \u00e0 dig\u00e9rer<\/strong>,<\/span><\/p>\n<p><span style=\"color: #000000;\"> \ud83d\udc9a de la meilleure<strong> qualit\u00e9<\/strong>,<\/span><\/p>\n<p><span style=\"color: #000000;\"> \ud83d\udc9a <strong>certifi\u00e9 biologique<\/strong>.<\/span><\/p>\n<h2>Comment le chardon marie agit-il et quels sont les probl\u00e8mes qu&rsquo;il aide \u00e0 r\u00e9soudre ?<\/h2>\n<p>Parce qu&rsquo;il poss\u00e8de des propri\u00e9t\u00e9s vraiment remarquables, il est recommand\u00e9 \u00e0 tous ceux qui aiment prendre soin de leur sant\u00e9 et de leur bien-\u00eatre g\u00e9n\u00e9ral, et il est particuli\u00e8rement recommand\u00e9 pour :<\/p>\n<p><span style=\"color: #000000;\"> \ud83d\udc9a \u00c0 tous ceux qui souffrent de <strong>constipation et de ballonnements<\/strong> fr\u00e9quents et r\u00e9currents.<\/span><\/p>\n<p><span style=\"color: #000000;\"> \ud83d\udc9a Pour un meilleur bien-\u00eatre g\u00e9n\u00e9ral et pour pr\u00e9venir la fatigue.<\/span><\/p>\n<p><span style=\"color: #000000;\"> \ud83d\udc9a Pour aider<strong> \u00e0 la perte de poids<\/strong>, car il nous donne une sensation de sati\u00e9t\u00e9, et il agit aussi tr\u00e8s bien sur notre m\u00e9tabolisme, en le stimulant de mani\u00e8re naturelle.<\/span><\/p>\n<p><span style=\"color: #000000;\"> \ud83d\udc9a Pour tous ceux qui veulent un laxatif naturel sans effets ind\u00e9sirables g\u00e9n\u00e9raux tels que les flatulences et les ballonnements.<\/span><\/p>\n<p><span style=\"color: #000000;\"> \ud83d\udc9a Sous contr\u00f4le m\u00e9dical, \u00e9galement pour les probl\u00e8mes d&rsquo;<strong> hypercholest\u00e9rol\u00e9mie<\/strong>, de diab\u00e8te, d&rsquo;h\u00e9morro\u00efdes, de c\u00f4lon irritable, de maladie de Chron, etc.<\/span><\/p>\n<p>\ud83d\udc9a En outre, notre produit convient \u00e9galement aux v\u00e9g\u00e9tariens et aux v\u00e9g\u00e9taliens. Il est sans gluten et universellement utile en p\u00e2tisserie et en cuisine.<\/p>\n<h2><span style=\"color: #000000;\">Qui est recommand\u00e9 ?<\/span><\/h2>\n<p>Le psilium est recommand\u00e9 \u00e0 toute personne qui souffre de constipation fr\u00e9quente ou d&rsquo;autres formes d&rsquo;indigestion, y compris celles li\u00e9es \u00e0 des conditions m\u00e9dicales. D&rsquo;autre part, le psyllium aide \u00e9galement en cas de diarrh\u00e9e et de diarrh\u00e9e en ralentissant le passage des selles dans le gros intestin.<\/p>\n<p>Le psyllium est \u00e9galement recommand\u00e9 aux personnes qui souhaitent perdre quelques kilos ou maintenir un poids sain, car il procure une sensation de sati\u00e9t\u00e9. En outre, il contribue au maintien d&rsquo;une microflore intestinale saine en agissant comme un pr\u00e9biotique.<\/p>\n<p>Les fibres alimentaires font partie des glucides qui ne peuvent pas \u00eatre dig\u00e9r\u00e9s par l&rsquo;organisme. Par cons\u00e9quent, elles n&rsquo;ont pratiquement aucune valeur calorique. Les fibres alimentaires facilitent toutefois le passage des selles dans l&rsquo;intestin et pr\u00e9viennent leur encombrement. C&rsquo;est pourquoi l&rsquo;int\u00e9gration du psyllium dans une alimentation r\u00e9guli\u00e8re peut \u00eatre b\u00e9n\u00e9fique pour tous.<\/p>\n<h2><span style=\"color: #000000;\">Emballage<\/span><\/h2>\n<p>Sachet zip-lock non perm\u00e9able o\u00f9 le produit conserve toute sa fra\u00eecheur et son ar\u00f4me. L&#8217;emballage prot\u00e8ge de la lumi\u00e8re et de l&rsquo;air, car il est compos\u00e9 de plusieurs couches de protection qui pr\u00e9servent les propri\u00e9t\u00e9s du contenu.<\/p>\n<p>L&#8217;emballage est tr\u00e8s pratique et recyclable.<\/p>\n<h2>Stockage et avertissements<\/h2>\n<p>Conserver dans un endroit frais et sec. Tenir hors de port\u00e9e des enfants.<\/p>\n<p>N&rsquo;oubliez pas l&rsquo;importance d&rsquo;une alimentation vari\u00e9e et d&rsquo;un mode de vie sain, un compl\u00e9ment alimentaire ne peut donc pas se substituer \u00e0 une alimentation \u00e9quilibr\u00e9e et vari\u00e9e. La quantit\u00e9 ou la dose journali\u00e8re recommand\u00e9e ne doit pas \u00eatre d\u00e9pass\u00e9e. Il est toujours conseill\u00e9 aux femmes enceintes et \u00e0 celles qui allaitent de consulter un m\u00e9decin avant d&rsquo;utiliser ce produit.<\/p>\n<p>Il est conseill\u00e9 de ne pas le prendre en m\u00eame temps que des m\u00e9dicaments car il peut ralentir leur absorption.<\/p>\n<h2><span style=\"color: #000000;\">Source :<\/span><\/h2>\n<p><span style=\"color: #000000;\">Inde<\/span><\/p>\n","protected":false},"excerpt":{"rendered":"<p align=\"JUSTIFY\">Le psyllium, ou chardon indien, est l&rsquo;enveloppe de la graine d&rsquo;une plante appel\u00e9e plantago. Le psyllium est utilis\u00e9 comme compl\u00e9ment alimentaire pour les <strong>probl\u00e8mes gastro-intestinaux<\/strong>, qui se manifestent principalement au niveau des <strong>intestins<\/strong>. Comme il poss\u00e8de des propri\u00e9t\u00e9s vraiment remarquables, il est recommand\u00e9 \u00e0 tous ceux qui aiment prendre soin de leur sant\u00e9 et de leur <strong>bien-\u00eatre g\u00e9n\u00e9ral<\/strong>.<\/p>\n<p align=\"JUSTIFY\">\ud83d\udc9a Aide \u00e0 lutter contre la constipation,<br \/>\n\ud83d\udc9a soulage les ballonnements,<br \/>\n\ud83d\udc9a procure une sensation de sati\u00e9t\u00e9,<br \/>\n\ud83d\udc9a aide \u00e0 la perte de poids.<\/p>\n","protected":false},"featured_media":6143,"comment_status":"open","ping_status":"closed","template":"","meta":{"_acf_changed":false},"product_brand":[],"product_cat":[15,194,224,231,225],"product_tag":[],"class_list":{"0":"post-6142","1":"product","2":"type-product","3":"status-publish","4":"has-post-thumbnail","6":"product_cat-uncategorized","7":"product_cat-ayurveda","8":"product_cat-offre","9":"product_cat-superaliments","10":"product_cat-tous-les-produits","12":"first","13":"instock","14":"taxable","15":"shipping-taxable","16":"purchasable","17":"product-type-simple"},"acf":[],"_links":{"self":[{"href":"https:\/\/fengchashop.com\/fr\/wp-json\/wp\/v2\/product\/6142","targetHints":{"allow":["GET"]}}],"collection":[{"href":"https:\/\/fengchashop.com\/fr\/wp-json\/wp\/v2\/product"}],"about":[{"href":"https:\/\/fengchashop.com\/fr\/wp-json\/wp\/v2\/types\/product"}],"replies":[{"embeddable":true,"href":"https:\/\/fengchashop.com\/fr\/wp-json\/wp\/v2\/comments?post=6142"}],"wp:featuredmedia":[{"embeddable":true,"href":"https:\/\/fengchashop.com\/fr\/wp-json\/wp\/v2\/media\/6143"}],"wp:attachment":[{"href":"https:\/\/fengchashop.com\/fr\/wp-json\/wp\/v2\/media?parent=6142"}],"wp:term":[{"taxonomy":"product_brand","embeddable":true,"href":"https:\/\/fengchashop.com\/fr\/wp-json\/wp\/v2\/product_brand?post=6142"},{"taxonomy":"product_cat","embeddable":true,"href":"https:\/\/fengchashop.com\/fr\/wp-json\/wp\/v2\/product_cat?post=6142"},{"taxonomy":"product_tag","embeddable":true,"href":"https:\/\/fengchashop.com\/fr\/wp-json\/wp\/v2\/product_tag?post=6142"}],"curies":[{"name":"wp","href":"https:\/\/api.w.org\/{rel}","templated":true}]}}