{"id":6132,"date":"2022-02-11T21:47:17","date_gmt":"2022-02-11T20:47:17","guid":{"rendered":"https:\/\/fengchashop.com\/fr\/product\/ashwagandha-comprimes-bio-125-g\/"},"modified":"2026-04-18T01:52:50","modified_gmt":"2026-04-17T23:52:50","slug":"ashwagandha-comprimes-bio","status":"publish","type":"product","link":"https:\/\/fengchashop.com\/fr\/product\/ashwagandha-comprimes-bio\/","title":{"rendered":"Ashwagandha comprim\u00e9s BIO 125 g"},"content":{"rendered":"<h2><span style=\"color: #000000\">Ashwagandha (ashwagandha) en comprim\u00e9s BIO<\/span><\/h2>\n<p><span style=\"color: #000000\">L&rsquo;ashwagandha est une plante essentielle de l&rsquo;Ayurv\u00e9da et l&rsquo;une des plantes les plus v\u00e9n\u00e9r\u00e9es, \u00e9galement connue sous le nom de<strong> ginseng indien,<\/strong> car elle est utilis\u00e9e dans l&rsquo;Ayurv\u00e9da de la m\u00eame mani\u00e8re que le ginseng dans la m\u00e9decine traditionnelle chinoise. Il est utilis\u00e9 \u00e0 des fins m\u00e9dicinales depuis des milliers d&rsquo;ann\u00e9es, car il a un effet<strong> positif sur le bien-\u00eatre g\u00e9n\u00e9ral et nous donne de l&rsquo;\u00e9nergie<\/strong>. Il est consid\u00e9r\u00e9 comme un superaliment qui nous aide \u00e0 r\u00e9tablir l&rsquo;\u00e9quilibre hormonal. Il agit \u00e0 la fois sur les hormones et sur les organes reproducteurs. Il restaure les glandes surr\u00e9nales et la thyro\u00efde. Comme elle est adaptog\u00e8ne, elle est utilis\u00e9e en Ayurveda pour les thyro\u00efdes hyperactives et hypoactives. <\/span><\/p>\n<p><span style=\"color: #000000\">L&rsquo;ashwagandha en comprim\u00e9s est issu de l&rsquo;agriculture biologique. Les comprim\u00e9s sont tr\u00e8s pratiques \u00e0 utiliser et permettent une prise quotidienne r\u00e9guli\u00e8re.<\/span><\/p>\n<h2><span style=\"color: #000000\">Quels sont les avantages possibles de la prise d&rsquo;ashwagandha ?<\/span><\/h2>\n<p><span style=\"color: #000000\">\ud83d\udc9a L&rsquo;ashwagandha aurait un effet positif sur :<\/span><\/p>\n<p><span style=\"color: #000000\"> \ud83d\udc9a Augmentation des <strong>capacit\u00e9s c\u00e9r\u00e9brales,<\/strong><\/span><\/p>\n<p><span style=\"color: #000000\"> \ud83d\udc9a l&rsquo;augmentation de l&rsquo;<strong>\u00e9nergie et de l&rsquo;endurance,<\/strong><\/span><\/p>\n<p><span style=\"color: #000000\"> \ud83d\udc9a s <strong>urmonter le stress quotidien et att\u00e9nuer les sympt\u00f4mes de l&rsquo;anxi\u00e9t\u00e9 et de la d\u00e9pression<\/strong>,<\/span><\/p>\n<p><span style=\"color: #000000\"> \ud83d\udc9a r\u00e9duction de l&rsquo;<strong>insomnie,<\/strong><\/span><\/p>\n<p><span style=\"color: #000000\"> <strong> \ud83d\udc9a soulager la douleur et l&rsquo;inflammation,<\/strong><\/span><\/p>\n<p><span style=\"color: #000000\"> \ud83d\udc9a a <strong> ugmenter la libido et la fertilit\u00e9<\/strong> chez les deux sexes,<\/span><\/p>\n<p><span style=\"color: #000000\"> <strong> \ud83d\udc9a ralentir le processus de vieillissement de<\/strong> l&rsquo;organisme.<\/span><\/p>\n<p><span style=\"color: #000000\">La racine de la plante contient la plupart des substances actives qui ont un effet positif sur divers probl\u00e8mes de sant\u00e9. Elle peut \u00eatre consomm\u00e9e ou appliqu\u00e9e sur la peau ou la zone affect\u00e9e. Elle est tr\u00e8s polyvalente et donc appr\u00e9ci\u00e9e dans trois m\u00e9decines traditionnelles diff\u00e9rentes.<\/span><\/p>\n<p><span style=\"color: #000000\">Il est \u00e9galement connu sous le nom de ginseng indien en raison de sa capacit\u00e9 \u00e0 augmenter la capacit\u00e9 de r\u00e9flexion ou les fonctions c\u00e9r\u00e9brales (similaire au ginseng). Il a un excellent effet sur l&rsquo;ensemble du syst\u00e8me nerveux, c&rsquo;est pourquoi il est souvent utilis\u00e9 pour surmonter le stress, l&rsquo;anxi\u00e9t\u00e9 et la d\u00e9pression. Il a r\u00e9cemment fait l&rsquo;objet de nombreuses recherches, notamment pour le traitement de la maladie d&rsquo;Alzheimer et de la d\u00e9mence.<\/span><\/p>\n<h2><span style=\"color: #000000\">A qui est-il recommand\u00e9 de prendre de l&rsquo;ashwagandha ?<\/span><\/h2>\n<p><span style=\"color: #000000\">Bien que l&rsquo;ashwagandha soit consid\u00e9r\u00e9 comme ayant un tr\u00e8s large spectre d&rsquo;action, il est recommand\u00e9 de le prendre principalement par ceux qui veulent trouver un moyen naturel d&rsquo;aider dans des situations telles que le<strong> stress<\/strong>, le manque de libido, les probl\u00e8mes de<strong> m\u00e9nopause<\/strong>. Il peut \u00e9galement \u00eatre pris pour <strong>am\u00e9liorer la m\u00e9moire, la concentration et les performances<\/strong>, la num\u00e9ration sanguine, ainsi que pour aider \u00e0 la perte de poids et augmenter la r\u00e9sistance aux rhumes et autres infections. Il est \u00e9galement utilis\u00e9 pour soulager les probl\u00e8mes li\u00e9s \u00e0 tous les types de<strong> troubles rhumatismaux <\/strong>et d&rsquo;inflammation des articulations, en raison de son remarquable effet anti-inflammatoire. Il contribue \u00e9galement \u00e0 maintenir le tonus musculaire et la souplesse des articulations. Bien que l&rsquo;ashwagandha soit un aliment s\u00fbr et qu&rsquo;il soit \u00e9galement utilis\u00e9 comme alternative en cas de probl\u00e8mes de sant\u00e9 plus graves, il est recommand\u00e9 de consulter un m\u00e9decin avant de l&rsquo;utiliser.<\/span><\/p>\n<h2><span style=\"color: #000000\">Stockage et avertissements<\/span><\/h2>\n<p><span style=\"color: #000000\">Conserver dans un endroit frais et sec \u00e0 une temp\u00e9rature maximale de 25 \u00b0C. Tenir hors de port\u00e9e des enfants !<\/span><\/p>\n<p><span style=\"color: #000000\">N&rsquo;oubliez pas l&rsquo;importance d&rsquo;une alimentation vari\u00e9e et d&rsquo;un mode de vie sain. Un compl\u00e9ment alimentaire ne peut donc pas se substituer \u00e0 une alimentation \u00e9quilibr\u00e9e et vari\u00e9e. La quantit\u00e9 ou la dose journali\u00e8re recommand\u00e9e ne doit pas \u00eatre d\u00e9pass\u00e9e. L&rsquo;utilisation de ce produit est d\u00e9conseill\u00e9e aux femmes enceintes et allaitantes ainsi qu&rsquo;aux personnes souffrant d&rsquo;une hyperactivit\u00e9 de la glande thyro\u00efde.<\/span><\/p>\n<h2><span style=\"color: #000000\">Conditionnement<\/span><\/h2>\n<p><span style=\"color: #000000\">Sachet zipp\u00e9 non perm\u00e9able, dans lequel le produit conserve toute sa fra\u00eecheur et son ar\u00f4me. L&#8217;emballage prot\u00e8ge le produit de la lumi\u00e8re et de l&rsquo;air, car il est compos\u00e9 de plusieurs couches de protection pour pr\u00e9server les propri\u00e9t\u00e9s du contenu.<\/span><\/p>\n<p><span style=\"color: #000000\">L&#8217;emballage est tr\u00e8s pratique et recyclable.<\/span><\/p>\n<h2><span style=\"color: #000000\">L&rsquo;origine<\/span><\/h2>\n<p><span style=\"color: #000000\">Inde<\/span><\/p>\n","protected":false},"excerpt":{"rendered":"<p align=\"JUSTIFY\">L&rsquo;ashwagandha est une plante essentielle de l&rsquo;Ayurveda et l&rsquo;une des plantes les plus v\u00e9n\u00e9r\u00e9es, \u00e9galement connue sous le nom de <b>ginseng indien,<\/b> car elle est utilis\u00e9e dans l&rsquo;Ayurveda de la m\u00eame mani\u00e8re que le ginseng dans la m\u00e9decine traditionnelle chinoise. Elle est utilis\u00e9e \u00e0 des fins m\u00e9dicinales depuis des milliers d&rsquo;ann\u00e9es, car elle a un effet <b>positif sur le bien-\u00eatre g\u00e9n\u00e9ral<\/b> et nous donne de l&rsquo;\u00e9nergie. L&rsquo;ashwagandha est consid\u00e9r\u00e9 comme ayant un effet positif sur :<\/p>\n<p align=\"JUSTIFY\">\ud83d\udc9a augmentation des capacit\u00e9s c\u00e9r\u00e9brales,<br \/>\n\ud83d\udc9a l&rsquo;augmentation de l&rsquo;\u00e9nergie et de l&rsquo;endurance,<br \/>\n\ud83d\udc9a surmonter le stress quotidien,<br \/>\n\ud83d\udc9a r\u00e9duire l&rsquo;insomnie.<\/p>\n","protected":false},"featured_media":6133,"comment_status":"open","ping_status":"closed","template":"","meta":{"_acf_changed":false},"product_brand":[],"product_cat":[15,194,224,231,225],"product_tag":[],"class_list":{"0":"post-6132","1":"product","2":"type-product","3":"status-publish","4":"has-post-thumbnail","6":"product_cat-uncategorized","7":"product_cat-ayurveda","8":"product_cat-offre","9":"product_cat-superaliments","10":"product_cat-tous-les-produits","12":"first","13":"instock","14":"sale","15":"taxable","16":"shipping-taxable","17":"purchasable","18":"product-type-simple"},"acf":[],"_links":{"self":[{"href":"https:\/\/fengchashop.com\/fr\/wp-json\/wp\/v2\/product\/6132","targetHints":{"allow":["GET"]}}],"collection":[{"href":"https:\/\/fengchashop.com\/fr\/wp-json\/wp\/v2\/product"}],"about":[{"href":"https:\/\/fengchashop.com\/fr\/wp-json\/wp\/v2\/types\/product"}],"replies":[{"embeddable":true,"href":"https:\/\/fengchashop.com\/fr\/wp-json\/wp\/v2\/comments?post=6132"}],"wp:featuredmedia":[{"embeddable":true,"href":"https:\/\/fengchashop.com\/fr\/wp-json\/wp\/v2\/media\/6133"}],"wp:attachment":[{"href":"https:\/\/fengchashop.com\/fr\/wp-json\/wp\/v2\/media?parent=6132"}],"wp:term":[{"taxonomy":"product_brand","embeddable":true,"href":"https:\/\/fengchashop.com\/fr\/wp-json\/wp\/v2\/product_brand?post=6132"},{"taxonomy":"product_cat","embeddable":true,"href":"https:\/\/fengchashop.com\/fr\/wp-json\/wp\/v2\/product_cat?post=6132"},{"taxonomy":"product_tag","embeddable":true,"href":"https:\/\/fengchashop.com\/fr\/wp-json\/wp\/v2\/product_tag?post=6132"}],"curies":[{"name":"wp","href":"https:\/\/api.w.org\/{rel}","templated":true}]}}