{"id":6121,"date":"2022-02-11T21:16:38","date_gmt":"2022-02-11T20:16:38","guid":{"rendered":"https:\/\/fengchashop.com\/fr\/product\/astragale-en-poudre-bio-250-g\/"},"modified":"2026-04-29T16:04:04","modified_gmt":"2026-04-29T14:04:04","slug":"astragale-en-poudre-bio","status":"publish","type":"product","link":"https:\/\/fengchashop.com\/fr\/product\/astragale-en-poudre-bio\/","title":{"rendered":"Astragale en poudre BIO 250 g"},"content":{"rendered":"<h2><span style=\"color: #000000\">Astragale en poudre BIO<\/span><\/h2>\n<p><span style=\"color: #000000\">L&rsquo;astragale est un arbuste qui appartient en fait \u00e0 la<strong> famille des l\u00e9gumineuses<\/strong>. D&rsquo;o\u00f9 le nom de pois. Il est <strong>utilis\u00e9 comme plante m\u00e9dicinale<\/strong> dans la MTC en Chine <strong>depuis plus de 2000 ans<\/strong>. La partie utile de la plante n&rsquo;est pas le fruit ou les feuilles, mais les racines s\u00e9ch\u00e9es au soleil. Les racines de meilleure qualit\u00e9 sont celles qui sont \u00e9paisses, fermes et sucr\u00e9es.<\/span><\/p>\n<p><span style=\"color: #000000\">Traditionnellement utilis\u00e9e en Chine comme <strong>tonique pour l&rsquo;ensemble du corps<\/strong>, c&rsquo;est un antioxydant extr\u00eamement puissant qui combat avec succ\u00e8s tous les types d&rsquo;inflammation. Elle est \u00e9galement consid\u00e9r\u00e9e comme une plante adaptog\u00e8ne, ce qui signifie qu&rsquo;elle renforce tous les syst\u00e8mes organiques du corps. Elle n&rsquo;interf\u00e8re pas avec leur fonctionnement naturel. Elle ne surstimule pas non plus les organes et r\u00e9tablit le corps dans un \u00e9tat de d\u00e9s\u00e9quilibre. C&rsquo;est pourquoi on l&rsquo;appelle parfois le<strong>\u00ab\u00a0grand protecteur<\/strong>\u00ab\u00a0.<\/span><\/p>\n<p><span style=\"color: #000000\">L&rsquo;astragale est une source extr\u00eamement riche en antioxydants sp\u00e9cifiques et en s\u00e9l\u00e9nium. En raison de son adaptog\u00e9nicit\u00e9, elle est utilis\u00e9e pour diverses affections de l&rsquo;organisme qui indiquent un d\u00e9s\u00e9quilibre. L&rsquo;astragale est \u00e9galement souvent utilis\u00e9e comme plante anti-\u00e2ge. On pense \u00e9galement qu&rsquo;elle r\u00e9gule la tension art\u00e9rielle, la glyc\u00e9mie et le cholest\u00e9rol. Elle renforce le syst\u00e8me immunitaire et agit \u00e0 titre pr\u00e9ventif contre la grippe et le rhume.<\/span><\/p>\n<p><span style=\"color: #000000\">Elle peut \u00e9galement \u00eatre utilis\u00e9e en cas de<strong> sueurs nocturnes et de sympt\u00f4mes de la m\u00e9nopause<\/strong>, elle<strong> donne de l&rsquo;\u00e9nergie aux cellules, renforce la musculature et am\u00e9liore le m\u00e9tabolisme, soutient les glandes surr\u00e9nales et fluidifie le sang<\/strong> (comme l&rsquo;aspirine). Dans certains cas, elle peut \u00e9galement \u00eatre utilis\u00e9e en concertation avec un m\u00e9decin pour soutenir les patients canc\u00e9reux soumis \u00e0 des traitements de radioth\u00e9rapie et de chimioth\u00e9rapie et les personnes atteintes du SIDA.<\/span><\/p>\n<p><span style=\"color: #000000\">La poudre peut \u00e9galement \u00eatre transform\u00e9e en th\u00e9 en faisant bouillir une cuill\u00e8re \u00e0 soupe de poudre d&rsquo;astragale dans une tasse d&rsquo;eau. Laisser reposer pendant une heure, puis filtrer. Buvez cette tisane par petites gorg\u00e9es au cours de la journ\u00e9e.<\/span><\/p>\n<p><span style=\"color: #000000\">L&rsquo;astragale est souvent utilis\u00e9e en combinaison<strong> avec d&rsquo;autres herbes et plantes telles que l&rsquo;ang\u00e9lique, le curcuma, le ginseng, l&rsquo;ashwagandha et la spiruline<\/strong>.<\/span><\/p>\n<p><span style=\"color: #000000\">L&rsquo;astragale est associ\u00e9e \u00e0 la prolongation de la vie car :<\/span><\/p>\n<p><span style=\"color: #000000\"> <strong> \ud83d\udc9a elle est adaptog\u00e8ne<\/strong> &#8211; elle aide \u00e0 surmonter tous les types de stress (physique, \u00e9motionnel et mental),<\/span><\/p>\n<p><span style=\"color: #000000\"> \ud83d\udc9a c&rsquo;est un <strong>excellent antioxydant<\/strong>qui aide \u00e0 une r\u00e9cup\u00e9ration plus rapide et renforce le corps et l&rsquo;esprit,<\/span><\/p>\n<p><span style=\"color: #000000\"> <strong> \ud83d\udc9a il prot\u00e8ge l&rsquo;organisme<\/strong> contre le d\u00e9veloppement de nouvelles maladies,<\/span><\/p>\n<p><span style=\"color: #000000\"> \ud83d\udc9a stimule l&rsquo;app\u00e9tit et <strong>aide \u00e0 surmonter la fatigue,<\/strong><\/span><\/p>\n<p><span style=\"color: #000000\"> \ud83d\udc9a stimule le <strong> syst\u00e8me immunitaire<\/strong> et donc les globules blancs,<\/span><\/p>\n<p><span style=\"color: #000000\"> \ud83d\udc9a <strong>renforce les fonctions des organes vitaux<\/strong> tels que les reins et le c\u0153ur,<\/span><\/p>\n<p><span style=\"color: #000000\"> \ud83d\udc9a <strong>renforce la musculature<\/strong> et favorise le positionnement naturel des organes, ce qui nous maintient en position verticale,<\/span><\/p>\n<p><span style=\"color: #000000\"> \ud83d\udc9a a <strong>cc\u00e9l\u00e8re l&rsquo;\u00e9limination des toxines<\/strong> par la peau, agit comme un diur\u00e9tique l\u00e9ger et contr\u00f4le la transpiration excessive.<\/span><\/p>\n<h2><span style=\"color: #000000\">Conservation et mise en garde<\/span><\/h2>\n<p><span style=\"color: #000000\">Conserver dans un endroit frais et sec. Tenir le compl\u00e9ment alimentaire hors de port\u00e9e des enfants !<\/span><\/p>\n<p><span style=\"color: #000000\">N&rsquo;oubliez pas l&rsquo;importance d&rsquo;une alimentation vari\u00e9e et d&rsquo;un mode de vie sain, un compl\u00e9ment alimentaire ne peut donc pas se substituer \u00e0 une alimentation \u00e9quilibr\u00e9e et vari\u00e9e. La quantit\u00e9 ou la dose journali\u00e8re recommand\u00e9e ne doit pas \u00eatre d\u00e9pass\u00e9e. Il est toujours conseill\u00e9 aux femmes enceintes et \u00e0 celles qui allaitent de consulter un m\u00e9decin avant d&rsquo;utiliser ce produit.<\/span><\/p>\n<h2><span style=\"color: #000000\">Conditionnement<\/span><\/h2>\n<p><span style=\"color: #000000\">Sachet zip-lock non perm\u00e9able o\u00f9 le produit conserve toute sa fra\u00eecheur et son ar\u00f4me. L&#8217;emballage prot\u00e8ge le produit de la lumi\u00e8re et de l&rsquo;air, car il est compos\u00e9 de plusieurs couches de protection pour pr\u00e9server les propri\u00e9t\u00e9s du contenu.<\/span><\/p>\n<p><span style=\"color: #000000\">L&#8217;emballage est tr\u00e8s pratique et recyclable.<\/span><\/p>\n<h2><span style=\"color: #000000\">Origine<\/span><\/h2>\n<p><span style=\"color: #000000\">Chine. Nous avons des fournisseurs tr\u00e8s fiables qui nous envoient une analyse chimique d\u00e9taill\u00e9e de la denr\u00e9e alimentaire pour chaque lot. En plus de dix ans, nous n&rsquo;avons eu aucun rappel ou autre probl\u00e8me avec cet article, ni avec d&rsquo;autres articles du m\u00eame fournisseur. L&rsquo;article est certifi\u00e9 biologique \u00e0 100 %.<\/span><\/p>\n","protected":false},"excerpt":{"rendered":"<p align=\"JUSTIFY\">Traditionnellement utilis\u00e9e en Chine comme <strong>tonique pour l&rsquo;ensemble du corps<\/strong>, c&rsquo;est un antioxydant extr\u00eamement puissant qui combat avec succ\u00e8s tous les types d&rsquo;inflammation. Elle est \u00e9galement consid\u00e9r\u00e9e comme une plante adaptog\u00e8ne, ce qui signifie qu&rsquo;elle renforce tous les syst\u00e8mes organiques du corps. Elle n&rsquo;interf\u00e8re pas avec leur fonctionnement naturel. Elle ne surstimule pas non plus les organes et r\u00e9tablit le corps dans un \u00e9tat de d\u00e9s\u00e9quilibre. C&rsquo;est pourquoi on l&rsquo;appelle parfois le<strong>\u00a0\u00bb grand protecteur \u00a0\u00bb de la<\/strong> suie :<\/p>\n<p align=\"JUSTIFY\">\ud83d\udc9a c&rsquo;est un adaptog\u00e8ne &#8211; il aide \u00e0 surmonter toutes sortes de stress (physique, \u00e9motionnel et mental),<br \/>\n\ud83d\udc9a c&rsquo;est un grand antioxydant qui aide \u00e0 acc\u00e9l\u00e9rer la r\u00e9cup\u00e9ration et renforce le corps et l&rsquo;esprit,<br \/>\n\ud83d\udc9a il prot\u00e8ge l&rsquo;organisme contre le d\u00e9veloppement de nouvelles maladies,<br \/>\n\ud83d\udc9a stimule l&rsquo;app\u00e9tit et aide \u00e0 surmonter la fatigue,<br \/>\n\ud83d\udc9a stimule le syst\u00e8me immunitaire et donc les globules blancs.<\/p>\n","protected":false},"featured_media":6122,"comment_status":"open","ping_status":"closed","template":"","meta":{"_acf_changed":false},"product_brand":[],"product_cat":[15,224,231,225],"product_tag":[],"class_list":{"0":"post-6121","1":"product","2":"type-product","3":"status-publish","4":"has-post-thumbnail","6":"product_cat-uncategorized","7":"product_cat-offre","8":"product_cat-superaliments","9":"product_cat-tous-les-produits","11":"first","12":"instock","13":"sale","14":"taxable","15":"shipping-taxable","16":"purchasable","17":"product-type-simple"},"acf":[],"_links":{"self":[{"href":"https:\/\/fengchashop.com\/fr\/wp-json\/wp\/v2\/product\/6121","targetHints":{"allow":["GET"]}}],"collection":[{"href":"https:\/\/fengchashop.com\/fr\/wp-json\/wp\/v2\/product"}],"about":[{"href":"https:\/\/fengchashop.com\/fr\/wp-json\/wp\/v2\/types\/product"}],"replies":[{"embeddable":true,"href":"https:\/\/fengchashop.com\/fr\/wp-json\/wp\/v2\/comments?post=6121"}],"wp:featuredmedia":[{"embeddable":true,"href":"https:\/\/fengchashop.com\/fr\/wp-json\/wp\/v2\/media\/6122"}],"wp:attachment":[{"href":"https:\/\/fengchashop.com\/fr\/wp-json\/wp\/v2\/media?parent=6121"}],"wp:term":[{"taxonomy":"product_brand","embeddable":true,"href":"https:\/\/fengchashop.com\/fr\/wp-json\/wp\/v2\/product_brand?post=6121"},{"taxonomy":"product_cat","embeddable":true,"href":"https:\/\/fengchashop.com\/fr\/wp-json\/wp\/v2\/product_cat?post=6121"},{"taxonomy":"product_tag","embeddable":true,"href":"https:\/\/fengchashop.com\/fr\/wp-json\/wp\/v2\/product_tag?post=6121"}],"curies":[{"name":"wp","href":"https:\/\/api.w.org\/{rel}","templated":true}]}}