{"id":6101,"date":"2022-02-11T19:51:31","date_gmt":"2022-02-11T18:51:31","guid":{"rendered":"https:\/\/fengchashop.com\/fr\/product\/elixir-mix-bio-125-g\/"},"modified":"2026-04-16T09:18:55","modified_gmt":"2026-04-16T07:18:55","slug":"elixir-mix-bio","status":"publish","type":"product","link":"https:\/\/fengchashop.com\/fr\/product\/elixir-mix-bio\/","title":{"rendered":"Elixir mix BIO 125 g"},"content":{"rendered":"<h2><span style=\"color: #000000\">Elixir mix BIO poudre de champignons m\u00e9dicinaux<\/span><\/h2>\n<p><span style=\"color: #000000\">Elixir mix est utilis\u00e9 pour<strong>stimuler le syst\u00e8me<\/strong> immunitaire<strong>, favoriser la sant\u00e9 du c\u0153ur et de la circulation sanguine, augmenter l&rsquo;\u00e9nergie physique, lutter contre le stress, les cellules canc\u00e9reuses et le vieillissement<\/strong>. <strong>En raison de ces effets importants et globaux, nous recommandons la prise de ce m\u00e9lange \u00e0 tous ceux qui souhaitent r\u00e9unir les conditions d&rsquo;une vie longue et saine.<\/strong> Le m\u00e9lange offre le plus large spectre d&rsquo;action \u00e9quilibr\u00e9e gr\u00e2ce aux centaines de composants actifs diff\u00e9rents qu&rsquo;il contient. Il se compose de trois esp\u00e8ces de champignons, le Ganoderma lucidum, \u00e9galement connu sous le nom de Reishi, le Cordyceps et l&rsquo;Inonotus obliquus, \u00e9galement connu sous le nom de Chaga.<\/span><\/p>\n<p><span style=\"color: #000000\">L&rsquo;Elixir Mix offre le plus large spectre d&rsquo;action \u00e9quilibr\u00e9e gr\u00e2ce aux centaines de composants actifs diff\u00e9rents qu&rsquo;il contient.<\/span><\/p>\n<p><span style=\"color: #000000\">Ce large spectre d&rsquo;esp\u00e8ces de champignons se traduit par une action \u00e0 large spectre et une action pr\u00e9ventive acc\u00e9l\u00e9r\u00e9e contre la d\u00e9bilit\u00e9 g\u00e9n\u00e9rale.<\/span><\/p>\n<p><span style=\"color: #000000\">L&rsquo;utilisation du produit est tr\u00e8s simple et ne n\u00e9cessite aucune pr\u00e9paration ou comp\u00e9tence. Les champignons sont broy\u00e9s en une fine poudre qui ne contient pas de particules. Le produit est donc pr\u00eat \u00e0 l&#8217;emploi. Il suffit de le verser directement de l&#8217;emballage dans votre boisson pr\u00e9f\u00e9r\u00e9e, de remuer et de consommer.<\/span><\/p>\n<h2><span style=\"color: #000000\">Pourquoi utiliser notre m\u00e9lange Elixir ?<\/span><\/h2>\n<p><span style=\"color: #000000\">Comme son nom l&rsquo;indique, ce m\u00e9lange est un v\u00e9ritable \u00e9lixir de sant\u00e9, de jeunesse et de bien-\u00eatre. Il a \u00e9t\u00e9 soigneusement formul\u00e9 sur la base des observations et des conclusions des utilisateurs du m\u00e9lange et des champignons m\u00e9dicinaux en g\u00e9n\u00e9ral. Les r\u00e9sultats de nombreuses \u00e9tudes nationales et internationales ont \u00e9galement \u00e9t\u00e9 pris en compte dans la pr\u00e9paration de ce m\u00e9lange sp\u00e9cial. Bien que les champignons m\u00e9dicinaux aient des m\u00e9canismes d&rsquo;action tr\u00e8s complexes que la science n&rsquo;a pas encore pu expliquer, nous savons qu&rsquo;ils ont un effet b\u00e9n\u00e9fique<strong> sur notre syst\u00e8me immunitaire, sur notre bien-\u00eatre et sur les processus naturels qui se d\u00e9roulent chaque jour dans notre organisme.<\/strong> Le syst\u00e8me immunitaire est charg\u00e9 de lutter contre les corps \u00e9trangers pr\u00e9sents dans notre organisme. Qu&rsquo;il s&rsquo;agisse d&rsquo;un simple virus \u00e0 l&rsquo;origine d&rsquo;un rhume ou d&rsquo;un ensemble de cellules repr\u00e9sentant un cancer. C&rsquo;est pourquoi un syst\u00e8me immunitaire sain et fort est si important. Tout aussi <strong>importants<\/strong> sont les <strong>antioxydants qui<\/strong> nous prot\u00e8gent du stress oxydatif \u00e0 l&rsquo;origine de nombreuses maladies et du vieillissement pr\u00e9matur\u00e9. Le m\u00e9lange contient \u00e9galement du Chaga, qui est consid\u00e9r\u00e9 comme <strong>adaptog\u00e8ne<\/strong>. Les plantes adaptog\u00e8nes adaptent leurs principes actifs aux besoins de l&rsquo;organisme. Elles nous donnent de l&rsquo;\u00e9nergie et r\u00e9duisent le stress.<\/span><\/p>\n<p><span style=\"color: #000000\">La production de nos champignons m\u00e9dicinaux est strictement contr\u00f4l\u00e9e, sans utilisation de produits chimiques ou de pesticides et<strong> 100 % biologique<\/strong>. Tous les champignons sont cultiv\u00e9s en Slov\u00e9nie. <\/span><\/p>\n<h2><span style=\"color: #000000\">\u00c0 qui s&rsquo;adresse le m\u00e9lange Elixir et quels sont ses effets ?<\/span><\/h2>\n<p><span style=\"color: #000000\">Le m\u00e9lange Elixir s&rsquo;adresse en fait \u00e0 toute personne qui souhaite<strong> am\u00e9liorer son bien-\u00eatre g\u00e9n\u00e9ral en augmentant sa r\u00e9sistance aux maladies, en ayant plus d&rsquo;\u00e9nergie physique, en r\u00e9duisant l&rsquo;impact du stress et en emp\u00eachant le corps de vieillir pr\u00e9matur\u00e9ment<\/strong>. Il s&rsquo;adresse \u00e9galement \u00e0 ceux qui veulent essayer l&rsquo;action des champignons m\u00e9dicinaux et renforcer leur organisme de mani\u00e8re naturelle. Il s&rsquo;agit \u00e9galement d&rsquo;un excellent compl\u00e9ment alimentaire naturel, car les champignons ont une valeur nutritionnelle \u00e9lev\u00e9e &#8211; nutriments pr\u00e9cieux, oligo-\u00e9l\u00e9ments, vitamines, macro-min\u00e9raux, fibres, prot\u00e9ines. Les champignons m\u00e9dicinaux ont une riche histoire dans la m\u00e9decine et la gu\u00e9rison chinoises, et l&rsquo;homme se tourne de plus en plus vers la nature pour se soigner.<\/span><\/p>\n<p><span style=\"color: #000000\">Notre m\u00e9lange Elixir est un v\u00e9ritable \u00e9lixir de sant\u00e9, de bien-\u00eatre et de bonne \u00e9nergie. Ses effets positifs sur l&rsquo;organisme sont les suivants :<\/span><\/p>\n<p><span style=\"color: #000000\"> <strong> \ud83d\udc9a Stimule le syst\u00e8me immunitaire,<\/strong><\/span><\/p>\n<p><span style=\"color: #000000\"> \ud83d\udc9a agit contre les cellules canc\u00e9reuses, <\/span><\/p>\n<p><span style=\"color: #000000\"> \ud83d\udc9a il est b\u00e9n\u00e9fique pour la<strong> sant\u00e9 du c\u0153ur et du syst\u00e8me circulatoire,<\/strong><\/span><\/p>\n<p><span style=\"color: #000000\"> \ud83d\udc9a r\u00e9gule la<strong> tension art\u00e9rielle,<\/strong><\/span><\/p>\n<p><span style=\"color: #000000\"> \ud83d\udc9a am\u00e9liore l&rsquo;<strong> endurance physique,<\/strong><\/span><\/p>\n<p><span style=\"color: #000000\"> \ud83d\udc9a il augmente l&rsquo;<strong> \u00e9nergie physique,<\/strong><\/span><\/p>\n<p><span style=\"color: #000000\"> \ud83d\udc9a il agit <strong>contre le stress,<\/strong><\/span><\/p>\n<p><span style=\"color: #000000\"> \ud83d\udc9a am\u00e9liore les <strong>capacit\u00e9s mentales,<\/strong><\/span><\/p>\n<p><span style=\"color: #000000\"> \ud83d\udc9a Il agit sur le corps pour combattre et lutter contre le vieillissement,<\/span><\/p>\n<p><span style=\"color: #000000\"> \ud83d\udc9a r\u00e9gule les fonctions musculaires et nerveuses,<\/span><\/p>\n<p><span style=\"color: #000000\"> \ud83d\udc9a en tant qu&rsquo;<strong> antioxydant puissant, il \u00e9limine les radicaux libres.<\/strong><\/span><\/p>\n<h2><span style=\"color: #000000\">Emballage<\/span><\/h2>\n<p><span style=\"color: #000000\">Sachet zip-lock non perm\u00e9able o\u00f9 le produit conserve toute sa fra\u00eecheur et son ar\u00f4me. L&#8217;emballage prot\u00e8ge de la lumi\u00e8re et de l&rsquo;air, car il est compos\u00e9 de plusieurs couches de protection qui pr\u00e9servent les propri\u00e9t\u00e9s du contenu.<\/span><\/p>\n<p><span style=\"color: #000000\">L&#8217;emballage est tr\u00e8s pratique et recyclable.<\/span><\/p>\n<h2><span style=\"color: #000000\">Stockage et avertissements<\/span><\/h2>\n<p><span style=\"color: #000000\">Conserver dans un endroit frais et sec. Tenir le compl\u00e9ment alimentaire hors de port\u00e9e des enfants !<\/span><\/p>\n<p><span style=\"color: #000000\">N&rsquo;oubliez pas l&rsquo;importance d&rsquo;une alimentation vari\u00e9e et d&rsquo;un mode de vie sain, un compl\u00e9ment alimentaire ne peut donc pas se substituer \u00e0 une alimentation \u00e9quilibr\u00e9e et vari\u00e9e. La quantit\u00e9 ou la dose journali\u00e8re recommand\u00e9e ne doit pas \u00eatre d\u00e9pass\u00e9e. Il est toujours conseill\u00e9 aux femmes enceintes et allaitantes de consulter un m\u00e9decin avant toute utilisation.<\/span><\/p>\n<h2><span style=\"color: #000000\">Bon \u00e0 savoir<\/span><\/h2>\n<p><span style=\"color: #000000\">Le produit convient \u00e9galement aux animaux. Dans la plupart des cas, les champignons m\u00e9dicinaux s&rsquo;av\u00e8rent extr\u00eamement efficaces pour renforcer le syst\u00e8me immunitaire, \u00e9liminer les allergies et les maladies de peau, ainsi que les infections virales et bact\u00e9riennes. Elixir mix a \u00e9galement un impact sur le bien-\u00eatre g\u00e9n\u00e9ral de l&rsquo;animal. Veuillez consulter votre v\u00e9t\u00e9rinaire avant l&rsquo;utilisation pour savoir s&rsquo;il est conseill\u00e9 de prendre ce produit et quelle est la dose journali\u00e8re recommand\u00e9e.<\/span><\/p>\n<h2><span style=\"color: #000000\">Origine du produit<\/span><\/h2>\n<p><span style=\"color: #000000\">Slov\u00e9nie<\/span><\/p>\n","protected":false},"excerpt":{"rendered":"<p align=\"JUSTIFY\">Le m\u00e9lange Elixir s&rsquo;adresse en fait \u00e0 tous ceux qui souhaitent <strong>am\u00e9liorer leur bien-\u00eatre g\u00e9n\u00e9ral en augmentant la r\u00e9sistance aux maladies, en augmentant l&rsquo;\u00e9nergie physique, en r\u00e9duisant l&rsquo;impact du stress et en emp\u00eachant le corps de vieillir pr\u00e9matur\u00e9ment <\/strong>. Il s&rsquo;adresse \u00e9galement \u00e0 ceux qui veulent essayer l&rsquo;action des champignons m\u00e9dicinaux et renforcer leur organisme de mani\u00e8re naturelle. C&rsquo;est \u00e9galement un excellent <strong>compl\u00e9ment alimentaire naturel<\/strong>, car les champignons ont une valeur nutritionnelle \u00e9lev\u00e9e &#8211; nutriments pr\u00e9cieux, oligo-\u00e9l\u00e9ments, vitamines, macro-min\u00e9raux, fibres, prot\u00e9ines.<\/p>\n<p>\ud83d\udc9a Stimule le syst\u00e8me immunitaire.<br \/>\n\ud83d\udc9a Anti-cancer.<br \/>\n\ud83d\udc9a Favorise la sant\u00e9 du syst\u00e8me cardiovasculaire.<br \/>\n\ud83d\udc9a Am\u00e9liore l&rsquo;endurance physique.<br \/>\n\ud83d\udc9a Augmente l&rsquo;\u00e9nergie physique.<br \/>\n\ud83d\udc9a Agit contre le stress.<\/p>\n","protected":false},"featured_media":6102,"comment_status":"open","ping_status":"closed","template":"","meta":{"_acf_changed":false},"product_brand":[],"product_cat":[15,228,224,225],"product_tag":[],"class_list":{"0":"post-6101","1":"product","2":"type-product","3":"status-publish","4":"has-post-thumbnail","6":"product_cat-uncategorized","7":"product_cat-champignons-medicinaux","8":"product_cat-offre","9":"product_cat-tous-les-produits","11":"first","12":"instock","13":"sale","14":"taxable","15":"shipping-taxable","16":"purchasable","17":"product-type-simple"},"acf":[],"_links":{"self":[{"href":"https:\/\/fengchashop.com\/fr\/wp-json\/wp\/v2\/product\/6101","targetHints":{"allow":["GET"]}}],"collection":[{"href":"https:\/\/fengchashop.com\/fr\/wp-json\/wp\/v2\/product"}],"about":[{"href":"https:\/\/fengchashop.com\/fr\/wp-json\/wp\/v2\/types\/product"}],"replies":[{"embeddable":true,"href":"https:\/\/fengchashop.com\/fr\/wp-json\/wp\/v2\/comments?post=6101"}],"wp:featuredmedia":[{"embeddable":true,"href":"https:\/\/fengchashop.com\/fr\/wp-json\/wp\/v2\/media\/6102"}],"wp:attachment":[{"href":"https:\/\/fengchashop.com\/fr\/wp-json\/wp\/v2\/media?parent=6101"}],"wp:term":[{"taxonomy":"product_brand","embeddable":true,"href":"https:\/\/fengchashop.com\/fr\/wp-json\/wp\/v2\/product_brand?post=6101"},{"taxonomy":"product_cat","embeddable":true,"href":"https:\/\/fengchashop.com\/fr\/wp-json\/wp\/v2\/product_cat?post=6101"},{"taxonomy":"product_tag","embeddable":true,"href":"https:\/\/fengchashop.com\/fr\/wp-json\/wp\/v2\/product_tag?post=6101"}],"curies":[{"name":"wp","href":"https:\/\/api.w.org\/{rel}","templated":true}]}}