{"id":6052,"date":"2022-02-11T19:13:33","date_gmt":"2022-02-11T18:13:33","guid":{"rendered":"https:\/\/fengchashop.com\/fr\/product\/trametes-versicolor-coriolus-bio-ue-125-g\/"},"modified":"2026-04-18T01:56:27","modified_gmt":"2026-04-17T23:56:27","slug":"trametes-versicolor-coriolus-bio-ue","status":"publish","type":"product","link":"https:\/\/fengchashop.com\/fr\/product\/trametes-versicolor-coriolus-bio-ue\/","title":{"rendered":"Trametes versicolor (Coriolus) BIO UE 125 g"},"content":{"rendered":"<h2><span style=\"color: #000000\">Polypore (Coriolus) bio<\/span><\/h2>\n<p><span style=\"color: #000000\">Le polypore, ou <strong>coriolus<\/strong>, est un champignon m\u00e9dicinal r\u00e9put\u00e9 qui est utilis\u00e9 dans la m\u00e9decine traditionnelle chinoise depuis des si\u00e8cles. Avec le ganoderme, le cordyceps et quelques autres champignons, c\u2019est l&rsquo;un des <strong>champignons m\u00e9dicinaux les plus connus<\/strong> en Slov\u00e9nie. Ses principes actifs pharmacologiques <strong>font l&rsquo;objet de nombreux essais cliniques<\/strong>. Le polypore\u00a0 est un champignon du bois r\u00e9pandu et commun qui se d\u00e9veloppe sur le bois en d\u00e9composition dans le monde entier.\u00a0<\/span><\/p>\n<p><span style=\"color: #000000\">La production de nos champignons polypores est soumise \u00e0 un contr\u00f4le rigoureux, sans utiliser de produits chimiques ou de pesticides, et elle est <strong>100 % biologique<\/strong>. La qualit\u00e9 des champignons est r\u00e9guli\u00e8rement contr\u00f4l\u00e9e par des laboratoires ind\u00e9pendants en Slov\u00e9nie et aux \u00c9tats-Unis.<\/span><\/p>\n<p><span style=\"color: #000000\">Le polypore est compos\u00e9 d&rsquo;une vari\u00e9t\u00e9 de polysaccharides, de vitamines, de sels min\u00e9raux et d&rsquo;antioxydants. Il contient \u00e9galement une grande vari\u00e9t\u00e9 d&rsquo;antioxydants ph\u00e9noliques et flavono\u00efdes, dont on pense qu&rsquo;ils apportent de nombreux bienfaits \u00e0 notre organisme. Deux importants <strong>complexes polysaccharide-prot\u00e9ine<\/strong>, le <strong>PKS<\/strong> (crestine ou polysaccharide K) et le <strong>PSP<\/strong> (peptide polysaccharide) qui le compose, font encore l&rsquo;objet de nombreuses recherches. <\/span><\/p>\n<h2><span style=\"color: #000000\">Emballage<\/span><\/h2>\n<p><span style=\"color: #000000\">Un sac zipp\u00e9 herm\u00e9tique dans lequel le produit conserve toute sa fra\u00eecheur et son ar\u00f4me. L&#8217;emballage prot\u00e8ge le produit de la lumi\u00e8re et de l&rsquo;air, car il est compos\u00e9 de plusieurs couches de protection qui pr\u00e9servent les propri\u00e9t\u00e9s du contenu.<\/span><\/p>\n<p><span style=\"color: #000000\">L&#8217;emballage est tr\u00e8s pratique et recyclable.<\/span><\/p>\n<h2><span style=\"color: #000000\">Origine<\/span><\/h2>\n<p><span style=\"color: #000000\">UE<\/span><\/p>\n","protected":false},"excerpt":{"rendered":"<p align=\"JUSTIFY\">Le polypore, ou <strong>coriolus<\/strong>, est un champignon m\u00e9dicinal r\u00e9put\u00e9 qui est utilis\u00e9 dans la m\u00e9decine traditionnelle chinoise depuis des si\u00e8cles. Avec le ganoderme, le cordyceps et quelques autres champignons, c\u2019est l&rsquo;un des <strong>champignons m\u00e9dicinaux les plus c\u00e9l\u00e8bres<\/strong> de notre pays.<\/p>\n<p>\ud83d\udc9a Qualit\u00e9 sup\u00e9rieure.<br \/>\n\ud83d\udc9a Un produit naturel.<br \/>\n\ud83d\udc9a Extr\u00eamement efficace.<br \/>\n\ud83d\udc9a Super prix.<\/p>\n","protected":false},"featured_media":6053,"comment_status":"open","ping_status":"closed","template":"","meta":{"_acf_changed":false},"product_brand":[],"product_cat":[15,228,226,224,225],"product_tag":[],"class_list":{"0":"post-6052","1":"product","2":"type-product","3":"status-publish","4":"has-post-thumbnail","6":"product_cat-uncategorized","7":"product_cat-champignons-medicinaux","8":"product_cat-meilleures-ventes","9":"product_cat-offre","10":"product_cat-tous-les-produits","12":"first","13":"instock","14":"taxable","15":"shipping-taxable","16":"purchasable","17":"product-type-simple"},"acf":[],"_links":{"self":[{"href":"https:\/\/fengchashop.com\/fr\/wp-json\/wp\/v2\/product\/6052","targetHints":{"allow":["GET"]}}],"collection":[{"href":"https:\/\/fengchashop.com\/fr\/wp-json\/wp\/v2\/product"}],"about":[{"href":"https:\/\/fengchashop.com\/fr\/wp-json\/wp\/v2\/types\/product"}],"replies":[{"embeddable":true,"href":"https:\/\/fengchashop.com\/fr\/wp-json\/wp\/v2\/comments?post=6052"}],"wp:featuredmedia":[{"embeddable":true,"href":"https:\/\/fengchashop.com\/fr\/wp-json\/wp\/v2\/media\/6053"}],"wp:attachment":[{"href":"https:\/\/fengchashop.com\/fr\/wp-json\/wp\/v2\/media?parent=6052"}],"wp:term":[{"taxonomy":"product_brand","embeddable":true,"href":"https:\/\/fengchashop.com\/fr\/wp-json\/wp\/v2\/product_brand?post=6052"},{"taxonomy":"product_cat","embeddable":true,"href":"https:\/\/fengchashop.com\/fr\/wp-json\/wp\/v2\/product_cat?post=6052"},{"taxonomy":"product_tag","embeddable":true,"href":"https:\/\/fengchashop.com\/fr\/wp-json\/wp\/v2\/product_tag?post=6052"}],"curies":[{"name":"wp","href":"https:\/\/api.w.org\/{rel}","templated":true}]}}