{"id":6051,"date":"2022-02-11T18:42:21","date_gmt":"2022-02-11T17:42:21","guid":{"rendered":"https:\/\/fengchashop.com\/fr\/product\/hericium-erinaceus-hydne-herisson-bio-125-g\/"},"modified":"2026-04-16T21:13:35","modified_gmt":"2026-04-16T19:13:35","slug":"hericium-erinaceus-hydne-herisson-bio","status":"publish","type":"product","link":"https:\/\/fengchashop.com\/fr\/product\/hericium-erinaceus-hydne-herisson-bio\/","title":{"rendered":"Hericium erinaceus BIO UE origine 125 g"},"content":{"rendered":"<h2><span style=\"color: #000000\">Hericium erinaceus (hydne h\u00e9risson)<\/span><\/h2>\n<p><span style=\"color: #000000\"><strong>L&rsquo;hericium erinaceus<\/strong>, ou <strong>hydne h\u00e9risson<\/strong>, est un champignon comestible et m\u00e9dicinal extr\u00eamement savoureux et tr\u00e8s pris\u00e9. Il pousse sur le bois des arbres morts, principalement dans l&rsquo;h\u00e9misph\u00e8re nord (Europe, Asie orientale, Am\u00e9rique du Nord). Il a une forme et une texture distinctives, ce qui le fait ressembler \u00e0 une barbe, et m\u00eame \u00e0 une crini\u00e8re de lion. Il est tr\u00e8s appr\u00e9ci\u00e9 dans la m\u00e9decine traditionnelle pour son action et est appel\u00e9 \u00ab <strong>nourriture naturelle pour les neurones<\/strong> \u00bb. Il convient donc \u00e9galement <strong>aux syst\u00e8mes nerveux affaiblis<\/strong>. Sa consommation r\u00e9guli\u00e8re a un effet b\u00e9n\u00e9fique sur le syst\u00e8me nerveux, contribuant \u00e0 pr\u00e9venir et \u00e0 traiter la d\u00e9mence et la scl\u00e9rose en plaques. Ses propri\u00e9t\u00e9s positives se refl\u00e8tent \u00e9galement dans sa lutte contre deux maladies contemporaines de plus en plus courantes : la d\u00e9pression et l&rsquo;anxi\u00e9t\u00e9. <\/span><\/p>\n<p><span style=\"color: #000000\">L\u2019hydne h\u00e9risson est utilis\u00e9 <strong>depuis longtemps<\/strong> dans la m\u00e9decine traditionnelle chinoise et est un <strong>champignon tr\u00e8s pris\u00e9<\/strong>.<\/span><\/p>\n<p><span style=\"color: #000000\">Sous forme de poudre, l\u2019hericium erinaceus contient de nombreux nutriments. Et sous cette forme, notre corps peut en b\u00e9n\u00e9ficier. Ses bienfaits ont \u00e9galement \u00e9t\u00e9 <strong>d\u00e9montr\u00e9s scientifiquement<\/strong>. <\/span><\/p>\n<p><span style=\"color: #000000\">La production de notre hericum erinaceus est soumise \u00e0 un contr\u00f4le rigoureux, sans utiliser de produits chimiques ou de pesticides, et elle est 100 % biologique. La qualit\u00e9 des champignons est r\u00e9guli\u00e8rement contr\u00f4l\u00e9e par des laboratoires ind\u00e9pendants en Slov\u00e9nie et aux \u00c9tats-Unis.<\/span><\/p>\n<p><span style=\"color: #000000\">Les nombreux effets positifs du champignon sont les suivants :<\/span><\/p>\n<p><span style=\"color: #000000\"> \ud83d\udc9a c\u2019est un antioxydant,<\/span><\/p>\n<p><span style=\"color: #000000\"> \ud83d\udc9a il aide \u00e0 lutter contre la d\u00e9pression et l&rsquo;anxi\u00e9t\u00e9,<\/span><\/p>\n<p><span style=\"color: #000000\"> \ud83d\udc9a il am\u00e9liore le sommeil,<\/span><\/p>\n<p><span style=\"color: #000000\"> \ud83d\udc9a il am\u00e9liore les fonctions de la m\u00e9moire,<\/span><\/p>\n<p><span style=\"color: #000000\"> \ud83d\udc9a il stimule le syst\u00e8me immunitaire,<\/span><\/p>\n<p><span style=\"color: #000000\"> \ud83d\udc9a il a un effet b\u00e9n\u00e9fique sur l&rsquo;ensemble du syst\u00e8me nerveux et favorise sa r\u00e9g\u00e9n\u00e9ration,<\/span><\/p>\n<p><span style=\"color: #000000\"> \ud83d\udc9a il aide \u00e0 lutter contre les maladies cardiovasculaires et \u00e0 les pr\u00e9venir,<\/span><\/p>\n<p><span style=\"color: #000000\"> \ud83d\udc9a il est antibact\u00e9rien.<\/span><\/p>\n<h2><span style=\"color: #000000\">Que contient ce champignon et \u00e0 qui s&rsquo;adresse-t-il ?<\/span><\/h2>\n<p><span style=\"color: #000000\">Les composants actifs de l&rsquo;hericum erinaceus comprennent des <strong>b\u00e9taglucanes<\/strong>, typiques des champignons. L&rsquo;HEP3 est l&rsquo;un des 1-3D-b\u00eata-glucanes les plus int\u00e9ressants sur le plan pharmacologique. On trouve \u00e9galement des <strong>polysaccharides<\/strong> et des <strong>polypeptides<\/strong> dans les champignons, ainsi que des <strong>phytost\u00e9rols<\/strong> tels que le b\u00eata sitost\u00e9rol et l&rsquo;ergost\u00e9rol, des min\u00e9raux essentiels et des <strong>oligo-\u00e9l\u00e9ments<\/strong> (Zn, Fe, Se, Ge, etc.), de la <strong>niacine<\/strong>, de la <strong>biotine<\/strong> et de la <strong>vitamine D<\/strong>.<\/span><\/p>\n<p><span style=\"color: #000000\">En raison de sa composition en acides amin\u00e9s de qualit\u00e9, l\u2019hydne h\u00e9risson a la <strong>valeur biologique la plus \u00e9lev\u00e9e<\/strong> par rapport aux autres champignons comestibles (champignons blancs, pleurotes en hu\u00eetre et shiitake) et constitue donc un <strong>bon substitut de la viande<\/strong> dans un r\u00e9gime v\u00e9g\u00e9tarien.<\/span><\/p>\n<p><span style=\"color: #000000\">Tous les \u00e9l\u00e9ments contenus dans les champignons sont pr\u00e9sents en grande quantit\u00e9 et ont un effet tr\u00e8s positif sur notre organisme. L&rsquo;utilisation de l\u2019hydne h\u00e9risson est particuli\u00e8rement recommand\u00e9e pour les personnes ayant besoin de soutien au niveau de leur syst\u00e8me nerveux et de leur fonction c\u00e9r\u00e9brale. D\u2019apr\u00e8s les r\u00e9sultats scientifiques, il est \u00e9galement excellent pour les sympt\u00f4mes de la d\u00e9pression et de l&rsquo;anxi\u00e9t\u00e9. Il est \u00e9galement souvent utilis\u00e9 pour renforcer le syst\u00e8me immunitaire. <\/span><\/p>\n<p><span style=\"color: #000000\">Et ce qui est extr\u00eamement important ici, c&rsquo;est que l\u2019hericium erinaceus est un <strong>produit 100 % naturel<\/strong> qui peut nous aider de mani\u00e8re naturelle. Il am\u00e9liore les sympt\u00f4mes de nos maladies et a un effet positif sur notre bien-\u00eatre g\u00e9n\u00e9ral.<\/span><\/p>\n<h2><span style=\"color: #000000\">Pourquoi des champignons ?<\/span><\/h2>\n<p><span style=\"color: #000000\">Les champignons sont tr\u00e8s int\u00e9ressants. Ce ne sont ni des plantes ni des animaux, mais ce sont des organismes assur\u00e9ment extraordinaires qui ont r\u00e9ussi \u00e0 survivre depuis la nuit des temps. Ils ont d\u00e9velopp\u00e9 une strat\u00e9gie de survie sp\u00e9cifique qui leur a permis de survivre jusqu&rsquo;\u00e0 nos jours. Mais nous pouvons \u00e9galement tirer partie de ces bienfaits en consommant des champignons m\u00e9dicinaux. Ils nous apportent un \u00e9quilibre au niveau physique et nous prot\u00e8gent de nombreuses maladies. Ils peuvent \u00eatre pr\u00e9ventifs, mais aussi curatifs, en compl\u00e9ment des traitements conventionnels ou non conventionnels pour de nombreuses maladies (modernes). Traditionnellement, on attribue aux champignons des effets pour lutter contre le cancer, les maladies auto-immunes et les allergies. Ils sont \u00e9galement b\u00e9n\u00e9fiques pour une r\u00e9ponse immunitaire saine et forte. Le fait est que les recherches m\u00e9dicales men\u00e9es au cours des derni\u00e8res d\u00e9cennies, lorsque les champignons ont commenc\u00e9 \u00e0 susciter l&rsquo;int\u00e9r\u00eat du monde occidental, ont confirm\u00e9 nombre de leurs effets th\u00e9rapeutiques. <\/span><\/p>\n<p><span style=\"color: #000000\">Comme certains principes actifs naturels sont impossibles ou difficiles \u00e0 dig\u00e9rer pour nous, il est tr\u00e8s important de ne consommer que les meilleures poudres de champignons. Les champignons doivent \u00eatre cultiv\u00e9s, s\u00e9ch\u00e9s et pr\u00e9par\u00e9s correctement. Ils doivent \u00eatre moulus jusqu&rsquo;\u00e0 obtenir une poudre fine sans grumeaux. La couleur de la poudre est plus claire, mais cela d\u00e9pend aussi du type de champignon que vous consommez. Les champignons sont aussi efficaces pr\u00e9cis\u00e9ment parce qu&rsquo;ils ont la capacit\u00e9 d&rsquo;absorber tout ce qui se trouve dans l&rsquo;environnement, que ce soit bon ou mauvais ; c\u2019est pourquoi il est important d&rsquo;utiliser des champignons biologiques.<\/span><\/p>\n<h2><span style=\"color: #000000\">Emballage<\/span><\/h2>\n<p><span style=\"color: #000000\">Un sac zipp\u00e9 herm\u00e9tique dans lequel le produit conserve toute sa fra\u00eecheur et son ar\u00f4me. L&#8217;emballage prot\u00e8ge le produit de la lumi\u00e8re et de l&rsquo;air, car il est compos\u00e9 de plusieurs couches de protection qui pr\u00e9servent les propri\u00e9t\u00e9s du contenu.<\/span><\/p>\n<p><span style=\"color: #000000\">L&#8217;emballage est tr\u00e8s pratique et recyclable.<\/span><\/p>\n<h2><span style=\"color: #000000\">Stockage et avertissements<\/span><\/h2>\n<p><span style=\"color: #000000\">Conservez-le dans un endroit frais et sec. Conservez le compl\u00e9ment alimentaire hors de port\u00e9e des enfants!<\/span><\/p>\n<p><span style=\"color: #000000\">N&rsquo;oubliez pas l&rsquo;importance d&rsquo;une alimentation vari\u00e9e et d&rsquo;un mode de vie sain ; un compl\u00e9ment alimentaire ne remplace pas une alimentation \u00e9quilibr\u00e9e et vari\u00e9e. Ne d\u00e9passez pas la quantit\u00e9 ou la dose quotidienne recommand\u00e9e. Il est toujours conseill\u00e9 aux femmes enceintes et qui allaitent de consulter un m\u00e9decin avant utilisation.<\/span><\/p>\n<h2><span style=\"color: #000000\">Bon \u00e0 savoir<\/span><\/h2>\n<p><span style=\"color: #000000\">Le produit convient \u00e9galement aux animaux. Dans la plupart des cas, les champignons m\u00e9dicinaux s&rsquo;av\u00e8rent extr\u00eamement efficaces pour renforcer le syst\u00e8me immunitaire, traiter les allergies et les troubles cutan\u00e9s, ainsi que les infections virales et bact\u00e9riennes. Veuillez consulter votre v\u00e9t\u00e9rinaire avant utilisation afin de d\u00e9terminer les conditions d&rsquo;administration et la quantit\u00e9 quotidienne recommand\u00e9e.<\/span><\/p>\n<h2><span style=\"color: #000000\">Origine<\/span><\/h2>\n<p><span style=\"color: #000000\">UE<\/span><\/p>\n","protected":false},"excerpt":{"rendered":"<p align=\"JUSTIFY\"><strong>L&rsquo;hericium erinaceus<\/strong>, ou <strong>hydne h\u00e9risson<\/strong>, est un champignon comestible et m\u00e9dicinal extr\u00eamement savoureux et tr\u00e8s pris\u00e9. Il est tr\u00e8s appr\u00e9ci\u00e9 dans la m\u00e9decine traditionnelle pour son action et est appel\u00e9 \u00ab <strong>nourriture naturelle pour les neurones<\/strong> \u00bb. Il convient donc \u00e9galement <strong>aux syst\u00e8mes nerveux affaiblis<\/strong>.<\/p>\n<p>\ud83d\udc9a Il agit comme un antioxydant.<br \/>\n\ud83d\udc9a Il aide \u00e0 lutter contre la d\u00e9pression et l&rsquo;anxi\u00e9t\u00e9<br \/>\n\ud83d\udc9a Am\u00e9liore la fonction de m\u00e9moire.<br \/>\n\ud83d\udc9a Il stimule le syst\u00e8me immunitaire.<br \/>\n\ud83d\udc9a Il a un effet b\u00e9n\u00e9fique sur l&rsquo;ensemble du syst\u00e8me nerveux.<\/p>\n","protected":false},"featured_media":5945,"comment_status":"open","ping_status":"closed","template":"","meta":{"_acf_changed":false},"product_brand":[],"product_cat":[15,228,226,224,225],"product_tag":[],"class_list":{"0":"post-6051","1":"product","2":"type-product","3":"status-publish","4":"has-post-thumbnail","6":"product_cat-uncategorized","7":"product_cat-champignons-medicinaux","8":"product_cat-meilleures-ventes","9":"product_cat-offre","10":"product_cat-tous-les-produits","12":"first","13":"instock","14":"sale","15":"taxable","16":"shipping-taxable","17":"purchasable","18":"product-type-simple"},"acf":[],"_links":{"self":[{"href":"https:\/\/fengchashop.com\/fr\/wp-json\/wp\/v2\/product\/6051","targetHints":{"allow":["GET"]}}],"collection":[{"href":"https:\/\/fengchashop.com\/fr\/wp-json\/wp\/v2\/product"}],"about":[{"href":"https:\/\/fengchashop.com\/fr\/wp-json\/wp\/v2\/types\/product"}],"replies":[{"embeddable":true,"href":"https:\/\/fengchashop.com\/fr\/wp-json\/wp\/v2\/comments?post=6051"}],"wp:featuredmedia":[{"embeddable":true,"href":"https:\/\/fengchashop.com\/fr\/wp-json\/wp\/v2\/media\/5945"}],"wp:attachment":[{"href":"https:\/\/fengchashop.com\/fr\/wp-json\/wp\/v2\/media?parent=6051"}],"wp:term":[{"taxonomy":"product_brand","embeddable":true,"href":"https:\/\/fengchashop.com\/fr\/wp-json\/wp\/v2\/product_brand?post=6051"},{"taxonomy":"product_cat","embeddable":true,"href":"https:\/\/fengchashop.com\/fr\/wp-json\/wp\/v2\/product_cat?post=6051"},{"taxonomy":"product_tag","embeddable":true,"href":"https:\/\/fengchashop.com\/fr\/wp-json\/wp\/v2\/product_tag?post=6051"}],"curies":[{"name":"wp","href":"https:\/\/api.w.org\/{rel}","templated":true}]}}