{"id":5816,"date":"2022-01-21T05:20:50","date_gmt":"2022-01-21T04:20:50","guid":{"rendered":"https:\/\/fengchashop.com\/fr\/product\/zeolithe-500-g\/"},"modified":"2026-04-18T08:50:50","modified_gmt":"2026-04-18T06:50:50","slug":"zeolithe","status":"publish","type":"product","link":"https:\/\/fengchashop.com\/fr\/product\/zeolithe\/","title":{"rendered":"Z\u00e9olithe 500 g"},"content":{"rendered":"<h2><span style=\"color: #000000\">Poudre de z\u00e9olithe clinoptilolite<\/span><\/h2>\n<p><span style=\"color: #000000\">La z\u00e9olithe, roche volcanique, est l&rsquo;un des <strong>produits d\u00e9tox naturels les plus puissants au monde<\/strong>. La z\u00e9olithe de roche naturelle, sous la forme du min\u00e9ral volcanique comestible clinoptilolite, <strong>aide \u00e0 d\u00e9barrasser<\/strong> l&rsquo;organisme <strong>des<\/strong> toxines environnementales et alimentaires.<\/span><\/p>\n<p><span style=\"color: #000000\">Form\u00e9e lors d&rsquo;importantes \u00e9ruptions volcaniques, elle a la <strong>capacit\u00e9 de se fixer aux poisons<\/strong>, aux r\u00e9sidus de pesticides et aux m\u00e9taux lourds. Elle peut \u00e9galement constituer une excellente alternative \u00e0 certains m\u00e9dicaments. Il existe plusieurs types de z\u00e9olithes, dont la forme cristalline activ\u00e9e, la <strong>clinoptilolite<\/strong>, est la <strong>plus appr\u00e9ci\u00e9e et la plus \u00e9tudi\u00e9e<\/strong>. Les cristaux contiennent des min\u00e9raux vitaux : sodium, calcium, potassium, magn\u00e9sium, fer et autres \u00e9l\u00e9ments.<\/span><\/p>\n<p><span style=\"color: #000000\">La z\u00e9olithe poss\u00e8de une propri\u00e9t\u00e9 particuli\u00e8re due \u00e0 l&rsquo;\u00e9change d&rsquo;ions n\u00e9gatifs. La z\u00e9olithe clinoptilolite <strong>est utilis\u00e9e pour \u00e9liminer les poisons et les substances nocives<\/strong> qui nous d\u00e9robent notre \u00e9nergie : le plomb, l\u2019arsenic, le cadmium, le nickel, l\u2019uranium, le mercure, l\u2019ammoniac, etc. Mais aussi des r\u00e9sidus de m\u00e9dicaments, des bact\u00e9ries et des virus pathog\u00e8nes.<\/span><\/p>\n<p><span style=\"color: #000000\">La z\u00e9olithe est <strong>d\u00e9j\u00e0 activ\u00e9e<\/strong> par un proc\u00e9d\u00e9 sp\u00e9cifique. Plus pr\u00e9cis\u00e9ment, elle est chauff\u00e9e \u00e0 250-400 degr\u00e9s Celsius. Elle est ensuite broy\u00e9e plusieurs fois \u00e0 l&rsquo;aide de moulins \u00e0 pierres pour obtenir la granulation souhait\u00e9e. C&rsquo;est <strong>seulement 5 \u00b5m<\/strong>. C\u2019est nettement moins que pour la plupart des autres z\u00e9olithes disponibles sur le march\u00e9.<\/span><\/p>\n<p><img decoding=\"async\" class=\"aligncenter wp-image-5838 \" src=\"https:\/\/fengchashop.com\/fr\/wp-content\/uploads\/2025\/07\/11-1.jpg\" alt=\"\" width=\"626\" height=\"524\" \/><\/p>\n<h2><span style=\"color: #000000\">Effets <\/span><\/h2>\n<p><span style=\"color: #000000\">\ud83d\udc9a Elle poss\u00e8de une remarquable capacit\u00e9 \u00e0 purifier le corps et \u00e0 r\u00e9\u00e9quilibrer l&rsquo;ensemble de l&rsquo;organisme en :<\/span><\/p>\n<p><span style=\"color: #000000\">\ud83d\udc9a Augmentant les <strong>capacit\u00e9s personnelles<\/strong> relatives au travail et au sport<\/span><\/p>\n<p><span style=\"color: #000000\">\ud83d\udc9a Renfor\u00e7ant le <strong>syst\u00e8me immunitaire<\/strong> et en prot\u00e9geant contre les radicaux libres<\/span><\/p>\n<p><span style=\"color: #000000\"><strong>\ud83d\udc9a Am\u00e9liorant l&rsquo;\u00e9nergie<\/strong> et \u00e9liminant l&rsquo;\u00e9puisement<\/span><\/p>\n<p><span style=\"color: #000000\"><strong>\ud83d\udc9a Rajeunissant<\/strong>: elle est utilis\u00e9e pour rendre la peau plus nette et plus belle<\/span><\/p>\n<p><span style=\"color: #000000\">\ud83d\udc9a Elle aide \u00e0 lutter contre <strong>l&rsquo;hypertension<\/strong>, le cholest\u00e9rol et l&rsquo;hyperglyc\u00e9mie<\/span><\/p>\n<p><span style=\"color: #000000\">\ud83d\udc9a Elle aide \u00e0 lutter contre les <strong>maladies du foie, de l&rsquo;estomac et des intestins<\/strong><\/span><\/p>\n<p><span style=\"color: #000000\">\ud83d\udc9a Elle aide \u00e0 la <strong>cicatrisation des plaies<\/strong> et \u00e0 lutter contre les maladies de la peau (herp\u00e8s)<\/span><\/p>\n<p><span style=\"color: #000000\">\ud83d\udc9a Elle aide \u00e0 r\u00e9soudre les <strong>probl\u00e8mes li\u00e9s \u00e0 la m\u00e9nopause<\/strong><\/span><\/p>\n<p><span style=\"color: #000000\">\ud83d\udc9a Elle pr\u00e9vient les <strong>remont\u00e9es acides<\/strong> et \u00e9quilibre les acides et les bases<\/span><\/p>\n<p><span style=\"color: #000000\">\ud83d\udc9a Elle r\u00e9duit les effets secondaires de la <strong>chimioth\u00e9rapie<\/strong><\/span><\/p>\n<p>&nbsp;<\/p>\n<p><img decoding=\"async\" class=\"aligncenter wp-image-5839 \" src=\"https:\/\/fengchashop.com\/fr\/wp-content\/uploads\/2025\/07\/10-1.jpg\" alt=\"\" width=\"659\" height=\"552\" \/><\/p>\n<h2><span style=\"color: #000000\">Pourquoi acheter notre z\u00e9olithe ?<\/span><\/h2>\n<p><span style=\"color: #000000\">\ud83d\udc9a Notre z\u00e9olithe min\u00e9rale volcanique est <strong>100 % naturelle et exempte d&rsquo;additifs artificiels<\/strong>. <\/span><\/p>\n<p><span style=\"color: #000000\">\ud83d\udc9a La z\u00e9olithe est d\u00e9j\u00e0 <strong>activ\u00e9e<\/strong>.<\/span><\/p>\n<p><span style=\"color: #000000\">\ud83d\udc9a La granulation n&rsquo;est que de <strong>5 \u00b5m<\/strong>.<\/span><\/p>\n<p><span style=\"color: #000000\">\ud83d\udc9a Nous offrons une <strong>garantie de satisfaction \u00e0 100 %<\/strong>.<\/span><\/p>\n<p><span style=\"color: #000000\">\ud83d\udc9a Nous proposons un <strong>excellent prix<\/strong>, surtout par paquet de kg.<\/span><\/p>\n<p><span style=\"color: #000000\">\ud83d\udc9a Le produit a une <strong>dur\u00e9e de conservation illimit\u00e9e<\/strong>.<\/span><\/p>\n<p><img decoding=\"async\" class=\"aligncenter wp-image-5840 \" src=\"https:\/\/fengchashop.com\/fr\/wp-content\/uploads\/2025\/07\/7-1.jpg\" alt=\"\" width=\"651\" height=\"546\" \/><\/p>\n<h2><span style=\"color: #000000\">Emballage<\/span><\/h2>\n<p><span style=\"color: #000000\">Un sac zipp\u00e9 herm\u00e9tique dans lequel le produit conserve toute sa fra\u00eecheur et son ar\u00f4me. L&#8217;emballage prot\u00e8ge le produit de la lumi\u00e8re et de l&rsquo;air, car il est compos\u00e9 de plusieurs couches de protection qui pr\u00e9servent les propri\u00e9t\u00e9s du contenu.<\/span><\/p>\n<p><span style=\"color: #000000\">L&#8217;emballage est tr\u00e8s pratique et recyclable.<\/span><\/p>\n<h2><span style=\"color: #000000\">Stockage et avertissements<\/span><\/h2>\n<p><span style=\"color: #000000\">Conservez-le dans un endroit frais et sec.<\/span><\/p>\n<h2><span style=\"color: #000000\">Origine<\/span><\/h2>\n<p><span style=\"color: #000000\">UE<\/span><\/p>\n<h2><span style=\"color: #000000\">Certificats<\/span><\/h2>\n<p><span style=\"color: #000000\">Nous disposons d&rsquo;analyses de m\u00e9taux lourds, d&rsquo;analyses radioactives et d&rsquo;autres analyses chimiques n\u00e9cessaires. Le produit est s\u00fbr selon tous ces crit\u00e8res.<\/span><\/p>\n<h2><span style=\"color: #000000\">La z\u00e9olithe est-elle activ\u00e9e ?<\/span><\/h2>\n<p><span style=\"color: #000000\">Exactement. La z\u00e9olithe est d\u00e9j\u00e0 <strong>activ\u00e9e<\/strong>. Cela signifie que vous pouvez la m\u00e9langer \u00e0 de l&rsquo;eau et la boire imm\u00e9diatement. Notre z\u00e9olithe b\u00e9n\u00e9ficie \u00e9galement d&rsquo;un processus d&rsquo;activation sp\u00e9cial. Plus pr\u00e9cis\u00e9ment, elle est chauff\u00e9e \u00e0 250 &#8211; 400 degr\u00e9s Celsius. Elle est ensuite broy\u00e9e plusieurs fois \u00e0 l&rsquo;aide de moulins \u00e0 pierres pour obtenir la granulation souhait\u00e9e. C&rsquo;est <strong>seulement 5 \u00b5m<\/strong>. C\u2019est beaucoup moins que pour la plupart des autres z\u00e9olithes disponibles sur le march\u00e9.<\/span><\/p>\n<h2><span style=\"color: #000000\">La z\u00e9olithe poss\u00e8de-t-elle des certificats ?<\/span><\/h2>\n<p><span style=\"color: #000000\">Nous disposons d&rsquo;<strong>analyses de m\u00e9taux lourds, d&rsquo;analyses radioactives et d&rsquo;autres analyses chimiques n\u00e9cessaires<\/strong>. Le produit est s\u00fbr selon tous ces crit\u00e8res. La z\u00e9olithe est \u00e9galement en passe d&rsquo;obtenir la certification CE. Cela pourrait arriver d\u00e8s cette ann\u00e9e.<\/span><\/p>\n<p><img decoding=\"async\" class=\"alignleft wp-image-5841 \" src=\"https:\/\/fengchashop.com\/fr\/wp-content\/uploads\/2025\/07\/9-1.jpg\" alt=\"\" width=\"511\" height=\"428\" \/> <img decoding=\"async\" class=\"alignright wp-image-5842 \" src=\"https:\/\/fengchashop.com\/fr\/wp-content\/uploads\/2025\/07\/8-1.jpg\" alt=\"\" width=\"510\" height=\"428\" \/><\/p>\n","protected":false},"excerpt":{"rendered":"<p>La z\u00e9olithe, roche volcanique, est l&rsquo;un des <strong>produits d\u00e9tox naturels les plus puissants au monde<\/strong>. La z\u00e9olithe de roche naturelle, sous la forme du min\u00e9ral volcanique comestible clinoptilolite, aide \u00e0 d\u00e9barrasser l&rsquo;organisme des toxines environnementales et alimentaires. En consommant cette pr\u00e9cieuse roche, <strong>nous gagnons en force pour la vie quotidienne, le travail et le sport<\/strong>.<\/p>\n<p>\ud83d\udc9a Il poss\u00e8de une remarquable capacit\u00e9 \u00e0 nettoyer le corps et \u00e0 r\u00e9tablir l&rsquo;\u00e9quilibre de tout l&rsquo;organisme.<br \/>\n\ud83d\udc9a Augmente la capacit\u00e9 personnelle de travail et de sport.<br \/>\n\ud83d\udc9a Il renforce le syst\u00e8me immunitaire et prot\u00e8ge contre les radicaux libres.<br \/>\n\ud83d\udc9a Am\u00e9liore l&rsquo;\u00e9nergie et \u00e9limine l&rsquo;\u00e9puisement.<br \/>\n\ud83d\udc9a Il a un effet positif sur une s\u00e9rie de probl\u00e8mes de sant\u00e9.<\/p>\n","protected":false},"featured_media":5822,"comment_status":"open","ping_status":"closed","template":"","meta":{"_acf_changed":false},"product_brand":[],"product_cat":[15,226,224,225,227],"product_tag":[],"class_list":{"0":"post-5816","1":"product","2":"type-product","3":"status-publish","4":"has-post-thumbnail","6":"product_cat-uncategorized","7":"product_cat-meilleures-ventes","8":"product_cat-offre","9":"product_cat-tous-les-produits","10":"product_cat-zeolite","12":"first","13":"instock","14":"sale","15":"taxable","16":"shipping-taxable","17":"purchasable","18":"product-type-simple"},"acf":[],"_links":{"self":[{"href":"https:\/\/fengchashop.com\/fr\/wp-json\/wp\/v2\/product\/5816","targetHints":{"allow":["GET"]}}],"collection":[{"href":"https:\/\/fengchashop.com\/fr\/wp-json\/wp\/v2\/product"}],"about":[{"href":"https:\/\/fengchashop.com\/fr\/wp-json\/wp\/v2\/types\/product"}],"replies":[{"embeddable":true,"href":"https:\/\/fengchashop.com\/fr\/wp-json\/wp\/v2\/comments?post=5816"}],"wp:featuredmedia":[{"embeddable":true,"href":"https:\/\/fengchashop.com\/fr\/wp-json\/wp\/v2\/media\/5822"}],"wp:attachment":[{"href":"https:\/\/fengchashop.com\/fr\/wp-json\/wp\/v2\/media?parent=5816"}],"wp:term":[{"taxonomy":"product_brand","embeddable":true,"href":"https:\/\/fengchashop.com\/fr\/wp-json\/wp\/v2\/product_brand?post=5816"},{"taxonomy":"product_cat","embeddable":true,"href":"https:\/\/fengchashop.com\/fr\/wp-json\/wp\/v2\/product_cat?post=5816"},{"taxonomy":"product_tag","embeddable":true,"href":"https:\/\/fengchashop.com\/fr\/wp-json\/wp\/v2\/product_tag?post=5816"}],"curies":[{"name":"wp","href":"https:\/\/api.w.org\/{rel}","templated":true}]}}