{"id":3987,"date":"2025-03-11T17:29:15","date_gmt":"2025-03-11T16:29:15","guid":{"rendered":"https:\/\/test-fengcha.dweb.si\/?page_id=3987"},"modified":"2026-02-24T12:27:23","modified_gmt":"2026-02-24T11:27:23","slug":"livraison-paiements","status":"publish","type":"page","link":"https:\/\/fengchashop.com\/fr\/livraison-paiements\/","title":{"rendered":"Livraison &#8211; Paiements"},"content":{"rendered":"<div class=\"wpb-content-wrapper\"><p>[vc_row][vc_column][vc_row_inner][vc_column_inner][vc_column_text css=\u00a0\u00bb\u00a0\u00bb]<\/p>\r\n<h2 class=\"wp-block-heading\">\u00c0 combien s\u2019\u00e9l\u00e8vent les frais d&rsquo;exp\u00e9dition ?<\/h2>\r\n<p><!-- \/wp:post-content -->\u00a0<\/p>\r\n<!-- wp:list -->\r\n<ul class=\"wp-block-list\">\r\n<li style=\"list-style-type: none;\">\r\n<ul class=\"wp-block-list\"><!-- wp:list-item -->\r\n<li>Livraison par le transporteur GLS : pour les achats dont le montant est <strong>inf\u00e9rieur ou \u00e9gal \u00e0 58,99 \u20ac<\/strong>, les frais de <strong>port <\/strong>sont de <strong>5,90 \u20ac<\/strong>.<\/li>\r\n<li>Livraison par le transporteur Collisimo : pour les achats dont le montant est <strong>inf\u00e9rieur ou \u00e9gal \u00e0 58,99 \u20ac<\/strong>, les frais de <strong>port <\/strong>sont de <strong>5,90 \u20ac<\/strong>.<\/li>\r\n<li>Livraison par le transporteur Colis Priv\u00e9 : pour les achats dont le montant est <strong>inf\u00e9rieur ou \u00e9gal \u00e0 58,99 \u20ac<\/strong>, les frais de <strong>port <\/strong>sont de <strong>4,90 \u20ac<\/strong>.<\/li>\r\n<!-- \/wp:list-item -->\r\n\r\n<!-- wp:list-item -->\r\n<li>Pour les achats dont le montant est <strong>sup\u00e9rieur \u00e0 59,00 \u20ac<\/strong>, nous offrons la <strong>livraison gratuite.*<\/strong><\/li>\r\n<\/ul>\r\n<\/li>\r\n<\/ul>\r\n<!-- \/wp:list-item --><!-- \/wp:list -->\r\n<p><!-- wp:paragraph --><strong>Livraison gratuite pour les achats dont le montant est sup\u00e9rieur \u00e0 59,00 \u20ac<\/strong><\/p>\r\n<p><!-- \/wp:paragraph -->\u00a0<\/p>\r\n<!-- wp:heading -->\r\n<h2 class=\"wp-block-heading\">Comment puis-je effectuer le paiement ?<\/h2>\r\n<p><!-- \/wp:heading -->\u00a0<\/p>\r\n<!-- wp:heading {\"level\":4} -->\r\n<h4 class=\"wp-block-heading\">Paypal<\/h4>\r\n<p><!-- \/wp:heading -->\u00a0<\/p>\r\n<!-- wp:heading {\"level\":4} -->\r\n<h4 class=\"wp-block-heading\">Carte bancaire<\/h4>\r\n<p><!-- \/wp:heading -->\u00a0<\/p>\r\n<!-- wp:heading -->\r\n<h2 class=\"wp-block-heading\">Comment effectuer un achat ?<\/h2>\r\n<p><!-- \/wp:heading -->\u00a0<\/p>\r\n<!-- wp:list -->\r\n<ul class=\"wp-block-list\">\r\n<li style=\"list-style-type: none;\">\r\n<ul class=\"wp-block-list\"><!-- wp:list-item -->\r\n<li>En <strong>trois \u00e9tapes simples<\/strong> : ajouter des articles \u00e0 votre panier, confirmer votre achat et remplir des formulaires simples.<\/li>\r\n<!-- \/wp:list-item -->\r\n\r\n<!-- wp:list-item -->\r\n<li>Par e-mail:<strong> info@fengchashop.com<\/strong><\/li>\r\n<\/ul>\r\n<\/li>\r\n<\/ul>\r\n<p><!-- \/wp:list-item --><!-- \/wp:list -->\u00a0<\/p>\r\n<!-- wp:heading -->\r\n<h2 class=\"wp-block-heading\">Quand recevrai-je ma commande?<\/h2>\r\n<p><!-- \/wp:heading -->\u00a0<\/p>\r\n<!-- wp:list -->\r\n<ul class=\"wp-block-list\">\r\n<li style=\"list-style-type: none;\">\r\n<ul class=\"wp-block-list\"><!-- wp:list-item -->\r\n<li>Toutes les commandes pass\u00e9es avant 10h00 sont exp\u00e9di\u00e9es le jour m\u00eame s\u2019il s\u2019agit d\u2019un jour ouvrable. Le colis devrait arriver \u00e0 votre adresse dans les jours qui suivent.<\/li>\r\n<!-- \/wp:list-item -->\r\n\r\n<!-- wp:list-item -->\r\n<li>Si, exceptionnellement, nous n&rsquo;avons pas le produit que vous avez command\u00e9 en stock, nous vous informerons par e-mail de la date de livraison pr\u00e9vue.<\/li>\r\n<!-- \/wp:list-item -->\r\n\r\n<!-- wp:list-item -->\r\n<li>Tous les envois sont livr\u00e9s de mani\u00e8re fiable par GLS ou par courrier recommand\u00e9.<\/li>\r\n<\/ul>\r\n<\/li>\r\n<\/ul>\r\n<!-- \/wp:list-item --><!-- \/wp:list -->\r\n<p><!-- wp:paragraph --><strong>Livraison fiable et rapide par le transporteur GLS ou par courrier recommand\u00e9.<\/strong><\/p>\r\n<!-- \/wp:paragraph -->\r\n<p>&nbsp;<\/p>\r\n<p>[\/vc_column_text][\/vc_column_inner][\/vc_row_inner][\/vc_column][\/vc_row]<\/p><\/div>","protected":false},"excerpt":{"rendered":"<p>[vc_row][vc_column][vc_row_inner][vc_column_inner][vc_column_text css=\u00a0\u00bb\u00a0\u00bb] \u00c0 combien s\u2019\u00e9l\u00e8vent les frais d&rsquo;exp\u00e9dition ? \u00a0 Livraison par le transporteur GLS : pour les achats dont le montant est inf\u00e9rieur ou \u00e9gal \u00e0 58,99 \u20ac, les frais de port sont de 5,90 \u20ac. Livraison par le transporteur Collisimo : pour les achats dont le montant est inf\u00e9rieur ou \u00e9gal \u00e0 58,99 [&hellip;]<\/p>\n","protected":false},"author":2,"featured_media":0,"parent":0,"menu_order":0,"comment_status":"closed","ping_status":"closed","template":"","meta":{"_acf_changed":false,"footnotes":""},"class_list":["post-3987","page","type-page","status-publish","hentry"],"acf":[],"_links":{"self":[{"href":"https:\/\/fengchashop.com\/fr\/wp-json\/wp\/v2\/pages\/3987","targetHints":{"allow":["GET"]}}],"collection":[{"href":"https:\/\/fengchashop.com\/fr\/wp-json\/wp\/v2\/pages"}],"about":[{"href":"https:\/\/fengchashop.com\/fr\/wp-json\/wp\/v2\/types\/page"}],"author":[{"embeddable":true,"href":"https:\/\/fengchashop.com\/fr\/wp-json\/wp\/v2\/users\/2"}],"replies":[{"embeddable":true,"href":"https:\/\/fengchashop.com\/fr\/wp-json\/wp\/v2\/comments?post=3987"}],"version-history":[{"count":8,"href":"https:\/\/fengchashop.com\/fr\/wp-json\/wp\/v2\/pages\/3987\/revisions"}],"predecessor-version":[{"id":7493,"href":"https:\/\/fengchashop.com\/fr\/wp-json\/wp\/v2\/pages\/3987\/revisions\/7493"}],"wp:attachment":[{"href":"https:\/\/fengchashop.com\/fr\/wp-json\/wp\/v2\/media?parent=3987"}],"curies":[{"name":"wp","href":"https:\/\/api.w.org\/{rel}","templated":true}]}}