{"id":7286,"date":"2026-04-15T04:37:10","date_gmt":"2026-04-15T02:37:10","guid":{"rendered":"https:\/\/fengchashop.com\/fi\/product\/selen-v-tekocini-150-ml\/"},"modified":"2026-04-25T13:29:22","modified_gmt":"2026-04-25T11:29:22","slug":"selenium-nestemaisena","status":"publish","type":"product","link":"https:\/\/fengchashop.com\/fi\/product\/selenium-nestemaisena\/","title":{"rendered":"Selenium nestem\u00e4isen\u00e4 150 ml"},"content":{"rendered":"<h2><strong>Selenium nesteen\u00e4<\/strong><\/h2>\n<p><strong>Selenium nesteen\u00e4 <\/strong>on moderni ravintolis\u00e4, joka on tarkoitettu tukemaan immuunij\u00e4rjestelm\u00e4\u00e4, kilpirauhasta ja solujen suojaamista. Se sis\u00e4lt\u00e4\u00e4 v\u00e4ltt\u00e4m\u00e4t\u00f6nt\u00e4 seleenimikroelementti\u00e4, joka osallistuu t\u00e4rkeisiin kehon prosesseihin \u2013 immuunij\u00e4rjestelm\u00e4n toiminnasta hapettumisstressilt\u00e4 suojautumiseen.<\/p>\n<p>Seleeni edist\u00e4\u00e4 kilpirauhasen normaalia toimintaa, auttaa yll\u00e4pit\u00e4m\u00e4\u00e4n terveit\u00e4 hiuksia ja kynsi\u00e4 sek\u00e4 suojaa soluja vapaiden radikaalien vaikutuksilta.<\/p>\n<p>Nestem\u00e4inen muoto mahdollistaa helpon k\u00e4yt\u00f6n ja hyv\u00e4n imeytymisen, ja miellytt\u00e4v\u00e4 mangon maku takaa miellytt\u00e4v\u00e4n p\u00e4ivitt\u00e4isen nauttimisen.<\/p>\n<h2><strong>Miten se toimii?<\/strong><\/h2>\n<p>Selenill\u00e4 on t\u00e4rke\u00e4 rooli kehon puolustuksessa hapettumisstressi\u00e4 vastaan ja se tukee immuunij\u00e4rjestelm\u00e4n normaalia toimintaa. Se osallistuu my\u00f6s kilpirauhasen toimintaan, joka s\u00e4\u00e4telee monia kehon prosesseja.<\/p>\n<h2><strong>Mit\u00e4 se sis\u00e4lt\u00e4\u00e4?<\/strong><\/h2>\n<p><strong><span class=\"ml-1\"><span style=\"color: #000000\">\ud83d\udc9a <\/span><\/span>Seleeni<\/strong><\/p>\n<ul>\n<li>edist\u00e4\u00e4 <strong>normaalia spermatogeneesi\u00e4<\/strong><\/li>\n<li>edist\u00e4\u00e4 <strong>terveiden hiusten s\u00e4ilymist\u00e4<\/strong><\/li>\n<li>edist\u00e4\u00e4 <strong>terveiden kynsien s\u00e4ilymist\u00e4<\/strong><\/li>\n<li>edist\u00e4\u00e4 <strong>immuunij\u00e4rjestelm\u00e4n normaalia toimintaa<\/strong><\/li>\n<li>edist\u00e4\u00e4 <strong>kilpirauhasen normaalia toimintaa<\/strong><\/li>\n<li>edist\u00e4\u00e4 <strong>solujen suojaamista oksidatiivista stressi\u00e4 vastaan<\/strong><\/li>\n<\/ul>\n<h2><strong>Miksi valita nestem\u00e4inen seleeni?<\/strong><\/h2>\n<ul>\n<li>edist\u00e4\u00e4 immuunij\u00e4rjestelm\u00e4n ja kilpirauhasen normaalia toimintaa<\/li>\n<li>edist\u00e4\u00e4 solujen suojaamista oksidatiivista stressi\u00e4 vastaan<\/li>\n<li>edist\u00e4\u00e4 hiusten ja kynsien terveytt\u00e4<\/li>\n<li>nestem\u00e4inen muoto helpottaa k\u00e4ytt\u00f6\u00e4<\/li>\n<li>miellytt\u00e4v\u00e4 mangon maku<\/li>\n<li>sopii vegaaneille<\/li>\n<li>ei sis\u00e4ll\u00e4 gluteenia, laktoosia eik\u00e4 GMO:ta<\/li>\n<\/ul>\n<h2 style=\"text-align: justify\"><span style=\"color: #000000\">S\u00e4ilytys ja varoitukset<\/span><\/h2>\n<p>S\u00e4ilyt\u00e4 kuivassa ja pime\u00e4ss\u00e4 paikassa enint\u00e4\u00e4n 25 \u00b0C:n l\u00e4mp\u00f6tilassa. Avaa pakkaus ja s\u00e4ilyt\u00e4 j\u00e4\u00e4kaapissa.<\/p>\n<p>Muista monipuolisen ruokavalion ja terveellisten el\u00e4m\u00e4ntapojen merkitys. Ravintolis\u00e4 ei korvaa tasapainoista ja monipuolista ruokavaliota. Suositeltua p\u00e4ivitt\u00e4ist\u00e4 annosta ei saa ylitt\u00e4\u00e4. S\u00e4ilyt\u00e4 lasten ulottumattomissa!<\/p>\n<h2><span style=\"color: #000000\">Pakkaus<\/span><\/h2>\n<p>Laadukas tumma muovipullo on suunniteltu suojaamaan nestem\u00e4isi\u00e4 vitamiineja ja kivenn\u00e4isaineita mahdollisimman tehokkaasti. Se suojaa sis\u00e4lt\u00f6\u00e4 valolta, ilmalta ja ulkoisilta vaikutuksilta sek\u00e4 auttaa s\u00e4ilytt\u00e4m\u00e4\u00e4n tuotteen tuoreuden, vakauden ja tehokkuuden koko k\u00e4ytt\u00f6ajan ajan.<\/p>\n<p>Pakkaus on eritt\u00e4in k\u00e4yt\u00e4nn\u00f6llinen ja kierr\u00e4tett\u00e4v\u00e4.<\/p>\n<h2>Alkuper\u00e4<\/h2>\n<p>EU<\/p>\n","protected":false},"excerpt":{"rendered":"<p><strong>Mangonmakuinen nestem\u00e4inen seleeni<\/strong> on ravintolis\u00e4, joka sis\u00e4lt\u00e4\u00e4 runsaasti seleeni\u00e4 (182 % RDA) ja tukee kilpirauhasen toimintaa, immuunij\u00e4rjestelm\u00e4\u00e4 sek\u00e4 solujen suojaa.<\/p>\n<p><span class=\"ml-1\"><span style=\"color: #000000\">\ud83d\udc9a <\/span><\/span>edist\u00e4\u00e4 immuunij\u00e4rjestelm\u00e4n ja kilpirauhasen normaalia toimintaa<\/p>\n<p><span class=\"ml-1\"><span style=\"color: #000000\">\ud83d\udc9a <\/span><\/span>suojaa soluja oksidatiiviselta stressilt\u00e4<\/p>\n<p><span class=\"ml-1\"><span style=\"color: #000000\">\ud83d\udc9a <\/span><\/span>edist\u00e4\u00e4 hiusten ja kynsien terveytt\u00e4 sek\u00e4 hedelm\u00e4llisyytt\u00e4<\/p>\n<p><span class=\"ml-1\"><span style=\"color: #000000\">\ud83d\udc9a <\/span><\/span>nestem\u00e4inen muoto helpottaa nauttimista ja imeytymist\u00e4<\/p>\n<p><span class=\"ml-1\"><span style=\"color: #000000\">\ud83d\udc9a <\/span><\/span>miellytt\u00e4v\u00e4 mangon maku,<\/p>\n<p><span class=\"ml-1\"><span style=\"color: #000000\">\ud83d\udc9a <\/span><\/span>sopii vegaaneille<\/p>\n<p><span class=\"ml-1\"><span style=\"color: #000000\">\ud83d\udc9a <\/span><\/span>ei sis\u00e4ll\u00e4 gluteenia, laktoosia eik\u00e4 GMO:ta<\/p>\n","protected":false},"featured_media":7285,"comment_status":"open","ping_status":"closed","template":"","meta":{"_acf_changed":false},"product_brand":[],"product_cat":[15,225,229,224,236],"product_tag":[],"class_list":{"0":"post-7286","1":"product","2":"type-product","3":"status-publish","4":"has-post-thumbnail","6":"product_cat-uncategorized","7":"product_cat-kaikki-tuotteet","8":"product_cat-mineraalit-ja-vitamiinit","9":"product_cat-tarjous","10":"product_cat-uutuus","12":"first","13":"instock","14":"sale","15":"taxable","16":"shipping-taxable","17":"purchasable","18":"product-type-simple"},"acf":[],"_links":{"self":[{"href":"https:\/\/fengchashop.com\/fi\/wp-json\/wp\/v2\/product\/7286","targetHints":{"allow":["GET"]}}],"collection":[{"href":"https:\/\/fengchashop.com\/fi\/wp-json\/wp\/v2\/product"}],"about":[{"href":"https:\/\/fengchashop.com\/fi\/wp-json\/wp\/v2\/types\/product"}],"replies":[{"embeddable":true,"href":"https:\/\/fengchashop.com\/fi\/wp-json\/wp\/v2\/comments?post=7286"}],"wp:featuredmedia":[{"embeddable":true,"href":"https:\/\/fengchashop.com\/fi\/wp-json\/wp\/v2\/media\/7285"}],"wp:attachment":[{"href":"https:\/\/fengchashop.com\/fi\/wp-json\/wp\/v2\/media?parent=7286"}],"wp:term":[{"taxonomy":"product_brand","embeddable":true,"href":"https:\/\/fengchashop.com\/fi\/wp-json\/wp\/v2\/product_brand?post=7286"},{"taxonomy":"product_cat","embeddable":true,"href":"https:\/\/fengchashop.com\/fi\/wp-json\/wp\/v2\/product_cat?post=7286"},{"taxonomy":"product_tag","embeddable":true,"href":"https:\/\/fengchashop.com\/fi\/wp-json\/wp\/v2\/product_tag?post=7286"}],"curies":[{"name":"wp","href":"https:\/\/api.w.org\/{rel}","templated":true}]}}