{"id":7284,"date":"2026-04-15T04:27:17","date_gmt":"2026-04-15T02:27:17","guid":{"rendered":"https:\/\/fengchashop.com\/fi\/product\/zelezo-v-tekocini-250-ml\/"},"modified":"2026-04-28T15:38:30","modified_gmt":"2026-04-28T13:38:30","slug":"nestemainen-rauta","status":"publish","type":"product","link":"https:\/\/fengchashop.com\/fi\/product\/nestemainen-rauta\/","title":{"rendered":"Nestem\u00e4inen rauta 250 ml"},"content":{"rendered":"<h2><strong>Rauta nestem\u00e4isen\u00e4<\/strong><\/h2>\n<p><strong>Nestem\u00e4inen rauta <\/strong>on moderni ravintolis\u00e4, joka on kehitetty tukemaan energiaa, verenkiertoa ja yleist\u00e4 hyvinvointia. Se sis\u00e4lt\u00e4\u00e4 rautaa sek\u00e4 huolellisesti valitun vitamiiniyhdistelm\u00e4n, jotka osallistuvat elimist\u00f6n t\u00e4rkeisiin prosesseihin \u2013 punasolujen muodostumisesta aineenvaihdunnan energian vapautumiseen.<\/p>\n<p>Edistyksellinen koostumus yhdist\u00e4\u00e4 rautaa C-vitamiiniin ja B-vitamiineihin (B1, B2, B6 ja B12), jotka edist\u00e4v\u00e4t raudan hy\u00f6dynt\u00e4mist\u00e4, v\u00e4hent\u00e4v\u00e4t v\u00e4symyst\u00e4 ja tukevat immuunij\u00e4rjestelm\u00e4\u00e4.<\/p>\n<p>Nestem\u00e4inen muoto mahdollistaa helpon k\u00e4yt\u00f6n ja hyv\u00e4n imeytymisen, mik\u00e4 sopii erityisesti henkil\u00f6ille, joilla on vaikeuksia kapselien tai tablettien nauttimisessa.<\/p>\n<h2><strong>Miten se toimii?<\/strong><\/h2>\n<p>Raudalla on keskeinen rooli punasolujen ja hemoglobiinin muodostumisessa, jotka mahdollistavat hapen kuljetuksen kehossa. Yhdess\u00e4 vitamiinien kanssa se edist\u00e4\u00e4 energian vapautumista, v\u00e4hent\u00e4\u00e4 v\u00e4symyst\u00e4 ja tukee immuunij\u00e4rjestelm\u00e4n normaalia toimintaa.<\/p>\n<h2><strong>Mit\u00e4 se sis\u00e4lt\u00e4\u00e4?<\/strong><\/h2>\n<p><span class=\"ml-1\"><span style=\"color: #000000\">\ud83d\udc9a <\/span><\/span><strong>Rauta<\/strong><\/p>\n<ul>\n<li>edist\u00e4\u00e4 punasolujen ja hemoglobiinin muodostumista sek\u00e4 v\u00e4hent\u00e4\u00e4 v\u00e4symyst\u00e4<\/li>\n<li>vaikuttaa kognitiivisiin toimintoihin.<\/li>\n<li>edist\u00e4\u00e4 energian vapautumista aineenvaihdunnassa<\/li>\n<li>vaikuttaa punasolujen ja hemoglobiinin muodostumiseen.<\/li>\n<li>vaikuttaa hapen kuljetukseen kehossa.<\/li>\n<li>vaikuttaa immuunij\u00e4rjestelm\u00e4n toimintaan<\/li>\n<li>auttaa v\u00e4hent\u00e4m\u00e4\u00e4n v\u00e4symyst\u00e4 ja uupumusta sek\u00e4 vaikuttaa solujen jakautumiseen<\/li>\n<\/ul>\n<p><span class=\"ml-1\"><span style=\"color: #000000\">\ud83d\udc9a <\/span><\/span><strong>C-vitamiini<\/strong> \u2013 lis\u00e4\u00e4 raudan imeytymist\u00e4<\/p>\n<p><span class=\"ml-1\"><span style=\"color: #000000\">\ud83d\udc9a <\/span><\/span><strong>B1-vitamiini (tiamiini)<\/strong> \u2013 edist\u00e4\u00e4 normaalia energia-aineenvaihduntaa<\/p>\n<p><span class=\"ml-1\"><span style=\"color: #000000\">\ud83d\udc9a <\/span><\/span><strong>B2-vitamiini (riboflaviini)<\/strong> \u2013 edist\u00e4\u00e4 solujen suojaamista oksidatiivista stressi\u00e4 vastaan<\/p>\n<p><span class=\"ml-1\"><span style=\"color: #000000\">\ud83d\udc9a <\/span><\/span><strong>B6-vitamiini<\/strong> \u2013 edist\u00e4\u00e4 punasolujen muodostumista<\/p>\n<p><span class=\"ml-1\"><span style=\"color: #000000\">\ud83d\udc9a <\/span><\/span><strong>B12-vitamiini<\/strong> \u2013 edist\u00e4\u00e4 v\u00e4symyksen v\u00e4hent\u00e4mist\u00e4 ja hermoston toimintaa<\/p>\n<h2><strong>Miksi valita nestem\u00e4inen rauta?<\/strong><\/h2>\n<ul>\n<li>edist\u00e4\u00e4 immuunij\u00e4rjestelm\u00e4n normaalia toimintaa<\/li>\n<li>raudan ja vitamiinien yhdistelm\u00e4 parantaa hy\u00f6tyosuutta<\/li>\n<li>nestem\u00e4inen muoto helpottaa nauttimista<\/li>\n<li>miellytt\u00e4v\u00e4 omenan maku<\/li>\n<li>sopii vegaaneille<\/li>\n<li>gluteeniton, laktoositon ja GMO-vapaa<\/li>\n<\/ul>\n<h2 style=\"text-align: justify\"><span style=\"color: #000000\">S\u00e4ilytys ja varoitukset<\/span><\/h2>\n<p>S\u00e4ilyt\u00e4 kuivassa ja pime\u00e4ss\u00e4 paikassa enint\u00e4\u00e4n 25 \u00b0C:n l\u00e4mp\u00f6tilassa. Avaa pakkaus ja s\u00e4ilyt\u00e4 j\u00e4\u00e4kaapissa.<\/p>\n<p>Muista monipuolisen ruokavalion ja terveellisten el\u00e4m\u00e4ntapojen merkitys. Ravintolis\u00e4 ei korvaa tasapainoista ja monipuolista ruokavaliota. Suositeltua p\u00e4ivitt\u00e4ist\u00e4 annosta ei saa ylitt\u00e4\u00e4. S\u00e4ilyt\u00e4 lasten ulottumattomissa!<\/p>\n<h2><span style=\"color: #000000\">Pakkaus<\/span><\/h2>\n<p>Laadukas tumma muovipullo on suunniteltu suojaamaan nestem\u00e4isi\u00e4 vitamiineja ja kivenn\u00e4isaineita mahdollisimman tehokkaasti. Se suojaa sis\u00e4lt\u00f6\u00e4 valolta, ilmalta ja ulkoisilta vaikutuksilta sek\u00e4 auttaa s\u00e4ilytt\u00e4m\u00e4\u00e4n tuotteen tuoreuden, vakauden ja tehokkuuden koko k\u00e4ytt\u00f6ajan ajan.<\/p>\n<p>Pakkaus on eritt\u00e4in k\u00e4yt\u00e4nn\u00f6llinen ja kierr\u00e4tett\u00e4v\u00e4.<\/p>\n<h2>Alkuper\u00e4<\/h2>\n<p>EU<\/p>\n","protected":false},"excerpt":{"rendered":"<p><strong>Nestem\u00e4inen rauta <\/strong>vitamiineilla on suunniteltu tukemaan punasolujen muodostumista, hapen kuljettamista kehossa sek\u00e4 v\u00e4hent\u00e4m\u00e4\u00e4n v\u00e4symyst\u00e4 ja uupumusta.<\/p>\n<p><span class=\"ml-1\"><span style=\"color: #000000\">\ud83d\udc9a <\/span><\/span>nestem\u00e4inen muoto helpottaa nauttimista<\/p>\n<p><span class=\"ml-1\"><span style=\"color: #000000\">\ud83d\udc9a <\/span><\/span>hyv\u00e4 imeytyminen ja ravintoaineiden hy\u00f6dynt\u00e4minen<\/p>\n<p><span class=\"ml-1\"><span style=\"color: #000000\">\ud83d\udc9a <\/span><\/span>auttaa v\u00e4hent\u00e4m\u00e4\u00e4n v\u00e4symyst\u00e4 ja uupumusta<\/p>\n<p><span class=\"ml-1\"><span style=\"color: #000000\">\ud83d\udc9a<\/span><\/span>edist\u00e4\u00e4 immuunij\u00e4rjestelm\u00e4n normaalia toimintaa<\/p>\n<p><span class=\"ml-1\"><span style=\"color: #000000\">\ud83d\udc9a<\/span><\/span>raudan ja vitamiinien yhdistelm\u00e4 parantaa hy\u00f6tyosuutta<\/p>\n<p><span class=\"ml-1\"><span style=\"color: #000000\">\ud83d\udc9a <\/span><\/span>sopii vegaaneille<\/p>\n<p><span class=\"ml-1\"><span style=\"color: #000000\">\ud83d\udc9a <\/span><\/span>ei sis\u00e4ll\u00e4 gluteenia, laktoosia eik\u00e4 GMO:ta<\/p>\n","protected":false},"featured_media":7283,"comment_status":"open","ping_status":"closed","template":"","meta":{"_acf_changed":false},"product_brand":[],"product_cat":[15,225,229,224,236],"product_tag":[],"class_list":{"0":"post-7284","1":"product","2":"type-product","3":"status-publish","4":"has-post-thumbnail","6":"product_cat-uncategorized","7":"product_cat-kaikki-tuotteet","8":"product_cat-mineraalit-ja-vitamiinit","9":"product_cat-tarjous","10":"product_cat-uutuus","12":"first","13":"instock","14":"sale","15":"taxable","16":"shipping-taxable","17":"purchasable","18":"product-type-simple"},"acf":[],"_links":{"self":[{"href":"https:\/\/fengchashop.com\/fi\/wp-json\/wp\/v2\/product\/7284","targetHints":{"allow":["GET"]}}],"collection":[{"href":"https:\/\/fengchashop.com\/fi\/wp-json\/wp\/v2\/product"}],"about":[{"href":"https:\/\/fengchashop.com\/fi\/wp-json\/wp\/v2\/types\/product"}],"replies":[{"embeddable":true,"href":"https:\/\/fengchashop.com\/fi\/wp-json\/wp\/v2\/comments?post=7284"}],"wp:featuredmedia":[{"embeddable":true,"href":"https:\/\/fengchashop.com\/fi\/wp-json\/wp\/v2\/media\/7283"}],"wp:attachment":[{"href":"https:\/\/fengchashop.com\/fi\/wp-json\/wp\/v2\/media?parent=7284"}],"wp:term":[{"taxonomy":"product_brand","embeddable":true,"href":"https:\/\/fengchashop.com\/fi\/wp-json\/wp\/v2\/product_brand?post=7284"},{"taxonomy":"product_cat","embeddable":true,"href":"https:\/\/fengchashop.com\/fi\/wp-json\/wp\/v2\/product_cat?post=7284"},{"taxonomy":"product_tag","embeddable":true,"href":"https:\/\/fengchashop.com\/fi\/wp-json\/wp\/v2\/product_tag?post=7284"}],"curies":[{"name":"wp","href":"https:\/\/api.w.org\/{rel}","templated":true}]}}