{"id":7268,"date":"2026-04-08T10:14:54","date_gmt":"2026-04-08T08:14:54","guid":{"rendered":"https:\/\/fengchashop.com\/fi\/?post_type=product&#038;p=7268"},"modified":"2026-04-28T21:19:02","modified_gmt":"2026-04-28T19:19:02","slug":"kelttilainen-hieno-merisuola","status":"publish","type":"product","link":"https:\/\/fengchashop.com\/fi\/product\/kelttilainen-hieno-merisuola\/","title":{"rendered":"Kelttil\u00e4inen hieno merisuola 1 kg"},"content":{"rendered":"<h2><strong>Kelttil\u00e4inen hieno merisuola<\/strong><\/h2>\n<p><strong>Kelttil\u00e4inen hieno suola <\/strong>on hienoksi jauhettu versio kelttil\u00e4isest\u00e4 merisuolasta, joka s\u00e4ilytt\u00e4\u00e4 kaikki luonnolliset mineraalit, mutta on rakenteensa ansiosta sopivampi p\u00e4ivitt\u00e4iseen k\u00e4ytt\u00f6\u00f6n.<\/p>\n<p>Se valmistetaan samalla perinteisell\u00e4 tavalla kuin karkea suola ja jauhetaan sen j\u00e4lkeen hienoksi helpompaa k\u00e4ytt\u00f6\u00e4 varten.<\/p>\n<h2><strong>Miten se toimii?<\/strong><\/h2>\n<p>Hienon rakenteensa ansiosta se liukenee nopeammin ja jakautuu tasaisesti ruokiin. Se tarjoaa elimist\u00f6lle v\u00e4ltt\u00e4m\u00e4tt\u00f6mi\u00e4 elektrolyyttej\u00e4.<\/p>\n<h2><strong>Ominaisuudet<\/strong><\/h2>\n<ol>\n<li><strong> Tasainen maun jakautuminen <\/strong>Ihanteellinen p\u00e4ivitt\u00e4iseen ruoanlaittoon ja maustamiseen.<\/li>\n<li><strong> Elektrolyyttien tuki <\/strong>Edist\u00e4\u00e4 mineraalien tasapainoa kehossa.<\/li>\n<li><strong> Helppo k\u00e4ytt\u00f6 <\/strong>Sopii suolasirottimiin ja ruoanvalmistukseen.<\/li>\n<li><strong> Luonnollinen koostumus <\/strong>Ei lis\u00e4aineita, valkaisua tai kemiallista k\u00e4sittely\u00e4.<\/li>\n<\/ol>\n<h2><strong>S\u00e4ilytys ja varoitukset<\/strong><\/h2>\n<p>S\u00e4ilyt\u00e4 kuivassa ja viile\u00e4ss\u00e4 paikassa. Varmista, ett\u00e4 pakkaus on hyvin suljettu. K\u00e4yt\u00e4 kohtuudella osana tasapainoista ruokavaliota.<\/p>\n<h2><strong>Pakkaus<\/strong><\/h2>\n<p>Ilmatiivis uudelleensuljettava pussi, jossa tuote s\u00e4ilytt\u00e4\u00e4 tuoreutensa ja arominsa. Pakkaus suojaa valolta ja ilmalta ja koostuu useista suojaavista kerroksista, jotka s\u00e4ilytt\u00e4v\u00e4t tuotteen ominaisuudet.<\/p>\n<p>Pakkaus on eritt\u00e4in k\u00e4yt\u00e4nn\u00f6llinen ja kierr\u00e4tett\u00e4v\u00e4.<\/p>\n<h2><strong>Alkuper\u00e4<\/strong><\/h2>\n<p>EU<\/p>\n","protected":false},"excerpt":{"rendered":"<p><strong>Kelttil\u00e4inen hieno suola<\/strong> on luonnollinen, hienoksi jauhettu merisuola, joka s\u00e4ilytt\u00e4\u00e4 t\u00e4rke\u00e4t mineraalit ja sopii p\u00e4ivitt\u00e4iseen k\u00e4ytt\u00f6\u00f6n. Hienon rakenteensa ansiosta se liukenee nopeasti ja maustaa tasaisesti.<\/p>\n<p>\ud83d\udc9a luonnollinen ja puhdistamaton<br \/>\n\ud83d\udc9a hienoksi jauhettu<br \/>\n\ud83d\udc9a runsaasti mineraaleja<br \/>\n\ud83d\udc9a ilman lis\u00e4aineita<br \/>\n\ud83d\udc9a sopii p\u00e4ivitt\u00e4iseen k\u00e4ytt\u00f6\u00f6n  <\/p>\n<p>&nbsp;<\/p>\n","protected":false},"featured_media":7269,"comment_status":"open","ping_status":"closed","template":"","meta":{"_acf_changed":false},"product_brand":[],"product_cat":[15,225,224,235,236],"product_tag":[],"class_list":{"0":"post-7268","1":"product","2":"type-product","3":"status-publish","4":"has-post-thumbnail","6":"product_cat-uncategorized","7":"product_cat-kaikki-tuotteet","8":"product_cat-tarjous","9":"product_cat-teeta-ruokaa-ja-mausteita","10":"product_cat-uutuus","12":"first","13":"instock","14":"taxable","15":"shipping-taxable","16":"purchasable","17":"product-type-simple"},"acf":[],"_links":{"self":[{"href":"https:\/\/fengchashop.com\/fi\/wp-json\/wp\/v2\/product\/7268","targetHints":{"allow":["GET"]}}],"collection":[{"href":"https:\/\/fengchashop.com\/fi\/wp-json\/wp\/v2\/product"}],"about":[{"href":"https:\/\/fengchashop.com\/fi\/wp-json\/wp\/v2\/types\/product"}],"replies":[{"embeddable":true,"href":"https:\/\/fengchashop.com\/fi\/wp-json\/wp\/v2\/comments?post=7268"}],"wp:featuredmedia":[{"embeddable":true,"href":"https:\/\/fengchashop.com\/fi\/wp-json\/wp\/v2\/media\/7269"}],"wp:attachment":[{"href":"https:\/\/fengchashop.com\/fi\/wp-json\/wp\/v2\/media?parent=7268"}],"wp:term":[{"taxonomy":"product_brand","embeddable":true,"href":"https:\/\/fengchashop.com\/fi\/wp-json\/wp\/v2\/product_brand?post=7268"},{"taxonomy":"product_cat","embeddable":true,"href":"https:\/\/fengchashop.com\/fi\/wp-json\/wp\/v2\/product_cat?post=7268"},{"taxonomy":"product_tag","embeddable":true,"href":"https:\/\/fengchashop.com\/fi\/wp-json\/wp\/v2\/product_tag?post=7268"}],"curies":[{"name":"wp","href":"https:\/\/api.w.org\/{rel}","templated":true}]}}