{"id":7012,"date":"2025-10-08T08:43:55","date_gmt":"2025-10-08T06:43:55","guid":{"rendered":"https:\/\/fengchashop.com\/fi\/?post_type=product&#038;p=7012"},"modified":"2026-04-18T08:37:29","modified_gmt":"2026-04-18T06:37:29","slug":"dragons-blood-sangre-de-grado-drago-tippa","status":"publish","type":"product","link":"https:\/\/fengchashop.com\/fi\/product\/dragons-blood-sangre-de-grado-drago-tippa\/","title":{"rendered":"Dragon&#8217;s Blood (Sangre de Grado \/ Drago) tippa 30 ml"},"content":{"rendered":"<div class=\"wpb-content-wrapper\"><p>[vc_row][vc_column][vc_column_text css=&#8221;&#8221;]<\/p>\n<h2><strong>Mit\u00e4 on lohik\u00e4\u00e4rmeen veri?<\/strong><\/h2>\n<p>Lohik\u00e4\u00e4rmeen veri, joka tunnetaan my\u00f6s nimell\u00e4 <strong>Sangre de Grado tai Drago<\/strong>, on arvokas <strong>punaruskea hartsi<\/strong>, jota uutetaan Perun lohik\u00e4\u00e4rmepuun (Croton lechleri) kuoresta. Se on eritt\u00e4in arvokas luonnonmukainen valmiste, jota Etel\u00e4-Amerikan alkuper\u00e4iskansat ovat k\u00e4ytt\u00e4neet vuosisatojen ajan monipuolisena luonnollisena l\u00e4\u00e4kkeen\u00e4 moniin vaivoihin &#8211; sek\u00e4 ulkoisiin ett\u00e4 sis\u00e4isiin. Se saadaan leikkaamalla puun kuorta varovasti tuhoamatta kasvia.<\/p>\n<p>Tuoteemme on per\u00e4isin kest\u00e4v\u00e4st\u00e4 ja ekologisesti vastuullisesta viljelyst\u00e4 Perun Amazonin sademets\u00e4n syd\u00e4mess\u00e4. Paikalliset alkuper\u00e4iskansat poimivat hartsin k\u00e4sin, s\u00e4ilytt\u00e4en siten perinteisen tiet\u00e4myksens\u00e4 ja saamalla oikeudenmukaisen korvauksen ty\u00f6st\u00e4\u00e4n. Hartsi uutetaan tuhoamatta puita, mik\u00e4 varmistaa luonnon ymp\u00e4rist\u00f6n pitk\u00e4aikaisen suojelun.<\/p>\n<p>Tarjoamamme lohik\u00e4\u00e4rmeen veri on <strong>100 % puhdasta kasvihartsia &#8211; ei alkoholia, s\u00e4il\u00f6nt\u00e4aineita, v\u00e4riaineita tai keinotekoisia lis\u00e4aineita<\/strong>. Se on luonnollinen uute suoraan kasvista, joka s\u00e4ilytt\u00e4\u00e4 kaikki alkuper\u00e4iset ominaisuutensa ja terapeuttisen potentiaalinsa. Sill\u00e4 on intensiivisen tummanpunainen v\u00e4ri, joka on ominaista luonnollisten antioksidanttien ja tanniinien l\u00e4sn\u00e4ololle, joten sit\u00e4 k\u00e4ytett\u00e4ess\u00e4 on oltava varovainen ja v\u00e4ltett\u00e4v\u00e4 kosketusta vaatteisiin, sill\u00e4 se voi j\u00e4tt\u00e4\u00e4 pysyvi\u00e4 tahroja.<\/p>\n<h2><strong>Lohik\u00e4\u00e4rmeen veren vaikutukset ja hy\u00f6dyt<\/strong><\/h2>\n<p>Ainutlaatuisen kemiallisen koostumuksensa ansiosta &#8211; korkea tanniinien, alkaloidien (kuten taspinin), fenoliyhdisteiden ja antioksidanttien pitoisuus &#8211; lohik\u00e4\u00e4rmeen verell\u00e4 on lukuisia vahvistettuja perinteisi\u00e4 vaikutuksia:<\/p>\n<p><strong>\ud83d\udc9a Ulkoinen k\u00e4ytt\u00f6 &#8211; <em>luonnollinen ihonsuoja<\/em>:<\/strong><\/p>\n<ul>\n<li><strong>Haavojen ja vammojen nopea paraneminen<\/strong> &#8211; toimii luonnollisena antiseptisen\u00e4 ja hemostaattisena aineena (pys\u00e4ytt\u00e4\u00e4 verenvuodon), edist\u00e4\u00e4 kudosten uudistumista<\/li>\n<li><strong>V\u00e4hent\u00e4\u00e4 tulehdusta ja kutinaa<\/strong> &#8211; sopii akneen, hy\u00f6nteisten puremiin, ekseemaan, psoriasikseen ja muihin iho-ongelmiin<\/li>\n<li><strong>Tehokas sieni- ja bakteeri-infektioita vastaan<\/strong><\/li>\n<li><strong>Lievitt\u00e4\u00e4 palovammoja, mukaan lukien auringonpolttamia<\/strong> &#8211; viilent\u00e4\u00e4 ja uudistaa<\/li>\n<li><strong>Luonnollinen &#8221;muu&#8221; side<\/strong> &#8211; levitettyn\u00e4 se muodostaa ohuen suojakerroksen iholle iho<\/li>\n<\/ul>\n<p><strong>\ud83d\udc9a Sis\u00e4inen k\u00e4ytt\u00f6 \u2013 <em>varoen ja asianmukaisten ohjeiden mukaisesti<\/em>:<\/strong><\/p>\n<ul>\n<li><strong>Tukee ruoansulatusj\u00e4rjestelm\u00e4\u00e4<\/strong> \u2013 lievitt\u00e4\u00e4 ongelmia, kuten mahahaavaa, limakalvojen tulehdusta, ripulia ja \u00e4rtyv\u00e4n suolen oireyhtym\u00e4\u00e4<\/li>\n<li><strong>Tulehdusta est\u00e4v\u00e4 vaikutus<\/strong> \u2013 auttaa sis\u00e4isiss\u00e4 tulehduksissa, mukaan lukien suuontelossa ja kurkussa<\/li>\n<li><strong>Vahvistaa immuunij\u00e4rjestelm\u00e4\u00e4<\/strong> \u2013 auttaa kehoa puolustautumaan viruksia ja bakteereja vastaan<\/li>\n<li><strong>Antioksidanttinen teho<\/strong> \u2013 tukee solujen uusiutumista ja kehon vieroitushoitoa<\/li>\n<\/ul>\n<h2><strong>M\u00e4\u00e4r\u00e4<\/strong><\/h2>\n<p>30 ml<\/p>\n<h2><strong>Pakkaus<\/strong><\/h2>\n<p>Lasipakkauksessa, jossa on pipetti annostelun helpottamiseksi.<\/p>\n<h2><strong>Varoitukset<\/strong><\/h2>\n<p>Vain ulkoiseen k\u00e4ytt\u00f6\u00f6n, ellei ammattilainen ole toisin m\u00e4\u00e4r\u00e4nnyt. Vain sis\u00e4inen k\u00e4ytt\u00f6 on sallittua keskusteltuasi l\u00e4\u00e4k\u00e4rin kanssa. V\u00e4lt\u00e4 kosketusta silmiin ja limakalvoille. \u00c4l\u00e4 k\u00e4yt\u00e4 lapsilla, raskaana olevilla tai imett\u00e4vill\u00e4 naisilla ilman l\u00e4\u00e4k\u00e4rin ohjeita. Saattaa j\u00e4tt\u00e4\u00e4 pysyvi\u00e4 tahroja tekstiileihin. S\u00e4ilyt\u00e4 lasten ulottumattomissa, kuivassa ja pime\u00e4ss\u00e4 paikassa.<\/p>\n<h2><strong>Alkuper\u00e4maa<\/strong><\/h2>\n<p>Ecuador[\/vc_column_text][\/vc_column][\/vc_row]<\/p>\n<\/div>","protected":false},"excerpt":{"rendered":"<p>Bach-tipat tehoavat erilaisiin tunne-el\u00e4m\u00e4n ahdistuksiin. Ne auttavat erilaisissa kriiseiss\u00e4 ja vaikeissa el\u00e4m\u00e4ntilanteissa. Ne auttavat rauhoittumaan ja pit\u00e4m\u00e4\u00e4n p\u00e4\u00e4n rauhallisena. Ne vaikuttavat tunnetilaamme ja auttavat harmonisoimaan sit\u00e4.<\/p>\n<p>\ud83d\udc9a Tipat pakataan k\u00e4sin, l\u00e4hetysp\u00e4iv\u00e4n\u00e4.<br \/>\n\ud83d\udc9a Ne sopivat kaikille ihmisille (raskaana oleville, vanhuksille, lapsille,&#8230;) ja el\u00e4imille.<br \/>\n\ud83d\udc9a Niill\u00e4 ei ole sivuvaikutuksia, ne eiv\u00e4t aiheuta riippuvuutta eik\u00e4 niit\u00e4 voi yliannostella.<br \/>\n\ud83d\udc9a Saatat huomata ensimm\u00e4iset tulokset muutaman p\u00e4iv\u00e4n tai viikon kuluttua, t\u00e4m\u00e4 riippuu jokaisesta yksil\u00f6st\u00e4.<br \/>\n\ud83d\udc9a Ei ole vuorovaikutuksessa muiden l\u00e4\u00e4kkeiden kanssa.<\/p>\n","protected":false},"featured_media":7013,"comment_status":"open","ping_status":"closed","template":"","meta":{"_acf_changed":false},"product_brand":[],"product_cat":[15,225,224],"product_tag":[],"class_list":{"0":"post-7012","1":"product","2":"type-product","3":"status-publish","4":"has-post-thumbnail","6":"product_cat-uncategorized","7":"product_cat-kaikki-tuotteet","8":"product_cat-tarjous","10":"first","11":"instock","12":"taxable","13":"shipping-taxable","14":"purchasable","15":"product-type-simple"},"acf":[],"_links":{"self":[{"href":"https:\/\/fengchashop.com\/fi\/wp-json\/wp\/v2\/product\/7012","targetHints":{"allow":["GET"]}}],"collection":[{"href":"https:\/\/fengchashop.com\/fi\/wp-json\/wp\/v2\/product"}],"about":[{"href":"https:\/\/fengchashop.com\/fi\/wp-json\/wp\/v2\/types\/product"}],"replies":[{"embeddable":true,"href":"https:\/\/fengchashop.com\/fi\/wp-json\/wp\/v2\/comments?post=7012"}],"wp:featuredmedia":[{"embeddable":true,"href":"https:\/\/fengchashop.com\/fi\/wp-json\/wp\/v2\/media\/7013"}],"wp:attachment":[{"href":"https:\/\/fengchashop.com\/fi\/wp-json\/wp\/v2\/media?parent=7012"}],"wp:term":[{"taxonomy":"product_brand","embeddable":true,"href":"https:\/\/fengchashop.com\/fi\/wp-json\/wp\/v2\/product_brand?post=7012"},{"taxonomy":"product_cat","embeddable":true,"href":"https:\/\/fengchashop.com\/fi\/wp-json\/wp\/v2\/product_cat?post=7012"},{"taxonomy":"product_tag","embeddable":true,"href":"https:\/\/fengchashop.com\/fi\/wp-json\/wp\/v2\/product_tag?post=7012"}],"curies":[{"name":"wp","href":"https:\/\/api.w.org\/{rel}","templated":true}]}}