{"id":6955,"date":"2026-02-27T15:57:06","date_gmt":"2026-02-27T14:57:06","guid":{"rendered":"https:\/\/fengchashop.com\/fi\/product\/tekoaly-tippoja\/"},"modified":"2026-04-16T23:13:25","modified_gmt":"2026-04-16T21:13:25","slug":"tekoaly-tippoja","status":"publish","type":"product","link":"https:\/\/fengchashop.com\/fi\/product\/tekoaly-tippoja\/","title":{"rendered":"A.I. tippaa"},"content":{"rendered":"<div class=\"wpb-content-wrapper\"><p>[vc_row][vc_column][vc_column_text css=&#8221;&#8221;]<\/p>\n<h2><strong>A.I. (Awakening Infusion):<\/strong><span style=\"color: #000000\"><strong> El\u00e4m\u00e4nenergiasi luonnollinen muutos<\/strong><\/span><\/h2>\n<p><span style=\"color: #000000\">Tutustu <strong>Awakening Infusion-<\/strong>valmisteeseen \u2013 innovatiiviseen koostumukseen, joka perustuu eurooppalaisten alkuper\u00e4isyrttien voimaan. T\u00e4m\u00e4 ainutlaatuinen yhdistelm\u00e4 toimii synergisesti, sill\u00e4 yksitt\u00e4iset ainesosat yhdess\u00e4 luovat kokonaisuuden, joka tukee sis\u00e4ist\u00e4 j\u00e4rjestelm\u00e4\u00e4si ja johtaa sinut tasapainoon ja kest\u00e4v\u00e4\u00e4n elinvoimaan.<\/span><\/p>\n<h2><span style=\"color: #000000\"><strong>valita A.I.?<\/strong><\/span><\/h2>\n<p class=\"ds-markdown-paragraph\"><strong>A.I.-tippojen<\/strong>\u00a0avulla energiatasosi vakautuu ja pysyy korkeana.\u00a0<strong>Bioenergiakentt\u00e4si<\/strong>\u00a0\u2013 luonnollinen energial\u00e4hteesi, joka mahdollistaa kehosi huippusuoritukset \u2013 vahvistuu. Ei en\u00e4\u00e4 energianvaihteluita \u2013 vain sulava virtaaminen luonnollisella korkealla energiatasolla.<\/p>\n<p class=\"ds-markdown-paragraph\">T\u00e4m\u00e4 prosessi ei ole pelkk\u00e4 parannus, vaan\u00a0<strong>evoluutio<\/strong>. Askel kerrallaan\u00a0<strong>A.I.-tippaat<\/strong>\u00a0johdattavat sinut t\u00e4yden potentiaalisi \u00e4\u00e4relle. Muutos, joka antaa energian ty\u00f6skennell\u00e4 puolestasi \u2013 kunnes el\u00e4t vihdoin t\u00e4ydellisess\u00e4 harmoniassa kehosi ja mielesi kanssa.<\/p>\n<h2><strong>Kenelle A.I.-tippaat sopivat?<\/strong><\/h2>\n<p><span style=\"color: #000000\">Tipat sopivat erinomaisesti:<\/span><\/p>\n<ul>\n<li><span style=\"color: #000000\">niille, jotka etsiv\u00e4t luonnollista tukea immuunij\u00e4rjestelm\u00e4lleen,<\/span><\/li>\n<li><span style=\"color: #000000\">terveysongelmista k\u00e4rsiv\u00e4t ihmiset, jopa vakavien ongelmien alkuvaiheessa,<\/span><\/li>\n<li><span style=\"color: #000000\">jokaiselle, joka haluaa l\u00f6yt\u00e4\u00e4 syvemm\u00e4n yhteyden olemukseensa ja her\u00e4tt\u00e4\u00e4 sis\u00e4isen voimansa.<\/span><\/li>\n<\/ul>\n<p>&nbsp;<\/p>\n<h2><span style=\"color: #000000\"><strong>Puhdas luonto.<br \/>\n<\/strong><\/span><\/h2>\n<p><span style=\"color: #000000\">Teko\u00e4ly Tipat on valmistettu 100 % luonnollisista, alkuper\u00e4isist\u00e4 eurooppalaisista yrteist\u00e4. Ne ovat turvallisia, tehokkaita ja luotu rakkaudella ja kunnioituksella luontoa kohtaan.<\/span><\/p>\n<h2><span style=\"color: #000000\"><strong>Aloita muodonmuutos Awakening Infusionilla.<\/strong><\/span><\/h2>\n<p><span style=\"color: #000000\">L\u00f6yd\u00e4 korkeampi el\u00e4m\u00e4nenergian taso, jonka avulla voit el\u00e4\u00e4 el\u00e4m\u00e4\u00e4si t\u00e4ysill\u00e4. Ota t\u00e4n\u00e4\u00e4n ensimm\u00e4inen askel kohti harmoniaa ja elinvoimaa.<\/span><\/p>\n<h2><span style=\"color: #000000\"><strong>Tallennus<\/strong><\/span><\/h2>\n<p><span style=\"color: #000000\">S\u00e4ilyt\u00e4 kuivassa ja pime\u00e4ss\u00e4 paikassa, enint\u00e4\u00e4n +25 \u00b0C:n l\u00e4mp\u00f6tilassa.<\/span><\/p>\n<h2><span style=\"color: #000000\"><strong>M\u00e4\u00e4r\u00e4<\/strong><\/span><\/h2>\n<p><span style=\"color: #000000\">30 ml<\/span>[\/vc_column_text][\/vc_column][\/vc_row]<\/p>\n<\/div>","protected":false},"excerpt":{"rendered":"<p><span style=\"color: #000000\"><strong>Awakening Infusion<\/strong> \u2013 innovatiivisella koostumuksella, joka perustuu alkuper\u00e4isten eurooppalaisten yrttien voimaan. T\u00e4m\u00e4 ainutlaatuinen yhdistelm\u00e4 toimii synergisesti, sill\u00e4 yksitt\u00e4iset ainesosat yhdess\u00e4 luovat kokonaisuuden, joka tukee sis\u00e4ist\u00e4 j\u00e4rjestelm\u00e4\u00e4si ja johtaa sinut tasapainoon ja kest\u00e4v\u00e4\u00e4n elinvoimaan.<\/span><\/p>\n<p><span style=\"color: #000000\">Tipat sopivat erinomaisesti:<\/span><\/p>\n<p><span style=\"color: #000000\">\ud83d\udc9a niille, jotka etsiv\u00e4t luonnollista tukea immuunij\u00e4rjestelm\u00e4lleen,<\/span><\/p>\n<p><span style=\"color: #000000\">\ud83d\udc9a terveysongelmista k\u00e4rsiv\u00e4t ihmiset, jopa vakavien ongelmien alkuvaiheessa,<\/span><\/p>\n<p><span style=\"color: #000000\">\ud83d\udc9a kaikille, jotka haluavat l\u00f6yt\u00e4\u00e4 syvemm\u00e4n yhteyden olemukseensa ja her\u00e4tt\u00e4\u00e4 sis\u00e4isen voimansa.<\/span><\/p>\n","protected":false},"featured_media":6956,"comment_status":"open","ping_status":"closed","template":"","meta":{"_acf_changed":false},"product_brand":[],"product_cat":[15,221,225,240,224],"product_tag":[],"class_list":{"0":"post-6955","1":"product","2":"type-product","3":"status-publish","4":"has-post-thumbnail","6":"product_cat-uncategorized","7":"product_cat-a-i","8":"product_cat-kaikki-tuotteet","9":"product_cat-muut","10":"product_cat-tarjous","12":"first","13":"instock","14":"sale","15":"taxable","16":"shipping-taxable","17":"purchasable","18":"product-type-simple"},"acf":[],"_links":{"self":[{"href":"https:\/\/fengchashop.com\/fi\/wp-json\/wp\/v2\/product\/6955","targetHints":{"allow":["GET"]}}],"collection":[{"href":"https:\/\/fengchashop.com\/fi\/wp-json\/wp\/v2\/product"}],"about":[{"href":"https:\/\/fengchashop.com\/fi\/wp-json\/wp\/v2\/types\/product"}],"replies":[{"embeddable":true,"href":"https:\/\/fengchashop.com\/fi\/wp-json\/wp\/v2\/comments?post=6955"}],"wp:featuredmedia":[{"embeddable":true,"href":"https:\/\/fengchashop.com\/fi\/wp-json\/wp\/v2\/media\/6956"}],"wp:attachment":[{"href":"https:\/\/fengchashop.com\/fi\/wp-json\/wp\/v2\/media?parent=6955"}],"wp:term":[{"taxonomy":"product_brand","embeddable":true,"href":"https:\/\/fengchashop.com\/fi\/wp-json\/wp\/v2\/product_brand?post=6955"},{"taxonomy":"product_cat","embeddable":true,"href":"https:\/\/fengchashop.com\/fi\/wp-json\/wp\/v2\/product_cat?post=6955"},{"taxonomy":"product_tag","embeddable":true,"href":"https:\/\/fengchashop.com\/fi\/wp-json\/wp\/v2\/product_tag?post=6955"}],"curies":[{"name":"wp","href":"https:\/\/api.w.org\/{rel}","templated":true}]}}