{"id":6943,"date":"2024-10-14T16:29:47","date_gmt":"2024-10-14T14:29:47","guid":{"rendered":"https:\/\/fengchashop.com\/fi\/product\/haritaki-jauhe-250-g\/"},"modified":"2026-04-29T01:08:52","modified_gmt":"2026-04-28T23:08:52","slug":"haritaki-jauhe","status":"publish","type":"product","link":"https:\/\/fengchashop.com\/fi\/product\/haritaki-jauhe\/","title":{"rendered":"Haritaki jauhe 250 g"},"content":{"rendered":"<h2 style=\"text-align: justify\"><span style=\"color: #000000\">Haritaki jauhe BIO<\/span><\/h2>\n<p><span style=\"color: #000000\">Haritaki (tieteellinen nimi Terminalia chebula) on puu, jonka hedelmi\u00e4 k\u00e4ytet\u00e4\u00e4n usein ravintolis\u00e4n\u00e4 Ayurveda-l\u00e4\u00e4ketieteess\u00e4. Haritaki-hedelm\u00e4 tunnetaan monista terveysvaikutuksistaan, ja sit\u00e4 pidet\u00e4\u00e4n perinteisen intialaisen l\u00e4\u00e4ketieteen &#8221;l\u00e4\u00e4kekasvien kuninkaana&#8221;. Sit\u00e4 k\u00e4ytet\u00e4\u00e4n p\u00e4\u00e4asiassa sen adaptogeenisten, anti-inflammatoristen ja myrkkyj\u00e4 poistavien ominaisuuksien vuoksi. Haritaki on yksi kuuluisan ayurvedic-valmisteen Triphalan kolmesta p\u00e4\u00e4yrtist\u00e4.<\/span><\/p>\n<h2><span style=\"color: #000000\">Mik\u00e4 tekee Haritakista niin erityisen ja erilaisen?<\/span><\/h2>\n<p><span style=\"color: #000000\">Haritaki on t\u00e4rke\u00e4 ensisijaisesti sen monien terveyshy\u00f6tyjen vuoksi, erityisesti perinteisiss\u00e4 l\u00e4\u00e4ketieteellisiss\u00e4 j\u00e4rjestelmiss\u00e4, kuten Ayurveda. Sit\u00e4 on k\u00e4ytetty yleisl\u00e4\u00e4kkeen\u00e4 tuhansia vuosia sen laaja-alaisten vaikutusten vuoksi kehoon ja mieleen. Haritaki on arvostettu ravintolis\u00e4, jolla on laaja valikoima etuja ja jota monet k\u00e4ytt\u00e4v\u00e4t ruoansulatuksen parantamiseen, immuunij\u00e4rjestelm\u00e4n tukemiseen ja yleisen terveyden edist\u00e4miseen.<\/span><\/p>\n<h2><span style=\"color: #000000\">Vaikutukset, joilla on positiivinen vaikutus terveyteemme ja kehoomme<\/span><\/h2>\n<p><span style=\"color: #000000\">Haritakilla on monia mahdollisia terveyshy\u00f6tyj\u00e4 ja vaikutuksia. Jotkut t\u00e4rkeimmist\u00e4 eduista ja vaikutuksista ovat:<\/span><\/p>\n<p><span style=\"color: #000000\">\ud83d\udc9a auttaa ummetukseen, stimuloi peristaltiikkaa ja toimii liev\u00e4n\u00e4 laksatiivina,<\/span><\/p>\n<p><span style=\"color: #000000\">\ud83d\udc9a v\u00e4hent\u00e4\u00e4 ilmavaivoja ja stimuloi ravintoaineiden imeytymist\u00e4,<\/span><\/p>\n<p><span style=\"color: #000000\">\ud83d\udc9a sis\u00e4lt\u00e4\u00e4 runsaasti antioksidantteja, jotka suojaavat kehoa vapailta radikaaleilta, jotka aiheuttavat oksidatiivista stressi\u00e4,<\/span><\/p>\n<p><span style=\"color: #000000\">\ud83d\udc9a tarjoaa suojan syd\u00e4n- ja verisuonisairauksia ja muita rappeuttavia sairauksia vastaan,<\/span><\/p>\n<p><span style=\"color: #000000\">\ud83d\udc9a tukee maksan ja munuaisten luonnollisia vieroitusprosesseja ja edist\u00e4\u00e4 siten myrkkyjen poistumista elimist\u00f6st\u00e4,<\/span><\/p>\n<p><span style=\"color: #000000\">\ud83d\udc9a parantaa myrkkyjen poistumista ruoansulatuskanavan kautta, mik\u00e4 johtaa parempaan energiaan ja elinvoimaisuuteen,<\/span><\/p>\n<p><span style=\"color: #000000\">\ud83d\udc9a vahvistaa immuunij\u00e4rjestelm\u00e4\u00e4,<\/span><\/p>\n<p><span style=\"color: #000000\">\ud83d\udc9a auttaa ehk\u00e4isem\u00e4\u00e4n bakteeri- ja virusinfektioita,<\/span><\/p>\n<p><span style=\"color: #000000\">\ud83d\udc9a auttaa lievitt\u00e4m\u00e4\u00e4n kehon tulehdusta, mukaan lukien nivel-, ruoansulatus- ja hengitysteiden tulehdus,<\/span><\/p>\n<p><span style=\"color: #000000\">\ud83d\udc9a auttaa s\u00e4\u00e4telem\u00e4\u00e4n verensokeria,<\/span><\/p>\n<p><span style=\"color: #000000\">\ud83d\udc9a tukee tervett\u00e4 aineenvaihduntaa, joka voi osaltaan vaikuttaa painonhallintaan,<\/span><\/p>\n<p><span style=\"color: #000000\">\ud83d\udc9a auttaa iho-ongelmien hoidossa (akne, ekseema, haavat),<\/span><\/p>\n<p><span style=\"color: #000000\">\ud83d\udc9a parantaa henkisi\u00e4 kykyj\u00e4 ja rauhoittaa mielt\u00e4,<\/span><\/p>\n<p><span style=\"color: #000000\">\ud83d\udc9a auttaa hallitsemaan stressi\u00e4, parantaa vastustuskyky\u00e4 henkist\u00e4 ja fyysist\u00e4 rasitusta vastaan.<\/span><\/p>\n<h2><span style=\"color: #000000\">Varastointi ja varoitukset<\/span><\/h2>\n<p><span style=\"color: #000000\">S\u00e4ilyt\u00e4 kuivassa ja viile\u00e4ss\u00e4 paikassa enint\u00e4\u00e4n 25 \u00b0C:n l\u00e4mp\u00f6tilassa. Ravintolis\u00e4n tulee olla poissa lasten ulottuvilta! \u00c4l\u00e4 unohda monipuolisen ruokavalion ja terveellisten el\u00e4m\u00e4ntapojen merkityst\u00e4, ravintolis\u00e4 ei siis korvaa tasapainoista ja monipuolista ruokavaliota. Suositeltua p\u00e4ivitt\u00e4ist\u00e4 m\u00e4\u00e4r\u00e4\u00e4 tai annosta ei saa ylitt\u00e4\u00e4. Raskaana olevien, imett\u00e4vien ja l\u00e4\u00e4kkeit\u00e4 k\u00e4ytt\u00e4vien tulee aina neuvotella l\u00e4\u00e4k\u00e4rin kanssa ennen k\u00e4ytt\u00f6\u00e4. Ei sovellu lapsille. On suositeltavaa kysy\u00e4 l\u00e4\u00e4k\u00e4rilt\u00e4 lis\u00e4tietoja mahdollisista terveysongelmista.<\/span><\/p>\n<h2><span style=\"color: #000000\">Pakkaus<\/span><\/h2>\n<p><span style=\"color: #000000\">Ilmatiivis vetoketjullinen pussi, jossa tuote s\u00e4ilytt\u00e4\u00e4 kaiken tuoreutensa ja arominsa. Pakkaus suojaa valolta ja ilmalta, koska se koostuu useista suojakerroksista, jotka s\u00e4ilytt\u00e4v\u00e4t sis\u00e4ll\u00f6n ominaisuudet. Pakkaus on eritt\u00e4in k\u00e4yt\u00e4nn\u00f6llinen ja mahdollistaa kierr\u00e4tyksen.<\/span><\/p>\n<h2><span style=\"color: #000000\">Alkuper\u00e4<\/span><\/h2>\n<p><span style=\"color: #000000\">Intia<\/span><\/p>\n","protected":false},"excerpt":{"rendered":"<p align=\"JUSTIFY\"><strong>Haritaki<\/strong> on puu, jonka hedelmi\u00e4 k\u00e4ytet\u00e4\u00e4n usein ravintolis\u00e4n\u00e4 Ayurveda-l\u00e4\u00e4ketieteess\u00e4. Haritaki-hedelm\u00e4 tunnetaan monista terveysvaikutuksistaan, ja sit\u00e4 pidet\u00e4\u00e4n perinteisen intialaisen l\u00e4\u00e4ketieteen &#8221;<strong>l\u00e4\u00e4kekasvien kuninkaana<\/strong>&#8221;. Sit\u00e4 k\u00e4ytet\u00e4\u00e4n p\u00e4\u00e4asiassa sen adaptogeenisten, tulehdusta ehk\u00e4isevien ja myrkkyj\u00e4 poistavien ominaisuuksiensa vuoksi.<\/p>\n<p align=\"JUSTIFY\">\ud83d\udc9a lievitt\u00e4\u00e4 ummetusta, edist\u00e4\u00e4 myrkkyjen poistumista suolistosta ja s\u00e4\u00e4telee ruuansulatuksen toimintaa,<br \/>\n\ud83d\udc9a Vahvana antioksidanttina se auttaa poistamaan myrkkyj\u00e4 kehosta ja stimuloi maksan ja munuaisten toimintaa,<br \/>\n\ud83d\udc9a <em>tulehdusta ehk\u00e4isevien<\/em>, antibakteeristen ja virustenvastaisten ominaisuuksiensa ansiosta se vahvistaa immuunij\u00e4rjestelm\u00e4\u00e4,<br \/>\n\ud83d\udc9a auttaa kehoa kest\u00e4m\u00e4\u00e4n stressi\u00e4,<br \/>\n\ud83d\udc9a parantaa keskittymiskyky\u00e4, muistia ja mielen selkeytt\u00e4.<\/p>\n","protected":false},"featured_media":6944,"comment_status":"open","ping_status":"closed","template":"","meta":{"_acf_changed":false},"product_brand":[],"product_cat":[225,230,224],"product_tag":[],"class_list":{"0":"post-6943","1":"product","2":"type-product","3":"status-publish","4":"has-post-thumbnail","6":"product_cat-kaikki-tuotteet","7":"product_cat-superruoka","8":"product_cat-tarjous","10":"first","11":"instock","12":"sale","13":"taxable","14":"shipping-taxable","15":"purchasable","16":"product-type-simple"},"acf":[],"_links":{"self":[{"href":"https:\/\/fengchashop.com\/fi\/wp-json\/wp\/v2\/product\/6943","targetHints":{"allow":["GET"]}}],"collection":[{"href":"https:\/\/fengchashop.com\/fi\/wp-json\/wp\/v2\/product"}],"about":[{"href":"https:\/\/fengchashop.com\/fi\/wp-json\/wp\/v2\/types\/product"}],"replies":[{"embeddable":true,"href":"https:\/\/fengchashop.com\/fi\/wp-json\/wp\/v2\/comments?post=6943"}],"wp:featuredmedia":[{"embeddable":true,"href":"https:\/\/fengchashop.com\/fi\/wp-json\/wp\/v2\/media\/6944"}],"wp:attachment":[{"href":"https:\/\/fengchashop.com\/fi\/wp-json\/wp\/v2\/media?parent=6943"}],"wp:term":[{"taxonomy":"product_brand","embeddable":true,"href":"https:\/\/fengchashop.com\/fi\/wp-json\/wp\/v2\/product_brand?post=6943"},{"taxonomy":"product_cat","embeddable":true,"href":"https:\/\/fengchashop.com\/fi\/wp-json\/wp\/v2\/product_cat?post=6943"},{"taxonomy":"product_tag","embeddable":true,"href":"https:\/\/fengchashop.com\/fi\/wp-json\/wp\/v2\/product_tag?post=6943"}],"curies":[{"name":"wp","href":"https:\/\/api.w.org\/{rel}","templated":true}]}}