{"id":6941,"date":"2024-08-30T08:23:27","date_gmt":"2024-08-30T06:23:27","guid":{"rendered":"https:\/\/fengchashop.com\/fi\/product\/ginseng-panax-bio-60-g\/"},"modified":"2026-04-29T22:24:05","modified_gmt":"2026-04-29T20:24:05","slug":"ginseng-panax-bio","status":"publish","type":"product","link":"https:\/\/fengchashop.com\/fi\/product\/ginseng-panax-bio\/","title":{"rendered":"Ginseng Panax BIO 60 g"},"content":{"rendered":"<h2><span style=\"color: #000000\">Ginseng Panax BIO<\/span><\/h2>\n<p><span style=\"color: #000000\">Ginseng Panax on yrtti, joka on per\u00e4isin Araliaceae-heimosta ja kuuluu Panax-sukuun. &#8221;Panax&#8221; tulee kreikan sanasta, joka tarkoittaa &#8221;kaikki terveytt\u00e4&#8221; tai &#8221;parantumista&#8221;, mik\u00e4 kuvastaa sen perinteist\u00e4 k\u00e4ytt\u00f6\u00e4 l\u00e4\u00e4ketieteess\u00e4. T\u00e4m\u00e4 yrtti tunnetaan mahdollisista l\u00e4\u00e4keominaisuuksistaan, ja sit\u00e4 k\u00e4ytet\u00e4\u00e4n laajalti perinteisess\u00e4 kiinalaisessa, korealaisessa ja amerikkalaisessa kansanl\u00e4\u00e4ketieteess\u00e4.<\/span><\/p>\n<p><span style=\"color: #000000\">Ginsengjuuri on yksi t\u00e4rkeimmist\u00e4 kasveista perinteisess\u00e4 kiinalaisessa ja ven\u00e4l\u00e4isess\u00e4 herbalismissa, jossa sit\u00e4 on k\u00e4ytetty ravintolis\u00e4n\u00e4 vuosisatoja, ellei vuosituhansia. Kiinassa tiedet\u00e4\u00e4n hyvin, ett\u00e4 ginseng on hyv\u00e4ksi terveydellemme pitk\u00e4ik\u00e4isyyden kannalta (est\u00e4\u00e4 ik\u00e4\u00e4ntymisprosesseja), auttaa parantamaan immuunij\u00e4rjestelm\u00e4n toimintaa, torjuu v\u00e4symyst\u00e4, stressi\u00e4 ja parantaa seksuaalista voimaa.<\/span><\/p>\n<p><span style=\"color: #000000\">Ginsengin aktiiviset yhdisteet, joita kutsutaan elevterosideiksi (se sis\u00e4lt\u00e4\u00e4 jopa 7 erilaista) toimivat samalla tavalla kuin steroidit. Ginseng on my\u00f6s adaptogeeninen kasvi. N\u00e4m\u00e4 ovat kasveja, jotka auttavat kehoa sopeutumaan erilaisiin ymp\u00e4rist\u00f6n negatiivisiin tekij\u00f6ihin. Sill\u00e4 on kyky s\u00e4\u00e4dell\u00e4 ja kontrolloida rauhas- ja hormonij\u00e4rjestelmi\u00e4, hermostoa ja syd\u00e4n- ja verisuonij\u00e4rjestelm\u00e4\u00e4 sek\u00e4 lihaksia. Adaptogeenit ovat tehokas apu keholle fyysisen, kemiallisen ja biologisen stressin hallinnassa.<\/span><\/p>\n<p><span style=\"color: #000000\">Poanax ginseng on per\u00e4isin luomuviljelyst\u00e4, eik\u00e4 se sis\u00e4ll\u00e4 t\u00e4yteaineita tai lis\u00e4aineita. Sadonkorjuun j\u00e4lkeen ginseng-juuret kuivataan ja jauhetaan sitten jauheeksi hell\u00e4varaisesti.<\/span><\/p>\n<p><span style=\"color: #000000\"><strong>Panax Ginsengin t\u00e4rkeimm\u00e4t ominaisuudet ja sen vaikutukset<\/strong><\/span><\/p>\n<p><span style=\"color: #000000\">\ud83d\udc9a Se tunnetaan adaptogeenina, mik\u00e4 tarkoittaa, ett\u00e4 se voi auttaa kehoa sopeutumaan stressiin ja lis\u00e4\u00e4 vastustuskyky\u00e4 haitallisia tekij\u00f6it\u00e4 vastaan,<\/span><\/p>\n<p><span style=\"color: #000000\">\ud83d\udc9a sit\u00e4 k\u00e4ytet\u00e4\u00e4n luonnollisena keinona lis\u00e4t\u00e4 energiaa ja kest\u00e4vyytt\u00e4,<\/span><\/p>\n<p><span style=\"color: #000000\">\ud83d\udc9a parantaa kognitiivisia toimintoja, kuten muistia, keskittymiskyky\u00e4 ja tarkkaavaisuutta,<\/span><\/p>\n<p><span style=\"color: #000000\">\ud83d\udc9a se vahvistaa immuunij\u00e4rjestelm\u00e4\u00e4, sill\u00e4 se sis\u00e4lt\u00e4\u00e4 aineita, jotka stimuloivat infektioita vastaan \u200b\u200btaistelevien valkosolujen tuotantoa,<\/span><\/p>\n<p><span style=\"color: #000000\">\ud83d\udc9a sis\u00e4lt\u00e4\u00e4 antioksidantteja, jotka auttavat suojaamaan soluja vapaiden radikaalien aiheuttamilta vaurioilta,<\/span><\/p>\n<p><span style=\"color: #000000\">\ud83d\udc9a se auttaa stabiloimaan verensokeritasoja, mik\u00e4 on hy\u00f6dyllist\u00e4 diabeetikoille,<\/span><\/p>\n<p><span style=\"color: #000000\">\ud83d\udc9a parantaa miesten libidoa,<\/span><\/p>\n<p><span style=\"color: #000000\">\ud83d\udc9a parantaa seksuaalista toimintaa,<\/span><\/p>\n<p><span style=\"color: #000000\">\ud83d\udc9a voi olla anti-inflammatorisia ominaisuuksia, jotka voivat auttaa v\u00e4hent\u00e4m\u00e4\u00e4n tulehdusta kehossa,<\/span><\/p>\n<p><span style=\"color: #000000\">\ud83d\udc9a vaikuttaa positiivisesti syd\u00e4n- ja verisuonij\u00e4rjestelm\u00e4\u00e4n alentamalla verenpainetta ja parantamalla kolesterolitasoja.<\/span><\/p>\n<h2><span style=\"color: #000000\">Varastointi ja varoitukset<\/span><\/h2>\n<p><span style=\"color: #000000\">Varastoi kuivassa ja viile\u00e4ss\u00e4 paikassa. Ravintolis\u00e4n tulee olla poissa lasten ulottuvilta!<\/span><\/p>\n<p><span style=\"color: #000000\">\u00c4l\u00e4 unohda monipuolisen ruokavalion ja terveellisten el\u00e4m\u00e4ntapojen merkityst\u00e4, ravintolis\u00e4 ei siis korvaa tasapainoista ja monipuolista ruokavaliota. Suositeltua p\u00e4ivitt\u00e4ist\u00e4 m\u00e4\u00e4r\u00e4\u00e4 tai annosta ei saa ylitt\u00e4\u00e4. Raskaana olevien, imett\u00e4vien ja l\u00e4\u00e4kkeit\u00e4 k\u00e4ytt\u00e4vien tulee aina neuvotella l\u00e4\u00e4k\u00e4rin kanssa ennen k\u00e4ytt\u00f6\u00e4.<\/span><\/p>\n<h2><span style=\"color: #000000\">Pakkaus<\/span><\/h2>\n<p><span style=\"color: #000000\">Ilmatiivis vetoketjullinen pussi, jossa tuote s\u00e4ilytt\u00e4\u00e4 kaiken tuoreutensa ja arominsa. Pakkaus suojaa valolta ja ilmalta, koska se koostuu useista suojakerroksista, jotka s\u00e4ilytt\u00e4v\u00e4t sis\u00e4ll\u00f6n ominaisuudet.<\/span><\/p>\n<p><span style=\"color: #000000\">Pakkaus on eritt\u00e4in k\u00e4yt\u00e4nn\u00f6llinen ja mahdollistaa kierr\u00e4tyksen.<\/span><\/p>\n<h2><span style=\"color: #000000\">Alkuper\u00e4<\/span><\/h2>\n<p><span style=\"color: #000000\">Kiina. Meill\u00e4 on eritt\u00e4in luotettavia toimittajia, jotka l\u00e4hett\u00e4v\u00e4t meille yksityiskohtaisen kemiallisen analyysin jokaisesta er\u00e4st\u00e4. Yli kymmeneen vuoteen meill\u00e4 ei ole ollut takaisinkutsuja tai muita ongelmia t\u00e4m\u00e4n tai saman toimittajan muiden tuotteiden kanssa. Artikkelilla on 100 % luomusertifikaatti.<\/span><\/p>\n","protected":false},"excerpt":{"rendered":"<p>Ginseng-juuri on yksi t\u00e4rkeimmist\u00e4 kasveista perinteisess\u00e4 kiinalaisessa ja ven\u00e4l\u00e4isess\u00e4 herbalismissa, jossa sit\u00e4 on k\u00e4ytetty ravintolis\u00e4n\u00e4 vuosisatojen, ellei vuosituhansien ajan.<\/p>\n<p>\ud83d\udc9a pitk\u00e4ik\u00e4isyys (est\u00e4\u00e4 ik\u00e4\u00e4ntymisprosesseja),<br \/>\n\ud83d\udc9a vahvistaa immuunij\u00e4rjestelm\u00e4\u00e4,<br \/>\n\ud83d\udc9a toimii v\u00e4symyst\u00e4 vastaan,<br \/>\n\ud83d\udc9a stressi\u00e4 vastaan,<br \/>\n\ud83d\udc9a vaikuttaa parempaan seksivoimaan.<\/p>\n","protected":false},"featured_media":6942,"comment_status":"open","ping_status":"closed","template":"","meta":{"_acf_changed":false},"product_brand":[],"product_cat":[15,225,230,224],"product_tag":[],"class_list":{"0":"post-6941","1":"product","2":"type-product","3":"status-publish","4":"has-post-thumbnail","6":"product_cat-uncategorized","7":"product_cat-kaikki-tuotteet","8":"product_cat-superruoka","9":"product_cat-tarjous","11":"first","12":"instock","13":"sale","14":"taxable","15":"shipping-taxable","16":"purchasable","17":"product-type-simple"},"acf":[],"_links":{"self":[{"href":"https:\/\/fengchashop.com\/fi\/wp-json\/wp\/v2\/product\/6941","targetHints":{"allow":["GET"]}}],"collection":[{"href":"https:\/\/fengchashop.com\/fi\/wp-json\/wp\/v2\/product"}],"about":[{"href":"https:\/\/fengchashop.com\/fi\/wp-json\/wp\/v2\/types\/product"}],"replies":[{"embeddable":true,"href":"https:\/\/fengchashop.com\/fi\/wp-json\/wp\/v2\/comments?post=6941"}],"wp:featuredmedia":[{"embeddable":true,"href":"https:\/\/fengchashop.com\/fi\/wp-json\/wp\/v2\/media\/6942"}],"wp:attachment":[{"href":"https:\/\/fengchashop.com\/fi\/wp-json\/wp\/v2\/media?parent=6941"}],"wp:term":[{"taxonomy":"product_brand","embeddable":true,"href":"https:\/\/fengchashop.com\/fi\/wp-json\/wp\/v2\/product_brand?post=6941"},{"taxonomy":"product_cat","embeddable":true,"href":"https:\/\/fengchashop.com\/fi\/wp-json\/wp\/v2\/product_cat?post=6941"},{"taxonomy":"product_tag","embeddable":true,"href":"https:\/\/fengchashop.com\/fi\/wp-json\/wp\/v2\/product_tag?post=6941"}],"curies":[{"name":"wp","href":"https:\/\/api.w.org\/{rel}","templated":true}]}}