{"id":6930,"date":"2025-07-24T19:50:29","date_gmt":"2025-07-24T17:50:29","guid":{"rendered":"https:\/\/fengchashop.com\/fi\/product\/chunmee-bio-100-g\/"},"modified":"2025-12-12T21:16:00","modified_gmt":"2025-12-12T20:16:00","slug":"chunmee-bio","status":"publish","type":"product","link":"https:\/\/fengchashop.com\/fi\/product\/chunmee-bio\/","title":{"rendered":"Chunmee BIO 100 g"},"content":{"rendered":"<div class=\"wpb-content-wrapper\"><p>[vc_row][vc_column][vc_column_text css=&#8221;&#8221;]<\/p>\n<h2><span style=\"color: #000000;\">Chunmee Organic<\/span><\/h2>\n<p><span style=\"color: #000000;\">Chunmee on yksi Kiinan suosituimmista jokap\u00e4iv\u00e4iseen k\u00e4ytt\u00f6\u00f6n tarkoitetuista teist\u00e4. Luomuversiolle on ominaista sen herkk\u00e4 ja hienostunut maku. Teelehdet ovat tiiviit\u00e4 ja pehmeit\u00e4. Lehdet k\u00e4\u00e4rit\u00e4\u00e4n ensin pieniin spiraaleihin, jotka avautuvat heti, kun ne joutuvat kosketuksiin kuuman veden kanssa.<\/span><\/p>\n<h2><span style=\"color: #000000;\">S\u00e4ilytys<\/span><\/h2>\n<p><span style=\"color: #000000;\">S\u00e4ilyt\u00e4 luomuteet\u00e4 kuivassa, pime\u00e4ss\u00e4 ja viile\u00e4ss\u00e4 paikassa.<\/span><\/p>\n<h2><span style=\"color: #000000;\">Pakkaus<\/span><\/h2>\n<p><span style=\"color: #000000;\">L\u00e4p\u00e4isem\u00e4tt\u00f6m\u00e4ss\u00e4 vetoketjullisessa pussissa, jossa tuote s\u00e4ilytt\u00e4\u00e4 kaiken tuoreutensa ja arominsa. Pakkaus suojaa valolta ja ilmalta. Se koostuu useista suojakerroksista tuotteen ominaisuuksien s\u00e4ilytt\u00e4miseksi.<\/span><\/p>\n<p><span style=\"color: #000000;\">Pakkaus on eritt\u00e4in k\u00e4yt\u00e4nn\u00f6llinen ja kierr\u00e4tett\u00e4v\u00e4.<\/span><\/p>\n<h2><span style=\"color: #000000;\">Alkuper\u00e4<\/span><\/h2>\n<p><span style=\"color: #000000;\">Kiina. Meill\u00e4 on eritt\u00e4in luotettavia toimittajia, jotka l\u00e4hett\u00e4v\u00e4t meille tarkan kemiallisen analyysin elintarvikkeista jokaisesta er\u00e4st\u00e4. Meill\u00e4 ei ole ollut takaisinvetoja tai muita ongelmia t\u00e4m\u00e4n tuotteen tai muiden saman toimittajan tuotteiden kanssa yli kymmeneen vuoteen. Artikkelilla on 100 % luomusertifikaatti.<\/span>[\/vc_column_text][\/vc_column][\/vc_row]<\/p>\n<\/div>","protected":false},"excerpt":{"rendered":"<p>Chunmee on yksi suosituimmista jokap\u00e4iv\u00e4isist\u00e4 teist\u00e4. Luomuversiolle ovat ominaisia sen hienot ja pehme\u00e4t lehdet.<\/p>\n<p>\ud83d\udc9a Se on tuotettu luonnonmukaisesti.<\/p>\n<p>\ud83d\udc9a Tee jokaiseen p\u00e4iv\u00e4\u00e4n.<\/p>\n","protected":false},"featured_media":6931,"comment_status":"open","ping_status":"closed","template":"","meta":{"_acf_changed":false},"product_brand":[],"product_cat":[15,225,224,242,235],"product_tag":[],"class_list":{"0":"post-6930","1":"product","2":"type-product","3":"status-publish","4":"has-post-thumbnail","6":"product_cat-uncategorized","7":"product_cat-kaikki-tuotteet","8":"product_cat-tarjous","9":"product_cat-teeta","10":"product_cat-teeta-ruokaa-ja-mausteita","12":"first","13":"outofstock","14":"taxable","15":"shipping-taxable","16":"purchasable","17":"product-type-simple"},"acf":[],"_links":{"self":[{"href":"https:\/\/fengchashop.com\/fi\/wp-json\/wp\/v2\/product\/6930","targetHints":{"allow":["GET"]}}],"collection":[{"href":"https:\/\/fengchashop.com\/fi\/wp-json\/wp\/v2\/product"}],"about":[{"href":"https:\/\/fengchashop.com\/fi\/wp-json\/wp\/v2\/types\/product"}],"replies":[{"embeddable":true,"href":"https:\/\/fengchashop.com\/fi\/wp-json\/wp\/v2\/comments?post=6930"}],"wp:featuredmedia":[{"embeddable":true,"href":"https:\/\/fengchashop.com\/fi\/wp-json\/wp\/v2\/media\/6931"}],"wp:attachment":[{"href":"https:\/\/fengchashop.com\/fi\/wp-json\/wp\/v2\/media?parent=6930"}],"wp:term":[{"taxonomy":"product_brand","embeddable":true,"href":"https:\/\/fengchashop.com\/fi\/wp-json\/wp\/v2\/product_brand?post=6930"},{"taxonomy":"product_cat","embeddable":true,"href":"https:\/\/fengchashop.com\/fi\/wp-json\/wp\/v2\/product_cat?post=6930"},{"taxonomy":"product_tag","embeddable":true,"href":"https:\/\/fengchashop.com\/fi\/wp-json\/wp\/v2\/product_tag?post=6930"}],"curies":[{"name":"wp","href":"https:\/\/api.w.org\/{rel}","templated":true}]}}