{"id":6903,"date":"2023-04-05T07:55:40","date_gmt":"2023-04-05T05:55:40","guid":{"rendered":"https:\/\/fengchashop.com\/fi\/product\/magnesium-bisglysinaattikapselit-120-kapselia\/"},"modified":"2026-04-17T17:29:48","modified_gmt":"2026-04-17T15:29:48","slug":"magnesium-bisglysinaattikapselit","status":"publish","type":"product","link":"https:\/\/fengchashop.com\/fi\/product\/magnesium-bisglysinaattikapselit\/","title":{"rendered":"Magnesium bisglysinaattikapselit 120 kapselia"},"content":{"rendered":"<div class=\"wpb-content-wrapper\"><p>[vc_row][vc_column][vc_column_text css=&#8221;&#8221;]<\/p>\n<h2><span style=\"color: #000000\">Magnesiumbisglysinaatti<\/span><\/h2>\n<p style=\"text-align: justify\"><span style=\"color: #000000\">Magnesium on eritt\u00e4in t\u00e4rke\u00e4 <strong>kivenn\u00e4isaine<\/strong>, joka vastaa yli 300 aineenvaihduntareaktiosta ihmiskehossa. Asiantuntijat kutsuvat sit\u00e4 usein &#8221;mineraalien kuninkaaksi&#8221;. Sill\u00e4 on eritt\u00e4in t\u00e4rke\u00e4 rooli luuston, lihasten ja hermoston moitteettoman toiminnan varmistamisessa. Sit\u00e4 k\u00e4ytet\u00e4\u00e4n usein <strong>kramppien (vasikoissa), v\u00e4symyksen ja uupumuksen ehk\u00e4isemiseksi sek\u00e4 normaalin henkisen toiminnan varmistamiseksi<\/strong>. Nykyaikaisten el\u00e4m\u00e4ntapojen &#8211; unen puute, stressi, ruokavalio &#8211; vuoksi turvaudumme usein magnesiumlisiin. Ja vaikka sit\u00e4 on paljon vihreiss\u00e4 vihanneksissa, kalassa, auringonkukka- ja kurpitsansiemeniss\u00e4, hedelmiss\u00e4 ja p\u00e4hkin\u00f6iss\u00e4, kulutamme sit\u00e4 yksinkertaisesti enemm\u00e4n kuin sy\u00f6mme. Urheilijoilla ja hyvin aktiivisilla ihmisill\u00e4, raskaana olevilla naisilla ja vanhuksilla on lis\u00e4\u00e4ntynyt magnesiumin tarve. Luonnossa magnesium on aina sitoutunut johonkin toiseen yhdisteeseen, mik\u00e4 antaa sille erityisominaisuuksia erityisesti imeytymisen ja lis\u00e4vaikutusten osalta. Siksi on t\u00e4rke\u00e4\u00e4 valita tarpeisiimme sopiva magnesium.<\/span><\/p>\n<p style=\"text-align: justify\"><span style=\"color: #000000\">Magnesium magnesiumbisglysinaattina on yksi <b>uusimmista ja parhaista markkinoilla olevista magnesiummuodoista<\/b>. Magnesiumin eri muotoja on yli tusina, ja joistakin muodoista on jopa luovuttu (esimerkiksi magnesiumaspartaatti ja magnesiumglutamaatti). Kaikki magnesium ei siis t\u00e4yt\u00e4 tarpeitamme. Valitse magnesiummuodot, jotka ovat hyv\u00e4laatuisia ja ennen kaikkea sinulle sopivia.<\/span><\/p>\n<p style=\"text-align: justify\"><span style=\"color: #000000\">Magnesiumin puute on yhdistetty useisiin sairauksiin, kuten migreeniin, krooniseen v\u00e4symykseen, korkeaan verenpaineeseen, ahdistuneisuuteen ja muihin mielenterveysh\u00e4iri\u00f6ihin. Magnesium korjaa ep\u00e4suorasti vaurioituneita soluja, mik\u00e4 ehk\u00e4isee <strong>soluvaurioihin<\/strong> liittyvien sairauksien &#8211; kuten esimerkiksi sy\u00f6v\u00e4n &#8211; kehittymist\u00e4. Samalla magnesiumin puute v\u00e4hent\u00e4\u00e4 t\u00e4rke\u00e4n D-vitamiinin vaikutusta.<\/span><\/p>\n<p style=\"text-align: justify\"><span style=\"color: #000000\">Magnesiumbisglysinaattimme on ensiluokkaista laatua.<\/span><\/p>\n<h2 style=\"text-align: justify\"><span style=\"color: #000000\">Miksi valita magnesiumbisglysinaatti?<\/span><\/h2>\n<p style=\"text-align: justify\"><span style=\"color: #000000\"><strong>Magnesiumbisglysinaattimuotoinen <\/strong> magnesium<b> imeytyy<\/b> p\u00e4\u00e4asiassa <b>nopeammin<\/b>,<b> helpommin <\/b>ja<b> paremmin<\/b> kuin muut magnesiummuodot. Se on yksi uudemmista magnesiumin muodoista ravintolis\u00e4n\u00e4, jolla pyrit\u00e4\u00e4n antamaan paras mahdollinen hy\u00f6ty ilman laksatiivisen vaikutuksen sivuvaikutusta. Se on t\u00e4ll\u00e4 hetkell\u00e4 yksi parhaista magnesium-ravintolisist\u00e4. T\u00e4m\u00e4 on erityinen etu ihmisille, joiden ruoansulatus on herkk\u00e4 magnesiumlisille, mutta joiden elimist\u00f6 toisaalta tarvitsee sit\u00e4.<\/span><\/p>\n<p style=\"text-align: justify\"><span style=\"color: #000000\">Magnesiumbisglysinaatin avulla elimist\u00f6 <b>pystyy hy\u00f6dynt\u00e4m\u00e4\u00e4n magnesiumin parhaalla mahdollis<\/b> ella tavalla, sill\u00e4 se imeytyy 80-prosenttisesti tai jopa enemm\u00e4n. Koska se ei aiheuta ripulia eik\u00e4 sill\u00e4 ole laksatiivista vaikutusta, t\u00e4m\u00e4 magnesiumin versio soveltuu parhaiten <b>pitk\u00e4aikaiseen k\u00e4ytt\u00f6\u00f6n<\/b>. Laksatiivisesta vaikutuksesta ei ole aina hy\u00f6ty\u00e4, sill\u00e4 se voi heikent\u00e4\u00e4 muiden ravintoaineiden imeytymist\u00e4 ja \u00e4rsytt\u00e4\u00e4 herkk\u00e4\u00e4 suolistoa.<\/span><\/p>\n<p style=\"text-align: justify\"><span style=\"color: #000000\">Magnesiumbisglysinaatti sis\u00e4lt\u00e4\u00e4 itse asiassa yhden glytsinaattiaminohapon sijasta kaksi glytsinaattiaminohappoa, mik\u00e4 tarkoittaa parempaa suojaa mahahappoa vastaan. Niinp\u00e4 se p\u00e4\u00e4see suolistoon, jossa se todella imeytyy verenkiertoon mahdollisimman orgaanisessa muodossa.<\/span><\/p>\n<h2 style=\"text-align: justify\"><span style=\"color: #000000\">Mik\u00e4 on magnesiumin kulutuksen vaikutus elimist\u00f6\u00f6mme?<\/span><\/h2>\n<p style=\"text-align: justify\"><span style=\"color: #000000\">Magnesiumin nauttimisella on meihin seuraavat positiiviset vaikutukset, jotka my\u00f6s ammattikunta tunnustaa:<\/span><\/p>\n<p><span style=\"color: #000000\"> \ud83d\udc9a se auttaa v\u00e4hent\u00e4m\u00e4\u00e4n v\u00e4symyst\u00e4 ja uupumusta,<\/span><\/p>\n<p><span style=\"color: #000000\"> \ud83d\udc9a tukee elektrolyyttitasapainoa, jota tarvitsemme erityisesti fyysisen rasituksen aikana,<\/span><\/p>\n<p><span style=\"color: #000000\"> \ud83d\udc9a edist\u00e4\u00e4 aineenvaihdunnan energian vapautumista,<\/span><\/p>\n<p><span style=\"color: #000000\">\ud83d\udc9a vaikuttaa suotuisasti hermostoon,<\/span><\/p>\n<p><span style=\"color: #000000\">\ud83d\udc9a edist\u00e4\u00e4 normaalia lihastoimintaa, normaaleja psykologisia toimintoja,<\/span><\/p>\n<p><span style=\"color: #000000\">\ud83d\udc9a vaikuttaa proteiinisynteesiin,<\/span><\/p>\n<p><span style=\"color: #000000\">\ud83d\udc9a yll\u00e4pit\u00e4\u00e4 terveit\u00e4 luita ja hampaita,<\/span><\/p>\n<p><span style=\"color: #000000\">\ud83d\udc9a vaikuttaa solujen jakautumiseen.<\/span><\/p>\n<p style=\"text-align: justify\"><span style=\"color: #000000\">Tyytyv\u00e4iset k\u00e4ytt\u00e4j\u00e4t puhuvat my\u00f6s muista hy\u00f6dyist\u00e4, joita magnesiumin ottaminen ensiluokkaisesta, parhaassa muodossa olevasta magnesiumlis\u00e4st\u00e4 tuo mukanaan. <\/span><\/p>\n<h2><span style=\"color: #000000\">Pakkaus<\/span><\/h2>\n<p><span style=\"color: #000000\">L\u00e4p\u00e4isem\u00e4t\u00f6n vetoketjullinen pussi, jossa tuote s\u00e4ilytt\u00e4\u00e4 kaiken tuoreutensa ja arominsa. Pakkaus suojaa valolta ja ilmalta ja koostuu useista suojakerroksista, jotka s\u00e4ilytt\u00e4v\u00e4t sis\u00e4ll\u00f6n ominaisuudet.<\/span><\/p>\n<p><span style=\"color: #000000\">Pakkaus on eritt\u00e4in k\u00e4yt\u00e4nn\u00f6llinen ja kierr\u00e4tett\u00e4v\u00e4.<\/span><\/p>\n<h2 style=\"text-align: justify\"><span style=\"color: #000000\">Varastointi ja varoitukset<\/span><\/h2>\n<p style=\"text-align: justify\"><span style=\"color: #000000\">S\u00e4ilyt\u00e4 viile\u00e4ss\u00e4 ja kuivassa paikassa enint\u00e4\u00e4n 25 \u00b0C:n l\u00e4mp\u00f6tilassa. S\u00e4ilyt\u00e4 ravintolis\u00e4 lasten ulottumattomissa!<\/span><\/p>\n<p style=\"text-align: justify\"><span style=\"color: #000000\">Keskustele l\u00e4\u00e4k\u00e4rin kanssa, jos k\u00e4yt\u00e4t samanaikaisesti antibiootteja, osteoporoosi- tai korkean verenpaineen l\u00e4\u00e4kkeit\u00e4, sill\u00e4 magnesium voi vaikuttaa niiden vaikutukseen.<\/span><\/p>\n<p style=\"text-align: justify\"><span style=\"color: #000000\">Muista monipuolisen ruokavalion ja terveellisten el\u00e4m\u00e4ntapojen merkitys, ravintolis\u00e4 ei korvaa tasapainoista ja monipuolista ruokavaliota. Suositeltua p\u00e4ivitt\u00e4ist\u00e4 m\u00e4\u00e4r\u00e4\u00e4 tai annosta ei tulisi ylitt\u00e4\u00e4. Raskaana olevia ja imett\u00e4vi\u00e4 naisia kehotetaan aina neuvottelemaan l\u00e4\u00e4k\u00e4rin kanssa ennen k\u00e4ytt\u00f6\u00e4. Ei sovellu lapsille.<\/span><\/p>\n<h2 style=\"text-align: justify\"><span style=\"color: #000000\">Alkuper\u00e4<\/span><\/h2>\n<p style=\"text-align: justify\"><span style=\"color: #000000\">Kiina. Meill\u00e4 on eritt\u00e4in luotettavia toimittajia, jotka l\u00e4hett\u00e4v\u00e4t meille yksityiskohtaisen kemiallisen analyysin elintarvikkeesta jokaisesta er\u00e4st\u00e4. Yli kymmenen vuoden aikana meill\u00e4 ei ole koskaan ollut palautusmenettely\u00e4 tai muita ongelmia t\u00e4m\u00e4n tuotteen tai muiden saman toimittajan tuotteiden kanssa. <\/span><\/p>\n<p>[\/vc_column_text][\/vc_column][\/vc_row]<\/p>\n<\/div>","protected":false},"excerpt":{"rendered":"<p align=\"JUSTIFY\">Magnesium on <strong>eritt\u00e4in t\u00e4rke\u00e4 kivenn\u00e4isaine<\/strong>, joka on vastuussa yli 300 aineenvaihduntareaktiosta ihmiskehossa. Asiantuntijat kutsuvat sit\u00e4 usein &#8221;mineraalien kuninkaaksi&#8221;. Sill\u00e4 on eritt\u00e4in t\u00e4rke\u00e4 rooli luuston, lihasten ja hermoston moitteettoman toiminnan varmistamisessa.<\/p>\n<p>\ud83d\udc9a Se auttaa v\u00e4hent\u00e4m\u00e4\u00e4n v\u00e4symyst\u00e4 ja uupumusta.<br \/>\n\ud83d\udc9a Edist\u00e4\u00e4 energian vapautumista aineenvaihdunnassa.<br \/>\n\ud83d\udc9a Hy\u00f6dyllinen vaikutus hermostoon.<br \/>\n\ud83d\udc9a Edist\u00e4\u00e4 normaalia lihastoimintaa, normaaleja psykologisia toimintoja.<br \/>\n\ud83d\udc9a Yll\u00e4pit\u00e4\u00e4 terveit\u00e4 luita ja hampaita.<\/p>\n","protected":false},"featured_media":6904,"comment_status":"open","ping_status":"closed","template":"","meta":{"_acf_changed":false},"product_brand":[],"product_cat":[15,246,225,230,224],"product_tag":[],"class_list":{"0":"post-6903","1":"product","2":"type-product","3":"status-publish","4":"has-post-thumbnail","6":"product_cat-uncategorized","7":"product_cat-hyvat-tarjoukset","8":"product_cat-kaikki-tuotteet","9":"product_cat-superruoka","10":"product_cat-tarjous","12":"first","13":"instock","14":"sale","15":"taxable","16":"shipping-taxable","17":"purchasable","18":"product-type-simple"},"acf":[],"_links":{"self":[{"href":"https:\/\/fengchashop.com\/fi\/wp-json\/wp\/v2\/product\/6903","targetHints":{"allow":["GET"]}}],"collection":[{"href":"https:\/\/fengchashop.com\/fi\/wp-json\/wp\/v2\/product"}],"about":[{"href":"https:\/\/fengchashop.com\/fi\/wp-json\/wp\/v2\/types\/product"}],"replies":[{"embeddable":true,"href":"https:\/\/fengchashop.com\/fi\/wp-json\/wp\/v2\/comments?post=6903"}],"wp:featuredmedia":[{"embeddable":true,"href":"https:\/\/fengchashop.com\/fi\/wp-json\/wp\/v2\/media\/6904"}],"wp:attachment":[{"href":"https:\/\/fengchashop.com\/fi\/wp-json\/wp\/v2\/media?parent=6903"}],"wp:term":[{"taxonomy":"product_brand","embeddable":true,"href":"https:\/\/fengchashop.com\/fi\/wp-json\/wp\/v2\/product_brand?post=6903"},{"taxonomy":"product_cat","embeddable":true,"href":"https:\/\/fengchashop.com\/fi\/wp-json\/wp\/v2\/product_cat?post=6903"},{"taxonomy":"product_tag","embeddable":true,"href":"https:\/\/fengchashop.com\/fi\/wp-json\/wp\/v2\/product_tag?post=6903"}],"curies":[{"name":"wp","href":"https:\/\/api.w.org\/{rel}","templated":true}]}}