{"id":6899,"date":"2023-02-01T18:28:33","date_gmt":"2023-02-01T17:28:33","guid":{"rendered":"https:\/\/fengchashop.com\/fi\/product\/ruusunmarjajauhe-bio-250-g\/"},"modified":"2026-04-26T02:48:40","modified_gmt":"2026-04-26T00:48:40","slug":"ruusunmarjajauhe-bio","status":"publish","type":"product","link":"https:\/\/fengchashop.com\/fi\/product\/ruusunmarjajauhe-bio\/","title":{"rendered":"Ruusunmarjajauhe BIO 250 g"},"content":{"rendered":"<div class=\"wpb-content-wrapper\"><p>[vc_row][vc_column][vc_column_text css=&#8221;&#8221;]<\/p>\n<h2 style=\"text-align: justify\"><span style=\"color: #000000\">Ruusunmarja (Rosa canina)<\/span><\/h2>\n<p style=\"text-align: justify\"><span style=\"color: #000000\">Jo sumerilaiset mainitsivat ruusunmarjan tai niin sanotun<strong> villiruusun<\/strong> (tieteellinen nimi <strong>Rosa canina<\/strong>) kirjoituksissaan, ja me tunnemme sen t\u00e4\u00e4ll\u00e4 my\u00f6s nimell\u00e4 <strong>kuusenkerkk\u00e4, koiranhammas, koiranruusu tai villiruusu<\/strong>. Sit\u00e4 k\u00e4ytettiin ensimm\u00e4isen kerran noin <strong>3000 eaa.<\/strong> Ruusunmarja on rehev\u00e4sti kasvava, jopa 3 metri\u00e4 korkea pensas, jolla on vaaleanpunaiset t\u00e4htim\u00e4iset kukat. <strong>Hedelm\u00e4t<\/strong>, joita k\u00e4ytet\u00e4\u00e4n <strong>l\u00e4\u00e4kinn\u00e4llisiin<\/strong> tarkoituksiin, ovat v\u00e4rilt\u00e4\u00e4n punaisia ja niiden kuori on kovempi, ja niit\u00e4 kutsutaan <strong>ruusunmarjoiksi<\/strong>.<\/span><\/p>\n<p style=\"text-align: justify\"><span style=\"color: #000000\">Ruusunmarjajauhetta saadaan loka-marraskuussa ker\u00e4tt\u00e4vist\u00e4 <strong>kuivatuista hedelmist\u00e4<\/strong> (ruusunmarjoista). Ruusunmarjojen t\u00e4rkeimm\u00e4t ainesosat s\u00e4ilyv\u00e4t, kun hedelm\u00e4t kuivataan hitaasti ja enint\u00e4\u00e4n 40 \u00b0C:n l\u00e4mp\u00f6tilassa. Kun kuivausprosessi on p\u00e4\u00e4ttynyt, kuivatut granaattiomenat jauhetaan hienoksi jauheeksi.<\/span><\/p>\n<h2 style=\"text-align: justify\"><span style=\"color: #000000\">Ruusunmarjan t\u00e4rkeimm\u00e4t ominaisuudet<\/span><\/h2>\n<p style=\"text-align: justify\"><span style=\"color: #000000\">Granaattiomenat ovat olleet olemassa jo hyvin kauan, ja niin on my\u00f6s niiden k\u00e4ytt\u00f6mahdollisuudet <strong>luonnonl\u00e4\u00e4kinn\u00e4ss\u00e4<\/strong>. Granaattiomenoissa on <strong>60 kertaa enemm\u00e4n C-vitamiinia kuin sitrushedelmiss\u00e4<\/strong>, sill\u00e4 ne ovat yksi hedelmist\u00e4, joissa on <strong>eniten C-vitamiinia<\/strong> (askorbiinihappoa).<\/span><\/p>\n<p style=\"text-align: justify\"><span style=\"color: #000000\">C-vitamiinin lis\u00e4ksi granaattiomenat sis\u00e4lt\u00e4v\u00e4t runsaasti <strong>ravintokuitua<\/strong> (painolastiaine). Se on rikastettu <strong>bioflavonoideilla<\/strong>, joiden teht\u00e4v\u00e4n\u00e4 on auttaa askorbiinihapon imeytymist\u00e4. Bioflavonoidit auttavat <strong>hoitamaan vaurioitunutta ihoa<\/strong>.<\/span><\/p>\n<h2 style=\"text-align: justify\"><span style=\"color: #000000\">Ruusunmarjan vaikutukset<\/span><\/h2>\n<p><span style=\"color: #000000\"><strong>Vaikutukset, jotka vaikuttavat my\u00f6nteisesti terveyteemme ja kehoomme:<\/strong><\/span><\/p>\n<p><span style=\"color: #000000\"> \ud83d\udc9a Voimakas antioksidantti,<\/span><br \/>\n<span style=\"color: #000000\"> \ud83d\udc9a vahvistaa immuunij\u00e4rjestelm\u00e4\u00e4,<\/span><br \/>\n<span style=\"color: #000000\"> \ud83d\udc9a parantaa vastustuskyky\u00e4,<\/span><br \/>\n<span style=\"color: #000000\">\ud83d\udc9a auttaa vilustumiseen ja flunssaan,<\/span><br \/>\n<span style=\"color: #000000\">\ud83d\udc9a auttaa vahvistamaan kehon luonnollista puolustuskyky\u00e4 hapettumisvaurioita vastaan,<\/span><br \/>\n<span style=\"color: #000000\">\ud83d\udc9a toimii liev\u00e4n\u00e4 laksatiivina,<\/span><br \/>\n<span style=\"color: #000000\">\ud83d\udc9a parantaa ruoansulatusta,<\/span><br \/>\n<span style=\"color: #000000\"> \ud83d\udc9a anti-inflammatorinen,<\/span><br \/>\n<span style=\"color: #000000\">\ud83d\udc9a vaikuttaa suotuisasti nivelkipuihin,<\/span><br \/>\n<span style=\"color: #000000\">\ud83d\udc9a auttaa vaurioituneeseen ihoon,<\/span><br \/>\n<span style=\"color: #000000\"> \ud83d\udc9a puhdistaa ja kosteuttaa ihoa,<\/span><br \/>\n<span style=\"color: #000000\">\ud83d\udc9a lievitt\u00e4\u00e4 aknen aiheuttamia iho-ongelmia.<\/span><\/p>\n<h2><span style=\"color: #000000\">Varastointi ja varoitukset<\/span><\/h2>\n<p><span style=\"color: #000000\">S\u00e4ilyt\u00e4 viile\u00e4ss\u00e4, kuivassa paikassa enint\u00e4\u00e4n 25 \u00b0C:n l\u00e4mp\u00f6tilassa. V\u00e4lt\u00e4 voimakasta valoa ja l\u00e4mp\u00f6\u00e4. S\u00e4ilyt\u00e4 ravintolis\u00e4 lasten ulottumattomissa!<\/span><br \/>\n<span style=\"color: #000000\">Muista monipuolisen ruokavalion ja terveellisten el\u00e4m\u00e4ntapojen merkitys, ravintolis\u00e4 ei siis korvaa tasapainoista ja monipuolista ruokavaliota. Suositeltua p\u00e4ivitt\u00e4ist\u00e4 m\u00e4\u00e4r\u00e4\u00e4 tai annosta ei saa ylitt\u00e4\u00e4.<\/span><\/p>\n<h2><span style=\"color: #000000\">Pakkaus<\/span><\/h2>\n<p><span style=\"color: #000000\">L\u00e4p\u00e4isem\u00e4tt\u00f6m\u00e4ss\u00e4 vetoketjullisessa pussissa, jossa tuote s\u00e4ilytt\u00e4\u00e4 kaiken tuoreutensa ja arominsa. Pakkaus suojaa valolta ja ilmalta, sill\u00e4 se koostuu useista suojakerroksista, jotka s\u00e4ilytt\u00e4v\u00e4t sis\u00e4ll\u00f6n ominaisuudet.<\/span><\/p>\n<p><span style=\"color: #000000\">Pakkaus on eritt\u00e4in k\u00e4yt\u00e4nn\u00f6llinen ja kierr\u00e4tett\u00e4v\u00e4.<\/span><\/p>\n<h2><span style=\"color: #000000\">Alkuper\u00e4<\/span><\/h2>\n<p><span style=\"color: #000000\">Bulgaria<\/span>[\/vc_column_text][\/vc_column][\/vc_row]<\/p>\n<\/div>","protected":false},"excerpt":{"rendered":"<p>Ruusunmarjaa on k\u00e4ytetty jo hyvin kauan, samoin kuin sen k\u00e4ytt\u00f6\u00e4 luonnonl\u00e4\u00e4kinn\u00e4ss\u00e4. Granaattiomenoissa on 60 kertaa enemm\u00e4n C-vitamiinia kuin sitrushedelmiss\u00e4, sill\u00e4 ne ovat yksi hedelmi\u00e4, joiden C-vitamiinipitoisuus (askorbiinihappo) on korkein. C-vitamiinin lis\u00e4ksi granaattiomenat sis\u00e4lt\u00e4v\u00e4t my\u00f6s paljon ravintokuitua (ravintokuitua). Se on rikastettu bioflavonoideilla, joiden teht\u00e4v\u00e4n\u00e4 on auttaa askorbiinihapon imeytymist\u00e4. Bioflavonoidit auttavat hoitamaan vaurioitunutta ihoa.<\/p>\n<p><span style=\"color: #000000\"> \ud83d\udc9a Hy\u00f6dyllinen nivelkipuihin.<\/span><br \/>\n<span style=\"color: #000000\"> \ud83d\udc9a Auttaa vilustumiseen ja flunssaan.<\/span><br \/>\n<span style=\"color: #000000\">\ud83d\udc9a Helpottaa iho-ongelmia aknen yhteydess\u00e4.<\/span><br \/>\n<span style=\"color: #000000\"> \ud83d\udc9a Tehokas antioksidantti.<\/span><\/p>\n","protected":false},"featured_media":6900,"comment_status":"open","ping_status":"closed","template":"","meta":{"_acf_changed":false},"product_brand":[],"product_cat":[15,225,230,224],"product_tag":[],"class_list":{"0":"post-6899","1":"product","2":"type-product","3":"status-publish","4":"has-post-thumbnail","6":"product_cat-uncategorized","7":"product_cat-kaikki-tuotteet","8":"product_cat-superruoka","9":"product_cat-tarjous","11":"first","12":"instock","13":"taxable","14":"shipping-taxable","15":"purchasable","16":"product-type-simple"},"acf":[],"_links":{"self":[{"href":"https:\/\/fengchashop.com\/fi\/wp-json\/wp\/v2\/product\/6899","targetHints":{"allow":["GET"]}}],"collection":[{"href":"https:\/\/fengchashop.com\/fi\/wp-json\/wp\/v2\/product"}],"about":[{"href":"https:\/\/fengchashop.com\/fi\/wp-json\/wp\/v2\/types\/product"}],"replies":[{"embeddable":true,"href":"https:\/\/fengchashop.com\/fi\/wp-json\/wp\/v2\/comments?post=6899"}],"wp:featuredmedia":[{"embeddable":true,"href":"https:\/\/fengchashop.com\/fi\/wp-json\/wp\/v2\/media\/6900"}],"wp:attachment":[{"href":"https:\/\/fengchashop.com\/fi\/wp-json\/wp\/v2\/media?parent=6899"}],"wp:term":[{"taxonomy":"product_brand","embeddable":true,"href":"https:\/\/fengchashop.com\/fi\/wp-json\/wp\/v2\/product_brand?post=6899"},{"taxonomy":"product_cat","embeddable":true,"href":"https:\/\/fengchashop.com\/fi\/wp-json\/wp\/v2\/product_cat?post=6899"},{"taxonomy":"product_tag","embeddable":true,"href":"https:\/\/fengchashop.com\/fi\/wp-json\/wp\/v2\/product_tag?post=6899"}],"curies":[{"name":"wp","href":"https:\/\/api.w.org\/{rel}","templated":true}]}}