{"id":6881,"date":"2022-10-01T08:26:55","date_gmt":"2022-10-01T06:26:55","guid":{"rendered":"https:\/\/fengchashop.com\/fi\/product\/shilajit-jauhe-125-g\/"},"modified":"2026-04-29T23:20:32","modified_gmt":"2026-04-29T21:20:32","slug":"shilajit-jauhe","status":"publish","type":"product","link":"https:\/\/fengchashop.com\/fi\/product\/shilajit-jauhe\/","title":{"rendered":"Shilajit-jauhe 125 g"},"content":{"rendered":"<div class=\"wpb-content-wrapper\"><p>[vc_row][vc_column][vc_column_text css=&#8221;&#8221;]<\/p>\n<h2 style=\"text-align: justify\"><span style=\"color: #000000\">Shilajit (Mumio)<\/span><\/h2>\n<p style=\"text-align: justify\"><span style=\"color: #000000\">Shijalit on ravintolis\u00e4.<\/span><\/p>\n<p style=\"text-align: justify\"><span style=\"color: #000000\">Shilajit eli niin sanottu <strong>Mumio<\/strong> on <strong>mineraalipitoinen orgaaninen aine<\/strong>, joka virtaa Koillis-Intian ja muiden Aasian osien sek\u00e4 Kaakkois-Himalajan <strong>korkeiden vuorten kallioiden v\u00e4liss\u00e4 olevien kallioiden ja rakojen l\u00e4pi<\/strong> kes\u00e4kuukausina. Shilajit on <strong>vuoristohartsia<\/strong>, jonka uskotaan muodostuneen yli 50 miljoonaa vuotta sitten, kun Aasia t\u00f6rm\u00e4si Intian mantereeseen. Se tunnetaan my\u00f6s nimell\u00e4 mineraalihartsi. Kaakkois-Himalajan asukkaat ovat k\u00e4ytt\u00e4neet shilajitia tuhansia vuosia. Vuorihartsia esiintyy useissa eri s\u00e4vyiss\u00e4, nimitt\u00e4in kultaisena, hopeisena, kuparisena ja mustana, joka on Ayuvedic-l\u00e4\u00e4ketieteess\u00e4 yleisimmin k\u00e4ytetty v\u00e4ri.<\/span><\/p>\n<h2 style=\"text-align: justify\"><span style=\"color: #000000\">Miten shilajitia saadaan?<\/span><\/h2>\n<p style=\"text-align: justify\"><span style=\"color: #000000\">Shilajitia on k\u00e4ytetty ayurveda-l\u00e4\u00e4ketieteess\u00e4 <strong>jo yli 3000<\/strong> vuoden ajan l\u00e4\u00e4kkeen\u00e4 erilaisiin terveysongelmiin. Shilajit-hartsi koostuu <strong>erilaisista hartseista, sedimenteist\u00e4 ja muista materiaaleista<\/strong>, jotka on ker\u00e4tty vuorilta 3000 metrin korkeudesta tai jopa korkeammalta.<\/span><\/p>\n<p style=\"text-align: justify\"><span style=\"color: #000000\">Shilajitin uuttamisprosessi on hyvin vaativa, sill\u00e4 ker\u00e4\u00e4misen j\u00e4lkeen se <strong>puhdistetaan<\/strong> ensin <strong>orgaanisilla prosesseilla<\/strong> ja uutetaan sitten puristamalla, jotta saadaan <strong>v\u00e4kev\u00f6ity, korkealaatuinen uute<\/strong>. Shilajit uutetaan erityisell\u00e4 menetelm\u00e4ll\u00e4, joka <strong>s\u00e4ilytt\u00e4\u00e4 shilajitin luonnollisen koostumuksen ja puhtauden<\/strong>. Lis\u00e4ksi <strong>keskeiset ravintoaineet s\u00e4ilyv\u00e4t<\/strong> ja sen energia ei h\u00e4vi\u00e4. Ravintolis\u00e4n\u00e4 k\u00e4ytett\u00e4v\u00e4 hartsi on yksi parhaista lajeista, sill\u00e4 se k\u00e4y l\u00e4pi <strong>tiukan puhdistusprosessin, jolla varmistetaan, ett\u00e4 se soveltuu kulutukseen<\/strong>.<\/span><\/p>\n<h2 style=\"text-align: justify\"><span style=\"color: #000000\">Mitk\u00e4 ovat t\u00e4rkeimm\u00e4t ominaisuudet, joita shilajit tarjoaa meille?<\/span><\/h2>\n<p style=\"text-align: justify\"><span style=\"color: #000000\">Shilajit on valmistettu luonnollisesta aineesta, nimitt\u00e4in humuksesta, joka muodostuu, kun mikro-organismit hajottavat kasvi- ja el\u00e4inj\u00e4tett\u00e4. Shilajitilla on suotuisia vaikutuksia kehoomme ja terveyteemme.<\/span><\/p>\n<p style=\"text-align: justify\"><span style=\"color: #000000\"><em><strong>Vaikutuksia, jotka vaikuttavat my\u00f6nteisesti terveyteemme ja kehoomme:<\/strong><\/em><\/span><\/p>\n<p><span style=\"color: #000000\"> \ud83d\udc9a Tukee henkist\u00e4 ja kognitiivista toimintaa.<\/span><\/p>\n<p><span style=\"color: #000000\"> \ud83d\udc9a Tukee seksuaalista toimintaa miehill\u00e4 ja naisilla.<\/span><\/p>\n<p><span style=\"color: #000000\"> \ud83d\udc9a Tukee rasva-aineenvaihduntaa.<\/span><\/p>\n<p><span style=\"color: #000000\"> \ud83d\udc9a Tukee sokeriaineenvaihduntaa.<\/span><\/p>\n<p><span style=\"color: #000000\"> \ud83d\udc9a Auttaa normalisoimaan kehon painoa.<\/span><\/p>\n<p><span style=\"color: #000000\"> \ud83d\udc9a Auttaa yll\u00e4pit\u00e4m\u00e4\u00e4n virtsateiden terveytt\u00e4.<\/span><\/p>\n<p><span style=\"color: #000000\"> \ud83d\udc9a Auttaa yll\u00e4pit\u00e4m\u00e4\u00e4n eturauhasen terveytt\u00e4.<\/span><\/p>\n<p><span style=\"color: #000000\"> \ud83d\udc9a Auttaa yll\u00e4pit\u00e4m\u00e4\u00e4n kuukautiskierron tasapainoa ja mukavuutta.<\/span><\/p>\n<h2 style=\"text-align: justify\"><span style=\"color: #000000\">S\u00e4ilytys ja varoitukset<\/span><\/h2>\n<p style=\"text-align: justify\"><span style=\"color: #000000\">S\u00e4ilyt\u00e4 viile\u00e4ss\u00e4 ja kuivassa paikassa enint\u00e4\u00e4n 25 \u00b0C. S\u00e4ilyt\u00e4 ravintolis\u00e4 lasten ulottumattomissa!<\/span><\/p>\n<p style=\"text-align: justify\"><span style=\"color: #000000\">Muista monipuolisen ruokavalion ja terveellisten el\u00e4m\u00e4ntapojen merkitys, ravintolis\u00e4 ei siis korvaa tasapainoista ja monipuolista ruokavaliota. Suositeltua p\u00e4ivitt\u00e4ist\u00e4 m\u00e4\u00e4r\u00e4\u00e4 tai annosta ei saa ylitt\u00e4\u00e4. Raskaana olevia naisia ja imett\u00e4vi\u00e4 \u00e4itej\u00e4 ei suositella k\u00e4ytett\u00e4v\u00e4ksi.<\/span><\/p>\n<p style=\"text-align: justify\"><span style=\"color: #000000\">V\u00e4henn\u00e4 shilajitin k\u00e4ytt\u00f6\u00e4, jos ilmenee kielteisi\u00e4 sivuvaikutuksia. Juo enemm\u00e4n vett\u00e4.<\/span><\/p>\n<p style=\"text-align: justify\"><span style=\"color: #000000\">Shilajit on mineraaleilla rikastettu yhdiste, joten on olemassa riski myrkyllisest\u00e4 ylikuormituksesta mineraalien, kuten raudan, takia, varsinkin jos k\u00e4yt\u00e4t my\u00f6s lis\u00e4ravinteita, jotka sis\u00e4lt\u00e4v\u00e4t joitakin samoja mineraaleja. Siksi on aina suositeltavaa kysy\u00e4 lis\u00e4tietoja l\u00e4\u00e4k\u00e4rilt\u00e4si.<\/span><\/p>\n<h2 style=\"text-align: justify\"><span style=\"color: #000000\">Pakkaus<\/span><\/h2>\n<p style=\"text-align: justify\"><span style=\"color: #000000\">L\u00e4p\u00e4isem\u00e4t\u00f6n vetoketjullinen pussi, jossa tuote s\u00e4ilytt\u00e4\u00e4 kaiken tuoreutensa ja arominsa. Pakkaus suojaa tuotetta valolta ja ilmalta, sill\u00e4 se koostuu useista suojakerroksista, jotka s\u00e4ilytt\u00e4v\u00e4t sis\u00e4ll\u00f6n ominaisuudet.<\/span><\/p>\n<p style=\"text-align: justify\"><span style=\"color: #000000\">Pakkaus on eritt\u00e4in k\u00e4yt\u00e4nn\u00f6llinen ja kierr\u00e4tett\u00e4v\u00e4.<\/span><\/p>\n<h2 style=\"text-align: justify\"><span style=\"color: #000000\">Alkuper\u00e4<\/span><\/h2>\n<p style=\"text-align: justify\"><span style=\"color: #000000\">Intia<\/span><\/p>\n<p>[\/vc_column_text][\/vc_column][\/vc_row]<\/p>\n<\/div>","protected":false},"excerpt":{"rendered":"<p style=\"text-align: justify\"><span style=\"color: #000000\">Shilajit eli Mumio on mineraalipitoinen orgaaninen materiaali, joka virtaa Koillis-Intian ja muiden Aasian osien sek\u00e4 Kaakkois-Himalajan korkeiden vuorten kallioiden ja kallioiden v\u00e4listen rakojen l\u00e4pi kes\u00e4kuukausina. Shilajit on vuoristohartsia, jonka uskotaan muodostuneen yli 50 miljoonaa vuotta sitten, kun Aasia t\u00f6rm\u00e4si Intian mantereeseen. Se tunnetaan my\u00f6s nimell\u00e4 mineraalihartsi. Kaakkois-Himalajan asukkaat ovat k\u00e4ytt\u00e4neet shilajitia tuhansia vuosia. <\/span><span style=\"color: #000000\"><em>Vaikutukset, joilla on positiivinen vaikutus terveyteemme ja kehoomme:<\/em><\/span><\/p>\n<p><span style=\"color: #000000\"> \ud83d\udc9a Tukee henkist\u00e4 ja kognitiivista toimintaa.<\/span><\/p>\n<p><span style=\"color: #000000\"> \ud83d\udc9a Tukee seksuaalista toimintaa miehill\u00e4 ja naisilla.<\/span><\/p>\n<p><span style=\"color: #000000\"> \ud83d\udc9a Tukee rasva-aineenvaihduntaa ja<\/span><span style=\"color: #000000\"> tukee rasvojen ja sokerien aineenvaihduntaa.<\/span><\/p>\n<p><span style=\"color: #000000\"> \ud83d\udc9a Auttaa normalisoimaan kehon painoa.<\/span><\/p>\n<p><span style=\"color: #000000\"> \ud83d\udc9a Auttaa yll\u00e4pit\u00e4m\u00e4\u00e4n virtsateiden terveytt\u00e4.<\/span><\/p>\n<p><span style=\"color: #000000\"> \ud83d\udc9a Auttaa yll\u00e4pit\u00e4m\u00e4\u00e4n eturauhasen terveytt\u00e4.<\/span><\/p>\n<p><span style=\"color: #000000\"> \ud83d\udc9a Auttaa yll\u00e4pit\u00e4m\u00e4\u00e4n kuukautiskierron tasapainoa ja mukavuutta.<\/span><\/p>\n","protected":false},"featured_media":6882,"comment_status":"open","ping_status":"closed","template":"","meta":{"_acf_changed":false},"product_brand":[],"product_cat":[15,231,225,230,224],"product_tag":[],"class_list":{"0":"post-6881","1":"product","2":"type-product","3":"status-publish","4":"has-post-thumbnail","6":"product_cat-uncategorized","7":"product_cat-ayurveda","8":"product_cat-kaikki-tuotteet","9":"product_cat-superruoka","10":"product_cat-tarjous","12":"first","13":"instock","14":"sale","15":"taxable","16":"shipping-taxable","17":"purchasable","18":"product-type-simple"},"acf":[],"_links":{"self":[{"href":"https:\/\/fengchashop.com\/fi\/wp-json\/wp\/v2\/product\/6881","targetHints":{"allow":["GET"]}}],"collection":[{"href":"https:\/\/fengchashop.com\/fi\/wp-json\/wp\/v2\/product"}],"about":[{"href":"https:\/\/fengchashop.com\/fi\/wp-json\/wp\/v2\/types\/product"}],"replies":[{"embeddable":true,"href":"https:\/\/fengchashop.com\/fi\/wp-json\/wp\/v2\/comments?post=6881"}],"wp:featuredmedia":[{"embeddable":true,"href":"https:\/\/fengchashop.com\/fi\/wp-json\/wp\/v2\/media\/6882"}],"wp:attachment":[{"href":"https:\/\/fengchashop.com\/fi\/wp-json\/wp\/v2\/media?parent=6881"}],"wp:term":[{"taxonomy":"product_brand","embeddable":true,"href":"https:\/\/fengchashop.com\/fi\/wp-json\/wp\/v2\/product_brand?post=6881"},{"taxonomy":"product_cat","embeddable":true,"href":"https:\/\/fengchashop.com\/fi\/wp-json\/wp\/v2\/product_cat?post=6881"},{"taxonomy":"product_tag","embeddable":true,"href":"https:\/\/fengchashop.com\/fi\/wp-json\/wp\/v2\/product_tag?post=6881"}],"curies":[{"name":"wp","href":"https:\/\/api.w.org\/{rel}","templated":true}]}}