{"id":6874,"date":"2025-07-24T19:49:28","date_gmt":"2025-07-24T17:49:28","guid":{"rendered":"https:\/\/fengchashop.com\/fi\/product\/guaranajauhe-bio-125-g\/"},"modified":"2025-12-12T21:16:01","modified_gmt":"2025-12-12T20:16:01","slug":"guaranajauhe-bio","status":"publish","type":"product","link":"https:\/\/fengchashop.com\/fi\/product\/guaranajauhe-bio\/","title":{"rendered":"Guaranajauhe BIO 125 g"},"content":{"rendered":"<h2><span style=\"color: #000000;\">Guarana-jauhe BIO<\/span><\/h2>\n<p><span style=\"color: #000000;\">Guaranalla on suuri merkitys Brasiliassa, jossa sit\u00e4 pidet\u00e4\u00e4n <strong>el\u00e4m\u00e4n eliksiirin\u00e4<\/strong>, ja paikalliset yhdist\u00e4v\u00e4t sen <strong>vahvuuteen<\/strong>, <strong>kest\u00e4vyyteen<\/strong> ja <strong>pitk\u00e4ik\u00e4isyyteen<\/strong>, ja se auttaa naisia saavuttamaan <strong>pehme\u00e4n ihon<\/strong> <strong>ilman selluliittia<\/strong> tai <strong>ryppyj\u00e4<\/strong>.<\/span><\/p>\n<p><span style=\"color: #000000;\">Guarana <strong>sis\u00e4lt\u00e4\u00e4<\/strong> runsaasti <strong>ravintoaineita<\/strong>. <strong>Fytokemikaalit<\/strong> ovat voimakkaita antioksidantteja tai ik\u00e4\u00e4ntymisen est\u00e4ji\u00e4, ja ne auttavat <strong>hidastamaan<\/strong>, <strong>ehk\u00e4isem\u00e4\u00e4n<\/strong> tai jopa <strong>pys\u00e4ytt\u00e4m\u00e4\u00e4n monia sairauksia<\/strong>. Guaranassa on ainesosa, joka edist\u00e4\u00e4 <strong>rasvanpolttoa<\/strong> ja joissakin valmisteissa my\u00f6s <strong>painonpudotusta ja selluliitin torjuntaa<\/strong>, ja t\u00e4m\u00e4 ainesosa on <strong>teobromiini<\/strong>.<\/span><\/p>\n<p><span style=\"color: #000000;\">Guaraniini on <strong>kofeiinia<\/strong> vastaava ainesosa, jonka ainoa ero n\u00e4iden kahden v\u00e4lill\u00e4 on se, ett\u00e4 se ei ole vesiliukoinen ja <strong>vapautuu hyvin hitaasti verenkiertoon<\/strong>, vaikutus kest\u00e4\u00e4 noin 6 tuntia, mik\u00e4 antaa miellytt\u00e4v\u00e4mm\u00e4n tunteen ja pysyv\u00e4mm\u00e4n vaikutuksen <strong>piristeen\u00e4<\/strong>. Guaraniini <strong>v\u00e4hent\u00e4\u00e4 ruokahalua<\/strong> sek\u00e4 <strong>fyysist\u00e4 ja henkist\u00e4 v\u00e4symyst\u00e4<\/strong>, sill\u00e4 on <strong>keskushermostoa <\/strong>stimuloiva vaikutus, <strong>eik\u00e4 sill\u00e4 ole<\/strong> kofeiinista poiketen <strong>sivuvaikutuksia<\/strong>.<\/span><\/p>\n<p><span style=\"color: #000000;\">Guaranaa tulisi nauttia <strong>hyvin pienin\u00e4 annoksina<\/strong>, sill\u00e4 se sis\u00e4lt\u00e4\u00e4 <strong>kaksi kertaa enemm\u00e4n kofeiinia<\/strong> kuin kahvi, joten se on erinomainen kahvin korvike.<\/span><\/p>\n<p><span style=\"color: #000000;\">Guarana on my\u00f6s <strong>diureetti<\/strong>, joka auttaa erilaisiin virtsatieinfektioihin, kivuliaisiin kuukautisiin ja p\u00e4\u00e4ns\u00e4rkyyn. Sill\u00e4 on <strong>suotuisa vaikutus paksusuoleen<\/strong>, mik\u00e4 auttaa v\u00e4hent\u00e4m\u00e4\u00e4n tulehduksellisten suolistosairauksien sairaalloisia ja kroonisia oireita.<\/span><\/p>\n<p><span style=\"color: #000000;\">Guarana <em>(Paullinia cupana)<\/em> on suosittu kotoper\u00e4inen kasvi, joka <strong>kasvaa<\/strong> vain Brasilian ja Venezuelan <strong>Amazonin sademets\u00e4alueilla<\/strong>. Se on <strong>hiipiv\u00e4 ikivihre\u00e4 pensas<\/strong>, joka on suosittu l\u00e4hinn\u00e4 <strong>punaruskeiden hedelmiens\u00e4<\/strong> vuoksi, jotka muistuttavat muodoltaan ja v\u00e4rilt\u00e4\u00e4n <strong>kahvipapuja<\/strong>, mutta joiden sis\u00e4ll\u00e4 on <strong>mustia siemeni\u00e4<\/strong>, joita ymp\u00e4r\u00f6i valkoinen tuppi.<\/span><\/p>\n<h2><span style=\"color: #000000;\">Mitk\u00e4 ovat guaranan keskeiset ominaisuudet?<\/span><\/h2>\n<p><span style=\"color: #000000;\"> \u00a0\ud83d\udc9a V\u00e4hent\u00e4\u00e4 <strong>j\u00e4nnityst\u00e4 ja v\u00e4symyst\u00e4<\/strong><\/span><\/p>\n<p><span style=\"color: #000000;\"> \u00a0\ud83d\udc9a lis\u00e4\u00e4 <strong>verenkiertoa<\/strong><\/span><\/p>\n<p><span style=\"color: #000000;\"> \u00a0\ud83d\udc9a lis\u00e4\u00e4 <strong>energiaa<\/strong><\/span><\/p>\n<p><span style=\"color: #000000;\"> \u00a0\ud83d\udc9a tehostaa <strong>aineenvaihduntaa<\/strong><\/span><\/p>\n<p><span style=\"color: #000000;\"> \u00a0\ud83d\udc9a edist\u00e4\u00e4 <strong>painonpudotusta<\/strong> ja auttaa hallitsemaan painoa<\/span><\/p>\n<p><span style=\"color: #000000;\"> \u00a0\ud83d\udc9a lis\u00e4\u00e4 <strong>keskittymiskyky\u00e4<\/strong><\/span><\/p>\n<p><span style=\"color: #000000;\"> \u00a0\ud83d\udc9a lievitt\u00e4\u00e4 <strong>migreeni\u00e4 ja p\u00e4\u00e4ns\u00e4rky\u00e4<\/strong><\/span><\/p>\n<p><span style=\"color: #000000;\"> \u00a0\ud83d\udc9a lis\u00e4\u00e4<strong> libidoa<\/strong><\/span><\/p>\n<p><span style=\"color: #000000;\"><strong> \u00a0\ud83d\udc9a lis\u00e4\u00e4 matalaa verenpainetta<\/strong><\/span><\/p>\n<p><span style=\"color: #000000;\"> \u00a0\ud83d\udc9a auttaa <strong>puhdistamaan suolistoa<\/strong><\/span><\/p>\n<p><span style=\"color: #000000;\"> \u00a0\ud83d\udc9a suojaa kehoa monilta sairauksilta<\/span><\/p>\n<p><span style=\"color: #000000;\"><strong> \u00a0\ud83d\udc9a virkist\u00e4\u00e4 kehoa<\/strong><\/span><\/p>\n<h2><span style=\"color: #000000;\">Varastointi ja varoitukset<\/span><\/h2>\n<p><span style=\"color: #000000;\">S\u00e4ilyt\u00e4 viile\u00e4ss\u00e4 ja kuivassa paikassa enint\u00e4\u00e4n 25 \u00b0C. S\u00e4ilyt\u00e4 lasten ulottumattomissa!<\/span><\/p>\n<p><span style=\"color: #000000;\">Muista monipuolisen ruokavalion ja terveellisten el\u00e4m\u00e4ntapojen merkitys, ravintolis\u00e4 ei siis korvaa tasapainoista ja monipuolista ruokavaliota. Suositeltua p\u00e4ivitt\u00e4ist\u00e4 m\u00e4\u00e4r\u00e4\u00e4 tai annosta ei saa ylitt\u00e4\u00e4. Raskaana olevia naisia ja imett\u00e4vi\u00e4 \u00e4itej\u00e4 ei suositella k\u00e4ytett\u00e4v\u00e4ksi. Guaranaa ei my\u00f6sk\u00e4\u00e4n suositella henkil\u00f6ille, joilla on korkea verenpaine ja syd\u00e4nsairaudet.<\/span><\/p>\n<h2><span style=\"color: #000000;\">Pakkaus<\/span><\/h2>\n<p><span style=\"color: #000000;\">L\u00e4p\u00e4isem\u00e4t\u00f6n vetoketjullinen pussi, jossa tuote s\u00e4ilytt\u00e4\u00e4 kaiken tuoreutensa ja arominsa. Pakkaus suojaa valolta ja ilmalta, sill\u00e4 se koostuu useista suojakerroksista, jotka s\u00e4ilytt\u00e4v\u00e4t sis\u00e4ll\u00f6n ominaisuudet.<\/span><\/p>\n<p><span style=\"color: #000000;\">Pakkaus on eritt\u00e4in k\u00e4yt\u00e4nn\u00f6llinen ja kierr\u00e4tett\u00e4v\u00e4.<\/span><\/p>\n<h2><span style=\"color: #000000;\">Alkuper\u00e4<\/span><\/h2>\n<p><span style=\"color: #000000;\">Brasilia<\/span><\/p>\n","protected":false},"excerpt":{"rendered":"<p align=\"JUSTIFY\">Brasiliassa guaranaa pidet\u00e4\u00e4n el\u00e4m\u00e4n eliksiirin\u00e4, ja paikalliset yhdist\u00e4v\u00e4t sen vahvuuteen, kest\u00e4vyyteen ja pitk\u00e4ik\u00e4isyyteen sek\u00e4 naiset pehme\u00e4\u00e4n, selluliittivapaaseen ja ryppyett\u00f6m\u00e4\u00e4n ihoon. Fytokemikaalit ovat voimakkaita antioksidantteja tai ik\u00e4\u00e4ntymisen est\u00e4ji\u00e4, ja ne auttavat hidastamaan, ehk\u00e4isem\u00e4\u00e4n tai jopa kumoamaan monia sairauksia. Guaranassa on ainesosa, joka edist\u00e4\u00e4 rasvanpolttoa ja joissakin valmisteissa my\u00f6s laihdutusta ja selluliitin torjuntaa, ja t\u00e4m\u00e4 ainesosa on teobromiini.<\/p>\n<p align=\"JUSTIFY\"><span style=\"color: #000000;\">\ud83d\udc9a Se edist\u00e4\u00e4 laihtumista ja auttaa painonhallinnassa.<\/span><br \/>\n<span style=\"color: #000000;\">\ud83d\udc9a Lievitt\u00e4\u00e4 migreeni\u00e4 ja p\u00e4\u00e4ns\u00e4rky\u00e4.<\/span><br \/>\n<span style=\"color: #000000;\">\ud83d\udc9a V\u00e4hent\u00e4\u00e4 j\u00e4nnityst\u00e4 ja v\u00e4symyst\u00e4.<\/span><br \/>\n<span style=\"color: #000000;\"> \ud83d\udc9a Nostaa matalaa verenpainetta.<\/span><\/p>\n","protected":false},"featured_media":6875,"comment_status":"open","ping_status":"closed","template":"","meta":{"_acf_changed":false},"product_brand":[],"product_cat":[15,225,230,224],"product_tag":[],"class_list":{"0":"post-6874","1":"product","2":"type-product","3":"status-publish","4":"has-post-thumbnail","6":"product_cat-uncategorized","7":"product_cat-kaikki-tuotteet","8":"product_cat-superruoka","9":"product_cat-tarjous","11":"first","12":"outofstock","13":"taxable","14":"shipping-taxable","15":"purchasable","16":"product-type-simple"},"acf":[],"_links":{"self":[{"href":"https:\/\/fengchashop.com\/fi\/wp-json\/wp\/v2\/product\/6874","targetHints":{"allow":["GET"]}}],"collection":[{"href":"https:\/\/fengchashop.com\/fi\/wp-json\/wp\/v2\/product"}],"about":[{"href":"https:\/\/fengchashop.com\/fi\/wp-json\/wp\/v2\/types\/product"}],"replies":[{"embeddable":true,"href":"https:\/\/fengchashop.com\/fi\/wp-json\/wp\/v2\/comments?post=6874"}],"wp:featuredmedia":[{"embeddable":true,"href":"https:\/\/fengchashop.com\/fi\/wp-json\/wp\/v2\/media\/6875"}],"wp:attachment":[{"href":"https:\/\/fengchashop.com\/fi\/wp-json\/wp\/v2\/media?parent=6874"}],"wp:term":[{"taxonomy":"product_brand","embeddable":true,"href":"https:\/\/fengchashop.com\/fi\/wp-json\/wp\/v2\/product_brand?post=6874"},{"taxonomy":"product_cat","embeddable":true,"href":"https:\/\/fengchashop.com\/fi\/wp-json\/wp\/v2\/product_cat?post=6874"},{"taxonomy":"product_tag","embeddable":true,"href":"https:\/\/fengchashop.com\/fi\/wp-json\/wp\/v2\/product_tag?post=6874"}],"curies":[{"name":"wp","href":"https:\/\/api.w.org\/{rel}","templated":true}]}}