{"id":6854,"date":"2025-07-24T19:49:03","date_gmt":"2025-07-24T17:49:03","guid":{"rendered":"https:\/\/fengchashop.com\/fi\/product\/bourbon-vanilja-10-kpl\/"},"modified":"2025-12-12T21:16:01","modified_gmt":"2025-12-12T20:16:01","slug":"bourbon-vanilja","status":"publish","type":"product","link":"https:\/\/fengchashop.com\/fi\/product\/bourbon-vanilja\/","title":{"rendered":"Bourbon vanilja 10 kpl"},"content":{"rendered":"<div class=\"wpb-content-wrapper\"><p>[vc_row][vc_column][vc_column_text css=&#8221;&#8221;]<\/p>\n<h2 style=\"text-align: justify;\"><span style=\"color: #000000;\">Bourbon-vanilja<\/span><\/h2>\n<p style=\"text-align: justify;\"><span style=\"color: #000000;\">Bourbon vanilja on hiipiv\u00e4 <strong>orkidealaji<\/strong>, joka kasvaa luonnossa jopa 10 metri\u00e4 korkeaksi. Bourbon-vanilja on saanut nimens\u00e4 Bourbonin saarelta (nykyinen Reunion), jossa sit\u00e4 alettiin viljell\u00e4 1800-luvulla. Se on mauste, jolla ei ole paljon historiaa, mutta sit\u00e4 on aina k\u00e4ytetty <strong>j\u00e4lkiruokien ja juomien parantamiseen<\/strong>, erityisesti kaakaoon. Sit\u00e4 k\u00e4ytet\u00e4\u00e4n useimmiten kosmetiikka-, l\u00e4\u00e4ke- ja tietysti elintarviketeollisuudessa. Vanilja on maailmanlaajuisesti <strong>yksi halutuimmista mausteista<\/strong> maailmassa. Mutta paras on juuri yksinkertaisimmassa muodossaan &#8211; vain fermentoitu ja kuivattu.<\/span><\/p>\n<p style=\"text-align: justify;\"><span style=\"color: #000000;\">K\u00e4ytt\u00e4m\u00e4ll\u00e4 kokonaisia \u200b\u200bvaniljatankoja v\u00e4ltet\u00e4\u00e4n my\u00f6s halpoja korvikkeita ja tietysti halpoja ja yksinkertaisesti tehtyj\u00e4 synteettisi\u00e4 likiarvoja. Aidon bourbon-vaniljan maku on erityinen ja hieman erilainen kuin vaniljan keinotekoinen maku, johon useimmat meist\u00e4 ovat tottuneet.<\/span><\/p>\n<p style=\"text-align: justify;\"><span style=\"color: #000000;\">Vaniljalla on eritt\u00e4in miellytt\u00e4v\u00e4 tuoksu ja makea maku. Se on tuoksuva mauste, joka on valmistettu Vanilla planifolia -lajin orkideapaloista. Sen mustanruskeat tuoksuvat palot ovat <strong>korjaamattomia jokaisessa keitti\u00f6ss\u00e4<\/strong>.<\/span><\/p>\n<p style=\"text-align: justify;\"><span style=\"color: #000000;\">Vaniljat luokitellaan useisiin luokkiin. Premium-versiomme on kasvatettu Sambavan alueella Madagaskarilla. Se on <strong>ensiluokkaista laatua<\/strong>, koska palot ovat joustavia, kosteita, turvonneita ja v\u00e4rilt\u00e4\u00e4n selv\u00e4sti tummia. Vaniljan laadusta kertoo my\u00f6s palojen pituus. Premium-version palot ovat siis jopa 15-18 cm pitki\u00e4. Maku on t\u00e4ytel\u00e4inen ja jalo.<\/span><\/p>\n<h2 style=\"text-align: justify;\"><span style=\"color: #000000;\">Muotoile<\/span><\/h2>\n<p style=\"text-align: justify;\"><span style=\"color: #000000;\">Vaniljaa tarjotaan paloina per kappale. Jokainen pala painaa noin 3 grammaa er\u00e4st\u00e4 riippuen. Pallo on noin 15-17 senttimetri\u00e4 pitk\u00e4. Saat 10 kpl yhdess\u00e4 paketissa.<br \/>\n<\/span><\/p>\n<h2 style=\"text-align: justify;\"><span style=\"color: #000000;\">Tallennustila<\/span><\/h2>\n<p style=\"text-align: justify;\"><span style=\"color: #000000;\">S\u00e4ilyt\u00e4 kuivassa ja pime\u00e4ss\u00e4 paikassa. Varmista, ett\u00e4 pussi tai laatikko on hyvin suljettu.<\/span><\/p>\n<h2 style=\"text-align: justify;\"><span style=\"color: #000000;\">Pakkaus<\/span><\/h2>\n<p><span style=\"color: #000000;\">Ilmatiivis pussi vetoketjulla, jossa tuote s\u00e4ilytt\u00e4\u00e4 kaiken tuoreutensa ja arominsa. Pakkaus suojaa valolta ja ilmalta, koska se koostuu useista suojakerroksista, jotka s\u00e4ilytt\u00e4v\u00e4t sis\u00e4ll\u00f6n ominaisuudet.<\/span><\/p>\n<p><span style=\"color: #000000;\">Pakkaus on eritt\u00e4in k\u00e4yt\u00e4nn\u00f6llinen ja mahdollistaa kierr\u00e4tyksen.<\/span><\/p>\n<h2><span style=\"color: #000000;\">Alkuper\u00e4<\/span><\/h2>\n<p><span style=\"color: #000000;\">Madagaskar<\/span>[\/vc_column_text][\/vc_column][\/vc_row]<\/p>\n<\/div>","protected":false},"excerpt":{"rendered":"<p>Premium-versiomme valmistetaan pieness\u00e4 osuuskunnassa Madagaskarissa. Se on ensiluokkaista, koska palot ovat joustavia, kosteita, turvonneita ja v\u00e4rilt\u00e4\u00e4n selv\u00e4sti tummia. Vaniljan laadusta kertoo my\u00f6s palojen pituus. Premium-version palot ovat siis jopa 15-17 cm pitki\u00e4. Maku on t\u00e4ytel\u00e4inen ja jalo.<\/p>\n<p>\ud83d\udc9a Ensiluokkaista laatua.<\/p>\n<p>\ud83d\udc9a Miellytt\u00e4v\u00e4 tuoksu ja makea maku.<\/p>\n","protected":false},"featured_media":6855,"comment_status":"open","ping_status":"closed","template":"","meta":{"_acf_changed":false},"product_brand":[],"product_cat":[15,225,224,235],"product_tag":[],"class_list":{"0":"post-6854","1":"product","2":"type-product","3":"status-publish","4":"has-post-thumbnail","6":"product_cat-uncategorized","7":"product_cat-kaikki-tuotteet","8":"product_cat-tarjous","9":"product_cat-teeta-ruokaa-ja-mausteita","11":"first","12":"outofstock","13":"taxable","14":"shipping-taxable","15":"purchasable","16":"product-type-simple"},"acf":[],"_links":{"self":[{"href":"https:\/\/fengchashop.com\/fi\/wp-json\/wp\/v2\/product\/6854","targetHints":{"allow":["GET"]}}],"collection":[{"href":"https:\/\/fengchashop.com\/fi\/wp-json\/wp\/v2\/product"}],"about":[{"href":"https:\/\/fengchashop.com\/fi\/wp-json\/wp\/v2\/types\/product"}],"replies":[{"embeddable":true,"href":"https:\/\/fengchashop.com\/fi\/wp-json\/wp\/v2\/comments?post=6854"}],"wp:featuredmedia":[{"embeddable":true,"href":"https:\/\/fengchashop.com\/fi\/wp-json\/wp\/v2\/media\/6855"}],"wp:attachment":[{"href":"https:\/\/fengchashop.com\/fi\/wp-json\/wp\/v2\/media?parent=6854"}],"wp:term":[{"taxonomy":"product_brand","embeddable":true,"href":"https:\/\/fengchashop.com\/fi\/wp-json\/wp\/v2\/product_brand?post=6854"},{"taxonomy":"product_cat","embeddable":true,"href":"https:\/\/fengchashop.com\/fi\/wp-json\/wp\/v2\/product_cat?post=6854"},{"taxonomy":"product_tag","embeddable":true,"href":"https:\/\/fengchashop.com\/fi\/wp-json\/wp\/v2\/product_tag?post=6854"}],"curies":[{"name":"wp","href":"https:\/\/api.w.org\/{rel}","templated":true}]}}