{"id":6841,"date":"2025-07-24T19:48:59","date_gmt":"2025-07-24T17:48:59","guid":{"rendered":"https:\/\/fengchashop.com\/fi\/product\/bach-libido\/"},"modified":"2026-01-28T17:47:14","modified_gmt":"2026-01-28T16:47:14","slug":"bach-libido","status":"publish","type":"product","link":"https:\/\/fengchashop.com\/fi\/product\/bach-libido\/","title":{"rendered":"Bach Libido"},"content":{"rendered":"<div class=\"wpb-content-wrapper\"><p>[vc_row][vc_column][vc_column_text css=&#8221;&#8221;]<\/p>\n<h2 style=\"text-align: justify;\"><span style=\"color: #000000;\">Bach tippaa lis\u00e4\u00e4ntynyt libido<\/span><\/h2>\n<p style=\"text-align: justify;\"><span style=\"color: #000000;\">Libido on halu harrastaa seksi\u00e4, joka on t\u00e4ysin normaali psykologisten prosessien tulos. Se on monin tavoin t\u00e4rke\u00e4\u00e4 meille ja kumppanimme el\u00e4m\u00e4lle. Mutta nykyp\u00e4iv\u00e4n el\u00e4m\u00e4nrytmi tappaa liian usein luonnollisen seksihalumme. Kun t\u00e4h\u00e4n lis\u00e4t\u00e4\u00e4n stressi, parisuhdeongelmat, huono itsetunto ja (tietyt) l\u00e4\u00e4kkeet, on resepti yh\u00e4 heikkenev\u00e4lle libidolle. Silti sen ei tarvitse olla niin. Kiinnostaako, miten <strong>saada lis\u00e4\u00e4 libidoa<\/strong> ja<strong> elinvoimaa<\/strong>? Sitten meill\u00e4 on oikea ratkaisu sinulle.<\/span><\/p>\n<p style=\"text-align: justify;\"><span style=\"color: #000000;\">Saatat huomata ensimm\u00e4iset tulokset muutaman p\u00e4iv\u00e4n tai viikon kuluttua, se riippuu jokaisesta yksil\u00f6st\u00e4. Valmis seos riitt\u00e4\u00e4 sinulle 30 p\u00e4iv\u00e4ksi, levit\u00e4 se yksinkertaisesti suoraan suuhusi tai tiputa se lasilliseen vett\u00e4. T\u00e4m\u00e4 erityinen seos huolehtii:<\/span><\/p>\n<ul style=\"text-align: justify;\">\n<li><span style=\"color: #000000;\"><em>libidon ja seksuaalisen halun stimuloinnista,<\/em><\/span><\/li>\n<li><span style=\"color: #000000;\"><em>ahdistuksen ja pelon voittamisesta, jotka ovat usein syyn\u00e4 alhaiseen libidoon,<\/em><\/span><\/li>\n<li><span style=\"color: #000000;\"><em>itseluottamuksen ja positiivisen min\u00e4kuvan vahvistamisesta,<\/em><\/span><\/li>\n<li><span style=\"color: #000000;\"><em>poistaa syyllisyyden tunteet.<\/em><\/span><\/li>\n<\/ul>\n<h2 style=\"text-align: justify;\"><span style=\"color: #000000;\">Bachin tippojen vaikutus<\/span><\/h2>\n<p style=\"text-align: justify;\"><span style=\"color: #000000;\">Bach-tipat toimivat tehokkaasti <strong>yksil\u00f6n<\/strong> erilaisiin <strong>emotionaalisiin ahdistuksiin, kuten libidon puutteeseen<\/strong><strong>. <\/strong>Bach-tipat auttavat my\u00f6s erilaisissa kriiseiss\u00e4 ja vaikeissa el\u00e4m\u00e4ntilanteissa. Ne auttavat meit\u00e4 rauhoittumaan ja s\u00e4ilytt\u00e4m\u00e4\u00e4n tyynen p\u00e4\u00e4n, sill\u00e4 ne vaikuttavat tunnetilaamme ja auttavat harmonisoimaan sit\u00e4. Bach-tippojen avulla otamme <strong>tunteemme<\/strong> hallintaan, ja vain n\u00e4in voimme luoda harmoniaa ja l\u00f6yt\u00e4\u00e4 siten sis\u00e4isen rauhan.<\/span><\/p>\n<p style=\"text-align: justify;\">Bach-terapia edist\u00e4\u00e4 itsehoitoa ja henkist\u00e4 rentoutumista. Tohtori Bachin teorian mukaan sairauden syy on ep\u00e4harmonisessa tilassa tai kehon ja sielun v\u00e4lisen harmonian puutteessa. Kukkaesanssien avulla pyrimme parantamaan sairauksia valjastamalla <strong>kukkien my\u00f6nteiset<\/strong> ominaisuudet, jotka auttavat meit\u00e4 palauttamaan tasapainon itsess\u00e4mme.<\/p>\n<p style=\"text-align: justify;\"><span style=\"color: #000000;\">Bach-tipat valmistetaan tohtori Bachin menetelm\u00e4n mukaisesti k\u00e4ytt\u00e4en<b> vain alkuper\u00e4isi\u00e4 Bachin esansseja<\/b>.<\/span><\/p>\n<p style=\"text-align: justify;\"><span style=\"color: #000000;\">Bach-tipat otetaan pullosta, johon on kiinnitetty pipetti, mik\u00e4 tekee annostelusta eritt\u00e4in helppoa. Ota 4 tippaa 4 kertaa p\u00e4iv\u00e4ss\u00e4 jaettuna koko p\u00e4iv\u00e4n ajalle. Saamasi pullo riitt\u00e4\u00e4 1 kuukauden hoitoa varten.<\/span><\/p>\n<p style=\"text-align: justify;\"><span style=\"color: #000000;\">Jokainen pullo<b> <\/b>valittua seosta <b>valmistetaan k\u00e4sin ja reaaliaikaisesti<\/b>. Jotta seos s\u00e4ilyisi tuoreena pidemp\u00e4\u00e4n, k\u00e4yt\u00e4mme hieman alkoholia (konjakkia). Seoksen s\u00e4ilyvyysaika on 1 kuukausi ostop\u00e4iv\u00e4st\u00e4.<\/span><\/p>\n<p style=\"text-align: justify;\"><span style=\"color: #000000;\">Koska Bach-tipoilla <strong>ei ole<\/strong> <b>sivuvaikutuksia<\/b>, niit\u00e4 ei voi ottaa yliannostukseen eik\u00e4 ne aiheuta riippuvuutta. Ne sopivat kaikille &#8211; raskaana oleville naisille, imett\u00e4ville \u00e4ideille, vanhuksille, lapsille ja el\u00e4imille.<\/span><\/p>\n<p style=\"text-align: justify;\"><span style=\"color: #000000;\">Sill\u00e4 ei ole yhteisvaikutuksia muiden l\u00e4\u00e4kkeiden kanssa.<\/span><\/p>\n<h2 style=\"text-align: justify;\"><span style=\"color: #000000;\">S\u00e4ilytys<\/span><\/h2>\n<p style=\"text-align: justify;\"><span style=\"color: #000000;\">S\u00e4ilyt\u00e4 kuivassa, pime\u00e4ss\u00e4 paikassa enint\u00e4\u00e4n +25 \u00b0C:n l\u00e4mp\u00f6tilassa.<\/span><\/p>\n<h2 style=\"text-align: justify;\"><span style=\"color: #000000;\">M\u00e4\u00e4r\u00e4<\/span><\/h2>\n<p style=\"text-align: justify;\"><span style=\"color: #000000;\">30 ml (riitt\u00e4\u00e4 30 p\u00e4iv\u00e4n s\u00e4\u00e4nn\u00f6lliseen k\u00e4ytt\u00f6\u00f6n).<\/span><\/p>\n<p>[\/vc_column_text][\/vc_column][\/vc_row]<\/p>\n<\/div>","protected":false},"excerpt":{"rendered":"<p>Bach-tipat tehoavat erilaisiin tunne-el\u00e4m\u00e4n ahdistuksiin. Ne auttavat erilaisissa kriiseiss\u00e4 ja vaikeissa el\u00e4m\u00e4ntilanteissa. Ne auttavat rauhoittumaan ja pit\u00e4m\u00e4\u00e4n p\u00e4\u00e4n rauhallisena. Ne vaikuttavat tunnetilaamme ja auttavat harmonisoimaan sit\u00e4.<\/p>\n<p>\ud83d\udc9a Tipat pakataan k\u00e4sin, l\u00e4hetysp\u00e4iv\u00e4n\u00e4.<br \/>\n\ud83d\udc9a Ne sopivat kaikille ihmisille (raskaana oleville, vanhuksille, lapsille,&#8230;) ja el\u00e4imille.<br \/>\n\ud83d\udc9a Niill\u00e4 ei ole sivuvaikutuksia, ne eiv\u00e4t aiheuta riippuvuutta eik\u00e4 niit\u00e4 voi yliannostella.<br \/>\n\ud83d\udc9a Saatat huomata ensimm\u00e4iset tulokset muutaman p\u00e4iv\u00e4n tai viikon kuluttua, t\u00e4m\u00e4 riippuu jokaisesta yksil\u00f6st\u00e4.<br \/>\n\ud83d\udc9a Ei ole vuorovaikutuksessa muiden l\u00e4\u00e4kkeiden kanssa.<\/p>\n","protected":false},"featured_media":6830,"comment_status":"open","ping_status":"closed","template":"","meta":{"_acf_changed":false},"product_brand":[],"product_cat":[15,243,225,224],"product_tag":[],"class_list":{"0":"post-6841","1":"product","2":"type-product","3":"status-publish","4":"has-post-thumbnail","6":"product_cat-uncategorized","7":"product_cat-bachin-kukkatipat","8":"product_cat-kaikki-tuotteet","9":"product_cat-tarjous","11":"first","12":"instock","13":"sale","14":"taxable","15":"shipping-taxable","16":"purchasable","17":"product-type-simple"},"acf":[],"_links":{"self":[{"href":"https:\/\/fengchashop.com\/fi\/wp-json\/wp\/v2\/product\/6841","targetHints":{"allow":["GET"]}}],"collection":[{"href":"https:\/\/fengchashop.com\/fi\/wp-json\/wp\/v2\/product"}],"about":[{"href":"https:\/\/fengchashop.com\/fi\/wp-json\/wp\/v2\/types\/product"}],"replies":[{"embeddable":true,"href":"https:\/\/fengchashop.com\/fi\/wp-json\/wp\/v2\/comments?post=6841"}],"wp:featuredmedia":[{"embeddable":true,"href":"https:\/\/fengchashop.com\/fi\/wp-json\/wp\/v2\/media\/6830"}],"wp:attachment":[{"href":"https:\/\/fengchashop.com\/fi\/wp-json\/wp\/v2\/media?parent=6841"}],"wp:term":[{"taxonomy":"product_brand","embeddable":true,"href":"https:\/\/fengchashop.com\/fi\/wp-json\/wp\/v2\/product_brand?post=6841"},{"taxonomy":"product_cat","embeddable":true,"href":"https:\/\/fengchashop.com\/fi\/wp-json\/wp\/v2\/product_cat?post=6841"},{"taxonomy":"product_tag","embeddable":true,"href":"https:\/\/fengchashop.com\/fi\/wp-json\/wp\/v2\/product_tag?post=6841"}],"curies":[{"name":"wp","href":"https:\/\/api.w.org\/{rel}","templated":true}]}}