{"id":6833,"date":"2025-07-24T19:48:39","date_gmt":"2025-07-24T17:48:39","guid":{"rendered":"https:\/\/fengchashop.com\/fi\/product\/bach-burnout\/"},"modified":"2026-01-28T17:47:33","modified_gmt":"2026-01-28T16:47:33","slug":"bach-burnout","status":"publish","type":"product","link":"https:\/\/fengchashop.com\/fi\/product\/bach-burnout\/","title":{"rendered":"Bach Burnout"},"content":{"rendered":"<div class=\"wpb-content-wrapper\"><p>[vc_row][vc_column][vc_column_text css=&#8221;&#8221;]<\/p>\n<h2 style=\"text-align: justify;\"><span style=\"color: #000000;\">Bach tippuu burnoutiin<\/span><\/h2>\n<p style=\"text-align: justify;\"><span style=\"color: #000000;\">Burnout on mielenterveyden h\u00e4iri\u00f6, jossa yksil\u00f6 ei l\u00f6yd\u00e4 tervett\u00e4 rajaa ja antaa periksi<strong> liialliselle ty\u00f6lle<\/strong>. Se jatkuu, kunnes se johtaa psykofyysiseen romahdukseen. Yh\u00e4 useammin my\u00f6s <strong>perfektionismi<\/strong> on burnoutin laukaiseva tekij\u00e4. <\/span><\/p>\n<p style=\"text-align: justify;\"><span style=\"color: #000000;\">Tunnetko itsesi <b>v\u00e4syneeksi<\/b> koko ajan? Koetko <b>ahdistusta<\/b> ja <b>paniikkikohtauksia<\/b>? Itsetuntosi vaihtelee ja k\u00e4yt\u00e4t liikaa aikaa ja energiaa ty\u00f6h\u00f6n? Tunnetko itsesi masentuneeksi, tunnekokemuksesi vaihtelee. Kaikki t\u00e4m\u00e4 rasittaa sinua jo liikaa, ja se vaikuttaa my\u00f6s fyysiseen terveyteesi, immuunij\u00e4rjestelm\u00e4si laskee. Tai oletko erikoisl\u00e4\u00e4k\u00e4rin hoidossa ja tarvitset luonnollista <b>t\u00e4ydennyst\u00e4 nykyiseen terapiaasi<\/b>? Sitten meill\u00e4 on ratkaisu sinulle.<\/span><\/p>\n<p style=\"text-align: justify;\"><span style=\"color: #000000;\">Ensimm\u00e4iset tulokset n\u00e4kyv\u00e4t muutamassa p\u00e4iv\u00e4ss\u00e4 tai viikossa, se riippuu jokaisesta yksil\u00f6st\u00e4. Valmis seos kest\u00e4\u00e4 30 p\u00e4iv\u00e4\u00e4, k\u00e4yt\u00e4 sit\u00e4 suoraan suuhusi tai tiputa lasilliseen vett\u00e4. <\/span><\/p>\n<h2 style=\"text-align: justify;\"><span style=\"color: #000000;\">Miten Bachin pisarat toimivat<\/span><\/h2>\n<p style=\"text-align: justify;\"><span style=\"color: #000000;\">Bach-tipat toimivat tehokkaasti erilaisiin <b>tunne-el\u00e4m\u00e4n ahdistuksiin<\/b>.<b> Uupumus, joka on seurausta itsens\u00e4 liiallisesta uuvuttamisesta, on varmasti yksi n\u00e4ist\u00e4 tiloista.<\/b> Bach-tipat auttavat meit\u00e4 erilaisissa kriiseiss\u00e4 ja vaikeissa el\u00e4m\u00e4ntilanteissa, koettelemuksissa ja vaikeuksissa. Ne auttavat meit\u00e4 rauhoittumaan ja pit\u00e4m\u00e4\u00e4n p\u00e4\u00e4n rauhallisena, koska ne vaikuttavat tunnetilaamme ja auttavat harmonisoimaan sit\u00e4. Bach-tippojen avulla otamme <b>tunteemme<\/b> hallintaan ja vain n\u00e4in luomme harmoniaa ja l\u00f6yd\u00e4mme siten sis\u00e4isen rauhan.<\/span><\/p>\n<p style=\"text-align: justify;\"><span style=\"color: #000000;\">Bach-terapia edist\u00e4\u00e4 itsehoitoa ja henkist\u00e4 rentoutumista. Tohtori Bachin teorian mukaan sairauden syy on ep\u00e4harmonisessa tilassa tai kehon ja sielun v\u00e4lisen harmonian puutteessa. Kukkaesanssien avulla pyrimme parantamaan sairauksia valjastamalla <b>kukkien my\u00f6nteiset<\/b> ominaisuudet, jotka auttavat meit\u00e4 palauttamaan tasapainon itsess\u00e4mme.<\/span><\/p>\n<p style=\"text-align: justify;\"><span style=\"color: #000000;\">Bach-tipat valmistetaan tohtori Bachin menetelm\u00e4n mukaisesti k\u00e4ytt\u00e4en<b> vain alkuper\u00e4isi\u00e4 Bachin esansseja<\/b>.<\/span><\/p>\n<p style=\"text-align: justify;\"><span style=\"color: #000000;\">Bach-tipat otetaan pullosta, johon on kiinnitetty pipetti, mik\u00e4 tekee annostelusta eritt\u00e4in helppoa. Ota 4 tippaa 4 kertaa p\u00e4iv\u00e4ss\u00e4, kohtuullisesti koko p\u00e4iv\u00e4n ajan. Saamasi pullo riitt\u00e4\u00e4 1 kuukauden hoitoa varten. <\/span><\/p>\n<p style=\"text-align: justify;\"><span style=\"color: #000000;\">Jokainen pullo<b> <\/b>valittua seosta <b>valmistetaan k\u00e4sin ja reaaliaikaisesti<\/b>. Jotta seos s\u00e4ilyisi tuoreena pidemp\u00e4\u00e4n, k\u00e4yt\u00e4mme hieman alkoholia (konjakkia). Seoksen s\u00e4ilyvyysaika on 1 kuukausi ostop\u00e4iv\u00e4st\u00e4.<\/span><\/p>\n<p style=\"text-align: justify;\"><span style=\"color: #000000;\">Koska Bach-tipoilla <strong>ei ole<\/strong> <b>sivuvaikutuksia<\/b>, niit\u00e4 ei voi ottaa yliannostukseen eik\u00e4 ne aiheuta riippuvuutta. Ne sopivat kaikille &#8211; raskaana oleville naisille, imett\u00e4ville \u00e4ideille, vanhuksille, lapsille ja el\u00e4imille.<\/span><\/p>\n<p style=\"text-align: justify;\"><span style=\"color: #000000;\">Niill\u00e4 ei ole yhteisvaikutuksia muiden l\u00e4\u00e4kkeiden kanssa.<\/span><\/p>\n<h2>S\u00e4ilytys<\/h2>\n<p>S\u00e4ilyt\u00e4 kuivassa ja pime\u00e4ss\u00e4 paikassa, enint\u00e4\u00e4n +25 \u00b0C:n l\u00e4mp\u00f6tilassa.<\/p>\n<h2 style=\"text-align: justify;\"><span style=\"color: #000000;\">M\u00e4\u00e4r\u00e4<\/span><\/h2>\n<p style=\"text-align: justify;\"><span style=\"color: #000000;\">30 ml (riitt\u00e4\u00e4 30 p\u00e4iv\u00e4n s\u00e4\u00e4nn\u00f6lliseen k\u00e4ytt\u00f6\u00f6n).<\/span><\/p>\n<p>[\/vc_column_text][\/vc_column][\/vc_row]<\/p>\n<\/div>","protected":false},"excerpt":{"rendered":"<p>Bach-tipat tehoavat erilaisiin tunne-el\u00e4m\u00e4n ahdistuksiin. Ne auttavat erilaisissa kriiseiss\u00e4 ja vaikeissa el\u00e4m\u00e4ntilanteissa. Ne auttavat rauhoittumaan ja pit\u00e4m\u00e4\u00e4n p\u00e4\u00e4n rauhallisena. Ne vaikuttavat tunnetilaamme ja auttavat harmonisoimaan sit\u00e4.<\/p>\n<p>\ud83d\udc9a Tipat pakataan k\u00e4sin, l\u00e4hetysp\u00e4iv\u00e4n\u00e4.<br \/>\n\ud83d\udc9a Ne sopivat kaikille ihmisille (raskaana oleville, vanhuksille, lapsille,&#8230;) ja el\u00e4imille.<br \/>\n\ud83d\udc9a Niill\u00e4 ei ole sivuvaikutuksia, ne eiv\u00e4t aiheuta riippuvuutta eik\u00e4 niit\u00e4 voi yliannostella.<br \/>\n\ud83d\udc9a Saatat huomata ensimm\u00e4iset tulokset muutaman p\u00e4iv\u00e4n tai viikon kuluttua, t\u00e4m\u00e4 riippuu jokaisesta yksil\u00f6st\u00e4.<br \/>\n\ud83d\udc9a Ei ole vuorovaikutuksessa muiden l\u00e4\u00e4kkeiden kanssa.<\/p>\n","protected":false},"featured_media":6830,"comment_status":"open","ping_status":"closed","template":"","meta":{"_acf_changed":false},"product_brand":[],"product_cat":[15,243,225,224],"product_tag":[],"class_list":{"0":"post-6833","1":"product","2":"type-product","3":"status-publish","4":"has-post-thumbnail","6":"product_cat-uncategorized","7":"product_cat-bachin-kukkatipat","8":"product_cat-kaikki-tuotteet","9":"product_cat-tarjous","11":"first","12":"instock","13":"sale","14":"taxable","15":"shipping-taxable","16":"purchasable","17":"product-type-simple"},"acf":[],"_links":{"self":[{"href":"https:\/\/fengchashop.com\/fi\/wp-json\/wp\/v2\/product\/6833","targetHints":{"allow":["GET"]}}],"collection":[{"href":"https:\/\/fengchashop.com\/fi\/wp-json\/wp\/v2\/product"}],"about":[{"href":"https:\/\/fengchashop.com\/fi\/wp-json\/wp\/v2\/types\/product"}],"replies":[{"embeddable":true,"href":"https:\/\/fengchashop.com\/fi\/wp-json\/wp\/v2\/comments?post=6833"}],"wp:featuredmedia":[{"embeddable":true,"href":"https:\/\/fengchashop.com\/fi\/wp-json\/wp\/v2\/media\/6830"}],"wp:attachment":[{"href":"https:\/\/fengchashop.com\/fi\/wp-json\/wp\/v2\/media?parent=6833"}],"wp:term":[{"taxonomy":"product_brand","embeddable":true,"href":"https:\/\/fengchashop.com\/fi\/wp-json\/wp\/v2\/product_brand?post=6833"},{"taxonomy":"product_cat","embeddable":true,"href":"https:\/\/fengchashop.com\/fi\/wp-json\/wp\/v2\/product_cat?post=6833"},{"taxonomy":"product_tag","embeddable":true,"href":"https:\/\/fengchashop.com\/fi\/wp-json\/wp\/v2\/product_tag?post=6833"}],"curies":[{"name":"wp","href":"https:\/\/api.w.org\/{rel}","templated":true}]}}