{"id":6806,"date":"2025-07-24T19:48:05","date_gmt":"2025-07-24T17:48:05","guid":{"rendered":"https:\/\/fengchashop.com\/fi\/product\/bazilika-bio-125-g\/"},"modified":"2025-12-12T21:16:03","modified_gmt":"2025-12-12T20:16:03","slug":"bazilika-bio-125-g","status":"publish","type":"product","link":"https:\/\/fengchashop.com\/fi\/product\/bazilika-bio-125-g\/","title":{"rendered":"Luomubasilika 125 g"},"content":{"rendered":"<h2 style=\"text-align: justify;\"><span style=\"color: #000000;\">Luomu basilika<\/span><\/h2>\n<p style=\"text-align: justify;\"><span style=\"color: #000000;\">Basilika on aromaattinen yksivuotinen yrtti, joka on eritt\u00e4in <strong>suosittu italialaisessa, kreikkalaisessa<\/strong> ja<strong> ranskalaisessa keitti\u00f6ss\u00e4<\/strong>. Sit\u00e4 voidaan k\u00e4ytt\u00e4\u00e4 tuoreena, pakastettuna, \u00f6ljyss\u00e4 tai kuivattuna. Vaikka <strong>kuivattu basilika maistuu v\u00e4hiten<\/strong>, se kehitt\u00e4\u00e4 t\u00e4ydellisen aromin kypsennetyiss\u00e4 ruokalajeissa, mutta sit\u00e4 tarvitsee lis\u00e4t\u00e4 vain v\u00e4h\u00e4n enemm\u00e4n kuin tuoretta. Sit\u00e4 k\u00e4ytet\u00e4\u00e4n yleisimmin <strong>pastakastikkeissa<\/strong>. Se sopii hyvin tomaattien, kurkkujen, munakoisojen ja kes\u00e4kurpitsojen kanssa. Se sopii my\u00f6s liharuokien, kalan ja keittojen kanssa. Italiassa sit\u00e4 k\u00e4ytet\u00e4\u00e4n p\u00e4\u00e4asiassa tuoreena pizzassa valkosipulin ja mozzarellajuuston kanssa. Se yhdistyy hyvin sipulin, valkosipulin ja pippurin kanssa, erityisesti salaattikastikkeissa, joissa sit\u00e4 liotetaan etuk\u00e4teen johonkin <strong>salaattikastikkeen<\/strong> nestem\u00e4isist\u00e4 ainesosista. Sit\u00e4 tulisi kypsent\u00e4\u00e4 v\u00e4hint\u00e4\u00e4n 10 minuuttia ennen ruoanvalmistuksen loppua, jotta se saisi makua ruokaan. Murskaa kuivattu basilika sormien v\u00e4liss\u00e4 ennen k\u00e4ytt\u00f6\u00e4.<\/span><\/p>\n<p style=\"text-align: justify;\"><span style=\"color: #000000;\">Basilika <strong>stimuloi ruokahalua <\/strong>ja<strong> edist\u00e4\u00e4 ruoansulatusta<\/strong>. Sit\u00e4 pidet\u00e4\u00e4n adaptogeenisena kasvina, joka palauttaa j\u00e4rjestyksen elimist\u00f6ss\u00e4 toimimalla stressi\u00e4 ehk\u00e4isev\u00e4n\u00e4 aineena, vahvistamalla immuunij\u00e4rjestelm\u00e4\u00e4 ja s\u00e4\u00e4telem\u00e4ll\u00e4 hormonien erityst\u00e4, verenpainetta ja verensokeria.<\/span><\/p>\n<h2 style=\"text-align: justify;\"><span style=\"color: #000000;\">Varastointi<\/span><\/h2>\n<p style=\"text-align: justify;\"><span style=\"color: #000000;\">S\u00e4ilyt\u00e4 kuivassa, pime\u00e4ss\u00e4 ja viile\u00e4ss\u00e4 paikassa.<\/span><\/p>\n<h2 style=\"text-align: justify;\"><span style=\"color: #000000;\">Pakkaus<\/span><\/h2>\n<p style=\"text-align: justify;\"><span style=\"color: #000000;\">L\u00e4p\u00e4isem\u00e4tt\u00f6m\u00e4ss\u00e4 vetoketjullisessa pussissa, jossa tuote s\u00e4ilytt\u00e4\u00e4 kaiken tuoreutensa ja arominsa. Pakkaus suojaa valolta ja ilmalta, sill\u00e4 se koostuu useista suojakerroksista, jotka s\u00e4ilytt\u00e4v\u00e4t sis\u00e4ll\u00f6n ominaisuudet.<\/span><\/p>\n<p style=\"text-align: justify;\"><span style=\"color: #000000;\">Pakkaus on eritt\u00e4in k\u00e4yt\u00e4nn\u00f6llinen ja kierr\u00e4tett\u00e4v\u00e4.<\/span><\/p>\n<h2><span style=\"color: #000000;\">Alkuper\u00e4<\/span><\/h2>\n<p><span style=\"color: #000000;\">Egypti<\/span><\/p>\n","protected":false},"excerpt":{"rendered":"<p>Basilika on aromaattinen yksivuotinen yrtti, joka on eritt\u00e4in suosittu italialaisessa, kreikkalaisessa ja ranskalaisessa keitti\u00f6ss\u00e4. Sit\u00e4 pidet\u00e4\u00e4n adaptogeenisena kasvina, joka palauttaa j\u00e4rjestyksen elimist\u00f6ss\u00e4 toimimalla stressi\u00e4 ehk\u00e4isev\u00e4n\u00e4 aineena, vahvistamalla immuunij\u00e4rjestelm\u00e4\u00e4 ja s\u00e4\u00e4telem\u00e4ll\u00e4 hormonien erityst\u00e4, verenpainetta ja verensokeria.<\/p>\n<p>  Meid\u00e4n basilikamme on kasvatettu Kreetalla.<br \/>\n  Basilika stimuloi ruokahalua ja nopeuttaa ruoansulatusta.<\/p>\n","protected":false},"featured_media":6807,"comment_status":"open","ping_status":"open","template":"","meta":{"_acf_changed":false},"product_brand":[],"product_cat":[15,225,224,235],"product_tag":[],"class_list":{"0":"post-6806","1":"product","2":"type-product","3":"status-publish","4":"has-post-thumbnail","6":"product_cat-uncategorized","7":"product_cat-kaikki-tuotteet","8":"product_cat-tarjous","9":"product_cat-teeta-ruokaa-ja-mausteita","11":"first","12":"outofstock","13":"taxable","14":"shipping-taxable","15":"purchasable","16":"product-type-simple"},"acf":[],"_links":{"self":[{"href":"https:\/\/fengchashop.com\/fi\/wp-json\/wp\/v2\/product\/6806","targetHints":{"allow":["GET"]}}],"collection":[{"href":"https:\/\/fengchashop.com\/fi\/wp-json\/wp\/v2\/product"}],"about":[{"href":"https:\/\/fengchashop.com\/fi\/wp-json\/wp\/v2\/types\/product"}],"replies":[{"embeddable":true,"href":"https:\/\/fengchashop.com\/fi\/wp-json\/wp\/v2\/comments?post=6806"}],"wp:featuredmedia":[{"embeddable":true,"href":"https:\/\/fengchashop.com\/fi\/wp-json\/wp\/v2\/media\/6807"}],"wp:attachment":[{"href":"https:\/\/fengchashop.com\/fi\/wp-json\/wp\/v2\/media?parent=6806"}],"wp:term":[{"taxonomy":"product_brand","embeddable":true,"href":"https:\/\/fengchashop.com\/fi\/wp-json\/wp\/v2\/product_brand?post=6806"},{"taxonomy":"product_cat","embeddable":true,"href":"https:\/\/fengchashop.com\/fi\/wp-json\/wp\/v2\/product_cat?post=6806"},{"taxonomy":"product_tag","embeddable":true,"href":"https:\/\/fengchashop.com\/fi\/wp-json\/wp\/v2\/product_tag?post=6806"}],"curies":[{"name":"wp","href":"https:\/\/api.w.org\/{rel}","templated":true}]}}