{"id":6796,"date":"2025-07-24T19:48:05","date_gmt":"2025-07-24T17:48:05","guid":{"rendered":"https:\/\/fengchashop.com\/fi\/product\/cili-habanero-125-g\/"},"modified":"2025-12-12T21:16:03","modified_gmt":"2025-12-12T20:16:03","slug":"cili-habanero-125-g","status":"publish","type":"product","link":"https:\/\/fengchashop.com\/fi\/product\/cili-habanero-125-g\/","title":{"rendered":"Chili habanero 125 g"},"content":{"rendered":"<h2 style=\"text-align: justify;\"><span style=\"color: #000000;\">Chili habanero jauhe<\/span><\/h2>\n<p style=\"text-align: justify;\"><span style=\"color: #000000;\">Habanero on eritt\u00e4in <strong>aromaattinen<\/strong> ja <strong>eritt\u00e4in tulinen<\/strong> chililaji. Sen sanotaan saaneen nimens\u00e4 alkuper\u00e4paikkansa Havannan (espanjaksi Habana) mukaan, ja itse adjektiivin habanero sanotaan tarkoittavan &#8221;Havannalaista&#8221; eli Havannasta kotoisin olevaa henkil\u00f6\u00e4. Habanero chilin hedelm\u00e4 on vihre\u00e4 ja muuttuu kyps\u00e4n\u00e4 oranssiksi tai punaiseksi. Koska kiinnostus tulisia chilej\u00e4 kohtaan on viime vuosikymmenin\u00e4 kasvanut valtavasti, habanero-lajiketta on k\u00e4ytetty useaan otteeseen erilaisissa risteytyskokeissa, sill\u00e4 sit\u00e4 pidet\u00e4\u00e4n <strong>yhten\u00e4<\/strong> <strong>tulisimmista chileist\u00e4<\/strong> Scovillen asteikolla, jolla tulisuus m\u00e4\u00e4ritet\u00e4\u00e4n kapsaisiinipitoisuuden perusteella, joka on itse asiassa alkaloidi, joka saa chilin &#8221;palamaan&#8221;. T\u00e4m\u00e4 johtuu siit\u00e4, ett\u00e4 se l\u00e4hett\u00e4\u00e4 aivoillemme saman viestin, jonka saamme sy\u00f6dess\u00e4mme jotain tulista. Uusilla hybrideill\u00e4 saavutetaan huimia tuloksia mausteisuuden suhteen. Kapsaisiinin todellinen m\u00e4\u00e4r\u00e4 riippuu kuitenkin suuresti ilmastosta ja muista olosuhteista, joissa chili\u00e4 kasvatetaan ja kypsytet\u00e4\u00e4n. Habanero on siksi erityisen suosittu <strong>eritt\u00e4in mausteisten ruokien yst\u00e4vien<\/strong> keskuudessa &#8211; varo, jos et ole tottunut t\u00e4llaiseen mausteisuuteen. Herkkyytemme t\u00e4lle \u00e4rsykkeelle voi vaatia totuttelua, ja voimme alkaa nauttia n\u00e4iden aromaattisten hedelmien erilaisista mauista. Vasta sitten voimme todella maistaa ja huomata, miten eri chililajikkeet maistuvat erilaisilta, erilaisilta, erilaisilta toisistaan. Itse chilin hedelm\u00e4liha antaa chilille sen maun, ja valkoiset kalvot ja siemenet antavat chilille sen kirpeyden. Habanero chiliss\u00e4 on herk\u00e4n <strong>hedelm\u00e4inen maku<\/strong>, mutta eritt\u00e4in voimakas kirpeys. Kirvely\u00e4 lievitt\u00e4\u00e4 maito, jogurtti tai juusto (maidon kaseiini-nimisen proteiinin uskotaan my\u00f6s lievitt\u00e4v\u00e4n kirvely\u00e4 suussa), sill\u00e4 kapsaisiini on rasvaliukoinen, ei vesiliukoinen, joten se ei lievit\u00e4 kirvely\u00e4. <\/span><\/p>\n<h2 style=\"text-align: justify;\"><span style=\"color: #000000;\">K\u00e4yt\u00e4<\/span><\/h2>\n<p style=\"text-align: justify;\"><span style=\"color: #000000;\">Meid\u00e4n chilijauheemme. Sit\u00e4 voidaan liottaa hetki ennen k\u00e4ytt\u00f6\u00e4 tai ripotella ruoan p\u00e4\u00e4lle &#8211; ennen ruoanvalmistusta, ruoanvalmistuksen aikana tai sen j\u00e4lkeen. Se toimii my\u00f6s hyvin <strong>kotitekoisissa tulisissa kastikkeissa<\/strong>, grillikastikkeissa, marinadeissa ja niin edelleen.<\/span><\/p>\n<p style=\"text-align: justify;\"><span style=\"color: #000000;\">Chili\u00e4 k\u00e4ytet\u00e4\u00e4n usein my\u00f6s sairauksien ja vaivojen lievitt\u00e4miseen ja ennaltaehk\u00e4isev\u00e4n\u00e4 toimenpiteen\u00e4. Sit\u00e4 k\u00e4ytet\u00e4\u00e4n usein voiteissa lievitt\u00e4m\u00e4\u00e4n psoriaasin, niveltulehduksen ja erilaisten s\u00e4rkyjen ja kipujen aiheuttamia ongelmia. Koska se toimii luonnollisena antibioottina ja antiseptisen\u00e4 aineena, sit\u00e4 k\u00e4ytet\u00e4\u00e4n s\u00e4\u00e4nn\u00f6llisesti mutta maltillisesti my\u00f6s ruoansulatusongelmien lievitt\u00e4miseen, sill\u00e4 se nopeuttaa ruoansulatusta, desinfioi vatsaa ja suolistoa, stimuloi mahanesteiden erityst\u00e4 ja v\u00e4hent\u00e4\u00e4 insuliinin erityst\u00e4. Se voi my\u00f6s auttaa p\u00e4\u00e4ns\u00e4rkyyn ja parantaa kolesterolia sek\u00e4 suojella syd\u00e4nt\u00e4 ja verisuonia, sill\u00e4 se sis\u00e4lt\u00e4\u00e4 hy\u00f6dyllisen kapsaisiinin lis\u00e4ksi my\u00f6s A- ja C-vitamiineja sek\u00e4 bioflavonoideja, joilla on osoitettu olevan my\u00f6nteinen vaikutus verisuoniin. Chilin k\u00e4ytt\u00f6 yhdistet\u00e4\u00e4n yh\u00e4 useammin my\u00f6s painonpudotukseen, sill\u00e4 se tuottaa kehossa l\u00e4mp\u00f6\u00e4, joka vastaa rasvan polttamisesta ja energian kulutuksesta, mik\u00e4 puolestaan voi johtaa painonpudotukseen. My\u00f6s endorfiinien eli onnellisuushormonien eritys voi auttaa meit\u00e4 laihtumaan.<\/span><\/p>\n<p style=\"text-align: justify;\"><span style=\"color: #000000;\">Kun k\u00e4sittelet chili\u00e4, v\u00e4lt\u00e4 kosketusta <strong>silmien ja nen\u00e4n limakalvoille<\/strong>, ja herkkien henkil\u00f6iden on my\u00f6s oltava varovaisia <strong>, kun he koskettavat sit\u00e4 sormillaan<\/strong>, ja jos he ovat herkki\u00e4, heid\u00e4n on k\u00e4ytett\u00e4v\u00e4 k\u00e4sineit\u00e4. Vaikka chili on t\u00e4ysin luonnollista eik\u00e4 siit\u00e4 voi olla haittaa, pid\u00e4 se poissa lasten ja el\u00e4inten ulottuvilta.<\/span><\/p>\n<h2 style=\"text-align: justify;\"><span style=\"color: #000000;\">Mausteisuusaste<\/span><\/h2>\n<p style=\"text-align: justify;\"><span style=\"color: #000000;\">Arvostelemme chilin mausteisuutta asteikollamme <strong>10\/10<\/strong>. On tosin olemassa mausteisempia chilivaihtoehtoja, mutta ne ovat vain harvoja varten. Arvioimme, ett\u00e4 sen Scovillen asteikolla on <strong>100<\/strong> <strong>000-350 000<\/strong> yksikk\u00f6\u00e4.<\/span><\/p>\n<h2 style=\"text-align: justify;\"><span style=\"color: #000000;\">Varastointi<\/span><\/h2>\n<p style=\"text-align: justify;\"><span style=\"color: #000000;\">S\u00e4ilyt\u00e4 kuivassa, pime\u00e4ss\u00e4 ja viile\u00e4ss\u00e4 paikassa. Varmista, ett\u00e4 pussi tai laatikko on tiiviisti suljettu.<\/span><\/p>\n<h2 style=\"text-align: justify;\"><span style=\"color: #000000;\">Pakkaus<\/span><\/h2>\n<p style=\"text-align: justify;\"><span style=\"color: #000000;\">L\u00e4p\u00e4isem\u00e4t\u00f6n vetoketjullinen pussi, jossa tuote s\u00e4ilytt\u00e4\u00e4 kaiken tuoreutensa ja arominsa. Pakkaus suojaa valolta ja ilmalta, sill\u00e4 se koostuu useista suojakerroksista, jotka s\u00e4ilytt\u00e4v\u00e4t sis\u00e4ll\u00f6n ominaisuudet.<\/span><\/p>\n<p style=\"text-align: justify;\"><span style=\"color: #000000;\">Pakkaus on eritt\u00e4in k\u00e4yt\u00e4nn\u00f6llinen ja kierr\u00e4tett\u00e4v\u00e4.<\/span><\/p>\n<h2><span style=\"color: #000000;\">Alkuper\u00e4<\/span><\/h2>\n<p><span style=\"color: #000000;\">YHDYSVALLAT<\/span><\/p>\n","protected":false},"excerpt":{"rendered":"<p>Habanero on eritt\u00e4in <strong>aromaattinen<\/strong> ja <strong>eritt\u00e4in tulinen<\/strong> chililaji. Koska kiinnostus tulisia chilej\u00e4 kohtaan on viime vuosikymmenin\u00e4 kasvanut valtavasti, habanero-lajiketta on k\u00e4ytetty useaan otteeseen erilaisissa risteytyskokeissa, sill\u00e4 sit\u00e4 pidet\u00e4\u00e4n <strong>yhten\u00e4<\/strong> <strong>tulisimmista chileist\u00e4<\/strong> Scovillen asteikolla, jolla tulisuus m\u00e4\u00e4ritet\u00e4\u00e4n kapsaisiinipitoisuuden perusteella, joka on itse asiassa alkaloidi, joka saa chilit &#8221;palamaan&#8221;. Se sopii hyvin my\u00f6s <strong>kotitekoisiin tulisiin kastikkeisiin<\/strong>, grillikastikkeisiin ja marinadeihin.<\/p>\n<p>Meid\u00e4n asteikollamme sen tulisuus on <strong>10\/10<\/strong>. Arvioimme, ett\u00e4 sen tulisuus on <strong>100<\/strong> <strong>000-350<\/strong> 000 yksikk\u00f6\u00e4 Scovillen asteikolla.<br \/>\n  Ensiluokkainen laatu.<\/p>\n","protected":false},"featured_media":6797,"comment_status":"open","ping_status":"open","template":"","meta":{"_acf_changed":false},"product_brand":[],"product_cat":[15,225,224,235],"product_tag":[],"class_list":{"0":"post-6796","1":"product","2":"type-product","3":"status-publish","4":"has-post-thumbnail","6":"product_cat-uncategorized","7":"product_cat-kaikki-tuotteet","8":"product_cat-tarjous","9":"product_cat-teeta-ruokaa-ja-mausteita","11":"first","12":"outofstock","13":"taxable","14":"shipping-taxable","15":"purchasable","16":"product-type-simple"},"acf":[],"_links":{"self":[{"href":"https:\/\/fengchashop.com\/fi\/wp-json\/wp\/v2\/product\/6796","targetHints":{"allow":["GET"]}}],"collection":[{"href":"https:\/\/fengchashop.com\/fi\/wp-json\/wp\/v2\/product"}],"about":[{"href":"https:\/\/fengchashop.com\/fi\/wp-json\/wp\/v2\/types\/product"}],"replies":[{"embeddable":true,"href":"https:\/\/fengchashop.com\/fi\/wp-json\/wp\/v2\/comments?post=6796"}],"wp:featuredmedia":[{"embeddable":true,"href":"https:\/\/fengchashop.com\/fi\/wp-json\/wp\/v2\/media\/6797"}],"wp:attachment":[{"href":"https:\/\/fengchashop.com\/fi\/wp-json\/wp\/v2\/media?parent=6796"}],"wp:term":[{"taxonomy":"product_brand","embeddable":true,"href":"https:\/\/fengchashop.com\/fi\/wp-json\/wp\/v2\/product_brand?post=6796"},{"taxonomy":"product_cat","embeddable":true,"href":"https:\/\/fengchashop.com\/fi\/wp-json\/wp\/v2\/product_cat?post=6796"},{"taxonomy":"product_tag","embeddable":true,"href":"https:\/\/fengchashop.com\/fi\/wp-json\/wp\/v2\/product_tag?post=6796"}],"curies":[{"name":"wp","href":"https:\/\/api.w.org\/{rel}","templated":true}]}}