{"id":6770,"date":"2025-07-24T19:47:36","date_gmt":"2025-07-24T17:47:36","guid":{"rendered":"https:\/\/fengchashop.com\/fi\/product\/dolgi-poper-bio-125-g\/"},"modified":"2025-12-12T21:16:04","modified_gmt":"2025-12-12T20:16:04","slug":"dolgi-poper-bio-125-g","status":"publish","type":"product","link":"https:\/\/fengchashop.com\/fi\/product\/dolgi-poper-bio-125-g\/","title":{"rendered":"Pitk\u00e4 pippuri BIO 125 g"},"content":{"rendered":"<h2 style=\"text-align: justify;\"><span style=\"color: #000000;\">Pitk\u00e4 pippuri BIO<\/span><\/h2>\n<p style=\"text-align: justify;\"><span style=\"color: #000000;\">Pitk\u00e4 pippuri on erityinen <strong>pippuria muistuttava hedelm\u00e4laji<\/strong>, jolla on pippurin tavoin <strong>erottuva tulinen maku<\/strong>. Kun sit\u00e4 verrataan tavalliseen mustapippuriin, huomataan nopeasti, ett\u00e4 se on eritt\u00e4in aromaattinen ja ett\u00e4 sen alkuper\u00e4st\u00e4 riippuen se voidaan tunnistaa erilaisista tuoksuista. Sen maku on paljon voimakkaampi ja siihen liittyy <strong>makea j\u00e4lkimaku<\/strong>.<\/span><br \/>\n<span style=\"color: #000000;\">Pitk\u00e4 pippuri on v\u00e4ltt\u00e4m\u00e4t\u00f6n <strong>V\u00e4limeren keitti\u00f6ss\u00e4<\/strong>, ja se sopii hyvin my\u00f6s viinikastikkeiden ja juustojen kanssa. Sit\u00e4 esiintyy sek\u00e4 <strong>intialaisessa<\/strong> ett\u00e4 <strong>afrikkalaisessa<\/strong> <strong>keitti\u00f6ss\u00e4<\/strong>. Sit\u00e4 k\u00e4ytet\u00e4\u00e4n perinteisesti my\u00f6s <strong>ayurvedassa<\/strong>.<\/span><\/p>\n<p style=\"text-align: justify;\"><span style=\"color: #000000;\">Pitk\u00e4n pippurin rakenne on eritt\u00e4in kova, joten se voidaan raastaa raaputtimella sen sijaan, ett\u00e4 se jauhettaisiin perinteisell\u00e4 pippurimyllyll\u00e4. Kuten kaikkien paprikoiden kohdalla, on suositeltavaa raastaa tai jauhaa pitk\u00e4 pippuri juuri ennen k\u00e4ytt\u00f6\u00e4, sill\u00e4 muuten pippuri menett\u00e4\u00e4 nopeasti makunsa. Jyv\u00e4muodossaan se voi kuitenkin s\u00e4ilytt\u00e4\u00e4 makunsa ja arominsa vuosikausia, jos sit\u00e4 s\u00e4ilytet\u00e4\u00e4n oikein. <\/span><\/p>\n<h2 style=\"text-align: justify;\"><span style=\"color: #000000;\">Pakkaus<\/span><\/h2>\n<p style=\"text-align: justify;\"><span style=\"color: #000000;\">L\u00e4p\u00e4isem\u00e4t\u00f6n vetoketjullinen pussi tai laatikko, jossa tuote s\u00e4ilytt\u00e4\u00e4 kaiken tuoreutensa ja arominsa. Pakkaus suojaa valolta ja ilmalta, sill\u00e4 se koostuu useista suojakerroksista, jotka s\u00e4ilytt\u00e4v\u00e4t sis\u00e4ll\u00f6n ominaisuudet.<\/span><\/p>\n<p><span style=\"color: #000000;\">Pakkaus on eritt\u00e4in k\u00e4yt\u00e4nn\u00f6llinen ja kierr\u00e4tett\u00e4v\u00e4.<\/span><\/p>\n<h2><span style=\"color: #000000;\">Alkuper\u00e4<\/span><\/h2>\n<p><span style=\"color: #000000;\">Kambod\u017ea<\/span><\/p>\n","protected":false},"excerpt":{"rendered":"<p>Pitk\u00e4 pippuri on erityinen <strong>pippuria muistuttava hedelm\u00e4laji<\/strong>, jolla on pippurin tapaan <strong>ominainen tulinen maku<\/strong>. Se on maultaan paljon voimakkaampi, ja siihen liittyy <strong>makea j\u00e4lkimaku<\/strong>.<br \/>\nSit\u00e4 k\u00e4ytet\u00e4\u00e4n <strong>V\u00e4limeren keitti\u00f6ss\u00e4<\/strong>, ja se sopii erinomaisesti my\u00f6s viinikastikkeisiin ja juustoihin. Sit\u00e4 esiintyy sek\u00e4 <strong>intialaisessa<\/strong> ett\u00e4 <strong>afrikkalaisessa<\/strong> <strong>keitti\u00f6ss\u00e4<\/strong>. Sit\u00e4 k\u00e4ytet\u00e4\u00e4n perinteisesti my\u00f6s <strong>ayurvedassa<\/strong>.<\/p>\n<p>  Eritt\u00e4in aromaattinen.<br \/>\nEnsiluokkaista laatua.<\/p>\n","protected":false},"featured_media":6771,"comment_status":"open","ping_status":"open","template":"","meta":{"_acf_changed":false},"product_brand":[],"product_cat":[15,225,224,235],"product_tag":[],"class_list":{"0":"post-6770","1":"product","2":"type-product","3":"status-publish","4":"has-post-thumbnail","6":"product_cat-uncategorized","7":"product_cat-kaikki-tuotteet","8":"product_cat-tarjous","9":"product_cat-teeta-ruokaa-ja-mausteita","11":"first","12":"outofstock","13":"taxable","14":"shipping-taxable","15":"purchasable","16":"product-type-simple"},"acf":[],"_links":{"self":[{"href":"https:\/\/fengchashop.com\/fi\/wp-json\/wp\/v2\/product\/6770","targetHints":{"allow":["GET"]}}],"collection":[{"href":"https:\/\/fengchashop.com\/fi\/wp-json\/wp\/v2\/product"}],"about":[{"href":"https:\/\/fengchashop.com\/fi\/wp-json\/wp\/v2\/types\/product"}],"replies":[{"embeddable":true,"href":"https:\/\/fengchashop.com\/fi\/wp-json\/wp\/v2\/comments?post=6770"}],"wp:featuredmedia":[{"embeddable":true,"href":"https:\/\/fengchashop.com\/fi\/wp-json\/wp\/v2\/media\/6771"}],"wp:attachment":[{"href":"https:\/\/fengchashop.com\/fi\/wp-json\/wp\/v2\/media?parent=6770"}],"wp:term":[{"taxonomy":"product_brand","embeddable":true,"href":"https:\/\/fengchashop.com\/fi\/wp-json\/wp\/v2\/product_brand?post=6770"},{"taxonomy":"product_cat","embeddable":true,"href":"https:\/\/fengchashop.com\/fi\/wp-json\/wp\/v2\/product_cat?post=6770"},{"taxonomy":"product_tag","embeddable":true,"href":"https:\/\/fengchashop.com\/fi\/wp-json\/wp\/v2\/product_tag?post=6770"}],"curies":[{"name":"wp","href":"https:\/\/api.w.org\/{rel}","templated":true}]}}